{"id":110743,"date":"2025-04-02T11:58:02","date_gmt":"2025-04-02T10:58:02","guid":{"rendered":"https:\/\/www.visittorshavn.fo\/?page_id=110743"},"modified":"2026-04-07T13:51:27","modified_gmt":"2026-04-07T12:51:27","slug":"byurin-spirar","status":"publish","type":"page","link":"https:\/\/www.visittorshavn.fo\/fo\/byurin-spirar\/","title":{"rendered":"B\u00fdurin Sp\u00edrar"},"content":{"rendered":"\n<div class=\"wp-block-cover alignfull is-light has-custom-content-position is-position-bottom-center\" style=\"min-height:625px;aspect-ratio:unset;\"><img decoding=\"async\" width=\"1200\" height=\"800\" class=\"wp-block-cover__image-background wp-image-110761 size-large lazyload\" alt=\"\" data-src=\"https:\/\/www.visittorshavn.fo\/wp-content\/smush-webp\/2025\/04\/8juni21I_0840-1200x800.jpg.webp\" data-object-fit=\"cover\" data-srcset=\"https:\/\/www.visittorshavn.fo\/wp-content\/smush-webp\/2025\/04\/8juni21I_0840-1200x800.jpg.webp 1200w, https:\/\/www.visittorshavn.fo\/wp-content\/smush-webp\/2025\/04\/8juni21I_0840-800x533.jpg.webp 800w, https:\/\/www.visittorshavn.fo\/wp-content\/smush-webp\/2025\/04\/8juni21I_0840-768x512.jpg.webp 768w, https:\/\/www.visittorshavn.fo\/wp-content\/smush-webp\/2025\/04\/8juni21I_0840-1536x1023.jpg.webp 1536w, https:\/\/www.visittorshavn.fo\/wp-content\/uploads\/2025\/04\/8juni21I_0840-1320x879.jpg 1320w, https:\/\/www.visittorshavn.fo\/wp-content\/smush-webp\/2025\/04\/8juni21I_0840-600x400.jpg.webp 600w, https:\/\/www.visittorshavn.fo\/wp-content\/smush-webp\/2025\/04\/8juni21I_0840.jpg.webp 1600w\" data-sizes=\"auto\" src=\"data:image\/svg+xml;base64,PHN2ZyB3aWR0aD0iMSIgaGVpZ2h0PSIxIiB4bWxucz0iaHR0cDovL3d3dy53My5vcmcvMjAwMC9zdmciPjwvc3ZnPg==\" style=\"--smush-placeholder-width: 1200px; --smush-placeholder-aspect-ratio: 1200\/800;\" data-original-sizes=\"(max-width: 1200px) 100vw, 1200px\" \/><span aria-hidden=\"true\" class=\"wp-block-cover__background has-background-dim-20 has-background-dim\" style=\"background-color:#83868c\"><\/span><div class=\"wp-block-cover__inner-container is-layout-constrained wp-block-cover-is-layout-constrained\">\n<div class=\"wp-block-columns is-layout-flex wp-container-core-columns-is-layout-9d6595d7 wp-block-columns-is-layout-flex\">\n<div class=\"wp-block-column is-layout-flow wp-block-column-is-layout-flow\">\n<div id=\"breadcrumbs_block_0bdcfd29f3d106b3057b8d00ce96dd52\" class=\"lunnar-breadcrumbs\">\n            <div class=\"lunnar-breadcrumbs\"><ul><\/ul><\/div>    <\/div>\n\n\n<h1 class=\"wp-block-heading has-background-color has-text-color has-link-color wp-elements-4e3eae127a862e043e11d431d06ac330\">B\u00fdurin Sp\u00edrar<\/h1>\n<\/div>\n\n\n\n<div class=\"wp-block-column is-layout-flow wp-block-column-is-layout-flow\"><\/div>\n<\/div>\n\n\n\n<div style=\"height:60px\" aria-hidden=\"true\" class=\"wp-block-spacer\"><\/div>\n<\/div><\/div>\n\n\n\n<div style=\"height:100px\" aria-hidden=\"true\" class=\"wp-block-spacer\"><\/div>\n\n\n\n<h5 class=\"wp-block-heading\">Leygardagin 2.mai er handilsdagurin B\u00fdurin sp\u00edrar, har handlar og kaf\u00e9ir hava longri opi\u00f0 og hava serst\u00f8k tilbo\u00f0\/tilt\u00f8k.<\/h5>\n\n\n\n<h5 class=\"wp-block-heading\">Bo\u00f0a okkum fr\u00e1, um tit eru vi\u00f0 til B\u00fdurin sp\u00edrar, so vit f\u00e1a l\u00fdst vi\u00f0 hesum og f\u00e1a kunningina \u00fat um allar F\u00f8royar.<\/h5>\n\n\n\n<h5 class=\"wp-block-heading\"><strong>Freistin at bo\u00f0a fr\u00e1 er mikudagin 22.apr\u00edl.<\/strong><\/h5>\n\n\n\n<div class=\"wp-block-group alignfull has-green-200-background-color has-background is-layout-constrained wp-block-group-is-layout-constrained\">\n<div style=\"height:70px\" aria-hidden=\"true\" class=\"wp-block-spacer\"><\/div>\n\n\n<form action=\"https:\/\/www.visittorshavn.fo\/fo\/wp-json\/ws-form\/v1\/submit\" class=\"wsf-form wsf-form-canvas\" id=\"ws-form-1\" data-id=\"26\" method=\"POST\" data-instance-id=\"1\" data-wsf-style-id=\"1\"><\/form>\n\n\n<div style=\"height:150px\" aria-hidden=\"true\" class=\"wp-block-spacer\"><\/div>\n<\/div>\n","protected":false},"excerpt":{"rendered":"<p>Leygardagin 2.mai er handilsdagurin B\u00fdurin sp\u00edrar, har handlar og kaf\u00e9ir hava longri opi\u00f0 og hava serst\u00f8k tilbo\u00f0\/tilt\u00f8k. Bo\u00f0a okkum fr\u00e1, um tit eru vi\u00f0 til B\u00fdurin sp\u00edrar, so vit f\u00e1a [&hellip;]<\/p>\n","protected":false},"author":3,"featured_media":110761,"parent":0,"menu_order":0,"comment_status":"closed","ping_status":"closed","template":"","meta":{"_acf_changed":false,"footnotes":""},"page_category":[],"class_list":["post-110743","page","type-page","status-publish","has-post-thumbnail","hentry"],"acf":[],"yoast_head":"<!-- This site is optimized with the Yoast SEO plugin v27.5 - https:\/\/yoast.com\/product\/yoast-seo-wordpress\/ -->\n<title>B\u00fdurin Sp\u00edrar - Visit Torshavn<\/title>\n<meta name=\"robots\" content=\"index, follow, max-snippet:-1, max-image-preview:large, max-video-preview:-1\" \/>\n<link rel=\"canonical\" href=\"https:\/\/www.visittorshavn.fo\/fo\/byurin-spirar\/\" \/>\n<meta property=\"og:locale\" content=\"fo_FO\" \/>\n<meta property=\"og:type\" content=\"article\" \/>\n<meta property=\"og:title\" content=\"B\u00fdurin Sp\u00edrar - Visit Torshavn\" \/>\n<meta property=\"og:description\" content=\"Leygardagin 2.mai er handilsdagurin B\u00fdurin sp\u00edrar, har handlar og kaf\u00e9ir hava longri opi\u00f0 og hava serst\u00f8k tilbo\u00f0\/tilt\u00f8k. Bo\u00f0a okkum fr\u00e1, um tit eru vi\u00f0 til B\u00fdurin sp\u00edrar, so vit f\u00e1a [&hellip;]\" \/>\n<meta property=\"og:url\" content=\"https:\/\/www.visittorshavn.fo\/fo\/byurin-spirar\/\" \/>\n<meta property=\"og:site_name\" content=\"Visit Torshavn\" \/>\n<meta property=\"article:modified_time\" content=\"2026-04-07T12:51:27+00:00\" \/>\n<meta property=\"og:image\" content=\"https:\/\/www.visittorshavn.fo\/wp-content\/uploads\/2025\/04\/8juni21I_0840.jpg\" \/>\n\t<meta property=\"og:image:width\" content=\"1600\" \/>\n\t<meta property=\"og:image:height\" content=\"1066\" \/>\n\t<meta property=\"og:image:type\" content=\"image\/jpeg\" \/>\n<meta name=\"twitter:card\" content=\"summary_large_image\" \/>\n<meta name=\"twitter:label1\" content=\"Est. reading time\" \/>\n\t<meta name=\"twitter:data1\" content=\"1 minute\" \/>\n<script type=\"application\/ld+json\" class=\"yoast-schema-graph\">{\"@context\":\"https:\\\/\\\/schema.org\",\"@graph\":[{\"@type\":\"WebPage\",\"@id\":\"https:\\\/\\\/www.visittorshavn.fo\\\/fo\\\/byurin-spirar\\\/\",\"url\":\"https:\\\/\\\/www.visittorshavn.fo\\\/fo\\\/byurin-spirar\\\/\",\"name\":\"B\u00fdurin Sp\u00edrar - Visit Torshavn\",\"isPartOf\":{\"@id\":\"https:\\\/\\\/www.visittorshavn.fo\\\/fo\\\/#website\"},\"primaryImageOfPage\":{\"@id\":\"https:\\\/\\\/www.visittorshavn.fo\\\/fo\\\/byurin-spirar\\\/#primaryimage\"},\"image\":{\"@id\":\"https:\\\/\\\/www.visittorshavn.fo\\\/fo\\\/byurin-spirar\\\/#primaryimage\"},\"thumbnailUrl\":\"https:\\\/\\\/www.visittorshavn.fo\\\/wp-content\\\/uploads\\\/2025\\\/04\\\/8juni21I_0840.jpg\",\"datePublished\":\"2025-04-02T10:58:02+00:00\",\"dateModified\":\"2026-04-07T12:51:27+00:00\",\"breadcrumb\":{\"@id\":\"https:\\\/\\\/www.visittorshavn.fo\\\/fo\\\/byurin-spirar\\\/#breadcrumb\"},\"inLanguage\":\"fo-FO\",\"potentialAction\":[{\"@type\":\"ReadAction\",\"target\":[\"https:\\\/\\\/www.visittorshavn.fo\\\/fo\\\/byurin-spirar\\\/\"]}]},{\"@type\":\"ImageObject\",\"inLanguage\":\"fo-FO\",\"@id\":\"https:\\\/\\\/www.visittorshavn.fo\\\/fo\\\/byurin-spirar\\\/#primaryimage\",\"url\":\"https:\\\/\\\/www.visittorshavn.fo\\\/wp-content\\\/uploads\\\/2025\\\/04\\\/8juni21I_0840.jpg\",\"contentUrl\":\"https:\\\/\\\/www.visittorshavn.fo\\\/wp-content\\\/uploads\\\/2025\\\/04\\\/8juni21I_0840.jpg\",\"width\":1600,\"height\":1066},{\"@type\":\"BreadcrumbList\",\"@id\":\"https:\\\/\\\/www.visittorshavn.fo\\\/fo\\\/byurin-spirar\\\/#breadcrumb\",\"itemListElement\":[{\"@type\":\"ListItem\",\"position\":1,\"name\":\"Home\",\"item\":\"https:\\\/\\\/www.visittorshavn.fo\\\/fo\\\/\"},{\"@type\":\"ListItem\",\"position\":2,\"name\":\"B\u00fdurin Sp\u00edrar\"}]},{\"@type\":\"WebSite\",\"@id\":\"https:\\\/\\\/www.visittorshavn.fo\\\/fo\\\/#website\",\"url\":\"https:\\\/\\\/www.visittorshavn.fo\\\/fo\\\/\",\"name\":\"Visit Torshavn\",\"description\":\"\",\"potentialAction\":[{\"@type\":\"SearchAction\",\"target\":{\"@type\":\"EntryPoint\",\"urlTemplate\":\"https:\\\/\\\/www.visittorshavn.fo\\\/fo\\\/?s={search_term_string}\"},\"query-input\":{\"@type\":\"PropertyValueSpecification\",\"valueRequired\":true,\"valueName\":\"search_term_string\"}}],\"inLanguage\":\"fo-FO\"}]}<\/script>\n<!-- \/ Yoast SEO plugin. -->","yoast_head_json":{"title":"B\u00fdurin Sp\u00edrar - Visit Torshavn","robots":{"index":"index","follow":"follow","max-snippet":"max-snippet:-1","max-image-preview":"max-image-preview:large","max-video-preview":"max-video-preview:-1"},"canonical":"https:\/\/www.visittorshavn.fo\/fo\/byurin-spirar\/","og_locale":"fo_FO","og_type":"article","og_title":"B\u00fdurin Sp\u00edrar - Visit Torshavn","og_description":"Leygardagin 2.mai er handilsdagurin B\u00fdurin sp\u00edrar, har handlar og kaf\u00e9ir hava longri opi\u00f0 og hava serst\u00f8k tilbo\u00f0\/tilt\u00f8k. Bo\u00f0a okkum fr\u00e1, um tit eru vi\u00f0 til B\u00fdurin sp\u00edrar, so vit f\u00e1a [&hellip;]","og_url":"https:\/\/www.visittorshavn.fo\/fo\/byurin-spirar\/","og_site_name":"Visit Torshavn","article_modified_time":"2026-04-07T12:51:27+00:00","og_image":[{"width":1600,"height":1066,"url":"https:\/\/www.visittorshavn.fo\/wp-content\/uploads\/2025\/04\/8juni21I_0840.jpg","type":"image\/jpeg"}],"twitter_card":"summary_large_image","twitter_misc":{"Est. reading time":"1 minute"},"schema":{"@context":"https:\/\/schema.org","@graph":[{"@type":"WebPage","@id":"https:\/\/www.visittorshavn.fo\/fo\/byurin-spirar\/","url":"https:\/\/www.visittorshavn.fo\/fo\/byurin-spirar\/","name":"B\u00fdurin Sp\u00edrar - Visit Torshavn","isPartOf":{"@id":"https:\/\/www.visittorshavn.fo\/fo\/#website"},"primaryImageOfPage":{"@id":"https:\/\/www.visittorshavn.fo\/fo\/byurin-spirar\/#primaryimage"},"image":{"@id":"https:\/\/www.visittorshavn.fo\/fo\/byurin-spirar\/#primaryimage"},"thumbnailUrl":"https:\/\/www.visittorshavn.fo\/wp-content\/uploads\/2025\/04\/8juni21I_0840.jpg","datePublished":"2025-04-02T10:58:02+00:00","dateModified":"2026-04-07T12:51:27+00:00","breadcrumb":{"@id":"https:\/\/www.visittorshavn.fo\/fo\/byurin-spirar\/#breadcrumb"},"inLanguage":"fo-FO","potentialAction":[{"@type":"ReadAction","target":["https:\/\/www.visittorshavn.fo\/fo\/byurin-spirar\/"]}]},{"@type":"ImageObject","inLanguage":"fo-FO","@id":"https:\/\/www.visittorshavn.fo\/fo\/byurin-spirar\/#primaryimage","url":"https:\/\/www.visittorshavn.fo\/wp-content\/uploads\/2025\/04\/8juni21I_0840.jpg","contentUrl":"https:\/\/www.visittorshavn.fo\/wp-content\/uploads\/2025\/04\/8juni21I_0840.jpg","width":1600,"height":1066},{"@type":"BreadcrumbList","@id":"https:\/\/www.visittorshavn.fo\/fo\/byurin-spirar\/#breadcrumb","itemListElement":[{"@type":"ListItem","position":1,"name":"Home","item":"https:\/\/www.visittorshavn.fo\/fo\/"},{"@type":"ListItem","position":2,"name":"B\u00fdurin Sp\u00edrar"}]},{"@type":"WebSite","@id":"https:\/\/www.visittorshavn.fo\/fo\/#website","url":"https:\/\/www.visittorshavn.fo\/fo\/","name":"Visit Torshavn","description":"","potentialAction":[{"@type":"SearchAction","target":{"@type":"EntryPoint","urlTemplate":"https:\/\/www.visittorshavn.fo\/fo\/?s={search_term_string}"},"query-input":{"@type":"PropertyValueSpecification","valueRequired":true,"valueName":"search_term_string"}}],"inLanguage":"fo-FO"}]}},"_links":{"self":[{"href":"https:\/\/www.visittorshavn.fo\/fo\/wp-json\/wp\/v2\/pages\/110743","targetHints":{"allow":["GET"]}}],"collection":[{"href":"https:\/\/www.visittorshavn.fo\/fo\/wp-json\/wp\/v2\/pages"}],"about":[{"href":"https:\/\/www.visittorshavn.fo\/fo\/wp-json\/wp\/v2\/types\/page"}],"author":[{"embeddable":true,"href":"https:\/\/www.visittorshavn.fo\/fo\/wp-json\/wp\/v2\/users\/3"}],"replies":[{"embeddable":true,"href":"https:\/\/www.visittorshavn.fo\/fo\/wp-json\/wp\/v2\/comments?post=110743"}],"version-history":[{"count":2,"href":"https:\/\/www.visittorshavn.fo\/fo\/wp-json\/wp\/v2\/pages\/110743\/revisions"}],"predecessor-version":[{"id":259825,"href":"https:\/\/www.visittorshavn.fo\/fo\/wp-json\/wp\/v2\/pages\/110743\/revisions\/259825"}],"wp:featuredmedia":[{"embeddable":true,"href":"https:\/\/www.visittorshavn.fo\/fo\/wp-json\/wp\/v2\/media\/110761"}],"wp:attachment":[{"href":"https:\/\/www.visittorshavn.fo\/fo\/wp-json\/wp\/v2\/media?parent=110743"}],"wp:term":[{"taxonomy":"page_category","embeddable":true,"href":"https:\/\/www.visittorshavn.fo\/fo\/wp-json\/wp\/v2\/page_category?post=110743"}],"curies":[{"name":"wp","href":"https:\/\/api.w.org\/{rel}","templated":true}]}}