{"id":118318,"date":"2025-05-27T12:31:11","date_gmt":"2025-05-27T11:31:11","guid":{"rendered":"https:\/\/www.visittorshavn.fo\/?page_id=118318"},"modified":"2025-05-27T12:33:08","modified_gmt":"2025-05-27T11:33:08","slug":"torshavn-marathon","status":"publish","type":"page","link":"https:\/\/www.visittorshavn.fo\/fo\/torshavn-marathon\/","title":{"rendered":"T\u00f3rshavn Marathon"},"content":{"rendered":"\n<div class=\"wp-block-cover alignfull\"><img decoding=\"async\" width=\"1200\" height=\"800\" class=\"wp-block-cover__image-background wp-image-4134 size-large lazyload\" alt=\"\" data-src=\"https:\/\/www.visittorshavn.fo\/wp-content\/smush-webp\/2024\/05\/4juni23_B3A3698-X3-1200x800.jpg.webp\" data-object-fit=\"cover\" data-srcset=\"https:\/\/www.visittorshavn.fo\/wp-content\/smush-webp\/2024\/05\/4juni23_B3A3698-X3-1200x800.jpg.webp 1200w, https:\/\/www.visittorshavn.fo\/wp-content\/smush-webp\/2024\/05\/4juni23_B3A3698-X3-800x534.jpg.webp 800w, https:\/\/www.visittorshavn.fo\/wp-content\/smush-webp\/2024\/05\/4juni23_B3A3698-X3-768x512.jpg.webp 768w, https:\/\/www.visittorshavn.fo\/wp-content\/smush-webp\/2024\/05\/4juni23_B3A3698-X3-1536x1024.jpg.webp 1536w, https:\/\/www.visittorshavn.fo\/wp-content\/uploads\/2024\/05\/4juni23_B3A3698-X3-1320x880.jpg 1320w, https:\/\/www.visittorshavn.fo\/wp-content\/smush-webp\/2024\/05\/4juni23_B3A3698-X3-600x400.jpg.webp 600w, https:\/\/www.visittorshavn.fo\/wp-content\/smush-webp\/2024\/05\/4juni23_B3A3698-X3.jpg.webp 1600w\" data-sizes=\"auto\" src=\"data:image\/svg+xml;base64,PHN2ZyB3aWR0aD0iMSIgaGVpZ2h0PSIxIiB4bWxucz0iaHR0cDovL3d3dy53My5vcmcvMjAwMC9zdmciPjwvc3ZnPg==\" style=\"--smush-placeholder-width: 1200px; --smush-placeholder-aspect-ratio: 1200\/800;\" data-original-sizes=\"(max-width: 1200px) 100vw, 1200px\" \/><span aria-hidden=\"true\" class=\"wp-block-cover__background has-background-dim\" style=\"background-color:#7e7c79\"><\/span><div class=\"wp-block-cover__inner-container is-layout-constrained wp-block-cover-is-layout-constrained\">\n<h2 class=\"wp-block-heading has-text-align-left has-large-font-size\">T\u00f3rshavn <\/h2>\n\n\n\n<h2 class=\"wp-block-heading has-text-align-left\">Marathon<\/h2>\n<\/div><\/div>\n\n\n\n<div style=\"height:100px\" aria-hidden=\"true\" class=\"wp-block-spacer\"><\/div>\n\n\n\n<p>N\u00fa er t\u00ed\u00f0in aftur komin til at T\u00f3rshavnar Marathon er \u00e1 skr\u00e1, sunnudagin tann 1. juni. N\u00f3gv f\u00f3lk savnast \u00ed b\u00fdnum hendan dagin. Hetta er eitt st\u00f3rt og livandi tiltak \u00ed b\u00fdnum, har f\u00f3lk \u00far \u00f8llum landinum koma saman at renna og nj\u00f3ta dagin saman. \u00c1 hv\u00f8rjum \u00e1ri eru eisini fleiri \u00fatlendskir luttakarar, i\u00f0 koma at uppliva hendan \u00e1v\u00edsa dagin. \u00a0<\/p>\n\n\n\n<p>T\u00f3rshavn Marathon er ikki bert ein \u00edtr\u00f3ttaravbj\u00f3\u00f0ing, men varpar eisini lj\u00f3s \u00e1 felagsskap, r\u00f8rslu og heilsug\u00f3\u00f0an l\u00edvsst\u00edl. Ta\u00f0 er alt\u00ed\u00f0 serligt at uppliva Havnina fulla av l\u00edvi, og vit v\u00f3na, at tit eisini fara at merkja ein g\u00f3\u00f0an stemning \u00ed b\u00fdnum hendan dagin.<\/p>\n\n\n\n<p><strong>\u00cd sambandi vi\u00f0 T\u00f3rshavn Marathon eru fleiri vegir stongdir millum klokkan 12.30 og 19. Eisini Eysturoyartunnilin og Kollafjar\u00f0artunnilin eru stongdir, me\u00f0an renningin fer\u00a0fram \u00ed \u00f8kinum. Bilafer\u00f0slan skal koyra eftir Oyggjarvegnum, me\u00f0an tunlarnir eru stongdir. <\/strong><\/p>\n\n\n\n<div style=\"height:20px\" aria-hidden=\"true\" class=\"wp-block-spacer\"><\/div>\n\n\n\n<figure class=\"wp-block-gallery alignfull has-nested-images columns-default is-cropped wp-block-gallery-1 is-layout-flex wp-block-gallery-is-layout-flex\">\n<figure class=\"wp-block-image size-large\"><img decoding=\"async\" width=\"1200\" height=\"848\" data-id=\"118325\" data-src=\"https:\/\/www.visittorshavn.fo\/wp-content\/smush-webp\/2025\/05\/marathon-1-1200x848.jpg.webp\" alt=\"\" class=\"wp-image-118325 lazyload\" data-srcset=\"https:\/\/www.visittorshavn.fo\/wp-content\/smush-webp\/2025\/05\/marathon-1-1200x848.jpg.webp 1200w, https:\/\/www.visittorshavn.fo\/wp-content\/smush-webp\/2025\/05\/marathon-1-800x566.jpg.webp 800w, https:\/\/www.visittorshavn.fo\/wp-content\/smush-webp\/2025\/05\/marathon-1-768x543.jpg.webp 768w, https:\/\/www.visittorshavn.fo\/wp-content\/smush-webp\/2025\/05\/marathon-1-600x424.jpg.webp 600w, https:\/\/www.visittorshavn.fo\/wp-content\/smush-webp\/2025\/05\/marathon-1.jpg.webp 1273w\" data-sizes=\"auto\" src=\"data:image\/svg+xml;base64,PHN2ZyB3aWR0aD0iMSIgaGVpZ2h0PSIxIiB4bWxucz0iaHR0cDovL3d3dy53My5vcmcvMjAwMC9zdmciPjwvc3ZnPg==\" style=\"--smush-placeholder-width: 1200px; --smush-placeholder-aspect-ratio: 1200\/848;\" data-original-sizes=\"(max-width: 1200px) 100vw, 1200px\" \/><\/figure>\n\n\n\n<figure class=\"wp-block-image size-large\"><img decoding=\"async\" width=\"1200\" height=\"844\" data-id=\"118327\" data-src=\"https:\/\/www.visittorshavn.fo\/wp-content\/smush-webp\/2025\/05\/marathon-2-1200x844.jpg.webp\" alt=\"\" class=\"wp-image-118327 lazyload\" data-srcset=\"https:\/\/www.visittorshavn.fo\/wp-content\/smush-webp\/2025\/05\/marathon-2-1200x844.jpg.webp 1200w, https:\/\/www.visittorshavn.fo\/wp-content\/smush-webp\/2025\/05\/marathon-2-800x562.jpg.webp 800w, https:\/\/www.visittorshavn.fo\/wp-content\/smush-webp\/2025\/05\/marathon-2-768x540.jpg.webp 768w, https:\/\/www.visittorshavn.fo\/wp-content\/smush-webp\/2025\/05\/marathon-2-600x422.jpg.webp 600w, https:\/\/www.visittorshavn.fo\/wp-content\/smush-webp\/2025\/05\/marathon-2.jpg.webp 1273w\" data-sizes=\"auto\" src=\"data:image\/svg+xml;base64,PHN2ZyB3aWR0aD0iMSIgaGVpZ2h0PSIxIiB4bWxucz0iaHR0cDovL3d3dy53My5vcmcvMjAwMC9zdmciPjwvc3ZnPg==\" style=\"--smush-placeholder-width: 1200px; --smush-placeholder-aspect-ratio: 1200\/844;\" data-original-sizes=\"(max-width: 1200px) 100vw, 1200px\" \/><\/figure>\n<\/figure>\n\n\n\n<div style=\"height:20px\" aria-hidden=\"true\" class=\"wp-block-spacer\"><\/div>\n\n\n\n<details class=\"wp-block-details is-layout-flow wp-block-details-is-layout-flow\"><summary><strong>Kl. 12.30-19.30 eru hesir vegir stongdir<\/strong><\/summary>\n<ul class=\"wp-block-list\">\n<li>Niels Finsens g\u00f8ta\u00a0fr\u00e1 Sverrisg\u00f8tu oman \u00e1 Vagli\u00f0<\/li>\n<\/ul>\n\n\n\n<ul class=\"wp-block-list\">\n<li>Mylnug\u00f8ta<\/li>\n<\/ul>\n\n\n\n<ul class=\"wp-block-list\">\n<li>Tingh\u00fasvegur\u00a0fr\u00e1 B\u00f8kjarabrekku oman til \u00c1arvegin<\/li>\n<\/ul>\n\n\n\n<ul class=\"wp-block-list\">\n<li>Bringnsag\u00f8ta\u00a0fr\u00e1 H\u00fasabr\u00fagv oman til \u00c1arvegin<\/li>\n<\/ul>\n\n\n\n<ul class=\"wp-block-list\">\n<li>T\u00f3rsg\u00f8ta\u00a0fr\u00e1 Sverrisg\u00f8tu oman til V\u00e1gsbotn<\/li>\n<\/ul>\n\n\n\n<ul class=\"wp-block-list\">\n<li>\u00c1arvegur<\/li>\n<\/ul>\n\n\n\n<ul class=\"wp-block-list\">\n<li>Koparg\u00f8ta<\/li>\n<\/ul>\n\n\n\n<ul class=\"wp-block-list\">\n<li>Havnarg\u00f8ta<\/li>\n<\/ul>\n\n\n\n<ul class=\"wp-block-list\">\n<li>Yviri vi\u00f0 Strond<\/li>\n<\/ul>\n\n\n\n<ul class=\"wp-block-list\">\n<li>Hoyviksvegur\u00a0fr\u00e1 \u00d3\u00f0insh\u00e6dd til Eystara Ringveg<\/li>\n<\/ul>\n\n\n\n<ul class=\"wp-block-list\">\n<li>Eystari Ringvegur\u00a0til Hv\u00edtanesvegin<\/li>\n<\/ul>\n\n\n\n<ul class=\"wp-block-list\">\n<li>Hv\u00edtanesvegurin\u00a0til rundkoyringina vi\u00f0 Vegin Langa<\/li>\n<\/ul>\n<\/details>\n\n\n\n<details class=\"wp-block-details is-layout-flow wp-block-details-is-layout-flow\"><summary><strong>Kl. 12.45 til 14.30 eru hesir vegir stongdir<\/strong><\/summary>\n<ul class=\"wp-block-list\">\n<li>Eystari Ringvegur\u00a0fr\u00e1 Hv\u00edtanesvegnum til rundkoyringina \u00e1 H\u00e1lsi<\/li>\n<\/ul>\n\n\n\n<ul class=\"wp-block-list\">\n<li>R.C. Effers\u00f8es g\u00f8ta og B\u00f8kjarabrekka\u00a0einvegis fer\u00f0sla<\/li>\n<\/ul>\n\n\n\n<ul class=\"wp-block-list\">\n<li>J\u00f3nas Broncks g\u00f8ta<\/li>\n<\/ul>\n\n\n\n<ul class=\"wp-block-list\">\n<li>B\u00f8kjarabrekka\u00a0fr\u00e1 Steinat\u00fani ni\u00f0an til R.C. Effers\u00f8es g\u00f8tu<\/li>\n<\/ul>\n<\/details>\n\n\n\n<details class=\"wp-block-details is-layout-flow wp-block-details-is-layout-flow\"><summary><strong>Kl. 13.00 til 18.00 eru hesir vegir stongdir<\/strong><br><\/summary>\n<ul class=\"wp-block-list\">\n<li>Landsvegurin\u00a0fr\u00e1 rundkoyringini vi\u00f0 Vegin Langa\/Hv\u00edtanes til Eysturoyartunnilin<\/li>\n\n\n\n<li>Eysturoyartunnilin&nbsp;stongdur<\/li>\n\n\n\n<li>Landsvegurin&nbsp;fr\u00e1 Kaldbaksbotni til rundkoyringina Inni \u00ed Fir\u00f0i \u00ed Kollafir\u00f0i stongdur<\/li>\n<\/ul>\n<\/details>\n\n\n\n<details class=\"wp-block-details is-layout-flow wp-block-details-is-layout-flow\"><summary><strong>Kl. 13.00 til 17.00 eru hesir vegir stongdir<\/strong><br><\/summary>\n<ul class=\"wp-block-list\">\n<li>Kaldbaksvegurin\u00a0fr\u00e1 Kaldbaksbotni til Kaldbaks<\/li>\n<\/ul>\n<\/details>\n\n\n\n<p><strong>Broytingar \u00ed Busslei\u00f0ini sunnudagin 1. juni \u00ed sambandi vi\u00f0 maratonrenning<\/strong><strong><\/strong><\/p>\n\n\n\n<p>N\u00e6rri kunning kemur \u00e1&nbsp;torshavn.fo&nbsp;seinni.<\/p>\n\n\n\n<p><strong>Broytingar hj\u00e1 Ternuni sunnudagin 1. juni \u00ed sambandi vi\u00f0 maratonrenning<\/strong><strong><\/strong><\/p>\n\n\n\n<p>\u00cd hesum sambandi sleppa bilar ikki vi\u00f0 Ternuni til N\u00f3lsoyar kl. 16.20.<strong><\/strong><\/p>\n\n\n\n<div style=\"height:100px\" aria-hidden=\"true\" class=\"wp-block-spacer\"><\/div>\n\n\n\n<figure class=\"wp-block-gallery alignwide has-nested-images columns-default is-cropped wp-block-gallery-2 is-layout-flex wp-block-gallery-is-layout-flex\">\n<figure class=\"wp-block-image size-large\"><img decoding=\"async\" width=\"1200\" height=\"900\" data-id=\"14849\" data-src=\"https:\/\/www.visittorshavn.fo\/wp-content\/smush-webp\/2024\/09\/bragdid-born-1200x900.jpg.webp\" alt=\"kids sports marathon \u00edtr\u00f3ttur\" class=\"wp-image-14849 lazyload\" data-srcset=\"https:\/\/www.visittorshavn.fo\/wp-content\/smush-webp\/2024\/09\/bragdid-born-1200x900.jpg.webp 1200w, https:\/\/www.visittorshavn.fo\/wp-content\/smush-webp\/2024\/09\/bragdid-born-800x600.jpg.webp 800w, https:\/\/www.visittorshavn.fo\/wp-content\/smush-webp\/2024\/09\/bragdid-born-768x576.jpg.webp 768w, https:\/\/www.visittorshavn.fo\/wp-content\/smush-webp\/2024\/09\/bragdid-born-1536x1152.jpg.webp 1536w, https:\/\/www.visittorshavn.fo\/wp-content\/uploads\/2024\/09\/bragdid-born-1320x990.jpg 1320w, https:\/\/www.visittorshavn.fo\/wp-content\/smush-webp\/2024\/09\/bragdid-born-600x450.jpg.webp 600w, https:\/\/www.visittorshavn.fo\/wp-content\/smush-webp\/2024\/09\/bragdid-born.jpg.webp 2048w\" data-sizes=\"auto\" src=\"data:image\/svg+xml;base64,PHN2ZyB3aWR0aD0iMSIgaGVpZ2h0PSIxIiB4bWxucz0iaHR0cDovL3d3dy53My5vcmcvMjAwMC9zdmciPjwvc3ZnPg==\" style=\"--smush-placeholder-width: 1200px; --smush-placeholder-aspect-ratio: 1200\/900;\" data-original-sizes=\"(max-width: 1200px) 100vw, 1200px\" \/><\/figure>\n\n\n\n<figure class=\"wp-block-image size-large\"><img decoding=\"async\" width=\"1200\" height=\"900\" data-id=\"10212\" data-src=\"https:\/\/www.visittorshavn.fo\/wp-content\/smush-webp\/2024\/07\/357306891_1704069273360986_3194414026958682824_n-1200x900.jpg.webp\" alt=\"\" class=\"wp-image-10212 lazyload\" data-srcset=\"https:\/\/www.visittorshavn.fo\/wp-content\/smush-webp\/2024\/07\/357306891_1704069273360986_3194414026958682824_n-1200x900.jpg.webp 1200w, https:\/\/www.visittorshavn.fo\/wp-content\/smush-webp\/2024\/07\/357306891_1704069273360986_3194414026958682824_n-800x600.jpg.webp 800w, https:\/\/www.visittorshavn.fo\/wp-content\/smush-webp\/2024\/07\/357306891_1704069273360986_3194414026958682824_n-768x576.jpg.webp 768w, https:\/\/www.visittorshavn.fo\/wp-content\/smush-webp\/2024\/07\/357306891_1704069273360986_3194414026958682824_n-1536x1152.jpg.webp 1536w, https:\/\/www.visittorshavn.fo\/wp-content\/uploads\/2024\/07\/357306891_1704069273360986_3194414026958682824_n-1320x990.jpg 1320w, https:\/\/www.visittorshavn.fo\/wp-content\/smush-webp\/2024\/07\/357306891_1704069273360986_3194414026958682824_n-600x450.jpg.webp 600w, https:\/\/www.visittorshavn.fo\/wp-content\/smush-webp\/2024\/07\/357306891_1704069273360986_3194414026958682824_n.jpg.webp 2048w\" data-sizes=\"auto\" src=\"data:image\/svg+xml;base64,PHN2ZyB3aWR0aD0iMSIgaGVpZ2h0PSIxIiB4bWxucz0iaHR0cDovL3d3dy53My5vcmcvMjAwMC9zdmciPjwvc3ZnPg==\" style=\"--smush-placeholder-width: 1200px; --smush-placeholder-aspect-ratio: 1200\/900;\" data-original-sizes=\"(max-width: 1200px) 100vw, 1200px\" \/><\/figure>\n\n\n\n<figure class=\"wp-block-image size-large\"><img decoding=\"async\" width=\"1200\" height=\"900\" data-id=\"10208\" data-src=\"https:\/\/www.visittorshavn.fo\/wp-content\/smush-webp\/2024\/07\/358329358_1362681537987022_5298916013295310350_n-1200x900.jpg.webp\" alt=\"\" class=\"wp-image-10208 lazyload\" data-srcset=\"https:\/\/www.visittorshavn.fo\/wp-content\/smush-webp\/2024\/07\/358329358_1362681537987022_5298916013295310350_n-1200x900.jpg.webp 1200w, https:\/\/www.visittorshavn.fo\/wp-content\/smush-webp\/2024\/07\/358329358_1362681537987022_5298916013295310350_n-800x600.jpg.webp 800w, https:\/\/www.visittorshavn.fo\/wp-content\/smush-webp\/2024\/07\/358329358_1362681537987022_5298916013295310350_n-768x576.jpg.webp 768w, https:\/\/www.visittorshavn.fo\/wp-content\/smush-webp\/2024\/07\/358329358_1362681537987022_5298916013295310350_n-1536x1152.jpg.webp 1536w, https:\/\/www.visittorshavn.fo\/wp-content\/uploads\/2024\/07\/358329358_1362681537987022_5298916013295310350_n-1320x990.jpg 1320w, https:\/\/www.visittorshavn.fo\/wp-content\/smush-webp\/2024\/07\/358329358_1362681537987022_5298916013295310350_n-600x450.jpg.webp 600w, https:\/\/www.visittorshavn.fo\/wp-content\/smush-webp\/2024\/07\/358329358_1362681537987022_5298916013295310350_n.jpg.webp 2000w\" data-sizes=\"auto\" src=\"data:image\/svg+xml;base64,PHN2ZyB3aWR0aD0iMSIgaGVpZ2h0PSIxIiB4bWxucz0iaHR0cDovL3d3dy53My5vcmcvMjAwMC9zdmciPjwvc3ZnPg==\" style=\"--smush-placeholder-width: 1200px; --smush-placeholder-aspect-ratio: 1200\/900;\" data-original-sizes=\"(max-width: 1200px) 100vw, 1200px\" \/><\/figure>\n\n\n\n<figure class=\"wp-block-image size-large\"><img decoding=\"async\" width=\"482\" height=\"309\" data-id=\"9835\" data-src=\"https:\/\/www.visittorshavn.fo\/wp-content\/smush-webp\/2024\/07\/2f305407-c85c-42c4-9a6f-c25ba52aa45b.png.webp\" alt=\"\" class=\"wp-image-9835 lazyload\" src=\"data:image\/svg+xml;base64,PHN2ZyB3aWR0aD0iMSIgaGVpZ2h0PSIxIiB4bWxucz0iaHR0cDovL3d3dy53My5vcmcvMjAwMC9zdmciPjwvc3ZnPg==\" style=\"--smush-placeholder-width: 482px; --smush-placeholder-aspect-ratio: 482\/309;\" \/><\/figure>\n\n\n\n<figure class=\"wp-block-image size-large\"><img decoding=\"async\" width=\"1200\" height=\"800\" data-id=\"9831\" data-src=\"https:\/\/www.visittorshavn.fo\/wp-content\/smush-webp\/2024\/07\/IMG_5709-1200x800.jpg.webp\" alt=\"\" class=\"wp-image-9831 lazyload\" data-srcset=\"https:\/\/www.visittorshavn.fo\/wp-content\/smush-webp\/2024\/07\/IMG_5709-1200x800.jpg.webp 1200w, https:\/\/www.visittorshavn.fo\/wp-content\/smush-webp\/2024\/07\/IMG_5709-800x533.jpg.webp 800w, https:\/\/www.visittorshavn.fo\/wp-content\/smush-webp\/2024\/07\/IMG_5709-768x512.jpg.webp 768w, https:\/\/www.visittorshavn.fo\/wp-content\/smush-webp\/2024\/07\/IMG_5709-1536x1024.jpg.webp 1536w, https:\/\/www.visittorshavn.fo\/wp-content\/uploads\/2024\/07\/IMG_5709-2048x1366.jpg 2048w, https:\/\/www.visittorshavn.fo\/wp-content\/uploads\/2024\/07\/IMG_5709-1320x880.jpg 1320w, https:\/\/www.visittorshavn.fo\/wp-content\/smush-webp\/2024\/07\/IMG_5709-600x400.jpg.webp 600w\" data-sizes=\"auto\" src=\"data:image\/svg+xml;base64,PHN2ZyB3aWR0aD0iMSIgaGVpZ2h0PSIxIiB4bWxucz0iaHR0cDovL3d3dy53My5vcmcvMjAwMC9zdmciPjwvc3ZnPg==\" style=\"--smush-placeholder-width: 1200px; --smush-placeholder-aspect-ratio: 1200\/800;\" data-original-sizes=\"(max-width: 1200px) 100vw, 1200px\" \/><\/figure>\n<\/figure>\n\n\n\n<div style=\"height:200px\" aria-hidden=\"true\" class=\"wp-block-spacer\"><\/div>\n","protected":false},"excerpt":{"rendered":"<p>N\u00fa er t\u00ed\u00f0in aftur komin til at T\u00f3rshavnar Marathon er \u00e1 skr\u00e1, sunnudagin tann 1. juni. N\u00f3gv f\u00f3lk savnast \u00ed b\u00fdnum hendan dagin. Hetta er eitt st\u00f3rt og livandi tiltak [&hellip;]<\/p>\n","protected":false},"author":4,"featured_media":4134,"parent":0,"menu_order":0,"comment_status":"closed","ping_status":"closed","template":"","meta":{"_acf_changed":false,"footnotes":""},"page_category":[],"class_list":["post-118318","page","type-page","status-publish","has-post-thumbnail","hentry"],"acf":[],"yoast_head":"<!-- This site is optimized with the Yoast SEO plugin v27.5 - https:\/\/yoast.com\/product\/yoast-seo-wordpress\/ -->\n<title>T\u00f3rshavn Marathon - Visit Torshavn<\/title>\n<meta name=\"robots\" content=\"index, follow, max-snippet:-1, max-image-preview:large, max-video-preview:-1\" \/>\n<link rel=\"canonical\" href=\"https:\/\/www.visittorshavn.fo\/fo\/torshavn-marathon\/\" \/>\n<meta property=\"og:locale\" content=\"fo_FO\" \/>\n<meta property=\"og:type\" content=\"article\" \/>\n<meta property=\"og:title\" content=\"T\u00f3rshavn Marathon - Visit Torshavn\" \/>\n<meta property=\"og:description\" content=\"N\u00fa er t\u00ed\u00f0in aftur komin til at T\u00f3rshavnar Marathon er \u00e1 skr\u00e1, sunnudagin tann 1. juni. N\u00f3gv f\u00f3lk savnast \u00ed b\u00fdnum hendan dagin. Hetta er eitt st\u00f3rt og livandi tiltak [&hellip;]\" \/>\n<meta property=\"og:url\" content=\"https:\/\/www.visittorshavn.fo\/fo\/torshavn-marathon\/\" \/>\n<meta property=\"og:site_name\" content=\"Visit Torshavn\" \/>\n<meta property=\"article:modified_time\" content=\"2025-05-27T11:33:08+00:00\" \/>\n<meta property=\"og:image\" content=\"https:\/\/www.visittorshavn.fo\/wp-content\/uploads\/2024\/05\/4juni23_B3A3698-X3.jpg\" \/>\n\t<meta property=\"og:image:width\" content=\"1600\" \/>\n\t<meta property=\"og:image:height\" content=\"1067\" \/>\n\t<meta property=\"og:image:type\" content=\"image\/jpeg\" \/>\n<meta name=\"twitter:card\" content=\"summary_large_image\" \/>\n<meta name=\"twitter:label1\" content=\"Est. reading time\" \/>\n\t<meta name=\"twitter:data1\" content=\"4 minutes\" \/>\n<script type=\"application\/ld+json\" class=\"yoast-schema-graph\">{\"@context\":\"https:\\\/\\\/schema.org\",\"@graph\":[{\"@type\":\"WebPage\",\"@id\":\"https:\\\/\\\/www.visittorshavn.fo\\\/fo\\\/torshavn-marathon\\\/\",\"url\":\"https:\\\/\\\/www.visittorshavn.fo\\\/fo\\\/torshavn-marathon\\\/\",\"name\":\"T\u00f3rshavn Marathon - Visit Torshavn\",\"isPartOf\":{\"@id\":\"https:\\\/\\\/www.visittorshavn.fo\\\/fo\\\/#website\"},\"primaryImageOfPage\":{\"@id\":\"https:\\\/\\\/www.visittorshavn.fo\\\/fo\\\/torshavn-marathon\\\/#primaryimage\"},\"image\":{\"@id\":\"https:\\\/\\\/www.visittorshavn.fo\\\/fo\\\/torshavn-marathon\\\/#primaryimage\"},\"thumbnailUrl\":\"https:\\\/\\\/www.visittorshavn.fo\\\/wp-content\\\/uploads\\\/2024\\\/05\\\/4juni23_B3A3698-X3.jpg\",\"datePublished\":\"2025-05-27T11:31:11+00:00\",\"dateModified\":\"2025-05-27T11:33:08+00:00\",\"breadcrumb\":{\"@id\":\"https:\\\/\\\/www.visittorshavn.fo\\\/fo\\\/torshavn-marathon\\\/#breadcrumb\"},\"inLanguage\":\"fo-FO\",\"potentialAction\":[{\"@type\":\"ReadAction\",\"target\":[\"https:\\\/\\\/www.visittorshavn.fo\\\/fo\\\/torshavn-marathon\\\/\"]}]},{\"@type\":\"ImageObject\",\"inLanguage\":\"fo-FO\",\"@id\":\"https:\\\/\\\/www.visittorshavn.fo\\\/fo\\\/torshavn-marathon\\\/#primaryimage\",\"url\":\"https:\\\/\\\/www.visittorshavn.fo\\\/wp-content\\\/uploads\\\/2024\\\/05\\\/4juni23_B3A3698-X3.jpg\",\"contentUrl\":\"https:\\\/\\\/www.visittorshavn.fo\\\/wp-content\\\/uploads\\\/2024\\\/05\\\/4juni23_B3A3698-X3.jpg\",\"width\":1600,\"height\":1067},{\"@type\":\"BreadcrumbList\",\"@id\":\"https:\\\/\\\/www.visittorshavn.fo\\\/fo\\\/torshavn-marathon\\\/#breadcrumb\",\"itemListElement\":[{\"@type\":\"ListItem\",\"position\":1,\"name\":\"Home\",\"item\":\"https:\\\/\\\/www.visittorshavn.fo\\\/fo\\\/\"},{\"@type\":\"ListItem\",\"position\":2,\"name\":\"T\u00f3rshavn Marathon\"}]},{\"@type\":\"WebSite\",\"@id\":\"https:\\\/\\\/www.visittorshavn.fo\\\/fo\\\/#website\",\"url\":\"https:\\\/\\\/www.visittorshavn.fo\\\/fo\\\/\",\"name\":\"Visit Torshavn\",\"description\":\"\",\"potentialAction\":[{\"@type\":\"SearchAction\",\"target\":{\"@type\":\"EntryPoint\",\"urlTemplate\":\"https:\\\/\\\/www.visittorshavn.fo\\\/fo\\\/?s={search_term_string}\"},\"query-input\":{\"@type\":\"PropertyValueSpecification\",\"valueRequired\":true,\"valueName\":\"search_term_string\"}}],\"inLanguage\":\"fo-FO\"}]}<\/script>\n<!-- \/ Yoast SEO plugin. -->","yoast_head_json":{"title":"T\u00f3rshavn Marathon - Visit Torshavn","robots":{"index":"index","follow":"follow","max-snippet":"max-snippet:-1","max-image-preview":"max-image-preview:large","max-video-preview":"max-video-preview:-1"},"canonical":"https:\/\/www.visittorshavn.fo\/fo\/torshavn-marathon\/","og_locale":"fo_FO","og_type":"article","og_title":"T\u00f3rshavn Marathon - Visit Torshavn","og_description":"N\u00fa er t\u00ed\u00f0in aftur komin til at T\u00f3rshavnar Marathon er \u00e1 skr\u00e1, sunnudagin tann 1. juni. N\u00f3gv f\u00f3lk savnast \u00ed b\u00fdnum hendan dagin. Hetta er eitt st\u00f3rt og livandi tiltak [&hellip;]","og_url":"https:\/\/www.visittorshavn.fo\/fo\/torshavn-marathon\/","og_site_name":"Visit Torshavn","article_modified_time":"2025-05-27T11:33:08+00:00","og_image":[{"width":1600,"height":1067,"url":"https:\/\/www.visittorshavn.fo\/wp-content\/uploads\/2024\/05\/4juni23_B3A3698-X3.jpg","type":"image\/jpeg"}],"twitter_card":"summary_large_image","twitter_misc":{"Est. reading time":"4 minutes"},"schema":{"@context":"https:\/\/schema.org","@graph":[{"@type":"WebPage","@id":"https:\/\/www.visittorshavn.fo\/fo\/torshavn-marathon\/","url":"https:\/\/www.visittorshavn.fo\/fo\/torshavn-marathon\/","name":"T\u00f3rshavn Marathon - Visit Torshavn","isPartOf":{"@id":"https:\/\/www.visittorshavn.fo\/fo\/#website"},"primaryImageOfPage":{"@id":"https:\/\/www.visittorshavn.fo\/fo\/torshavn-marathon\/#primaryimage"},"image":{"@id":"https:\/\/www.visittorshavn.fo\/fo\/torshavn-marathon\/#primaryimage"},"thumbnailUrl":"https:\/\/www.visittorshavn.fo\/wp-content\/uploads\/2024\/05\/4juni23_B3A3698-X3.jpg","datePublished":"2025-05-27T11:31:11+00:00","dateModified":"2025-05-27T11:33:08+00:00","breadcrumb":{"@id":"https:\/\/www.visittorshavn.fo\/fo\/torshavn-marathon\/#breadcrumb"},"inLanguage":"fo-FO","potentialAction":[{"@type":"ReadAction","target":["https:\/\/www.visittorshavn.fo\/fo\/torshavn-marathon\/"]}]},{"@type":"ImageObject","inLanguage":"fo-FO","@id":"https:\/\/www.visittorshavn.fo\/fo\/torshavn-marathon\/#primaryimage","url":"https:\/\/www.visittorshavn.fo\/wp-content\/uploads\/2024\/05\/4juni23_B3A3698-X3.jpg","contentUrl":"https:\/\/www.visittorshavn.fo\/wp-content\/uploads\/2024\/05\/4juni23_B3A3698-X3.jpg","width":1600,"height":1067},{"@type":"BreadcrumbList","@id":"https:\/\/www.visittorshavn.fo\/fo\/torshavn-marathon\/#breadcrumb","itemListElement":[{"@type":"ListItem","position":1,"name":"Home","item":"https:\/\/www.visittorshavn.fo\/fo\/"},{"@type":"ListItem","position":2,"name":"T\u00f3rshavn Marathon"}]},{"@type":"WebSite","@id":"https:\/\/www.visittorshavn.fo\/fo\/#website","url":"https:\/\/www.visittorshavn.fo\/fo\/","name":"Visit Torshavn","description":"","potentialAction":[{"@type":"SearchAction","target":{"@type":"EntryPoint","urlTemplate":"https:\/\/www.visittorshavn.fo\/fo\/?s={search_term_string}"},"query-input":{"@type":"PropertyValueSpecification","valueRequired":true,"valueName":"search_term_string"}}],"inLanguage":"fo-FO"}]}},"_links":{"self":[{"href":"https:\/\/www.visittorshavn.fo\/fo\/wp-json\/wp\/v2\/pages\/118318","targetHints":{"allow":["GET"]}}],"collection":[{"href":"https:\/\/www.visittorshavn.fo\/fo\/wp-json\/wp\/v2\/pages"}],"about":[{"href":"https:\/\/www.visittorshavn.fo\/fo\/wp-json\/wp\/v2\/types\/page"}],"author":[{"embeddable":true,"href":"https:\/\/www.visittorshavn.fo\/fo\/wp-json\/wp\/v2\/users\/4"}],"replies":[{"embeddable":true,"href":"https:\/\/www.visittorshavn.fo\/fo\/wp-json\/wp\/v2\/comments?post=118318"}],"version-history":[{"count":0,"href":"https:\/\/www.visittorshavn.fo\/fo\/wp-json\/wp\/v2\/pages\/118318\/revisions"}],"wp:featuredmedia":[{"embeddable":true,"href":"https:\/\/www.visittorshavn.fo\/fo\/wp-json\/wp\/v2\/media\/4134"}],"wp:attachment":[{"href":"https:\/\/www.visittorshavn.fo\/fo\/wp-json\/wp\/v2\/media?parent=118318"}],"wp:term":[{"taxonomy":"page_category","embeddable":true,"href":"https:\/\/www.visittorshavn.fo\/fo\/wp-json\/wp\/v2\/page_category?post=118318"}],"curies":[{"name":"wp","href":"https:\/\/api.w.org\/{rel}","templated":true}]}}