{"id":12994,"date":"2024-03-27T12:00:09","date_gmt":"2024-03-27T12:00:09","guid":{"rendered":"https:\/\/www.visittorshavn.fo\/?page_id=12994"},"modified":"2025-08-13T11:38:17","modified_gmt":"2025-08-13T10:38:17","slug":"dronuflugving","status":"publish","type":"page","link":"https:\/\/www.visittorshavn.fo\/fo\/dronuflugving\/","title":{"rendered":"Dronufl\u00fagving"},"content":{"rendered":"\n<div class=\"wp-block-cover alignfull is-light has-custom-content-position is-position-bottom-center has-white-color has-text-color has-link-color wp-elements-cc6bc53168152f258159427b4ad4def4\" style=\"min-height:582px;aspect-ratio:unset;\"><img decoding=\"async\" width=\"852\" height=\"852\" class=\"wp-block-cover__image-background wp-image-127928 size-full lazyload\" alt=\"Mynd fr\u00e1 Canva vi\u00f0 filtur og klipt til.\" data-src=\"https:\/\/www.visittorshavn.fo\/wp-content\/smush-webp\/2025\/07\/design-12.png.webp\" data-object-fit=\"cover\" data-srcset=\"https:\/\/www.visittorshavn.fo\/wp-content\/smush-webp\/2025\/07\/design-12.png.webp 852w, https:\/\/www.visittorshavn.fo\/wp-content\/smush-webp\/2025\/07\/design-12-800x800.png.webp 800w, https:\/\/www.visittorshavn.fo\/wp-content\/smush-webp\/2025\/07\/design-12-300x300.png.webp 300w, https:\/\/www.visittorshavn.fo\/wp-content\/smush-webp\/2025\/07\/design-12-768x768.png.webp 768w, https:\/\/www.visittorshavn.fo\/wp-content\/smush-webp\/2025\/07\/design-12-600x600.png.webp 600w, https:\/\/www.visittorshavn.fo\/wp-content\/smush-webp\/2025\/07\/design-12-100x100.png.webp 100w\" data-sizes=\"auto\" src=\"data:image\/svg+xml;base64,PHN2ZyB3aWR0aD0iMSIgaGVpZ2h0PSIxIiB4bWxucz0iaHR0cDovL3d3dy53My5vcmcvMjAwMC9zdmciPjwvc3ZnPg==\" style=\"--smush-placeholder-width: 852px; --smush-placeholder-aspect-ratio: 852\/852;\" data-original-sizes=\"(max-width: 852px) 100vw, 852px\" \/><span aria-hidden=\"true\" class=\"wp-block-cover__background has-background-dim\" style=\"background-color:#a0a6a9\"><\/span><div class=\"wp-block-cover__inner-container is-layout-constrained wp-block-cover-is-layout-constrained\">\n<div class=\"wp-block-columns alignwide is-layout-flex wp-container-core-columns-is-layout-9d6595d7 wp-block-columns-is-layout-flex\">\n<div class=\"wp-block-column is-layout-flow wp-block-column-is-layout-flow\">\n<div id=\"breadcrumbs_block_175688e9542eb6059a52bb89a334a177\" class=\"lunnar-breadcrumbs\">\n            <div class=\"lunnar-breadcrumbs\"><ul><\/ul><\/div>    <\/div>\n\n\n<h1 class=\"wp-block-heading\">Dronufl\u00fagving<\/h1>\n<\/div>\n\n\n\n<div class=\"wp-block-column is-layout-flow wp-block-column-is-layout-flow\"><\/div>\n<\/div>\n<\/div><\/div>\n\n\n\n<div style=\"height:32px\" aria-hidden=\"true\" class=\"wp-block-spacer\"><\/div>\n\n\n\n<h2 class=\"wp-block-heading\">Dronufl\u00fagving \u00ed F\u00f8royum<\/h2>\n\n\n\n<p>Dronufl\u00fagving hevur av \u00e1lvara vundi\u00f0 upp\u00e1 seg \u00ed seinastuni. Talan er serliga um myndaf\u00f3lk, journalistar og <em>\u00e1virkarar<\/em> (en. influencers). Dronufl\u00fagving hevur t\u00f3 \u00e1v\u00edsar skyldur vi\u00f0 s\u00e6r, harav summar eru l\u00f3gligar og a\u00f0rar eru moralskar. Skilag\u00f3\u00f0 kunning hevur alst\u00f3ran t\u00fddning fyri at for\u00f0a fer\u00f0af\u00f3lki \u00ed at fremja l\u00f3garbrot av \u00f3vart. \u00d3l\u00f3glig dronufl\u00fagving kann geva b\u00f8tur \u00e1lj\u00f3\u00f0andi 5000 kr.<\/p>\n\n\n\n<p>\u00cd sambandi vi\u00f0 f\u00f8royska dronul\u00f3gg\u00e1vu, so hava tvey skjalas\u00f8vn st\u00f8rstan t\u00fddning anno 2025:<\/p>\n\n\n\n<ul class=\"wp-block-list\">\n<li>L\u00f3girnar um dronufl\u00fagving fr\u00e1 Evropasamveldinum (ES)<\/li>\n\n\n\n<li>F\u00f8royska dronukunnger\u00f0in<\/li>\n<\/ul>\n\n\n\n<p>Vit m\u00e6la sta\u00f0iliga til, at einhv\u00f8r, i\u00f0 \u00e6tlar s\u00e6r at fl\u00fagva dronu \u00ed F\u00f8royum, lesur b\u00e6\u00f0i skjalas\u00f8vnini gj\u00f8lla, \u00e1\u00f0renn vi\u00f0komandi fl\u00fdgur vi\u00f0 dronu.<\/p>\n\n\n\n<h2 class=\"wp-block-heading\">Dronuloyvi<\/h2>\n\n\n\n<p>\u00cd skrivandi l\u00f8tu (t.e., juli 2025) er st\u00f8\u00f0an tann, at dronur, i\u00f0 viga meira enn 250g, krevja dronuloyvi fr\u00e1 einum EASA-landi. Sl\u00edkt dronuloyvi f\u00e6st ikki \u00ed F\u00f8royum, men kan \u00fatvegast \u00ed Danmark ella \u00f8\u00f0rum EASA-londum.<\/p>\n\n\n\n<p>Dronur, i\u00f0 viga minni enn 250g, krevja ikki dronuloyvi \u00ed skrivandi l\u00f8tu. T\u00f3 fevna allar t\u00e6r vanligu dronureglurnar framvegis um hesar dronurnar.<\/p>\n\n\n\n<h2 class=\"wp-block-heading\">Skr\u00e1seting sum dronu\u00e1nari<\/h2>\n\n\n\n<p>Tey, sum eiga dronu \u00ed Danmark ella F\u00f8royum, skulu skr\u00e1setast sum dronu\u00e1narar, um talan er um dronu, i\u00f0 vigar 250g ella meira. Ta\u00f0 sama er galdandi, um dronan vigar minni enn 250g, men hevur sensor (t.d. kamera ella termometur). Tey, sum eiga dronu, i\u00f0 ver\u00f0ur markna\u00f0arf\u00f8rd sum leika, noy\u00f0ast ikki at skr\u00e1setast sum dronu\u00e1nari. Um dronu\u00e1nari longu er skr\u00e1settur \u00ed einum ES-landi, so noy\u00f0ist vi\u00f0komandi ikki at skr\u00e1setast av n\u00fdggjum fyri at fl\u00fagva \u00ed F\u00f8royum. Eftir skr\u00e1seting, so skal dronu\u00e1narin merkja dronu s\u00edna vi\u00f0 s\u00ednum dronu\u00e1naratali. Dronu\u00e1nari hevur m.a. skyldu at tryggja dronur s\u00ednar. Eisini liggur ta\u00f0 \u00e1 dronu\u00e1naranum at f\u00f8ra h\u00f3skandi loggb\u00f3k fyri alt dronuvirksemi.<\/p>\n\n\n\n<h2 class=\"wp-block-heading\">G\u00f3\u00f0 r\u00e1\u00f0 til dronupilotin<\/h2>\n\n\n\n<p>T\u00e1 ein fl\u00fdgur vi\u00f0 dronu, so eigur vi\u00f0komandi alt\u00ed\u00f0 at vir\u00f0a fuglal\u00edvi\u00f0, dj\u00f3ral\u00edvi\u00f0 og privatl\u00edvi\u00f0 \u00e1 sta\u00f0num. Av t\u00ed, at illve\u00f0ur kann koma \u00f3vart \u00e1 ein \u00ed F\u00f8royum, so m\u00e6la vit til at kanna ve\u00f0urv\u00e1nirnar, \u00e1\u00f0renn fari\u00f0 ver\u00f0ur fr\u00e1 h\u00fasum. Harumframt er umr\u00e1\u00f0andi at hava sterka \u00fatger\u00f0, sum tolir eitt sindur av illve\u00f0ri.<\/p>\n\n\n\n<div class=\"wp-block-group has-background-background-color has-background is-layout-constrained wp-block-group-is-layout-constrained\">\n<p><strong>\u00c1heitan um at ste\u00f0ga dronufl\u00fagving \u00fati \u00e1 Reyni \u00ed Havn<\/strong><\/p>\n\n\n\n<p><em>Hetta er ein \u00e1heitan um at vir\u00f0a privatl\u00edvi\u00f0 hj\u00e1 teimum, i\u00f0 b\u00fagva \u00fati \u00e1 Reyni. \u00cd seinastuni hava fleiri dronur nevniliga flogi\u00f0 \u00ed h\u00f8vu\u00f0ssta\u00f0num, og t\u00ed minna vit \u00e1, at ta\u00f0 er banna\u00f0 at fl\u00fagva vi\u00f0 dronu innanfyri 150 metrar fr\u00e1 bygdum \u00f8ki ella h\u00f8vu\u00f0svegi.&nbsp;<\/em><\/p>\n<\/div>\n\n\n\n<div style=\"height:32px\" aria-hidden=\"true\" class=\"wp-block-spacer\"><\/div>\n\n\n\n<h2 class=\"wp-block-heading\">Samanumt\u00f8ka av dronureglum<\/h2>\n\n\n\n<div class=\"wp-block-cover is-light\" style=\"padding-top:var(--wp--preset--spacing--70);padding-right:var(--wp--preset--spacing--70);padding-bottom:var(--wp--preset--spacing--70);padding-left:var(--wp--preset--spacing--70);min-height:240px;aspect-ratio:unset;\"><span aria-hidden=\"true\" class=\"wp-block-cover__background has-background-dim-100 has-background-dim\" style=\"background-color:#c9d4ae\"><\/span><div class=\"wp-block-cover__inner-container is-layout-constrained wp-container-core-cover-is-layout-8904fbb8 wp-block-cover-is-layout-constrained\">\n<p>Ein dronupilotur vi\u00f0 einum A1\/A3-dronupr\u00f3gvi (ella uttan dronupr\u00f3gv) kann einans fl\u00fagva dronu \u00ed F\u00f8royum, um vi\u00f0komandi l\u00fdkur allar hesar treytirnar, umframt fleiri: <\/p>\n\n\n\n<ul class=\"wp-block-list\">\n<li>Dronur <strong>MUGU IKKI<\/strong> fl\u00fagvast t\u00e6ttari enn 150 metrar fr\u00e1 bygdum \u00f8ki. Hetta fevnir b\u00e6\u00f0i um bygd og b\u00fd.<\/li>\n\n\n\n<li>Dronur <strong>MUGU IKKI<\/strong> fl\u00fagvast t\u00e6ttari enn 150 metrar fr\u00e1 vegi, hv\u00f8rs h\u00e1marksfer\u00f0 er omanfyri 70 km\/t.<\/li>\n\n\n\n<li>Dronur <strong>MUGU IKKI<\/strong> fl\u00fagvast t\u00e6ttari enn 5 kilometrar vi\u00f0 V\u00e1ga floghavni (FAE). (Hetta merkir, at ta\u00f0 ikki er loyvt at fl\u00fagva omanfyri Tr\u00e6lan\u00edpuna og B\u00f8sdalafoss.)<\/li>\n\n\n\n<li>Dronur <strong>MUGU IKKI<\/strong> fl\u00fagvast t\u00e6ttari enn 2 kilometrar vi\u00f0 nakran tyrlupall.<\/li>\n\n\n\n<li>Dronur <strong>MUGU IKKI<\/strong> fl\u00fagvast omanfyri privat \u00f8ki vi\u00f0 gir\u00f0ing (t.d. vi\u00f0 gar\u00f0i) uttan greitt loyvi fr\u00e1 jar\u00f0areigaranum.<\/li>\n\n\n\n<li>Dronur <strong>MUGU IKKI<\/strong> fl\u00fagvast t\u00e6ttari enn 5 metrar vi\u00f0 ein b\u00fasta\u00f0 uttan greitt loyvi fr\u00e1 eigaranum.<\/li>\n\n\n\n<li>Dronur <strong>MUGU IKKI<\/strong> fl\u00fagvast omanfyri grindadr\u00e1p ella t\u00e6ttari enn 150 metrar vi\u00f0 fiskivei\u00f0ueftirlit.<\/li>\n\n\n\n<li>Dronur <strong>MUGU IKKI<\/strong> fl\u00fagvast h\u00e6gri enn 120 metrar fr\u00e1 j\u00f8r\u00f0ini, t\u00f3 undantiki\u00f0 um flogi\u00f0 ver\u00f0ur omanfyri manngj\u00f8rdari konstrukti\u00f3n (t.d. vindmyllu), sum er h\u00e6gri enn 120 metrar, vi\u00f0 loyvi fr\u00e1 eigaranum. T\u00e1 kann dronan fl\u00fagva upp til 15 metrar omanfyri konstrukti\u00f3nini. <\/li>\n\n\n\n<li>Dronu\u00e1narin <strong>HEVUR SKYLDU<\/strong> at tryggja s\u00ednar dronur \u00e1 h\u00f3skandi h\u00e1tt.<\/li>\n\n\n\n<li>Dronu\u00e1narin <strong>HEVUR SKYLDU<\/strong> at f\u00f8ra h\u00f3skandi loggb\u00f3k fyri alt dronuvirksemi.<\/li>\n<\/ul>\n\n\n\n<p>Ein fullkomin listi av l\u00f3gum fyri dronufl\u00fagving \u00ed F\u00f8royum s\u00e6st <a href=\"https:\/\/www.droneregler.dk\/lister\/lovliste\/2024\/bekendtgoerelse-for-faeroeerne-om-supplerende-bestemmelser-til-bekendtgoerelse-for-faeroeerne-om-regler-og-procedurer-for-operation-af-ubemandede-luftfartoejer\">her<\/a> og <a href=\"https:\/\/www.droneregler.dk\/lister\/lovliste\/2024\/bekendtgoerelse-for-faeroeerne-om-regler-og-procedurer-for-operation-af-ubemandede-luftfartoejer\">her<\/a>.<\/p>\n<\/div><\/div>\n\n\n\n<p class=\"has-sunshine-background-color has-background\"><strong>Gevi\u00f0 g\u00e6tur: Hendan greinin er skriva\u00f0 vi\u00f0 st\u00f8\u00f0i \u00ed heimas\u00ed\u00f0uni hj\u00e1 <a href=\"https:\/\/www.en.droneregler.dk\/drone-regulations-in-denmark\">Trafikstyrelen<\/a>, og talan er ikki um l\u00f8gfr\u00f8\u00f0ilig r\u00e1\u00f0. Lesarin ver\u00f0ur bi\u00f0in um at eftirkanna umr\u00e1\u00f0andi vitan hj\u00e1 vi\u00f0komandi myndugleika.<\/strong><\/p>\n\n\n\n<div style=\"height:32px\" aria-hidden=\"true\" class=\"wp-block-spacer\"><\/div>\n","protected":false},"excerpt":{"rendered":"<p>Dronufl\u00fagving \u00ed F\u00f8royum Dronufl\u00fagving hevur av \u00e1lvara vundi\u00f0 upp\u00e1 seg \u00ed seinastuni. Talan er serliga um myndaf\u00f3lk, journalistar og \u00e1virkarar (en. influencers). Dronufl\u00fagving hevur t\u00f3 \u00e1v\u00edsar skyldur vi\u00f0 s\u00e6r, harav [&hellip;]<\/p>\n","protected":false},"author":4,"featured_media":4349,"parent":0,"menu_order":0,"comment_status":"closed","ping_status":"closed","template":"","meta":{"_acf_changed":false,"footnotes":""},"page_category":[],"class_list":["post-12994","page","type-page","status-publish","has-post-thumbnail","hentry"],"acf":[],"yoast_head":"<!-- This site is optimized with the Yoast SEO plugin v27.5 - https:\/\/yoast.com\/product\/yoast-seo-wordpress\/ -->\n<title>Dronufl\u00fagving - Visit Torshavn<\/title>\n<meta name=\"robots\" content=\"index, follow, max-snippet:-1, max-image-preview:large, max-video-preview:-1\" \/>\n<link rel=\"canonical\" href=\"https:\/\/www.visittorshavn.fo\/fo\/dronuflugving\/\" \/>\n<meta property=\"og:locale\" content=\"fo_FO\" \/>\n<meta property=\"og:type\" content=\"article\" \/>\n<meta property=\"og:title\" content=\"Dronufl\u00fagving - Visit Torshavn\" \/>\n<meta property=\"og:description\" content=\"Dronufl\u00fagving \u00ed F\u00f8royum Dronufl\u00fagving hevur av \u00e1lvara vundi\u00f0 upp\u00e1 seg \u00ed seinastuni. Talan er serliga um myndaf\u00f3lk, journalistar og \u00e1virkarar (en. influencers). Dronufl\u00fagving hevur t\u00f3 \u00e1v\u00edsar skyldur vi\u00f0 s\u00e6r, harav [&hellip;]\" \/>\n<meta property=\"og:url\" content=\"https:\/\/www.visittorshavn.fo\/fo\/dronuflugving\/\" \/>\n<meta property=\"og:site_name\" content=\"Visit Torshavn\" \/>\n<meta property=\"article:modified_time\" content=\"2025-08-13T10:38:17+00:00\" \/>\n<meta property=\"og:image\" content=\"https:\/\/www.visittorshavn.fo\/wp-content\/uploads\/2024\/05\/Untitled-design-14.jpg\" \/>\n\t<meta property=\"og:image:width\" content=\"1920\" \/>\n\t<meta property=\"og:image:height\" content=\"1080\" \/>\n\t<meta property=\"og:image:type\" content=\"image\/jpeg\" \/>\n<meta name=\"twitter:card\" content=\"summary_large_image\" \/>\n<meta name=\"twitter:label1\" content=\"Est. reading time\" \/>\n\t<meta name=\"twitter:data1\" content=\"4 minutes\" \/>\n<script type=\"application\/ld+json\" class=\"yoast-schema-graph\">{\"@context\":\"https:\\\/\\\/schema.org\",\"@graph\":[{\"@type\":\"WebPage\",\"@id\":\"https:\\\/\\\/www.visittorshavn.fo\\\/fo\\\/dronuflugving\\\/\",\"url\":\"https:\\\/\\\/www.visittorshavn.fo\\\/fo\\\/dronuflugving\\\/\",\"name\":\"Dronufl\u00fagving - Visit Torshavn\",\"isPartOf\":{\"@id\":\"https:\\\/\\\/www.visittorshavn.fo\\\/fo\\\/#website\"},\"primaryImageOfPage\":{\"@id\":\"https:\\\/\\\/www.visittorshavn.fo\\\/fo\\\/dronuflugving\\\/#primaryimage\"},\"image\":{\"@id\":\"https:\\\/\\\/www.visittorshavn.fo\\\/fo\\\/dronuflugving\\\/#primaryimage\"},\"thumbnailUrl\":\"https:\\\/\\\/www.visittorshavn.fo\\\/wp-content\\\/uploads\\\/2024\\\/05\\\/Untitled-design-14.jpg\",\"datePublished\":\"2024-03-27T12:00:09+00:00\",\"dateModified\":\"2025-08-13T10:38:17+00:00\",\"breadcrumb\":{\"@id\":\"https:\\\/\\\/www.visittorshavn.fo\\\/fo\\\/dronuflugving\\\/#breadcrumb\"},\"inLanguage\":\"fo-FO\",\"potentialAction\":[{\"@type\":\"ReadAction\",\"target\":[\"https:\\\/\\\/www.visittorshavn.fo\\\/fo\\\/dronuflugving\\\/\"]}]},{\"@type\":\"ImageObject\",\"inLanguage\":\"fo-FO\",\"@id\":\"https:\\\/\\\/www.visittorshavn.fo\\\/fo\\\/dronuflugving\\\/#primaryimage\",\"url\":\"https:\\\/\\\/www.visittorshavn.fo\\\/wp-content\\\/uploads\\\/2024\\\/05\\\/Untitled-design-14.jpg\",\"contentUrl\":\"https:\\\/\\\/www.visittorshavn.fo\\\/wp-content\\\/uploads\\\/2024\\\/05\\\/Untitled-design-14.jpg\",\"width\":1920,\"height\":1080},{\"@type\":\"BreadcrumbList\",\"@id\":\"https:\\\/\\\/www.visittorshavn.fo\\\/fo\\\/dronuflugving\\\/#breadcrumb\",\"itemListElement\":[{\"@type\":\"ListItem\",\"position\":1,\"name\":\"Home\",\"item\":\"https:\\\/\\\/www.visittorshavn.fo\\\/fo\\\/\"},{\"@type\":\"ListItem\",\"position\":2,\"name\":\"Dronufl\u00fagving\"}]},{\"@type\":\"WebSite\",\"@id\":\"https:\\\/\\\/www.visittorshavn.fo\\\/fo\\\/#website\",\"url\":\"https:\\\/\\\/www.visittorshavn.fo\\\/fo\\\/\",\"name\":\"Visit Torshavn\",\"description\":\"\",\"potentialAction\":[{\"@type\":\"SearchAction\",\"target\":{\"@type\":\"EntryPoint\",\"urlTemplate\":\"https:\\\/\\\/www.visittorshavn.fo\\\/fo\\\/?s={search_term_string}\"},\"query-input\":{\"@type\":\"PropertyValueSpecification\",\"valueRequired\":true,\"valueName\":\"search_term_string\"}}],\"inLanguage\":\"fo-FO\"}]}<\/script>\n<!-- \/ Yoast SEO plugin. -->","yoast_head_json":{"title":"Dronufl\u00fagving - Visit Torshavn","robots":{"index":"index","follow":"follow","max-snippet":"max-snippet:-1","max-image-preview":"max-image-preview:large","max-video-preview":"max-video-preview:-1"},"canonical":"https:\/\/www.visittorshavn.fo\/fo\/dronuflugving\/","og_locale":"fo_FO","og_type":"article","og_title":"Dronufl\u00fagving - Visit Torshavn","og_description":"Dronufl\u00fagving \u00ed F\u00f8royum Dronufl\u00fagving hevur av \u00e1lvara vundi\u00f0 upp\u00e1 seg \u00ed seinastuni. Talan er serliga um myndaf\u00f3lk, journalistar og \u00e1virkarar (en. influencers). Dronufl\u00fagving hevur t\u00f3 \u00e1v\u00edsar skyldur vi\u00f0 s\u00e6r, harav [&hellip;]","og_url":"https:\/\/www.visittorshavn.fo\/fo\/dronuflugving\/","og_site_name":"Visit Torshavn","article_modified_time":"2025-08-13T10:38:17+00:00","og_image":[{"width":1920,"height":1080,"url":"https:\/\/www.visittorshavn.fo\/wp-content\/uploads\/2024\/05\/Untitled-design-14.jpg","type":"image\/jpeg"}],"twitter_card":"summary_large_image","twitter_misc":{"Est. reading time":"4 minutes"},"schema":{"@context":"https:\/\/schema.org","@graph":[{"@type":"WebPage","@id":"https:\/\/www.visittorshavn.fo\/fo\/dronuflugving\/","url":"https:\/\/www.visittorshavn.fo\/fo\/dronuflugving\/","name":"Dronufl\u00fagving - Visit Torshavn","isPartOf":{"@id":"https:\/\/www.visittorshavn.fo\/fo\/#website"},"primaryImageOfPage":{"@id":"https:\/\/www.visittorshavn.fo\/fo\/dronuflugving\/#primaryimage"},"image":{"@id":"https:\/\/www.visittorshavn.fo\/fo\/dronuflugving\/#primaryimage"},"thumbnailUrl":"https:\/\/www.visittorshavn.fo\/wp-content\/uploads\/2024\/05\/Untitled-design-14.jpg","datePublished":"2024-03-27T12:00:09+00:00","dateModified":"2025-08-13T10:38:17+00:00","breadcrumb":{"@id":"https:\/\/www.visittorshavn.fo\/fo\/dronuflugving\/#breadcrumb"},"inLanguage":"fo-FO","potentialAction":[{"@type":"ReadAction","target":["https:\/\/www.visittorshavn.fo\/fo\/dronuflugving\/"]}]},{"@type":"ImageObject","inLanguage":"fo-FO","@id":"https:\/\/www.visittorshavn.fo\/fo\/dronuflugving\/#primaryimage","url":"https:\/\/www.visittorshavn.fo\/wp-content\/uploads\/2024\/05\/Untitled-design-14.jpg","contentUrl":"https:\/\/www.visittorshavn.fo\/wp-content\/uploads\/2024\/05\/Untitled-design-14.jpg","width":1920,"height":1080},{"@type":"BreadcrumbList","@id":"https:\/\/www.visittorshavn.fo\/fo\/dronuflugving\/#breadcrumb","itemListElement":[{"@type":"ListItem","position":1,"name":"Home","item":"https:\/\/www.visittorshavn.fo\/fo\/"},{"@type":"ListItem","position":2,"name":"Dronufl\u00fagving"}]},{"@type":"WebSite","@id":"https:\/\/www.visittorshavn.fo\/fo\/#website","url":"https:\/\/www.visittorshavn.fo\/fo\/","name":"Visit Torshavn","description":"","potentialAction":[{"@type":"SearchAction","target":{"@type":"EntryPoint","urlTemplate":"https:\/\/www.visittorshavn.fo\/fo\/?s={search_term_string}"},"query-input":{"@type":"PropertyValueSpecification","valueRequired":true,"valueName":"search_term_string"}}],"inLanguage":"fo-FO"}]}},"_links":{"self":[{"href":"https:\/\/www.visittorshavn.fo\/fo\/wp-json\/wp\/v2\/pages\/12994","targetHints":{"allow":["GET"]}}],"collection":[{"href":"https:\/\/www.visittorshavn.fo\/fo\/wp-json\/wp\/v2\/pages"}],"about":[{"href":"https:\/\/www.visittorshavn.fo\/fo\/wp-json\/wp\/v2\/types\/page"}],"author":[{"embeddable":true,"href":"https:\/\/www.visittorshavn.fo\/fo\/wp-json\/wp\/v2\/users\/4"}],"replies":[{"embeddable":true,"href":"https:\/\/www.visittorshavn.fo\/fo\/wp-json\/wp\/v2\/comments?post=12994"}],"version-history":[{"count":0,"href":"https:\/\/www.visittorshavn.fo\/fo\/wp-json\/wp\/v2\/pages\/12994\/revisions"}],"wp:featuredmedia":[{"embeddable":true,"href":"https:\/\/www.visittorshavn.fo\/fo\/wp-json\/wp\/v2\/media\/4349"}],"wp:attachment":[{"href":"https:\/\/www.visittorshavn.fo\/fo\/wp-json\/wp\/v2\/media?parent=12994"}],"wp:term":[{"taxonomy":"page_category","embeddable":true,"href":"https:\/\/www.visittorshavn.fo\/fo\/wp-json\/wp\/v2\/page_category?post=12994"}],"curies":[{"name":"wp","href":"https:\/\/api.w.org\/{rel}","templated":true}]}}