{"id":13012,"date":"2024-05-13T11:58:41","date_gmt":"2024-05-13T10:58:41","guid":{"rendered":"https:\/\/www.visittorshavn.fo\/?page_id=13012"},"modified":"2025-12-08T13:31:56","modified_gmt":"2025-12-08T13:31:56","slug":"kirkjubour","status":"publish","type":"page","link":"https:\/\/www.visittorshavn.fo\/fo\/kirkjubour\/","title":{"rendered":"Kirkjub\u00f8ur"},"content":{"rendered":"\n<div class=\"wp-block-cover alignfull has-custom-content-position is-position-bottom-center\" style=\"min-height:600px;aspect-ratio:unset;\"><img decoding=\"async\" width=\"1000\" height=\"667\" class=\"wp-block-cover__image-background wp-image-4063 lazyload\" alt=\"\" data-src=\"https:\/\/www.visittorshavn.fo\/wp-content\/smush-webp\/2024\/05\/am2-1661.jpg.webp\" data-object-fit=\"cover\" data-srcset=\"https:\/\/www.visittorshavn.fo\/wp-content\/smush-webp\/2024\/05\/am2-1661.jpg.webp 1000w, https:\/\/www.visittorshavn.fo\/wp-content\/smush-webp\/2024\/05\/am2-1661-600x400.jpg.webp 600w, https:\/\/www.visittorshavn.fo\/wp-content\/smush-webp\/2024\/05\/am2-1661-800x534.jpg.webp 800w, https:\/\/www.visittorshavn.fo\/wp-content\/smush-webp\/2024\/05\/am2-1661-768x512.jpg.webp 768w\" data-sizes=\"auto\" src=\"data:image\/svg+xml;base64,PHN2ZyB3aWR0aD0iMSIgaGVpZ2h0PSIxIiB4bWxucz0iaHR0cDovL3d3dy53My5vcmcvMjAwMC9zdmciPjwvc3ZnPg==\" style=\"--smush-placeholder-width: 1000px; --smush-placeholder-aspect-ratio: 1000\/667;\" data-original-sizes=\"(max-width: 1000px) 100vw, 1000px\" \/><span aria-hidden=\"true\" class=\"wp-block-cover__background has-background-dim-30 has-background-dim\"><\/span><div class=\"wp-block-cover__inner-container is-layout-constrained wp-block-cover-is-layout-constrained\">\n<div class=\"wp-block-columns alignwide is-layout-flex wp-container-core-columns-is-layout-9d6595d7 wp-block-columns-is-layout-flex\">\n<div class=\"wp-block-column is-layout-flow wp-block-column-is-layout-flow\">\n<div id=\"breadcrumbs_block_add773b1bab524efe3291726f5dfe6fc\" class=\"lunnar-breadcrumbs\">\n            <div class=\"lunnar-breadcrumbs\"><ul><\/ul><\/div>    <\/div>\n\n\n<h1 class=\"wp-block-heading has-white-color has-text-color has-link-color wp-elements-f936e212dadb295ed74403a19c454b89\">Kirkjub\u00f8ur<\/h1>\n<\/div>\n\n\n\n<div class=\"wp-block-column is-layout-flow wp-block-column-is-layout-flow\"><\/div>\n<\/div>\n\n\n\n<div style=\"height:60px\" aria-hidden=\"true\" class=\"wp-block-spacer\"><\/div>\n\n\n\n<p class=\"has-text-align-left\">Mynd: Alessio Mesiano<\/p>\n<\/div><\/div>\n\n\n\n<div style=\"height:125px\" aria-hidden=\"true\" class=\"wp-block-spacer\"><\/div>\n\n\n\n<div class=\"wp-block-columns is-layout-flex wp-container-core-columns-is-layout-9d6595d7 wp-block-columns-is-layout-flex\">\n<div class=\"wp-block-column is-vertically-aligned-top is-layout-flow wp-block-column-is-layout-flow\">\n<h2 class=\"wp-block-heading\">Kirkjub\u00f8ur<\/h2>\n<\/div>\n\n\n\n<div class=\"wp-block-column is-vertically-aligned-top is-layout-flow wp-block-column-is-layout-flow\">\n<p><strong>Ein hin eldsta \u2013 og uttan iva s\u00f8guligasta \u2013 bygdin \u00ed F\u00f8royum er Kirkjub\u00f8ur.<\/strong><\/p>\n\n\n\n<p>Fyrr \u00ed t\u00ed\u00f0ini var Kirkjub\u00f8ur mi\u00f0depil fyri mesta \u00e1tr\u00fana\u00f0arliga og mentanarliga virksemi\u00f0 \u00ed F\u00f8royum.<\/p>\n\n\n\n<p>Kirkjub\u00f8ur var sj\u00e1ldsama gott b\u00fapl\u00e1ss. Her var n\u00f3gvur rekavi\u00f0ur, og her var s\u00f3lgott. H\u00f3ast bygdin t\u00e1 var st\u00f8rri, enn hon er \u00ed dag, so hevur sta\u00f0setingin og s\u00f8gan alt\u00ed\u00f0 havt st\u00f3ran t\u00fddning fyri F\u00f8royar.<\/p>\n\n\n\n<p>S\u00f8guligi kongsgar\u00f0urin \u00ed Kirkjub\u00f8 er hin st\u00f8rsti \u00ed F\u00f8royum og hevur veri\u00f0 \u00ed somu \u00e6tt s\u00ed\u00f0an \u00ed 16. \u00f8ld. \u00cd hesum sj\u00e1ldsama sjarmerandi h\u00fasunum er roykstova: eitt r\u00fam vi\u00f0 gr\u00fagvu og opi\u00f0 upp undir loft. Roykstovan var b\u00e6\u00f0i k\u00f8kur, stova, arbei\u00f0sr\u00fam og sovikamar.<\/p>\n\n\n\n<p>M\u00e6tasta fornminni\u00f0 \u00ed F\u00f8royum er Kirkjub\u00f8m\u00farurin. T\u00e1 i\u00f0 t\u00fa sko\u00f0ar hesa veldigu d\u00f3mkirkju, er skj\u00f3tt, at tankarnir reika aftur \u00ed mi\u00f0\u00f8ld. M\u00farurin var\u00f0 bygdur uml. \u00e1r 1300, men s\u00f3knarkirkjan vi\u00f0 s\u00ed\u00f0una av er fr\u00e1 1200-talinum og harvi\u00f0 eldsta kirkjan \u00ed landinum.<\/p>\n\n\n\n<p>Tr\u00fdst <a href=\"https:\/\/www.google.com\/maps\/d\/viewer?mid=1qxEG3pu0rcwTnapuIduoGGiIbyzA5mUN&amp;ll=61.954495841129166%2C-6.797233400000011&amp;z=16\">her<\/a> fyri at s\u00edggja eitt kort vi\u00f0 yvirliti yvir s\u00f8gulig st\u00f8\u00f0 o.a. \u00ed Kirkjub\u00f8. Tr\u00fdst \u00e1 v\u00edsararnar fyri at l\u00e6ra meira um \u00e1v\u00edsa sta\u00f0i\u00f0.<\/p>\n<\/div>\n<\/div>\n\n\n\n<div style=\"height:150px\" aria-hidden=\"true\" class=\"wp-block-spacer\"><\/div>\n\n\n\n<h3 class=\"wp-block-heading has-text-align-center\">S\u00f8gulig St\u00f8\u00f0<\/h3>\n\n\n\n<div style=\"height:32px\" aria-hidden=\"true\" class=\"wp-block-spacer\"><\/div>\n\n\n\n<div id=\"locations_block_cce078703978523153bd7dd3fdc96616\" class=\"lunnar-locations alignwide\">\n    \n            \n        <div class=\"locations-container\">\n            <div class=\"locations-card--container per-row-4\">\n                                    \n<a href=\"https:\/\/www.visittorshavn.fo\/fo\/place\/likhus\/\" class=\"place-card category-sights-attractions  tag-kirkjubour tag-upplivingar\">\n    <div class=\"place-card--image\">\n        <div class=\"place-card--image-inner\">\n                            <img decoding=\"async\" data-src=\"https:\/\/www.visittorshavn.fo\/wp-content\/smush-webp\/2024\/04\/kirkjubour-likhus-i-forgrunden-kys-terosion-foto-sva-2009-dscn0650_large.jpg.webp\" width=\"800\" height=\"530\" style=\"--smush-placeholder-width: 800px; --smush-placeholder-aspect-ratio: 800\/530;object-position: 50% 50%;\" src=\"data:image\/svg+xml;base64,PHN2ZyB3aWR0aD0iMSIgaGVpZ2h0PSIxIiB4bWxucz0iaHR0cDovL3d3dy53My5vcmcvMjAwMC9zdmciPjwvc3ZnPg==\" class=\"lazyload\" data-srcset=\"https:\/\/www.visittorshavn.fo\/wp-content\/smush-webp\/2024\/04\/kirkjubour-likhus-i-forgrunden-kys-terosion-foto-sva-2009-dscn0650_large.jpg.webp 1024w, https:\/\/www.visittorshavn.fo\/wp-content\/smush-webp\/2024\/04\/kirkjubour-likhus-i-forgrunden-kys-terosion-foto-sva-2009-dscn0650_large-800x530.jpg.webp 800w, https:\/\/www.visittorshavn.fo\/wp-content\/smush-webp\/2024\/04\/kirkjubour-likhus-i-forgrunden-kys-terosion-foto-sva-2009-dscn0650_large-768x509.jpg.webp 768w, https:\/\/www.visittorshavn.fo\/wp-content\/smush-webp\/2024\/04\/kirkjubour-likhus-i-forgrunden-kys-terosion-foto-sva-2009-dscn0650_large-600x398.jpg.webp 600w\" data-sizes=\"auto\" data-original-sizes=\"(max-width: 800px) 100vw, 800px\">\n                    <\/div>\n    <\/div>\n\n    <div class=\"place-card--content\">\n        <div class=\"place-card--text\">\n            <h4>L\u00edkh\u00fas<\/h4>\n\n                            <p>Kirkjuleivdir \u00c1 L\u00edkh\u00fasfl\u00f8tti eru leivdir av eini kirkju og kirkjug&#8230;<\/p>\n                    <\/div>\n\n        <div class=\"place-card--bottom\">\n                            <div class=\"place-card--icons\">\n                                                                        \n                            <img decoding=\"async\" data-src=\"https:\/\/www.visittorshavn.fo\/wp-content\/smush-webp\/2024\/04\/sights_attractions-dark.png.webp\" width=\"32\" height=\"32\" src=\"data:image\/svg+xml;base64,PHN2ZyB3aWR0aD0iMSIgaGVpZ2h0PSIxIiB4bWxucz0iaHR0cDovL3d3dy53My5vcmcvMjAwMC9zdmciPjwvc3ZnPg==\" class=\"lazyload\" style=\"--smush-placeholder-width: 32px; --smush-placeholder-aspect-ratio: 32\/32;\">\n                                                            <\/div>\n            \n                    <\/div>\n    <\/div>\n<\/a>                                    \n<a href=\"https:\/\/www.visittorshavn.fo\/fo\/place\/kirkjubomururin\/\" class=\"place-card category-sights-attractions  tag-kirkjubour tag-upplivingar tag-utsynisplass\">\n    <div class=\"place-card--image\">\n        <div class=\"place-card--image-inner\">\n                            <img decoding=\"async\" data-src=\"https:\/\/www.visittorshavn.fo\/wp-content\/uploads\/2024\/04\/stmagnuscathedral.gif\" width=\"800\" height=\"605\" style=\"--smush-placeholder-width: 800px; --smush-placeholder-aspect-ratio: 800\/605;object-position: 50% 50%;\" src=\"data:image\/svg+xml;base64,PHN2ZyB3aWR0aD0iMSIgaGVpZ2h0PSIxIiB4bWxucz0iaHR0cDovL3d3dy53My5vcmcvMjAwMC9zdmciPjwvc3ZnPg==\" class=\"lazyload\">\n                    <\/div>\n    <\/div>\n\n    <div class=\"place-card--content\">\n        <div class=\"place-card--text\">\n            <h4>Kirkjub\u00f8m\u00farurin<\/h4>\n\n                            <p>Kirkjub\u00f8m\u00farurin er st\u00f8rsti mi\u00f0aldarbygningurin \u00ed F\u00f8royum. S\u00f8ga Bis&#8230;<\/p>\n                    <\/div>\n\n        <div class=\"place-card--bottom\">\n                            <div class=\"place-card--icons\">\n                                                                        \n                            <img decoding=\"async\" data-src=\"https:\/\/www.visittorshavn.fo\/wp-content\/smush-webp\/2024\/04\/sights_attractions-dark.png.webp\" width=\"32\" height=\"32\" src=\"data:image\/svg+xml;base64,PHN2ZyB3aWR0aD0iMSIgaGVpZ2h0PSIxIiB4bWxucz0iaHR0cDovL3d3dy53My5vcmcvMjAwMC9zdmciPjwvc3ZnPg==\" class=\"lazyload\" style=\"--smush-placeholder-width: 32px; --smush-placeholder-aspect-ratio: 32\/32;\">\n                                                            <\/div>\n            \n                    <\/div>\n    <\/div>\n<\/a>                                    \n<a href=\"https:\/\/www.visittorshavn.fo\/fo\/place\/roykstovan-i-kirkjubo\/\" class=\"place-card category-sights-attractions  tag-kirkjubour tag-upplivingar\">\n    <div class=\"place-card--image\">\n        <div class=\"place-card--image-inner\">\n                            <img decoding=\"async\" data-src=\"https:\/\/www.visittorshavn.fo\/wp-content\/smush-webp\/2024\/04\/roykstovanikirkjubo.jpeg.webp\" width=\"800\" height=\"602\" style=\"--smush-placeholder-width: 800px; --smush-placeholder-aspect-ratio: 800\/602;object-position: 50% 50%;\" src=\"data:image\/svg+xml;base64,PHN2ZyB3aWR0aD0iMSIgaGVpZ2h0PSIxIiB4bWxucz0iaHR0cDovL3d3dy53My5vcmcvMjAwMC9zdmciPjwvc3ZnPg==\" class=\"lazyload\" data-srcset=\"https:\/\/www.visittorshavn.fo\/wp-content\/smush-webp\/2024\/04\/roykstovanikirkjubo.jpeg.webp 1024w, https:\/\/www.visittorshavn.fo\/wp-content\/smush-webp\/2024\/04\/roykstovanikirkjubo-800x602.jpeg.webp 800w, https:\/\/www.visittorshavn.fo\/wp-content\/smush-webp\/2024\/04\/roykstovanikirkjubo-768x578.jpeg.webp 768w, https:\/\/www.visittorshavn.fo\/wp-content\/smush-webp\/2024\/04\/roykstovanikirkjubo-600x451.jpeg.webp 600w\" data-sizes=\"auto\" data-original-sizes=\"(max-width: 800px) 100vw, 800px\">\n                    <\/div>\n    <\/div>\n\n    <div class=\"place-card--content\">\n        <div class=\"place-card--text\">\n            <h4>Roykstovan \u00ed Kirkjub\u00f8<\/h4>\n\n                            <p>B\u00f3ndagar\u00f0ur fr\u00e1 \u00e1rinum 1100 B\u00f3ndagar\u00f0urin \u00ed Kirkjub\u00f8 eitur Kirkjub&#8230;<\/p>\n                    <\/div>\n\n        <div class=\"place-card--bottom\">\n                            <div class=\"place-card--icons\">\n                                                                        \n                            <img decoding=\"async\" data-src=\"https:\/\/www.visittorshavn.fo\/wp-content\/smush-webp\/2024\/04\/sights_attractions-dark.png.webp\" width=\"32\" height=\"32\" src=\"data:image\/svg+xml;base64,PHN2ZyB3aWR0aD0iMSIgaGVpZ2h0PSIxIiB4bWxucz0iaHR0cDovL3d3dy53My5vcmcvMjAwMC9zdmciPjwvc3ZnPg==\" class=\"lazyload\" style=\"--smush-placeholder-width: 32px; --smush-placeholder-aspect-ratio: 32\/32;\">\n                                                            <\/div>\n            \n                    <\/div>\n    <\/div>\n<\/a>                                    \n<a href=\"https:\/\/www.visittorshavn.fo\/fo\/place\/olavskirkjan\/\" class=\"place-card category-religion  tag-kirkjubour\">\n    <div class=\"place-card--image\">\n        <div class=\"place-card--image-inner\">\n                            <img decoding=\"async\" data-src=\"https:\/\/www.visittorshavn.fo\/wp-content\/uploads\/2024\/04\/kirkjuboeurlavskirkjanklarajhannesen-scaled-e1633014344677_large.gif\" width=\"800\" height=\"545\" style=\"--smush-placeholder-width: 800px; --smush-placeholder-aspect-ratio: 800\/545;object-position: 50% 50%;\" src=\"data:image\/svg+xml;base64,PHN2ZyB3aWR0aD0iMSIgaGVpZ2h0PSIxIiB4bWxucz0iaHR0cDovL3d3dy53My5vcmcvMjAwMC9zdmciPjwvc3ZnPg==\" class=\"lazyload\">\n                    <\/div>\n    <\/div>\n\n    <div class=\"place-card--content\">\n        <div class=\"place-card--text\">\n            <h4>\u00d3lavskirkjan<\/h4>\n\n                            <p>F\u00f8roya elsta kirkja, sum enn er \u00ed br\u00fak Ein s\u00f3knarkirkja fr\u00e1 uml. 1&#8230;<\/p>\n                    <\/div>\n\n        <div class=\"place-card--bottom\">\n                            <div class=\"place-card--icons\">\n                                                                        \n                            <img decoding=\"async\" data-src=\"https:\/\/www.visittorshavn.fo\/wp-content\/smush-webp\/2024\/04\/religion-dark.png.webp\" width=\"32\" height=\"32\" src=\"data:image\/svg+xml;base64,PHN2ZyB3aWR0aD0iMSIgaGVpZ2h0PSIxIiB4bWxucz0iaHR0cDovL3d3dy53My5vcmcvMjAwMC9zdmciPjwvc3ZnPg==\" class=\"lazyload\" style=\"--smush-placeholder-width: 32px; --smush-placeholder-aspect-ratio: 32\/32;\">\n                                                            <\/div>\n            \n                    <\/div>\n    <\/div>\n<\/a>                            <\/div>\n\n\n                    <\/div>\n    <\/div>\n\n\n<div style=\"height:200px\" aria-hidden=\"true\" class=\"wp-block-spacer\"><\/div>\n","protected":false},"excerpt":{"rendered":"<p>Kirkjub\u00f8ur Ein hin eldsta \u2013 og uttan iva s\u00f8guligasta \u2013 bygdin \u00ed F\u00f8royum er Kirkjub\u00f8ur. Fyrr \u00ed t\u00ed\u00f0ini var Kirkjub\u00f8ur mi\u00f0depil fyri mesta \u00e1tr\u00fana\u00f0arliga og mentanarliga virksemi\u00f0 \u00ed F\u00f8royum. Kirkjub\u00f8ur [&hellip;]<\/p>\n","protected":false},"author":4,"featured_media":4064,"parent":0,"menu_order":0,"comment_status":"closed","ping_status":"closed","template":"","meta":{"_acf_changed":false,"footnotes":""},"page_category":[],"class_list":["post-13012","page","type-page","status-publish","has-post-thumbnail","hentry"],"acf":[],"yoast_head":"<!-- This site is optimized with the Yoast SEO plugin v27.5 - https:\/\/yoast.com\/product\/yoast-seo-wordpress\/ -->\n<title>Kirkjub\u00f8ur - Visit Torshavn<\/title>\n<meta name=\"robots\" content=\"index, follow, max-snippet:-1, max-image-preview:large, max-video-preview:-1\" \/>\n<link rel=\"canonical\" href=\"https:\/\/www.visittorshavn.fo\/fo\/kirkjubour\/\" \/>\n<meta property=\"og:locale\" content=\"fo_FO\" \/>\n<meta property=\"og:type\" content=\"article\" \/>\n<meta property=\"og:title\" content=\"Kirkjub\u00f8ur - Visit Torshavn\" \/>\n<meta property=\"og:description\" content=\"Kirkjub\u00f8ur Ein hin eldsta \u2013 og uttan iva s\u00f8guligasta \u2013 bygdin \u00ed F\u00f8royum er Kirkjub\u00f8ur. Fyrr \u00ed t\u00ed\u00f0ini var Kirkjub\u00f8ur mi\u00f0depil fyri mesta \u00e1tr\u00fana\u00f0arliga og mentanarliga virksemi\u00f0 \u00ed F\u00f8royum. Kirkjub\u00f8ur [&hellip;]\" \/>\n<meta property=\"og:url\" content=\"https:\/\/www.visittorshavn.fo\/fo\/kirkjubour\/\" \/>\n<meta property=\"og:site_name\" content=\"Visit Torshavn\" \/>\n<meta property=\"article:modified_time\" content=\"2025-12-08T13:31:56+00:00\" \/>\n<meta property=\"og:image\" content=\"https:\/\/www.visittorshavn.fo\/wp-content\/uploads\/2024\/05\/am2-1661.jpg\" \/>\n\t<meta property=\"og:image:width\" content=\"1000\" \/>\n\t<meta property=\"og:image:height\" content=\"667\" \/>\n\t<meta property=\"og:image:type\" content=\"image\/jpeg\" \/>\n<meta name=\"twitter:card\" content=\"summary_large_image\" \/>\n<meta name=\"twitter:label1\" content=\"Est. reading time\" \/>\n\t<meta name=\"twitter:data1\" content=\"2 minutes\" \/>\n<script type=\"application\/ld+json\" class=\"yoast-schema-graph\">{\"@context\":\"https:\\\/\\\/schema.org\",\"@graph\":[{\"@type\":\"WebPage\",\"@id\":\"https:\\\/\\\/www.visittorshavn.fo\\\/fo\\\/kirkjubour\\\/\",\"url\":\"https:\\\/\\\/www.visittorshavn.fo\\\/fo\\\/kirkjubour\\\/\",\"name\":\"Kirkjub\u00f8ur - Visit Torshavn\",\"isPartOf\":{\"@id\":\"https:\\\/\\\/www.visittorshavn.fo\\\/fo\\\/#website\"},\"primaryImageOfPage\":{\"@id\":\"https:\\\/\\\/www.visittorshavn.fo\\\/fo\\\/kirkjubour\\\/#primaryimage\"},\"image\":{\"@id\":\"https:\\\/\\\/www.visittorshavn.fo\\\/fo\\\/kirkjubour\\\/#primaryimage\"},\"thumbnailUrl\":\"https:\\\/\\\/www.visittorshavn.fo\\\/wp-content\\\/uploads\\\/2024\\\/05\\\/am2-1661.jpg\",\"datePublished\":\"2024-05-13T10:58:41+00:00\",\"dateModified\":\"2025-12-08T13:31:56+00:00\",\"breadcrumb\":{\"@id\":\"https:\\\/\\\/www.visittorshavn.fo\\\/fo\\\/kirkjubour\\\/#breadcrumb\"},\"inLanguage\":\"fo-FO\",\"potentialAction\":[{\"@type\":\"ReadAction\",\"target\":[\"https:\\\/\\\/www.visittorshavn.fo\\\/fo\\\/kirkjubour\\\/\"]}]},{\"@type\":\"ImageObject\",\"inLanguage\":\"fo-FO\",\"@id\":\"https:\\\/\\\/www.visittorshavn.fo\\\/fo\\\/kirkjubour\\\/#primaryimage\",\"url\":\"https:\\\/\\\/www.visittorshavn.fo\\\/wp-content\\\/uploads\\\/2024\\\/05\\\/am2-1661.jpg\",\"contentUrl\":\"https:\\\/\\\/www.visittorshavn.fo\\\/wp-content\\\/uploads\\\/2024\\\/05\\\/am2-1661.jpg\",\"width\":1000,\"height\":667,\"caption\":\"Photo: Alessio Mesiano\"},{\"@type\":\"BreadcrumbList\",\"@id\":\"https:\\\/\\\/www.visittorshavn.fo\\\/fo\\\/kirkjubour\\\/#breadcrumb\",\"itemListElement\":[{\"@type\":\"ListItem\",\"position\":1,\"name\":\"Home\",\"item\":\"https:\\\/\\\/www.visittorshavn.fo\\\/fo\\\/\"},{\"@type\":\"ListItem\",\"position\":2,\"name\":\"Kirkjub\u00f8ur\"}]},{\"@type\":\"WebSite\",\"@id\":\"https:\\\/\\\/www.visittorshavn.fo\\\/fo\\\/#website\",\"url\":\"https:\\\/\\\/www.visittorshavn.fo\\\/fo\\\/\",\"name\":\"Visit Torshavn\",\"description\":\"\",\"potentialAction\":[{\"@type\":\"SearchAction\",\"target\":{\"@type\":\"EntryPoint\",\"urlTemplate\":\"https:\\\/\\\/www.visittorshavn.fo\\\/fo\\\/?s={search_term_string}\"},\"query-input\":{\"@type\":\"PropertyValueSpecification\",\"valueRequired\":true,\"valueName\":\"search_term_string\"}}],\"inLanguage\":\"fo-FO\"}]}<\/script>\n<!-- \/ Yoast SEO plugin. -->","yoast_head_json":{"title":"Kirkjub\u00f8ur - Visit Torshavn","robots":{"index":"index","follow":"follow","max-snippet":"max-snippet:-1","max-image-preview":"max-image-preview:large","max-video-preview":"max-video-preview:-1"},"canonical":"https:\/\/www.visittorshavn.fo\/fo\/kirkjubour\/","og_locale":"fo_FO","og_type":"article","og_title":"Kirkjub\u00f8ur - Visit Torshavn","og_description":"Kirkjub\u00f8ur Ein hin eldsta \u2013 og uttan iva s\u00f8guligasta \u2013 bygdin \u00ed F\u00f8royum er Kirkjub\u00f8ur. Fyrr \u00ed t\u00ed\u00f0ini var Kirkjub\u00f8ur mi\u00f0depil fyri mesta \u00e1tr\u00fana\u00f0arliga og mentanarliga virksemi\u00f0 \u00ed F\u00f8royum. Kirkjub\u00f8ur [&hellip;]","og_url":"https:\/\/www.visittorshavn.fo\/fo\/kirkjubour\/","og_site_name":"Visit Torshavn","article_modified_time":"2025-12-08T13:31:56+00:00","og_image":[{"width":1000,"height":667,"url":"https:\/\/www.visittorshavn.fo\/wp-content\/uploads\/2024\/05\/am2-1661.jpg","type":"image\/jpeg"}],"twitter_card":"summary_large_image","twitter_misc":{"Est. reading time":"2 minutes"},"schema":{"@context":"https:\/\/schema.org","@graph":[{"@type":"WebPage","@id":"https:\/\/www.visittorshavn.fo\/fo\/kirkjubour\/","url":"https:\/\/www.visittorshavn.fo\/fo\/kirkjubour\/","name":"Kirkjub\u00f8ur - Visit Torshavn","isPartOf":{"@id":"https:\/\/www.visittorshavn.fo\/fo\/#website"},"primaryImageOfPage":{"@id":"https:\/\/www.visittorshavn.fo\/fo\/kirkjubour\/#primaryimage"},"image":{"@id":"https:\/\/www.visittorshavn.fo\/fo\/kirkjubour\/#primaryimage"},"thumbnailUrl":"https:\/\/www.visittorshavn.fo\/wp-content\/uploads\/2024\/05\/am2-1661.jpg","datePublished":"2024-05-13T10:58:41+00:00","dateModified":"2025-12-08T13:31:56+00:00","breadcrumb":{"@id":"https:\/\/www.visittorshavn.fo\/fo\/kirkjubour\/#breadcrumb"},"inLanguage":"fo-FO","potentialAction":[{"@type":"ReadAction","target":["https:\/\/www.visittorshavn.fo\/fo\/kirkjubour\/"]}]},{"@type":"ImageObject","inLanguage":"fo-FO","@id":"https:\/\/www.visittorshavn.fo\/fo\/kirkjubour\/#primaryimage","url":"https:\/\/www.visittorshavn.fo\/wp-content\/uploads\/2024\/05\/am2-1661.jpg","contentUrl":"https:\/\/www.visittorshavn.fo\/wp-content\/uploads\/2024\/05\/am2-1661.jpg","width":1000,"height":667,"caption":"Photo: Alessio Mesiano"},{"@type":"BreadcrumbList","@id":"https:\/\/www.visittorshavn.fo\/fo\/kirkjubour\/#breadcrumb","itemListElement":[{"@type":"ListItem","position":1,"name":"Home","item":"https:\/\/www.visittorshavn.fo\/fo\/"},{"@type":"ListItem","position":2,"name":"Kirkjub\u00f8ur"}]},{"@type":"WebSite","@id":"https:\/\/www.visittorshavn.fo\/fo\/#website","url":"https:\/\/www.visittorshavn.fo\/fo\/","name":"Visit Torshavn","description":"","potentialAction":[{"@type":"SearchAction","target":{"@type":"EntryPoint","urlTemplate":"https:\/\/www.visittorshavn.fo\/fo\/?s={search_term_string}"},"query-input":{"@type":"PropertyValueSpecification","valueRequired":true,"valueName":"search_term_string"}}],"inLanguage":"fo-FO"}]}},"_links":{"self":[{"href":"https:\/\/www.visittorshavn.fo\/fo\/wp-json\/wp\/v2\/pages\/13012","targetHints":{"allow":["GET"]}}],"collection":[{"href":"https:\/\/www.visittorshavn.fo\/fo\/wp-json\/wp\/v2\/pages"}],"about":[{"href":"https:\/\/www.visittorshavn.fo\/fo\/wp-json\/wp\/v2\/types\/page"}],"author":[{"embeddable":true,"href":"https:\/\/www.visittorshavn.fo\/fo\/wp-json\/wp\/v2\/users\/4"}],"replies":[{"embeddable":true,"href":"https:\/\/www.visittorshavn.fo\/fo\/wp-json\/wp\/v2\/comments?post=13012"}],"version-history":[{"count":0,"href":"https:\/\/www.visittorshavn.fo\/fo\/wp-json\/wp\/v2\/pages\/13012\/revisions"}],"wp:featuredmedia":[{"embeddable":true,"href":"https:\/\/www.visittorshavn.fo\/fo\/wp-json\/wp\/v2\/media\/4064"}],"wp:attachment":[{"href":"https:\/\/www.visittorshavn.fo\/fo\/wp-json\/wp\/v2\/media?parent=13012"}],"wp:term":[{"taxonomy":"page_category","embeddable":true,"href":"https:\/\/www.visittorshavn.fo\/fo\/wp-json\/wp\/v2\/page_category?post=13012"}],"curies":[{"name":"wp","href":"https:\/\/api.w.org\/{rel}","templated":true}]}}