{"id":13494,"date":"2024-03-27T09:41:10","date_gmt":"2024-03-27T09:41:10","guid":{"rendered":"https:\/\/www.visittorshavn.fo\/?page_id=13494"},"modified":"2025-08-13T12:42:16","modified_gmt":"2025-08-13T11:42:16","slug":"gisting","status":"publish","type":"page","link":"https:\/\/www.visittorshavn.fo\/fo\/gisting\/","title":{"rendered":"Gisting"},"content":{"rendered":"\n<div class=\"wp-block-cover alignfull has-custom-content-position is-position-bottom-center\" style=\"min-height:685px;aspect-ratio:unset;\"><span aria-hidden=\"true\" class=\"wp-block-cover__background has-black-300-background-color has-background-dim-70 has-background-dim\"><\/span><img decoding=\"async\" width=\"2560\" height=\"2317\" data-src=\"https:\/\/www.visittorshavn.fo\/wp-content\/smush-webp\/2024\/03\/Hilton_Foyer_1-1.jpg.webp\" class=\"wp-block-cover__image-background wp-post-image lazyload\" alt=\"Hilton Foyer Hilton Hotell\nHotel\" data-object-fit=\"cover\" data-object-position=\"52% 64%\" style=\"--smush-placeholder-width: 2560px; --smush-placeholder-aspect-ratio: 2560\/2317;object-position:52% 64%;\" data-srcset=\"https:\/\/www.visittorshavn.fo\/wp-content\/smush-webp\/2024\/03\/Hilton_Foyer_1-1.jpg.webp 2560w, https:\/\/www.visittorshavn.fo\/wp-content\/smush-webp\/2024\/03\/Hilton_Foyer_1-1-800x724.jpg.webp 800w, https:\/\/www.visittorshavn.fo\/wp-content\/uploads\/2024\/03\/Hilton_Foyer_1-1-1200x1086.jpg 1200w, https:\/\/www.visittorshavn.fo\/wp-content\/smush-webp\/2024\/03\/Hilton_Foyer_1-1-768x695.jpg.webp 768w, https:\/\/www.visittorshavn.fo\/wp-content\/smush-webp\/2024\/03\/Hilton_Foyer_1-1-1536x1390.jpg.webp 1536w, https:\/\/www.visittorshavn.fo\/wp-content\/uploads\/2024\/03\/Hilton_Foyer_1-1-2048x1854.jpg 2048w, https:\/\/www.visittorshavn.fo\/wp-content\/uploads\/2024\/03\/Hilton_Foyer_1-1-1320x1195.jpg 1320w, https:\/\/www.visittorshavn.fo\/wp-content\/smush-webp\/2024\/03\/Hilton_Foyer_1-1-600x543.jpg.webp 600w\" data-sizes=\"auto\" src=\"data:image\/svg+xml;base64,PHN2ZyB3aWR0aD0iMSIgaGVpZ2h0PSIxIiB4bWxucz0iaHR0cDovL3d3dy53My5vcmcvMjAwMC9zdmciPjwvc3ZnPg==\" data-original-sizes=\"(max-width: 2560px) 100vw, 2560px\" \/><div class=\"wp-block-cover__inner-container is-layout-constrained wp-block-cover-is-layout-constrained\">\n<div class=\"wp-block-columns alignwide is-layout-flex wp-container-core-columns-is-layout-9d6595d7 wp-block-columns-is-layout-flex\">\n<div class=\"wp-block-column is-layout-flow wp-block-column-is-layout-flow\">\n<div id=\"breadcrumbs_block_d7cba752875f5daf294a9ec2c91ac8ce\" class=\"lunnar-breadcrumbs\">\n            <div class=\"lunnar-breadcrumbs\"><ul><\/ul><\/div>    <\/div>\n\n\n<h1 class=\"wp-block-heading has-white-color has-text-color has-link-color wp-elements-e6dccfff68e8e3e483e25ff82920270d\">Gisting<\/h1>\n\n\n\n<div style=\"height:60px\" aria-hidden=\"true\" class=\"wp-block-spacer\"><\/div>\n<\/div>\n<\/div>\n\n\n\n<div style=\"height:60px\" aria-hidden=\"true\" class=\"wp-block-spacer\"><\/div>\n<\/div><\/div>\n\n\n\n<div style=\"height:70px\" aria-hidden=\"true\" class=\"wp-block-spacer\"><\/div>\n\n\n\n<div class=\"wp-block-columns is-layout-flex wp-container-core-columns-is-layout-9d6595d7 wp-block-columns-is-layout-flex\">\n<div class=\"wp-block-column is-layout-flow wp-block-column-is-layout-flow\">\n<h2 class=\"wp-block-heading\">Gisting \u00ed Havn<\/h2>\n<\/div>\n\n\n\n<div class=\"wp-block-column is-layout-flow wp-block-column-is-layout-flow\">\n<p>Skalt t\u00fa gista \u00ed Havn, so eru m\u00f8guleikarnir \u00f3endaligir. Her kanst t\u00fa finna okkurt til hv\u00f8nn t\u00f8rv og hv\u00f8nn pengapung.<\/p>\n\n\n\n<p>\u00c1 hesari s\u00ed\u00f0uni kanst t\u00fa kanna ymisku gistingarm\u00f8guleikarnar. Men minst til at b\u00f3ka \u00ed g\u00f3\u00f0ari t\u00ed\u00f0, serliga \u00e1 h\u00e1sumri, so at ta\u00f0 ver\u00f0ur t\u00fa \u2013 og ikki onkur annar \u2013 sum ver\u00f0ur eina uppliving r\u00edkari.<\/p>\n\n\n\n<p>So er ta\u00f0 ta\u00f0: hvar vilt t\u00fa gista?<\/p>\n<\/div>\n<\/div>\n\n\n\n<div style=\"height:70px\" aria-hidden=\"true\" class=\"wp-block-spacer\"><\/div>\n\n\n\n<div class=\"wp-block-cover alignfull has-dark-color has-text-color has-link-color wp-elements-248ef18efc085e6d5a749f8ed52e1c3d\"><span aria-hidden=\"true\" class=\"wp-block-cover__background has-background-background-color has-background-dim-100 has-background-dim\"><\/span><div class=\"wp-block-cover__inner-container is-layout-constrained wp-block-cover-is-layout-constrained\">\n<div style=\"height:70px\" aria-hidden=\"true\" class=\"wp-block-spacer\"><\/div>\n\n\n\n<h2 class=\"wp-block-heading alignwide has-dark-color has-text-color has-link-color wp-elements-afe218aee70dc16a4571b44f13a842b3\">Gistingarm\u00f8guleikar \u00ed T\u00f3rshavn<\/h2>\n\n\n\n<div id=\"locations_block_4a3972db25ed37c9c9a83ebd98cc5831\" class=\"lunnar-locations alignwide\">\n    \n            \n            \n                <div class=\"locations-sorting\">\n                                                                    <p data-value=\"tag-group-accomodation\" class=\"category\">\n                            Group Accommodation                        <\/p>\n                                                                    <p data-value=\"tag-hotel\" class=\"category\">\n                            Hotel                        <\/p>\n                                                                    <p data-value=\"tag-other-options\" class=\"category\">\n                            Other options                        <\/p>\n                                    <\/div>\n\n                    \n        <div class=\"locations-container\">\n            <div class=\"locations-card--container per-row-3\">\n                                    \n<a href=\"https:\/\/www.visittorshavn.fo\/place\/faroeguide0\/\" class=\"place-card category-car-rental category-accommodation category-tour-operator category-activities  tag-other-options tag-tours\">\n    <div class=\"place-card--image\">\n        <div class=\"place-card--image-inner\">\n                            <img decoding=\"async\" data-src=\"https:\/\/www.visittorshavn.fo\/wp-content\/smush-webp\/2024\/03\/airbnbdurita-45-scaled_full-1.jpg.webp\" width=\"800\" height=\"533\" style=\"--smush-placeholder-width: 800px; --smush-placeholder-aspect-ratio: 800\/533;object-position: 50% 50%;\" src=\"data:image\/svg+xml;base64,PHN2ZyB3aWR0aD0iMSIgaGVpZ2h0PSIxIiB4bWxucz0iaHR0cDovL3d3dy53My5vcmcvMjAwMC9zdmciPjwvc3ZnPg==\" class=\"lazyload\" data-srcset=\"https:\/\/www.visittorshavn.fo\/wp-content\/smush-webp\/2024\/03\/airbnbdurita-45-scaled_full-1.jpg.webp 1920w, https:\/\/www.visittorshavn.fo\/wp-content\/smush-webp\/2024\/03\/airbnbdurita-45-scaled_full-1-800x533.jpg.webp 800w, https:\/\/www.visittorshavn.fo\/wp-content\/uploads\/2024\/03\/airbnbdurita-45-scaled_full-1-1200x800.jpg 1200w, https:\/\/www.visittorshavn.fo\/wp-content\/smush-webp\/2024\/03\/airbnbdurita-45-scaled_full-1-768x512.jpg.webp 768w, https:\/\/www.visittorshavn.fo\/wp-content\/smush-webp\/2024\/03\/airbnbdurita-45-scaled_full-1-1536x1024.jpg.webp 1536w, https:\/\/www.visittorshavn.fo\/wp-content\/uploads\/2024\/03\/airbnbdurita-45-scaled_full-1-1320x880.jpg 1320w, https:\/\/www.visittorshavn.fo\/wp-content\/smush-webp\/2024\/03\/airbnbdurita-45-scaled_full-1-600x400.jpg.webp 600w\" data-sizes=\"auto\" data-original-sizes=\"(max-width: 800px) 100vw, 800px\">\n                    <\/div>\n    <\/div>\n\n    <div class=\"place-card--content\">\n        <div class=\"place-card--text\">\n            <h4>FaroeGuide<\/h4>\n\n                            <p>We love outdoor activities, nature, and cooking Faroese specialiti&#8230;<\/p>\n                    <\/div>\n\n        <div class=\"place-card--bottom\">\n                            <div class=\"place-card--icons\">\n                                                                        \n                            <img decoding=\"async\" data-src=\"https:\/\/www.visittorshavn.fo\/wp-content\/smush-webp\/2024\/04\/car_rental-dark.png.webp\" width=\"32\" height=\"32\" src=\"data:image\/svg+xml;base64,PHN2ZyB3aWR0aD0iMSIgaGVpZ2h0PSIxIiB4bWxucz0iaHR0cDovL3d3dy53My5vcmcvMjAwMC9zdmciPjwvc3ZnPg==\" class=\"lazyload\" style=\"--smush-placeholder-width: 32px; --smush-placeholder-aspect-ratio: 32\/32;\">\n                                                                                                \n                            <img decoding=\"async\" data-src=\"https:\/\/www.visittorshavn.fo\/wp-content\/smush-webp\/2024\/04\/accommodation-dark.png.webp\" width=\"32\" height=\"32\" src=\"data:image\/svg+xml;base64,PHN2ZyB3aWR0aD0iMSIgaGVpZ2h0PSIxIiB4bWxucz0iaHR0cDovL3d3dy53My5vcmcvMjAwMC9zdmciPjwvc3ZnPg==\" class=\"lazyload\" style=\"--smush-placeholder-width: 32px; --smush-placeholder-aspect-ratio: 32\/32;\">\n                                                                                                \n                            <img decoding=\"async\" data-src=\"https:\/\/www.visittorshavn.fo\/wp-content\/smush-webp\/2024\/04\/tour_operator-dark.png.webp\" width=\"32\" height=\"32\" src=\"data:image\/svg+xml;base64,PHN2ZyB3aWR0aD0iMSIgaGVpZ2h0PSIxIiB4bWxucz0iaHR0cDovL3d3dy53My5vcmcvMjAwMC9zdmciPjwvc3ZnPg==\" class=\"lazyload\" style=\"--smush-placeholder-width: 32px; --smush-placeholder-aspect-ratio: 32\/32;\">\n                                                                                                \n                            <img decoding=\"async\" data-src=\"https:\/\/www.visittorshavn.fo\/wp-content\/smush-webp\/2024\/04\/activities-dark.png.webp\" width=\"32\" height=\"32\" src=\"data:image\/svg+xml;base64,PHN2ZyB3aWR0aD0iMSIgaGVpZ2h0PSIxIiB4bWxucz0iaHR0cDovL3d3dy53My5vcmcvMjAwMC9zdmciPjwvc3ZnPg==\" class=\"lazyload\" style=\"--smush-placeholder-width: 32px; --smush-placeholder-aspect-ratio: 32\/32;\">\n                                                            <\/div>\n            \n                            <p>T\u00f3rshavn<\/p>\n                    <\/div>\n    <\/div>\n<\/a>                            <\/div>\n\n\n                    <\/div>\n    <\/div>\n\n\n<div style=\"height:125px\" aria-hidden=\"true\" class=\"wp-block-spacer\"><\/div>\n<\/div><\/div>\n\n\n\n<div class=\"wp-block-cover alignfull\"><span aria-hidden=\"true\" class=\"wp-block-cover__background has-light-green-background-color has-background-dim-100 has-background-dim\"><\/span><div class=\"wp-block-cover__inner-container is-layout-constrained wp-block-cover-is-layout-constrained\">\n<div style=\"height:50px\" aria-hidden=\"true\" class=\"wp-block-spacer\"><\/div>\n\n\n\n<h4 class=\"wp-block-heading has-text-align-center has-dark-color has-text-color has-link-color wp-elements-1524e4ecf6b7ab2ac0f5db9784fddb2a\">Atkomum\u00f8guleikar hj\u00e1 hotellunum er at finna ni\u00f0anfyri<\/h4>\n\n\n\n<div class=\"wp-block-columns is-layout-flex wp-container-core-columns-is-layout-9d6595d7 wp-block-columns-is-layout-flex\">\n<div class=\"wp-block-column is-layout-flow wp-block-column-is-layout-flow\" style=\"flex-basis:25%\"><\/div>\n\n\n\n<div class=\"wp-block-column is-layout-flow wp-block-column-is-layout-flow\"><\/div>\n\n\n\n<div class=\"wp-block-column is-layout-flow wp-block-column-is-layout-flow\" style=\"flex-basis:50%\">\n<div id=\"files_block_33875f54983ae9aed79f690747674676\" class=\"lunnar-files\">\n\n    \n            <div class=\"files-grid per-row-1\">\n                                            <a href=\"https:\/\/www.visittorshavn.fo\/wp-content\/uploads\/2025\/08\/57279-Visit-Torshavn_Hotel.pdf\" download class=\"file-upload\">\n                                            <div class=\"file-upload--image\">\n                            <div class=\"file-upload--image-inner\">\n                                <img decoding=\"async\" data-src=\"https:\/\/www.visittorshavn.fo\/wp-content\/smush-webp\/2025\/08\/Canva-.jpg.webp\" width=\"800\" height=\"450\" style=\"--smush-placeholder-width: 800px; --smush-placeholder-aspect-ratio: 800\/450;object-position: 50% 50%\" src=\"data:image\/svg+xml;base64,PHN2ZyB3aWR0aD0iMSIgaGVpZ2h0PSIxIiB4bWxucz0iaHR0cDovL3d3dy53My5vcmcvMjAwMC9zdmciPjwvc3ZnPg==\" class=\"lazyload\" data-srcset=\"https:\/\/www.visittorshavn.fo\/wp-content\/smush-webp\/2025\/08\/Canva-.jpg.webp 1920w, https:\/\/www.visittorshavn.fo\/wp-content\/smush-webp\/2025\/08\/Canva--800x450.jpg.webp 800w, https:\/\/www.visittorshavn.fo\/wp-content\/smush-webp\/2025\/08\/Canva--1200x675.jpg.webp 1200w, https:\/\/www.visittorshavn.fo\/wp-content\/smush-webp\/2025\/08\/Canva--768x432.jpg.webp 768w, https:\/\/www.visittorshavn.fo\/wp-content\/smush-webp\/2025\/08\/Canva--1536x864.jpg.webp 1536w, https:\/\/www.visittorshavn.fo\/wp-content\/smush-webp\/2025\/08\/Canva--1320x743.jpg.webp 1320w, https:\/\/www.visittorshavn.fo\/wp-content\/smush-webp\/2025\/08\/Canva--600x338.jpg.webp 600w\" data-sizes=\"auto\" data-original-sizes=\"(max-width: 800px) 100vw, 800px\">\n                            <\/div>\n                        <\/div>\n                    \n                    <div class=\"file-upload--text\">\n                        <div class=\"file-upload--title\">\n                            <img decoding=\"async\" src=\"https:\/\/www.visittorshavn.fo\/wp-content\/themes\/lunnar-visittorshavn\/images\/icon-download.svg\" class=\"injectable\" \/>\n                                                            <h6>Atkomum\u00f8guleikar hj\u00e1 hotellunum<\/h6>\n                                                    <\/div>\n\n                        <div class=\"file-upload--download\">\n                            <p>Heinta f\u00edlu<\/p>\n\n                            <img decoding=\"async\" src=\"https:\/\/www.visittorshavn.fo\/wp-content\/themes\/lunnar-visittorshavn\/images\/icon-download.svg\" class=\"injectable\" \/>                        <\/div>\n                    <\/div>\n                <\/a>\n                    <\/div>\n    <\/div>\n\n\n<div style=\"height:200px\" aria-hidden=\"true\" class=\"wp-block-spacer\"><\/div>\n<\/div>\n\n\n\n<div class=\"wp-block-column is-layout-flow wp-block-column-is-layout-flow\" style=\"flex-basis:25%\"><\/div>\n<\/div>\n<\/div><\/div>\n","protected":false},"excerpt":{"rendered":"<p>Gisting \u00ed Havn Skalt t\u00fa gista \u00ed Havn, so eru m\u00f8guleikarnir \u00f3endaligir. Her kanst t\u00fa finna okkurt til hv\u00f8nn t\u00f8rv og hv\u00f8nn pengapung. \u00c1 hesari s\u00ed\u00f0uni kanst t\u00fa kanna ymisku [&hellip;]<\/p>\n","protected":false},"author":4,"featured_media":2490,"parent":0,"menu_order":0,"comment_status":"closed","ping_status":"closed","template":"","meta":{"_acf_changed":false,"footnotes":""},"page_category":[],"class_list":["post-13494","page","type-page","status-publish","has-post-thumbnail","hentry"],"acf":[],"yoast_head":"<!-- This site is optimized with the Yoast SEO plugin v27.4 - https:\/\/yoast.com\/product\/yoast-seo-wordpress\/ -->\n<title>Gisting - Visit Torshavn<\/title>\n<meta name=\"robots\" content=\"index, follow, max-snippet:-1, max-image-preview:large, max-video-preview:-1\" \/>\n<link rel=\"canonical\" href=\"https:\/\/www.visittorshavn.fo\/fo\/gisting\/\" \/>\n<meta property=\"og:locale\" content=\"fo_FO\" \/>\n<meta property=\"og:type\" content=\"article\" \/>\n<meta property=\"og:title\" content=\"Gisting - Visit Torshavn\" \/>\n<meta property=\"og:description\" content=\"Gisting \u00ed Havn Skalt t\u00fa gista \u00ed Havn, so eru m\u00f8guleikarnir \u00f3endaligir. Her kanst t\u00fa finna okkurt til hv\u00f8nn t\u00f8rv og hv\u00f8nn pengapung. \u00c1 hesari s\u00ed\u00f0uni kanst t\u00fa kanna ymisku [&hellip;]\" \/>\n<meta property=\"og:url\" content=\"https:\/\/www.visittorshavn.fo\/fo\/gisting\/\" \/>\n<meta property=\"og:site_name\" content=\"Visit Torshavn\" \/>\n<meta property=\"article:modified_time\" content=\"2025-08-13T11:42:16+00:00\" \/>\n<meta property=\"og:image\" content=\"https:\/\/www.visittorshavn.fo\/wp-content\/uploads\/2024\/03\/Hilton_Foyer_1-1.jpg\" \/>\n\t<meta property=\"og:image:width\" content=\"2560\" \/>\n\t<meta property=\"og:image:height\" content=\"2317\" \/>\n\t<meta property=\"og:image:type\" content=\"image\/jpeg\" \/>\n<meta name=\"twitter:card\" content=\"summary_large_image\" \/>\n<meta name=\"twitter:label1\" content=\"Est. reading time\" \/>\n\t<meta name=\"twitter:data1\" content=\"1 minute\" \/>\n<script type=\"application\/ld+json\" class=\"yoast-schema-graph\">{\"@context\":\"https:\\\/\\\/schema.org\",\"@graph\":[{\"@type\":\"WebPage\",\"@id\":\"https:\\\/\\\/www.visittorshavn.fo\\\/fo\\\/gisting\\\/\",\"url\":\"https:\\\/\\\/www.visittorshavn.fo\\\/fo\\\/gisting\\\/\",\"name\":\"Gisting - Visit Torshavn\",\"isPartOf\":{\"@id\":\"https:\\\/\\\/www.visittorshavn.fo\\\/fo\\\/#website\"},\"primaryImageOfPage\":{\"@id\":\"https:\\\/\\\/www.visittorshavn.fo\\\/fo\\\/gisting\\\/#primaryimage\"},\"image\":{\"@id\":\"https:\\\/\\\/www.visittorshavn.fo\\\/fo\\\/gisting\\\/#primaryimage\"},\"thumbnailUrl\":\"https:\\\/\\\/www.visittorshavn.fo\\\/wp-content\\\/uploads\\\/2024\\\/03\\\/Hilton_Foyer_1-1.jpg\",\"datePublished\":\"2024-03-27T09:41:10+00:00\",\"dateModified\":\"2025-08-13T11:42:16+00:00\",\"breadcrumb\":{\"@id\":\"https:\\\/\\\/www.visittorshavn.fo\\\/fo\\\/gisting\\\/#breadcrumb\"},\"inLanguage\":\"fo-FO\",\"potentialAction\":[{\"@type\":\"ReadAction\",\"target\":[\"https:\\\/\\\/www.visittorshavn.fo\\\/fo\\\/gisting\\\/\"]}]},{\"@type\":\"ImageObject\",\"inLanguage\":\"fo-FO\",\"@id\":\"https:\\\/\\\/www.visittorshavn.fo\\\/fo\\\/gisting\\\/#primaryimage\",\"url\":\"https:\\\/\\\/www.visittorshavn.fo\\\/wp-content\\\/uploads\\\/2024\\\/03\\\/Hilton_Foyer_1-1.jpg\",\"contentUrl\":\"https:\\\/\\\/www.visittorshavn.fo\\\/wp-content\\\/uploads\\\/2024\\\/03\\\/Hilton_Foyer_1-1.jpg\",\"width\":2560,\"height\":2317,\"caption\":\"Hilton Foyer Hilton Hotell Hotel\"},{\"@type\":\"BreadcrumbList\",\"@id\":\"https:\\\/\\\/www.visittorshavn.fo\\\/fo\\\/gisting\\\/#breadcrumb\",\"itemListElement\":[{\"@type\":\"ListItem\",\"position\":1,\"name\":\"Home\",\"item\":\"https:\\\/\\\/www.visittorshavn.fo\\\/fo\\\/\"},{\"@type\":\"ListItem\",\"position\":2,\"name\":\"Gisting\"}]},{\"@type\":\"WebSite\",\"@id\":\"https:\\\/\\\/www.visittorshavn.fo\\\/fo\\\/#website\",\"url\":\"https:\\\/\\\/www.visittorshavn.fo\\\/fo\\\/\",\"name\":\"Visit Torshavn\",\"description\":\"\",\"potentialAction\":[{\"@type\":\"SearchAction\",\"target\":{\"@type\":\"EntryPoint\",\"urlTemplate\":\"https:\\\/\\\/www.visittorshavn.fo\\\/fo\\\/?s={search_term_string}\"},\"query-input\":{\"@type\":\"PropertyValueSpecification\",\"valueRequired\":true,\"valueName\":\"search_term_string\"}}],\"inLanguage\":\"fo-FO\"}]}<\/script>\n<!-- \/ Yoast SEO plugin. -->","yoast_head_json":{"title":"Gisting - Visit Torshavn","robots":{"index":"index","follow":"follow","max-snippet":"max-snippet:-1","max-image-preview":"max-image-preview:large","max-video-preview":"max-video-preview:-1"},"canonical":"https:\/\/www.visittorshavn.fo\/fo\/gisting\/","og_locale":"fo_FO","og_type":"article","og_title":"Gisting - Visit Torshavn","og_description":"Gisting \u00ed Havn Skalt t\u00fa gista \u00ed Havn, so eru m\u00f8guleikarnir \u00f3endaligir. Her kanst t\u00fa finna okkurt til hv\u00f8nn t\u00f8rv og hv\u00f8nn pengapung. \u00c1 hesari s\u00ed\u00f0uni kanst t\u00fa kanna ymisku [&hellip;]","og_url":"https:\/\/www.visittorshavn.fo\/fo\/gisting\/","og_site_name":"Visit Torshavn","article_modified_time":"2025-08-13T11:42:16+00:00","og_image":[{"width":2560,"height":2317,"url":"https:\/\/www.visittorshavn.fo\/wp-content\/uploads\/2024\/03\/Hilton_Foyer_1-1.jpg","type":"image\/jpeg"}],"twitter_card":"summary_large_image","twitter_misc":{"Est. reading time":"1 minute"},"schema":{"@context":"https:\/\/schema.org","@graph":[{"@type":"WebPage","@id":"https:\/\/www.visittorshavn.fo\/fo\/gisting\/","url":"https:\/\/www.visittorshavn.fo\/fo\/gisting\/","name":"Gisting - Visit Torshavn","isPartOf":{"@id":"https:\/\/www.visittorshavn.fo\/fo\/#website"},"primaryImageOfPage":{"@id":"https:\/\/www.visittorshavn.fo\/fo\/gisting\/#primaryimage"},"image":{"@id":"https:\/\/www.visittorshavn.fo\/fo\/gisting\/#primaryimage"},"thumbnailUrl":"https:\/\/www.visittorshavn.fo\/wp-content\/uploads\/2024\/03\/Hilton_Foyer_1-1.jpg","datePublished":"2024-03-27T09:41:10+00:00","dateModified":"2025-08-13T11:42:16+00:00","breadcrumb":{"@id":"https:\/\/www.visittorshavn.fo\/fo\/gisting\/#breadcrumb"},"inLanguage":"fo-FO","potentialAction":[{"@type":"ReadAction","target":["https:\/\/www.visittorshavn.fo\/fo\/gisting\/"]}]},{"@type":"ImageObject","inLanguage":"fo-FO","@id":"https:\/\/www.visittorshavn.fo\/fo\/gisting\/#primaryimage","url":"https:\/\/www.visittorshavn.fo\/wp-content\/uploads\/2024\/03\/Hilton_Foyer_1-1.jpg","contentUrl":"https:\/\/www.visittorshavn.fo\/wp-content\/uploads\/2024\/03\/Hilton_Foyer_1-1.jpg","width":2560,"height":2317,"caption":"Hilton Foyer Hilton Hotell Hotel"},{"@type":"BreadcrumbList","@id":"https:\/\/www.visittorshavn.fo\/fo\/gisting\/#breadcrumb","itemListElement":[{"@type":"ListItem","position":1,"name":"Home","item":"https:\/\/www.visittorshavn.fo\/fo\/"},{"@type":"ListItem","position":2,"name":"Gisting"}]},{"@type":"WebSite","@id":"https:\/\/www.visittorshavn.fo\/fo\/#website","url":"https:\/\/www.visittorshavn.fo\/fo\/","name":"Visit Torshavn","description":"","potentialAction":[{"@type":"SearchAction","target":{"@type":"EntryPoint","urlTemplate":"https:\/\/www.visittorshavn.fo\/fo\/?s={search_term_string}"},"query-input":{"@type":"PropertyValueSpecification","valueRequired":true,"valueName":"search_term_string"}}],"inLanguage":"fo-FO"}]}},"_links":{"self":[{"href":"https:\/\/www.visittorshavn.fo\/fo\/wp-json\/wp\/v2\/pages\/13494","targetHints":{"allow":["GET"]}}],"collection":[{"href":"https:\/\/www.visittorshavn.fo\/fo\/wp-json\/wp\/v2\/pages"}],"about":[{"href":"https:\/\/www.visittorshavn.fo\/fo\/wp-json\/wp\/v2\/types\/page"}],"author":[{"embeddable":true,"href":"https:\/\/www.visittorshavn.fo\/fo\/wp-json\/wp\/v2\/users\/4"}],"replies":[{"embeddable":true,"href":"https:\/\/www.visittorshavn.fo\/fo\/wp-json\/wp\/v2\/comments?post=13494"}],"version-history":[{"count":0,"href":"https:\/\/www.visittorshavn.fo\/fo\/wp-json\/wp\/v2\/pages\/13494\/revisions"}],"wp:featuredmedia":[{"embeddable":true,"href":"https:\/\/www.visittorshavn.fo\/fo\/wp-json\/wp\/v2\/media\/2490"}],"wp:attachment":[{"href":"https:\/\/www.visittorshavn.fo\/fo\/wp-json\/wp\/v2\/media?parent=13494"}],"wp:term":[{"taxonomy":"page_category","embeddable":true,"href":"https:\/\/www.visittorshavn.fo\/fo\/wp-json\/wp\/v2\/page_category?post=13494"}],"curies":[{"name":"wp","href":"https:\/\/api.w.org\/{rel}","templated":true}]}}