{"id":13505,"date":"2024-04-11T15:57:49","date_gmt":"2024-04-11T14:57:49","guid":{"rendered":"https:\/\/www.visittorshavn.fo\/?page_id=13505"},"modified":"2025-08-15T12:00:44","modified_gmt":"2025-08-15T11:00:44","slug":"standmyndir","status":"publish","type":"page","link":"https:\/\/www.visittorshavn.fo\/fo\/standmyndir\/","title":{"rendered":"Standmyndir"},"content":{"rendered":"\n<div class=\"wp-block-cover alignfull has-custom-content-position is-position-bottom-center\" style=\"min-height:630px;aspect-ratio:unset;\"><img decoding=\"async\" width=\"1302\" height=\"664\" class=\"wp-block-cover__image-background wp-image-3145 size-full lazyload\" alt=\"\" data-src=\"https:\/\/www.visittorshavn.fo\/wp-content\/smush-webp\/2024\/04\/pregnant-statue.jpg.webp\" style=\"--smush-placeholder-width: 1302px; --smush-placeholder-aspect-ratio: 1302\/664;object-position:49% 0%\" data-object-fit=\"cover\" data-object-position=\"49% 0%\" data-srcset=\"https:\/\/www.visittorshavn.fo\/wp-content\/smush-webp\/2024\/04\/pregnant-statue.jpg.webp 1302w, https:\/\/www.visittorshavn.fo\/wp-content\/smush-webp\/2024\/04\/pregnant-statue-800x408.jpg.webp 800w, https:\/\/www.visittorshavn.fo\/wp-content\/uploads\/2024\/04\/pregnant-statue-1200x612.jpg 1200w, https:\/\/www.visittorshavn.fo\/wp-content\/smush-webp\/2024\/04\/pregnant-statue-768x392.jpg.webp 768w, https:\/\/www.visittorshavn.fo\/wp-content\/smush-webp\/2024\/04\/pregnant-statue-600x306.jpg.webp 600w\" data-sizes=\"auto\" src=\"data:image\/svg+xml;base64,PHN2ZyB3aWR0aD0iMSIgaGVpZ2h0PSIxIiB4bWxucz0iaHR0cDovL3d3dy53My5vcmcvMjAwMC9zdmciPjwvc3ZnPg==\" data-original-sizes=\"(max-width: 1302px) 100vw, 1302px\" \/><span aria-hidden=\"true\" class=\"wp-block-cover__background has-background-dim\" style=\"background-color:#747671\"><\/span><div class=\"wp-block-cover__inner-container is-layout-constrained wp-block-cover-is-layout-constrained\">\n<div class=\"wp-block-columns is-layout-flex wp-container-core-columns-is-layout-9d6595d7 wp-block-columns-is-layout-flex\">\n<div class=\"wp-block-column is-layout-flow wp-block-column-is-layout-flow\">\n<div id=\"breadcrumbs_block_f4e74fafc0f2d9fd8cecc57d7aca0548\" class=\"lunnar-breadcrumbs\">\n            <div class=\"lunnar-breadcrumbs\"><ul><\/ul><\/div>    <\/div>\n\n\n<h1 class=\"wp-block-heading\">Standmyndir<\/h1>\n<\/div>\n\n\n\n<div class=\"wp-block-column is-layout-flow wp-block-column-is-layout-flow\"><\/div>\n<\/div>\n\n\n\n<div style=\"height:60px\" aria-hidden=\"true\" class=\"wp-block-spacer\"><\/div>\n\n\n\n<p>Mynd: FaroePhoto<\/p>\n<\/div><\/div>\n\n\n\n<div style=\"height:175px\" aria-hidden=\"true\" class=\"wp-block-spacer\"><\/div>\n\n\n\n<div class=\"wp-block-columns is-layout-flex wp-container-core-columns-is-layout-9d6595d7 wp-block-columns-is-layout-flex\">\n<div class=\"wp-block-column is-layout-flow wp-block-column-is-layout-flow\">\n<h3 class=\"wp-block-heading\">Vitja okkara mongu standmyndir og minnisvar\u00f0ar<\/h3>\n<\/div>\n\n\n\n<div class=\"wp-block-column is-layout-flow wp-block-column-is-layout-flow\">\n<p>Hava t\u00fa og t\u00edni einki \u00e1 skr\u00e1nni \u00ed vikuskiftinum? Her er eitt \u00f8\u00f0rv\u00edsi hugskot! Fyrireiki\u00f0 eina rundfer\u00f0, har tit ganga b\u00fdin \u00e1 tamb og sko\u00f0a t\u00e6r mongu standmyndirnar og minnisvar\u00f0arnar, sum pr\u00fd\u00f0a h\u00f8vu\u00f0ssta\u00f0in. Gloymi\u00f0 ikki myndat\u00f3li\u00f0!<\/p>\n<\/div>\n<\/div>\n\n\n\n<div style=\"height:115px\" aria-hidden=\"true\" class=\"wp-block-spacer\"><\/div>\n\n\n\n<div id=\"files_block_cae93dc701d4ec815345d5430b062348\" class=\"lunnar-files\">\n\n    \n            <div class=\"files-grid per-row-2\">\n                                            <a href=\"https:\/\/www.visittorshavn.fo\/wp-content\/uploads\/2024\/04\/statuesintrshavnmap.pdf\" download class=\"file-upload\">\n                                            <div class=\"file-upload--image\">\n                            <div class=\"file-upload--image-inner\">\n                                <img decoding=\"async\" data-src=\"https:\/\/www.visittorshavn.fo\/wp-content\/smush-webp\/2025\/08\/25mai08_2I4B0752-X3.jpg.webp\" width=\"800\" height=\"534\" style=\"--smush-placeholder-width: 800px; --smush-placeholder-aspect-ratio: 800\/534;object-position: 50% 50%\" src=\"data:image\/svg+xml;base64,PHN2ZyB3aWR0aD0iMSIgaGVpZ2h0PSIxIiB4bWxucz0iaHR0cDovL3d3dy53My5vcmcvMjAwMC9zdmciPjwvc3ZnPg==\" class=\"lazyload\" data-srcset=\"https:\/\/www.visittorshavn.fo\/wp-content\/smush-webp\/2025\/08\/25mai08_2I4B0752-X3.jpg.webp 1600w, https:\/\/www.visittorshavn.fo\/wp-content\/smush-webp\/2025\/08\/25mai08_2I4B0752-X3-800x534.jpg.webp 800w, https:\/\/www.visittorshavn.fo\/wp-content\/smush-webp\/2025\/08\/25mai08_2I4B0752-X3-1200x800.jpg.webp 1200w, https:\/\/www.visittorshavn.fo\/wp-content\/smush-webp\/2025\/08\/25mai08_2I4B0752-X3-768x512.jpg.webp 768w, https:\/\/www.visittorshavn.fo\/wp-content\/smush-webp\/2025\/08\/25mai08_2I4B0752-X3-1536x1024.jpg.webp 1536w, https:\/\/www.visittorshavn.fo\/wp-content\/smush-webp\/2025\/08\/25mai08_2I4B0752-X3-1320x880.jpg.webp 1320w, https:\/\/www.visittorshavn.fo\/wp-content\/smush-webp\/2025\/08\/25mai08_2I4B0752-X3-600x400.jpg.webp 600w\" data-sizes=\"auto\" data-original-sizes=\"(max-width: 800px) 100vw, 800px\">\n                            <\/div>\n                        <\/div>\n                    \n                    <div class=\"file-upload--text\">\n                        <div class=\"file-upload--title\">\n                            <img decoding=\"async\" src=\"https:\/\/www.visittorshavn.fo\/wp-content\/themes\/lunnar-visittorshavn\/images\/icon-download.svg\" class=\"injectable\" \/>\n                                                            <h6>Kort yvir standmyndir \u00ed T\u00f3rshavn<\/h6>\n                                                    <\/div>\n\n                        <div class=\"file-upload--download\">\n                            <p>Heinta f\u00edlu<\/p>\n\n                            <img decoding=\"async\" src=\"https:\/\/www.visittorshavn.fo\/wp-content\/themes\/lunnar-visittorshavn\/images\/icon-download.svg\" class=\"injectable\" \/>                        <\/div>\n                    <\/div>\n                <\/a>\n                                            <a href=\"https:\/\/www.visittorshavn.fo\/wp-content\/uploads\/2024\/04\/statues-torshavn.pdf\" download class=\"file-upload\">\n                                            <div class=\"file-upload--image\">\n                            <div class=\"file-upload--image-inner\">\n                                <img decoding=\"async\" data-src=\"https:\/\/www.visittorshavn.fo\/wp-content\/smush-webp\/2025\/08\/4sep24_84A5185-X3.jpg.webp\" width=\"800\" height=\"534\" style=\"--smush-placeholder-width: 800px; --smush-placeholder-aspect-ratio: 800\/534;object-position: 50% 50%\" src=\"data:image\/svg+xml;base64,PHN2ZyB3aWR0aD0iMSIgaGVpZ2h0PSIxIiB4bWxucz0iaHR0cDovL3d3dy53My5vcmcvMjAwMC9zdmciPjwvc3ZnPg==\" class=\"lazyload\" data-srcset=\"https:\/\/www.visittorshavn.fo\/wp-content\/smush-webp\/2025\/08\/4sep24_84A5185-X3.jpg.webp 1600w, https:\/\/www.visittorshavn.fo\/wp-content\/smush-webp\/2025\/08\/4sep24_84A5185-X3-800x534.jpg.webp 800w, https:\/\/www.visittorshavn.fo\/wp-content\/smush-webp\/2025\/08\/4sep24_84A5185-X3-1200x800.jpg.webp 1200w, https:\/\/www.visittorshavn.fo\/wp-content\/smush-webp\/2025\/08\/4sep24_84A5185-X3-768x512.jpg.webp 768w, https:\/\/www.visittorshavn.fo\/wp-content\/smush-webp\/2025\/08\/4sep24_84A5185-X3-1536x1024.jpg.webp 1536w, https:\/\/www.visittorshavn.fo\/wp-content\/smush-webp\/2025\/08\/4sep24_84A5185-X3-1320x880.jpg.webp 1320w, https:\/\/www.visittorshavn.fo\/wp-content\/smush-webp\/2025\/08\/4sep24_84A5185-X3-600x400.jpg.webp 600w\" data-sizes=\"auto\" data-original-sizes=\"(max-width: 800px) 100vw, 800px\">\n                            <\/div>\n                        <\/div>\n                    \n                    <div class=\"file-upload--text\">\n                        <div class=\"file-upload--title\">\n                            <img decoding=\"async\" src=\"https:\/\/www.visittorshavn.fo\/wp-content\/themes\/lunnar-visittorshavn\/images\/icon-download.svg\" class=\"injectable\" \/>\n                                                            <h6>Kunning um standmyndir (Listaf\u00f3lk og \u00e1r)<\/h6>\n                                                    <\/div>\n\n                        <div class=\"file-upload--download\">\n                            <p>Heinta f\u00edlu<\/p>\n\n                            <img decoding=\"async\" src=\"https:\/\/www.visittorshavn.fo\/wp-content\/themes\/lunnar-visittorshavn\/images\/icon-download.svg\" class=\"injectable\" \/>                        <\/div>\n                    <\/div>\n                <\/a>\n                    <\/div>\n    <\/div>\n\n\n<div style=\"height:15px\" aria-hidden=\"true\" class=\"wp-block-spacer\"><\/div>\n\n\n\n<p class=\"has-text-align-center has-black-300-color has-text-color has-link-color wp-elements-07cfa6394ec7915611d99fb1cfcde533\">Myndir: FaroePhoto<\/p>\n\n\n\n<div style=\"height:150px\" aria-hidden=\"true\" class=\"wp-block-spacer\"><\/div>\n\n\n\n<div class=\"wp-block-media-text is-stacked-on-mobile\"><figure class=\"wp-block-media-text__media\"><img decoding=\"async\" width=\"1200\" height=\"889\" data-src=\"https:\/\/www.visittorshavn.fo\/wp-content\/smush-webp\/2025\/03\/Design-uden-navn-2-1200x889.jpg.webp\" alt=\"\" class=\"wp-image-91340 size-full lazyload\" data-srcset=\"https:\/\/www.visittorshavn.fo\/wp-content\/smush-webp\/2025\/03\/Design-uden-navn-2-1200x889.jpg.webp 1200w, https:\/\/www.visittorshavn.fo\/wp-content\/smush-webp\/2025\/03\/Design-uden-navn-2-800x593.jpg.webp 800w, https:\/\/www.visittorshavn.fo\/wp-content\/smush-webp\/2025\/03\/Design-uden-navn-2-768x569.jpg.webp 768w, https:\/\/www.visittorshavn.fo\/wp-content\/uploads\/2025\/03\/Design-uden-navn-2-1320x978.jpg 1320w, https:\/\/www.visittorshavn.fo\/wp-content\/smush-webp\/2025\/03\/Design-uden-navn-2-600x445.jpg.webp 600w, https:\/\/www.visittorshavn.fo\/wp-content\/smush-webp\/2025\/03\/Design-uden-navn-2.jpg.webp 1457w\" data-sizes=\"auto\" src=\"data:image\/svg+xml;base64,PHN2ZyB3aWR0aD0iMSIgaGVpZ2h0PSIxIiB4bWxucz0iaHR0cDovL3d3dy53My5vcmcvMjAwMC9zdmciPjwvc3ZnPg==\" style=\"--smush-placeholder-width: 1200px; --smush-placeholder-aspect-ratio: 1200\/889;\" data-original-sizes=\"(max-width: 1200px) 100vw, 1200px\" \/><\/figure><div class=\"wp-block-media-text__content\">\n<h6 class=\"wp-block-heading has-text-align-center\"><em>V\u00e6ttrab\u00f8rn sp\u00e6la kr\u00f3gva og blunda<\/em><\/h6>\n\n\n\n<p class=\"has-text-align-center\"><em>Standmyndir \u00far glasa\u00f0um brendum leir eftir Napoleon Smith, 2025<\/em><\/p>\n\n\n\n<p class=\"has-text-align-center\">Vi\u00f0arlundin \u00ed Kollafir\u00f0i var\u00f0 gr\u00f3\u00f0ursett \u00ed tveimum stigum, fyrstu fer\u00f0 \u00ed 1992 og aftur \u00ed 1994. Sk\u00f3gr\u00f8ktin gav kommununi r\u00e1\u00f0 og veglei\u00f0ing, og var eisini vi\u00f0 til at skipa sj\u00e1lva plantingina, sum dagr\u00f8ktarmammur, sk\u00falin og foreldur t\u00f3ku lut \u00ed saman vi\u00f0 starvsf\u00f3lkum hj\u00e1 kommununi. Ta\u00f0 v\u00f3ru b\u00f8rnini, i\u00f0 planta\u00f0u tr\u00f8ini \u00ed vi\u00f0arlundini, og \u00f8ll fingu eitt skjalpr\u00f3gv, sum v\u00edsti \u00e1 j\u00fast ta\u00f0 tr\u00e6i\u00f0, sum tey h\u00f8vdu planta\u00f0.<\/p>\n\n\n\n<p class=\"has-text-align-center\">Napoleon Smith hevur framleitt tr\u00fd sp\u00e6landi v\u00e6ttrab\u00f8rn, vi\u00f0 hv\u00f8r s\u00ednum uppruna, vi\u00f0 t\u00ed endam\u00e1li, at \u00f8ll b\u00f8rn skulu f\u00f8la seg s\u00e6dd, hoyrd og vird.<\/p>\n<\/div><\/div>\n\n\n\n<div style=\"height:100px\" aria-hidden=\"true\" class=\"wp-block-spacer\"><\/div>\n\n\n\n<div class=\"wp-block-media-text has-media-on-the-right is-stacked-on-mobile\"><div class=\"wp-block-media-text__content\">\n<h6 class=\"wp-block-heading has-text-align-center\"><em>Fagna\u00f0artr\u00e6<\/em><\/h6>\n\n\n\n<p class=\"has-text-align-center\"><em>Standmynd eftir Edward Fugl\u00f8, 2024<\/em><\/p>\n\n\n\n<p class=\"has-text-align-center\">Andrea \u00c1rting str\u00edddist fyri teimum, i\u00f0 h\u00f8vdu ta\u00f0 tungt, og sum forkvinna \u00ed Havnar Arbei\u00f0skvinnufelag str\u00edddist hon fyri javnr\u00e6ttindum millum menn og kvinnur.<\/p>\n\n\n\n<p class=\"has-text-align-center\">Andrea var ein b\u00fdarmynd. Hon tosa\u00f0i vi\u00f0 \u00f8ll \u2013 b\u00e6\u00f0i b\u00f8rn og vaksin. Hon hev\u00f0i vi\u00f0merkingar um ta\u00f0, sum hendi \u00ed b\u00fdnum og fregna\u00f0ist alt\u00ed\u00f0 vi\u00f0 \u00e1huga, t\u00e1 hon kom framvi\u00f0, har tilt\u00f8k v\u00f3ru.<\/p>\n\n\n\n<p class=\"has-text-align-center\">H\u00f3ast Andrea b\u00fai \u00ed Havn, so hava hennara avrik t\u00fddning fyri allar F\u00f8royar. Andrea arbeiddi fyri at gera Havnina og F\u00f8royar til eitt betri samfelag.<\/p>\n\n\n\n<p class=\"has-text-align-center\">Standmyndin, i\u00f0 berur navni\u00f0 \u201cFagna\u00f0artr\u00e6\u201d, fagnar fyrst og fremst Andreu \u00c1rting, men eisini f\u00f8royskum kvinnum, sum heild; hon fagnar t\u00ed kvinnuliga \u00ed f\u00f8royska samfelagnum.<\/p>\n<\/div><figure class=\"wp-block-media-text__media\"><a href=\"https:\/\/www.visittorshavn.fo\/fo\/andrea-arting-fagnadartrae\/\" target=\"_blank\" rel=\" noreferrer noopener\"><img decoding=\"async\" data-src=\"https:\/\/www.visittorshavn.fo\/wp-content\/smush-webp\/2025\/07\/22sep24_B3A8644-1200x800.jpg.webp\" alt=\"\" class=\"wp-image-126194 size-full smush-dimensions lazyload\" width=\"1200\" style=\"--smush-image-width: 1200px; --smush-image-aspect-ratio: 1200\/800;\" src=\"data:image\/svg+xml;base64,PHN2ZyB3aWR0aD0iMSIgaGVpZ2h0PSIxIiB4bWxucz0iaHR0cDovL3d3dy53My5vcmcvMjAwMC9zdmciPjwvc3ZnPg==\" \/><\/a><\/figure><\/div>\n\n\n\n<div style=\"height:124px\" aria-hidden=\"true\" class=\"wp-block-spacer\"><\/div>\n","protected":false},"excerpt":{"rendered":"<p>Vitja okkara mongu standmyndir og minnisvar\u00f0ar Hava t\u00fa og t\u00edni einki \u00e1 skr\u00e1nni \u00ed vikuskiftinum? Her er eitt \u00f8\u00f0rv\u00edsi hugskot! Fyrireiki\u00f0 eina rundfer\u00f0, har tit ganga b\u00fdin \u00e1 tamb og [&hellip;]<\/p>\n","protected":false},"author":4,"featured_media":3145,"parent":0,"menu_order":0,"comment_status":"closed","ping_status":"closed","template":"","meta":{"_acf_changed":false,"footnotes":""},"page_category":[36,38],"class_list":["post-13505","page","type-page","status-publish","has-post-thumbnail","hentry","page_category-arts-fo","page_category-outdoor-activities-fo"],"acf":[],"yoast_head":"<!-- This site is optimized with the Yoast SEO plugin v27.5 - https:\/\/yoast.com\/product\/yoast-seo-wordpress\/ -->\n<title>Standmyndir - Visit Torshavn<\/title>\n<meta name=\"robots\" content=\"index, follow, max-snippet:-1, max-image-preview:large, max-video-preview:-1\" \/>\n<link rel=\"canonical\" href=\"https:\/\/www.visittorshavn.fo\/fo\/standmyndir\/\" \/>\n<meta property=\"og:locale\" content=\"fo_FO\" \/>\n<meta property=\"og:type\" content=\"article\" \/>\n<meta property=\"og:title\" content=\"Standmyndir - Visit Torshavn\" \/>\n<meta property=\"og:description\" content=\"Vitja okkara mongu standmyndir og minnisvar\u00f0ar Hava t\u00fa og t\u00edni einki \u00e1 skr\u00e1nni \u00ed vikuskiftinum? Her er eitt \u00f8\u00f0rv\u00edsi hugskot! Fyrireiki\u00f0 eina rundfer\u00f0, har tit ganga b\u00fdin \u00e1 tamb og [&hellip;]\" \/>\n<meta property=\"og:url\" content=\"https:\/\/www.visittorshavn.fo\/fo\/standmyndir\/\" \/>\n<meta property=\"og:site_name\" content=\"Visit Torshavn\" \/>\n<meta property=\"article:modified_time\" content=\"2025-08-15T11:00:44+00:00\" \/>\n<meta property=\"og:image\" content=\"https:\/\/www.visittorshavn.fo\/wp-content\/uploads\/2024\/04\/pregnant-statue.jpg\" \/>\n\t<meta property=\"og:image:width\" content=\"1302\" \/>\n\t<meta property=\"og:image:height\" content=\"664\" \/>\n\t<meta property=\"og:image:type\" content=\"image\/jpeg\" \/>\n<meta name=\"twitter:card\" content=\"summary_large_image\" \/>\n<meta name=\"twitter:label1\" content=\"Est. reading time\" \/>\n\t<meta name=\"twitter:data1\" content=\"2 minutes\" \/>\n<script type=\"application\/ld+json\" class=\"yoast-schema-graph\">{\"@context\":\"https:\\\/\\\/schema.org\",\"@graph\":[{\"@type\":\"WebPage\",\"@id\":\"https:\\\/\\\/www.visittorshavn.fo\\\/fo\\\/standmyndir\\\/\",\"url\":\"https:\\\/\\\/www.visittorshavn.fo\\\/fo\\\/standmyndir\\\/\",\"name\":\"Standmyndir - Visit Torshavn\",\"isPartOf\":{\"@id\":\"https:\\\/\\\/www.visittorshavn.fo\\\/fo\\\/#website\"},\"primaryImageOfPage\":{\"@id\":\"https:\\\/\\\/www.visittorshavn.fo\\\/fo\\\/standmyndir\\\/#primaryimage\"},\"image\":{\"@id\":\"https:\\\/\\\/www.visittorshavn.fo\\\/fo\\\/standmyndir\\\/#primaryimage\"},\"thumbnailUrl\":\"https:\\\/\\\/www.visittorshavn.fo\\\/wp-content\\\/uploads\\\/2024\\\/04\\\/pregnant-statue.jpg\",\"datePublished\":\"2024-04-11T14:57:49+00:00\",\"dateModified\":\"2025-08-15T11:00:44+00:00\",\"breadcrumb\":{\"@id\":\"https:\\\/\\\/www.visittorshavn.fo\\\/fo\\\/standmyndir\\\/#breadcrumb\"},\"inLanguage\":\"fo-FO\",\"potentialAction\":[{\"@type\":\"ReadAction\",\"target\":[\"https:\\\/\\\/www.visittorshavn.fo\\\/fo\\\/standmyndir\\\/\"]}]},{\"@type\":\"ImageObject\",\"inLanguage\":\"fo-FO\",\"@id\":\"https:\\\/\\\/www.visittorshavn.fo\\\/fo\\\/standmyndir\\\/#primaryimage\",\"url\":\"https:\\\/\\\/www.visittorshavn.fo\\\/wp-content\\\/uploads\\\/2024\\\/04\\\/pregnant-statue.jpg\",\"contentUrl\":\"https:\\\/\\\/www.visittorshavn.fo\\\/wp-content\\\/uploads\\\/2024\\\/04\\\/pregnant-statue.jpg\",\"width\":1302,\"height\":664,\"caption\":\"20juni18_00Q1127-Pano-X3\"},{\"@type\":\"BreadcrumbList\",\"@id\":\"https:\\\/\\\/www.visittorshavn.fo\\\/fo\\\/standmyndir\\\/#breadcrumb\",\"itemListElement\":[{\"@type\":\"ListItem\",\"position\":1,\"name\":\"Home\",\"item\":\"https:\\\/\\\/www.visittorshavn.fo\\\/fo\\\/\"},{\"@type\":\"ListItem\",\"position\":2,\"name\":\"Standmyndir\"}]},{\"@type\":\"WebSite\",\"@id\":\"https:\\\/\\\/www.visittorshavn.fo\\\/fo\\\/#website\",\"url\":\"https:\\\/\\\/www.visittorshavn.fo\\\/fo\\\/\",\"name\":\"Visit Torshavn\",\"description\":\"\",\"potentialAction\":[{\"@type\":\"SearchAction\",\"target\":{\"@type\":\"EntryPoint\",\"urlTemplate\":\"https:\\\/\\\/www.visittorshavn.fo\\\/fo\\\/?s={search_term_string}\"},\"query-input\":{\"@type\":\"PropertyValueSpecification\",\"valueRequired\":true,\"valueName\":\"search_term_string\"}}],\"inLanguage\":\"fo-FO\"}]}<\/script>\n<!-- \/ Yoast SEO plugin. -->","yoast_head_json":{"title":"Standmyndir - Visit Torshavn","robots":{"index":"index","follow":"follow","max-snippet":"max-snippet:-1","max-image-preview":"max-image-preview:large","max-video-preview":"max-video-preview:-1"},"canonical":"https:\/\/www.visittorshavn.fo\/fo\/standmyndir\/","og_locale":"fo_FO","og_type":"article","og_title":"Standmyndir - Visit Torshavn","og_description":"Vitja okkara mongu standmyndir og minnisvar\u00f0ar Hava t\u00fa og t\u00edni einki \u00e1 skr\u00e1nni \u00ed vikuskiftinum? Her er eitt \u00f8\u00f0rv\u00edsi hugskot! Fyrireiki\u00f0 eina rundfer\u00f0, har tit ganga b\u00fdin \u00e1 tamb og [&hellip;]","og_url":"https:\/\/www.visittorshavn.fo\/fo\/standmyndir\/","og_site_name":"Visit Torshavn","article_modified_time":"2025-08-15T11:00:44+00:00","og_image":[{"width":1302,"height":664,"url":"https:\/\/www.visittorshavn.fo\/wp-content\/uploads\/2024\/04\/pregnant-statue.jpg","type":"image\/jpeg"}],"twitter_card":"summary_large_image","twitter_misc":{"Est. reading time":"2 minutes"},"schema":{"@context":"https:\/\/schema.org","@graph":[{"@type":"WebPage","@id":"https:\/\/www.visittorshavn.fo\/fo\/standmyndir\/","url":"https:\/\/www.visittorshavn.fo\/fo\/standmyndir\/","name":"Standmyndir - Visit Torshavn","isPartOf":{"@id":"https:\/\/www.visittorshavn.fo\/fo\/#website"},"primaryImageOfPage":{"@id":"https:\/\/www.visittorshavn.fo\/fo\/standmyndir\/#primaryimage"},"image":{"@id":"https:\/\/www.visittorshavn.fo\/fo\/standmyndir\/#primaryimage"},"thumbnailUrl":"https:\/\/www.visittorshavn.fo\/wp-content\/uploads\/2024\/04\/pregnant-statue.jpg","datePublished":"2024-04-11T14:57:49+00:00","dateModified":"2025-08-15T11:00:44+00:00","breadcrumb":{"@id":"https:\/\/www.visittorshavn.fo\/fo\/standmyndir\/#breadcrumb"},"inLanguage":"fo-FO","potentialAction":[{"@type":"ReadAction","target":["https:\/\/www.visittorshavn.fo\/fo\/standmyndir\/"]}]},{"@type":"ImageObject","inLanguage":"fo-FO","@id":"https:\/\/www.visittorshavn.fo\/fo\/standmyndir\/#primaryimage","url":"https:\/\/www.visittorshavn.fo\/wp-content\/uploads\/2024\/04\/pregnant-statue.jpg","contentUrl":"https:\/\/www.visittorshavn.fo\/wp-content\/uploads\/2024\/04\/pregnant-statue.jpg","width":1302,"height":664,"caption":"20juni18_00Q1127-Pano-X3"},{"@type":"BreadcrumbList","@id":"https:\/\/www.visittorshavn.fo\/fo\/standmyndir\/#breadcrumb","itemListElement":[{"@type":"ListItem","position":1,"name":"Home","item":"https:\/\/www.visittorshavn.fo\/fo\/"},{"@type":"ListItem","position":2,"name":"Standmyndir"}]},{"@type":"WebSite","@id":"https:\/\/www.visittorshavn.fo\/fo\/#website","url":"https:\/\/www.visittorshavn.fo\/fo\/","name":"Visit Torshavn","description":"","potentialAction":[{"@type":"SearchAction","target":{"@type":"EntryPoint","urlTemplate":"https:\/\/www.visittorshavn.fo\/fo\/?s={search_term_string}"},"query-input":{"@type":"PropertyValueSpecification","valueRequired":true,"valueName":"search_term_string"}}],"inLanguage":"fo-FO"}]}},"_links":{"self":[{"href":"https:\/\/www.visittorshavn.fo\/fo\/wp-json\/wp\/v2\/pages\/13505","targetHints":{"allow":["GET"]}}],"collection":[{"href":"https:\/\/www.visittorshavn.fo\/fo\/wp-json\/wp\/v2\/pages"}],"about":[{"href":"https:\/\/www.visittorshavn.fo\/fo\/wp-json\/wp\/v2\/types\/page"}],"author":[{"embeddable":true,"href":"https:\/\/www.visittorshavn.fo\/fo\/wp-json\/wp\/v2\/users\/4"}],"replies":[{"embeddable":true,"href":"https:\/\/www.visittorshavn.fo\/fo\/wp-json\/wp\/v2\/comments?post=13505"}],"version-history":[{"count":0,"href":"https:\/\/www.visittorshavn.fo\/fo\/wp-json\/wp\/v2\/pages\/13505\/revisions"}],"wp:featuredmedia":[{"embeddable":true,"href":"https:\/\/www.visittorshavn.fo\/fo\/wp-json\/wp\/v2\/media\/3145"}],"wp:attachment":[{"href":"https:\/\/www.visittorshavn.fo\/fo\/wp-json\/wp\/v2\/media?parent=13505"}],"wp:term":[{"taxonomy":"page_category","embeddable":true,"href":"https:\/\/www.visittorshavn.fo\/fo\/wp-json\/wp\/v2\/page_category?post=13505"}],"curies":[{"name":"wp","href":"https:\/\/api.w.org\/{rel}","templated":true}]}}