{"id":13514,"date":"2024-04-18T16:36:01","date_gmt":"2024-04-18T15:36:01","guid":{"rendered":"https:\/\/www.visittorshavn.fo\/?page_id=13514"},"modified":"2025-08-13T14:49:42","modified_gmt":"2025-08-13T13:49:42","slug":"ut-at-eta-fint","status":"publish","type":"page","link":"https:\/\/www.visittorshavn.fo\/fo\/ut-at-eta-fint\/","title":{"rendered":"Gourmetmatstovur"},"content":{"rendered":"\n<div class=\"wp-block-cover alignfull has-custom-content-position is-position-bottom-center\" style=\"min-height:650px;aspect-ratio:unset;\"><img decoding=\"async\" width=\"800\" height=\"1200\" class=\"wp-block-cover__image-background wp-image-128144 size-large lazyload\" alt=\"\" data-src=\"https:\/\/www.visittorshavn.fo\/wp-content\/smush-webp\/2025\/07\/DSC_3488-800x1200.jpg.webp\" style=\"--smush-placeholder-width: 800px; --smush-placeholder-aspect-ratio: 800\/1200;object-position:49% 30%\" data-object-fit=\"cover\" data-object-position=\"49% 30%\" data-srcset=\"https:\/\/www.visittorshavn.fo\/wp-content\/smush-webp\/2025\/07\/DSC_3488-800x1200.jpg.webp 800w, https:\/\/www.visittorshavn.fo\/wp-content\/smush-webp\/2025\/07\/DSC_3488-533x800.jpg.webp 533w, https:\/\/www.visittorshavn.fo\/wp-content\/smush-webp\/2025\/07\/DSC_3488-768x1152.jpg.webp 768w, https:\/\/www.visittorshavn.fo\/wp-content\/smush-webp\/2025\/07\/DSC_3488-1024x1536.jpg.webp 1024w, https:\/\/www.visittorshavn.fo\/wp-content\/uploads\/2025\/07\/DSC_3488-1366x2048.jpg 1366w, https:\/\/www.visittorshavn.fo\/wp-content\/smush-webp\/2025\/07\/DSC_3488-1320x1980.jpg.webp 1320w, https:\/\/www.visittorshavn.fo\/wp-content\/smush-webp\/2025\/07\/DSC_3488-600x900.jpg.webp 600w, https:\/\/www.visittorshavn.fo\/wp-content\/smush-webp\/2025\/07\/DSC_3488.jpg.webp 1707w\" data-sizes=\"auto\" src=\"data:image\/svg+xml;base64,PHN2ZyB3aWR0aD0iMSIgaGVpZ2h0PSIxIiB4bWxucz0iaHR0cDovL3d3dy53My5vcmcvMjAwMC9zdmciPjwvc3ZnPg==\" data-original-sizes=\"(max-width: 800px) 100vw, 800px\" \/><span aria-hidden=\"true\" class=\"wp-block-cover__background has-background-dim\" style=\"background-color:#6a402b\"><\/span><div class=\"wp-block-cover__inner-container is-layout-constrained wp-block-cover-is-layout-constrained\">\n<div class=\"wp-block-columns alignwide is-layout-flex wp-container-core-columns-is-layout-9d6595d7 wp-block-columns-is-layout-flex\">\n<div class=\"wp-block-column is-layout-flow wp-block-column-is-layout-flow\">\n<h1 class=\"wp-block-heading\">Gourmetmatstovur<\/h1>\n<\/div>\n\n\n\n<div class=\"wp-block-column is-layout-flow wp-block-column-is-layout-flow\"><\/div>\n<\/div>\n\n\n\n<div style=\"height:60px\" aria-hidden=\"true\" class=\"wp-block-spacer\"><\/div>\n\n\n\n<p>Mynd: Karin Visth \/ Visit Faroe Islands<\/p>\n<\/div><\/div>\n\n\n\n<div class=\"wp-block-group alignfull has-white-color has-sunshine-background-color has-text-color has-background has-link-color wp-elements-39be00dde911309c527279df96d947f0 is-layout-constrained wp-block-group-is-layout-constrained\">\n<div style=\"height:70px\" aria-hidden=\"true\" class=\"wp-block-spacer\"><\/div>\n\n\n\n<div class=\"wp-block-columns is-layout-flex wp-container-core-columns-is-layout-9d6595d7 wp-block-columns-is-layout-flex\">\n<div class=\"wp-block-column is-vertically-aligned-top is-layout-flow wp-block-column-is-layout-flow\" style=\"flex-basis:50%\">\n<h2 class=\"wp-block-heading has-dark-color has-text-color has-link-color wp-elements-638022ebf1d1b3a62d08dbc46eaa2dc3\">Sansaligar upplivingarfer\u00f0ir fyri gourmandar<\/h2>\n<\/div>\n\n\n\n<div class=\"wp-block-column is-layout-flow wp-block-column-is-layout-flow\" style=\"flex-basis:50%\">\n<p><\/p>\n\n\n\n<p class=\"has-dark-color has-text-color has-link-color wp-elements-5bb943ef0cda2e16f400653ca379a896\">Vilt t\u00fa smakka eina fleirr\u00e6tta matskr\u00e1, hegnisliga bor\u00f0reidda av landsins fremstu kokkum, ella nj\u00f3ta si\u00f0bundnan f\u00f8royskan mat \u00ed n\u00fat\u00edmans hami? \u00c1 teimum f\u00ednu matstovunum er hv\u00f8r r\u00e6ttur ein fagna\u00f0arsongur til n\u00e1tt\u00farunnar tilfeingi og mentan f\u00f8royinga.<\/p>\n<\/div>\n<\/div>\n\n\n\n<div style=\"height:70px\" aria-hidden=\"true\" class=\"wp-block-spacer\"><\/div>\n<\/div>\n\n\n\n<div class=\"wp-block-columns is-layout-flex wp-container-core-columns-is-layout-9d6595d7 wp-block-columns-is-layout-flex\">\n<div class=\"wp-block-column is-vertically-aligned-top is-layout-flow wp-block-column-is-layout-flow\"><\/div>\n<\/div>\n\n\n\n<div style=\"height:100px\" aria-hidden=\"true\" class=\"wp-block-spacer\"><\/div>\n\n\n\n<div id=\"locations_block_be617a9becc398219d3df86108d23d7a\" class=\"lunnar-locations alignwide\">\n    \n            \n            \n                <div class=\"locations-sorting\">\n                                                                    <p data-value=\"tag-gourmet-matstovur\" class=\"category\">\n                            Gourmet matstovur                        <\/p>\n                                                                    <p data-value=\"tag-gourmet-matstovur\" class=\"category\">\n                            Gourmet matstovur                        <\/p>\n                                    <\/div>\n\n                    \n        <div class=\"locations-container\">\n            <div class=\"locations-card--container per-row-3\">\n                                    \n<a href=\"https:\/\/www.visittorshavn.fo\/fo\/place\/paz\/\" class=\"place-card category-food-drinks  tag-fine-dining\">\n    <div class=\"place-card--image\">\n        <div class=\"place-card--image-inner\">\n                            <img decoding=\"async\" data-src=\"https:\/\/www.visittorshavn.fo\/wp-content\/smush-webp\/2025\/08\/paz.jpg.webp\" width=\"800\" height=\"350\" style=\"--smush-placeholder-width: 800px; --smush-placeholder-aspect-ratio: 800\/350;object-position: 50% 50%;\" src=\"data:image\/svg+xml;base64,PHN2ZyB3aWR0aD0iMSIgaGVpZ2h0PSIxIiB4bWxucz0iaHR0cDovL3d3dy53My5vcmcvMjAwMC9zdmciPjwvc3ZnPg==\" class=\"lazyload\" data-srcset=\"https:\/\/www.visittorshavn.fo\/wp-content\/smush-webp\/2025\/08\/paz.jpg.webp 1900w, https:\/\/www.visittorshavn.fo\/wp-content\/smush-webp\/2025\/08\/paz-800x350.jpg.webp 800w, https:\/\/www.visittorshavn.fo\/wp-content\/smush-webp\/2025\/08\/paz-1200x525.jpg.webp 1200w, https:\/\/www.visittorshavn.fo\/wp-content\/smush-webp\/2025\/08\/paz-768x336.jpg.webp 768w, https:\/\/www.visittorshavn.fo\/wp-content\/smush-webp\/2025\/08\/paz-1536x672.jpg.webp 1536w, https:\/\/www.visittorshavn.fo\/wp-content\/smush-webp\/2025\/08\/paz-1320x577.jpg.webp 1320w, https:\/\/www.visittorshavn.fo\/wp-content\/smush-webp\/2025\/08\/paz-600x262.jpg.webp 600w\" data-sizes=\"auto\" data-original-sizes=\"(max-width: 800px) 100vw, 800px\">\n                    <\/div>\n    <\/div>\n\n    <div class=\"place-card--content\">\n        <div class=\"place-card--text\">\n            <h4>Paz<\/h4>\n\n                            <p>Tv\u00edstj\u00f8rna\u00f0a Michelin matstovan \u00c1 Paz kemur \u00edbl\u00e1sturin \u00far r\u00e1a vaku&#8230;<\/p>\n                    <\/div>\n\n        <div class=\"place-card--bottom\">\n                            <div class=\"place-card--icons\">\n                                                                        \n                            <img decoding=\"async\" data-src=\"https:\/\/www.visittorshavn.fo\/wp-content\/smush-webp\/2024\/04\/food_drink-dark.png.webp\" width=\"32\" height=\"32\" src=\"data:image\/svg+xml;base64,PHN2ZyB3aWR0aD0iMSIgaGVpZ2h0PSIxIiB4bWxucz0iaHR0cDovL3d3dy53My5vcmcvMjAwMC9zdmciPjwvc3ZnPg==\" class=\"lazyload\" style=\"--smush-placeholder-width: 32px; --smush-placeholder-aspect-ratio: 32\/32;\">\n                                                            <\/div>\n            \n                    <\/div>\n    <\/div>\n<\/a>                                    \n<a href=\"https:\/\/www.visittorshavn.fo\/fo\/place\/raest\/\" class=\"place-card category-food-drinks  tag-gourmet-matstovur\">\n    <div class=\"place-card--image\">\n        <div class=\"place-card--image-inner\">\n                            <img decoding=\"async\" data-src=\"https:\/\/www.visittorshavn.fo\/wp-content\/smush-webp\/2024\/03\/Raest-tallerkar.jpeg.webp\" width=\"800\" height=\"533\" style=\"--smush-placeholder-width: 800px; --smush-placeholder-aspect-ratio: 800\/533;object-position: 52.6776% 75.8750%;\" src=\"data:image\/svg+xml;base64,PHN2ZyB3aWR0aD0iMSIgaGVpZ2h0PSIxIiB4bWxucz0iaHR0cDovL3d3dy53My5vcmcvMjAwMC9zdmciPjwvc3ZnPg==\" class=\"lazyload\" data-srcset=\"https:\/\/www.visittorshavn.fo\/wp-content\/smush-webp\/2024\/03\/Raest-tallerkar.jpeg.webp 2560w, https:\/\/www.visittorshavn.fo\/wp-content\/smush-webp\/2024\/03\/Raest-tallerkar-800x533.jpeg.webp 800w, https:\/\/www.visittorshavn.fo\/wp-content\/smush-webp\/2024\/03\/Raest-tallerkar-1200x800.jpeg.webp 1200w, https:\/\/www.visittorshavn.fo\/wp-content\/smush-webp\/2024\/03\/Raest-tallerkar-768x512.jpeg.webp 768w, https:\/\/www.visittorshavn.fo\/wp-content\/smush-webp\/2024\/03\/Raest-tallerkar-1536x1024.jpeg.webp 1536w, https:\/\/www.visittorshavn.fo\/wp-content\/uploads\/2024\/03\/Raest-tallerkar-2048x1366.jpeg 2048w, https:\/\/www.visittorshavn.fo\/wp-content\/uploads\/2024\/03\/Raest-tallerkar-1320x880.jpeg 1320w, https:\/\/www.visittorshavn.fo\/wp-content\/smush-webp\/2024\/03\/Raest-tallerkar-600x400.jpeg.webp 600w\" data-sizes=\"auto\" data-original-sizes=\"(max-width: 800px) 100vw, 800px\">\n                    <\/div>\n    <\/div>\n\n    <div class=\"place-card--content\">\n        <div class=\"place-card--text\">\n            <h4>R\u00e6st<\/h4>\n\n                            <p>F\u00f8roysk si\u00f0bundin matger\u00f0 vi\u00f0 mexikanskum \u00edbl\u00e1stri. R\u00e6st\u00a0er tann t&#8230;<\/p>\n                    <\/div>\n\n        <div class=\"place-card--bottom\">\n                            <div class=\"place-card--icons\">\n                                                                        \n                            <img decoding=\"async\" data-src=\"https:\/\/www.visittorshavn.fo\/wp-content\/smush-webp\/2024\/04\/food_drink-dark.png.webp\" width=\"32\" height=\"32\" src=\"data:image\/svg+xml;base64,PHN2ZyB3aWR0aD0iMSIgaGVpZ2h0PSIxIiB4bWxucz0iaHR0cDovL3d3dy53My5vcmcvMjAwMC9zdmciPjwvc3ZnPg==\" class=\"lazyload\" style=\"--smush-placeholder-width: 32px; --smush-placeholder-aspect-ratio: 32\/32;\">\n                                                            <\/div>\n            \n                    <\/div>\n    <\/div>\n<\/a>                                    \n<a href=\"https:\/\/www.visittorshavn.fo\/fo\/place\/roks\/\" class=\"place-card category-food-drinks  tag-gourmet-matstovur\">\n    <div class=\"place-card--image\">\n        <div class=\"place-card--image-inner\">\n                            <img decoding=\"async\" data-src=\"https:\/\/www.visittorshavn.fo\/wp-content\/smush-webp\/2024\/03\/roks_1_full-1-e1720781235169.jpg.webp\" width=\"625\" height=\"800\" style=\"--smush-placeholder-width: 625px; --smush-placeholder-aspect-ratio: 625\/800;object-position: 50% 50%;\" src=\"data:image\/svg+xml;base64,PHN2ZyB3aWR0aD0iMSIgaGVpZ2h0PSIxIiB4bWxucz0iaHR0cDovL3d3dy53My5vcmcvMjAwMC9zdmciPjwvc3ZnPg==\" class=\"lazyload\" data-srcset=\"https:\/\/www.visittorshavn.fo\/wp-content\/smush-webp\/2024\/03\/roks_1_full-1-e1720781235169.jpg.webp 1706w, https:\/\/www.visittorshavn.fo\/wp-content\/smush-webp\/2024\/03\/roks_1_full-1-e1720781235169-625x800.jpg.webp 625w, https:\/\/www.visittorshavn.fo\/wp-content\/smush-webp\/2024\/03\/roks_1_full-1-e1720781235169-937x1200.jpg.webp 937w, https:\/\/www.visittorshavn.fo\/wp-content\/smush-webp\/2024\/03\/roks_1_full-1-e1720781235169-768x983.jpg.webp 768w, https:\/\/www.visittorshavn.fo\/wp-content\/smush-webp\/2024\/03\/roks_1_full-1-e1720781235169-1200x1536.jpg.webp 1200w, https:\/\/www.visittorshavn.fo\/wp-content\/smush-webp\/2024\/03\/roks_1_full-1-e1720781235169-1600x2048.jpg.webp 1600w, https:\/\/www.visittorshavn.fo\/wp-content\/uploads\/2024\/03\/roks_1_full-1-e1720781235169-1320x1690.jpg 1320w, https:\/\/www.visittorshavn.fo\/wp-content\/smush-webp\/2024\/03\/roks_1_full-1-e1720781235169-600x768.jpg.webp 600w\" data-sizes=\"auto\" data-original-sizes=\"(max-width: 625px) 100vw, 625px\">\n                    <\/div>\n    <\/div>\n\n    <div class=\"place-card--content\">\n        <div class=\"place-card--text\">\n            <h4>ROKS<\/h4>\n\n                            <p>ROKS er ein \u00f3formell systirmatsova hj\u00e1 KOKS. ROKS er ein \u00f3formell &#8230;<\/p>\n                    <\/div>\n\n        <div class=\"place-card--bottom\">\n                            <div class=\"place-card--icons\">\n                                                                        \n                            <img decoding=\"async\" data-src=\"https:\/\/www.visittorshavn.fo\/wp-content\/smush-webp\/2024\/04\/food_drink-dark.png.webp\" width=\"32\" height=\"32\" src=\"data:image\/svg+xml;base64,PHN2ZyB3aWR0aD0iMSIgaGVpZ2h0PSIxIiB4bWxucz0iaHR0cDovL3d3dy53My5vcmcvMjAwMC9zdmciPjwvc3ZnPg==\" class=\"lazyload\" style=\"--smush-placeholder-width: 32px; --smush-placeholder-aspect-ratio: 32\/32;\">\n                                                            <\/div>\n            \n                    <\/div>\n    <\/div>\n<\/a>                            <\/div>\n\n\n                    <\/div>\n    <\/div>\n\n\n<div style=\"height:200px\" aria-hidden=\"true\" class=\"wp-block-spacer\"><\/div>\n","protected":false},"excerpt":{"rendered":"<p>Sansaligar upplivingarfer\u00f0ir fyri gourmandar Vilt t\u00fa smakka eina fleirr\u00e6tta matskr\u00e1, hegnisliga bor\u00f0reidda av landsins fremstu kokkum, ella nj\u00f3ta si\u00f0bundnan f\u00f8royskan mat \u00ed n\u00fat\u00edmans hami? \u00c1 teimum f\u00ednu matstovunum er hv\u00f8r [&hellip;]<\/p>\n","protected":false},"author":4,"featured_media":3447,"parent":0,"menu_order":0,"comment_status":"closed","ping_status":"closed","template":"","meta":{"_acf_changed":false,"footnotes":""},"page_category":[34],"class_list":["post-13514","page","type-page","status-publish","has-post-thumbnail","hentry","page_category-eat-drink-fo"],"acf":[],"yoast_head":"<!-- This site is optimized with the Yoast SEO plugin v27.5 - https:\/\/yoast.com\/product\/yoast-seo-wordpress\/ -->\n<title>Gourmetmatstovur - Visit Torshavn<\/title>\n<meta name=\"robots\" content=\"index, follow, max-snippet:-1, max-image-preview:large, max-video-preview:-1\" \/>\n<link rel=\"canonical\" href=\"https:\/\/www.visittorshavn.fo\/fo\/ut-at-eta-fint\/\" \/>\n<meta property=\"og:locale\" content=\"fo_FO\" \/>\n<meta property=\"og:type\" content=\"article\" \/>\n<meta property=\"og:title\" content=\"Gourmetmatstovur - Visit Torshavn\" \/>\n<meta property=\"og:description\" content=\"Sansaligar upplivingarfer\u00f0ir fyri gourmandar Vilt t\u00fa smakka eina fleirr\u00e6tta matskr\u00e1, hegnisliga bor\u00f0reidda av landsins fremstu kokkum, ella nj\u00f3ta si\u00f0bundnan f\u00f8royskan mat \u00ed n\u00fat\u00edmans hami? \u00c1 teimum f\u00ednu matstovunum er hv\u00f8r [&hellip;]\" \/>\n<meta property=\"og:url\" content=\"https:\/\/www.visittorshavn.fo\/fo\/ut-at-eta-fint\/\" \/>\n<meta property=\"og:site_name\" content=\"Visit Torshavn\" \/>\n<meta property=\"article:modified_time\" content=\"2025-08-13T13:49:42+00:00\" \/>\n<meta property=\"og:image\" content=\"https:\/\/www.visittorshavn.fo\/wp-content\/uploads\/2024\/04\/Untitled-design-15.png\" \/>\n\t<meta property=\"og:image:width\" content=\"1920\" \/>\n\t<meta property=\"og:image:height\" content=\"1080\" \/>\n\t<meta property=\"og:image:type\" content=\"image\/png\" \/>\n<meta name=\"twitter:card\" content=\"summary_large_image\" \/>\n<meta name=\"twitter:label1\" content=\"Est. reading time\" \/>\n\t<meta name=\"twitter:data1\" content=\"1 minute\" \/>\n<script type=\"application\/ld+json\" class=\"yoast-schema-graph\">{\"@context\":\"https:\\\/\\\/schema.org\",\"@graph\":[{\"@type\":\"WebPage\",\"@id\":\"https:\\\/\\\/www.visittorshavn.fo\\\/fo\\\/ut-at-eta-fint\\\/\",\"url\":\"https:\\\/\\\/www.visittorshavn.fo\\\/fo\\\/ut-at-eta-fint\\\/\",\"name\":\"Gourmetmatstovur - Visit Torshavn\",\"isPartOf\":{\"@id\":\"https:\\\/\\\/www.visittorshavn.fo\\\/fo\\\/#website\"},\"primaryImageOfPage\":{\"@id\":\"https:\\\/\\\/www.visittorshavn.fo\\\/fo\\\/ut-at-eta-fint\\\/#primaryimage\"},\"image\":{\"@id\":\"https:\\\/\\\/www.visittorshavn.fo\\\/fo\\\/ut-at-eta-fint\\\/#primaryimage\"},\"thumbnailUrl\":\"https:\\\/\\\/www.visittorshavn.fo\\\/wp-content\\\/uploads\\\/2024\\\/04\\\/Untitled-design-15.png\",\"datePublished\":\"2024-04-18T15:36:01+00:00\",\"dateModified\":\"2025-08-13T13:49:42+00:00\",\"breadcrumb\":{\"@id\":\"https:\\\/\\\/www.visittorshavn.fo\\\/fo\\\/ut-at-eta-fint\\\/#breadcrumb\"},\"inLanguage\":\"fo-FO\",\"potentialAction\":[{\"@type\":\"ReadAction\",\"target\":[\"https:\\\/\\\/www.visittorshavn.fo\\\/fo\\\/ut-at-eta-fint\\\/\"]}]},{\"@type\":\"ImageObject\",\"inLanguage\":\"fo-FO\",\"@id\":\"https:\\\/\\\/www.visittorshavn.fo\\\/fo\\\/ut-at-eta-fint\\\/#primaryimage\",\"url\":\"https:\\\/\\\/www.visittorshavn.fo\\\/wp-content\\\/uploads\\\/2024\\\/04\\\/Untitled-design-15.png\",\"contentUrl\":\"https:\\\/\\\/www.visittorshavn.fo\\\/wp-content\\\/uploads\\\/2024\\\/04\\\/Untitled-design-15.png\",\"width\":1920,\"height\":1080},{\"@type\":\"BreadcrumbList\",\"@id\":\"https:\\\/\\\/www.visittorshavn.fo\\\/fo\\\/ut-at-eta-fint\\\/#breadcrumb\",\"itemListElement\":[{\"@type\":\"ListItem\",\"position\":1,\"name\":\"Home\",\"item\":\"https:\\\/\\\/www.visittorshavn.fo\\\/fo\\\/\"},{\"@type\":\"ListItem\",\"position\":2,\"name\":\"Gourmetmatstovur\"}]},{\"@type\":\"WebSite\",\"@id\":\"https:\\\/\\\/www.visittorshavn.fo\\\/fo\\\/#website\",\"url\":\"https:\\\/\\\/www.visittorshavn.fo\\\/fo\\\/\",\"name\":\"Visit Torshavn\",\"description\":\"\",\"potentialAction\":[{\"@type\":\"SearchAction\",\"target\":{\"@type\":\"EntryPoint\",\"urlTemplate\":\"https:\\\/\\\/www.visittorshavn.fo\\\/fo\\\/?s={search_term_string}\"},\"query-input\":{\"@type\":\"PropertyValueSpecification\",\"valueRequired\":true,\"valueName\":\"search_term_string\"}}],\"inLanguage\":\"fo-FO\"}]}<\/script>\n<!-- \/ Yoast SEO plugin. -->","yoast_head_json":{"title":"Gourmetmatstovur - Visit Torshavn","robots":{"index":"index","follow":"follow","max-snippet":"max-snippet:-1","max-image-preview":"max-image-preview:large","max-video-preview":"max-video-preview:-1"},"canonical":"https:\/\/www.visittorshavn.fo\/fo\/ut-at-eta-fint\/","og_locale":"fo_FO","og_type":"article","og_title":"Gourmetmatstovur - Visit Torshavn","og_description":"Sansaligar upplivingarfer\u00f0ir fyri gourmandar Vilt t\u00fa smakka eina fleirr\u00e6tta matskr\u00e1, hegnisliga bor\u00f0reidda av landsins fremstu kokkum, ella nj\u00f3ta si\u00f0bundnan f\u00f8royskan mat \u00ed n\u00fat\u00edmans hami? \u00c1 teimum f\u00ednu matstovunum er hv\u00f8r [&hellip;]","og_url":"https:\/\/www.visittorshavn.fo\/fo\/ut-at-eta-fint\/","og_site_name":"Visit Torshavn","article_modified_time":"2025-08-13T13:49:42+00:00","og_image":[{"width":1920,"height":1080,"url":"https:\/\/www.visittorshavn.fo\/wp-content\/uploads\/2024\/04\/Untitled-design-15.png","type":"image\/png"}],"twitter_card":"summary_large_image","twitter_misc":{"Est. reading time":"1 minute"},"schema":{"@context":"https:\/\/schema.org","@graph":[{"@type":"WebPage","@id":"https:\/\/www.visittorshavn.fo\/fo\/ut-at-eta-fint\/","url":"https:\/\/www.visittorshavn.fo\/fo\/ut-at-eta-fint\/","name":"Gourmetmatstovur - Visit Torshavn","isPartOf":{"@id":"https:\/\/www.visittorshavn.fo\/fo\/#website"},"primaryImageOfPage":{"@id":"https:\/\/www.visittorshavn.fo\/fo\/ut-at-eta-fint\/#primaryimage"},"image":{"@id":"https:\/\/www.visittorshavn.fo\/fo\/ut-at-eta-fint\/#primaryimage"},"thumbnailUrl":"https:\/\/www.visittorshavn.fo\/wp-content\/uploads\/2024\/04\/Untitled-design-15.png","datePublished":"2024-04-18T15:36:01+00:00","dateModified":"2025-08-13T13:49:42+00:00","breadcrumb":{"@id":"https:\/\/www.visittorshavn.fo\/fo\/ut-at-eta-fint\/#breadcrumb"},"inLanguage":"fo-FO","potentialAction":[{"@type":"ReadAction","target":["https:\/\/www.visittorshavn.fo\/fo\/ut-at-eta-fint\/"]}]},{"@type":"ImageObject","inLanguage":"fo-FO","@id":"https:\/\/www.visittorshavn.fo\/fo\/ut-at-eta-fint\/#primaryimage","url":"https:\/\/www.visittorshavn.fo\/wp-content\/uploads\/2024\/04\/Untitled-design-15.png","contentUrl":"https:\/\/www.visittorshavn.fo\/wp-content\/uploads\/2024\/04\/Untitled-design-15.png","width":1920,"height":1080},{"@type":"BreadcrumbList","@id":"https:\/\/www.visittorshavn.fo\/fo\/ut-at-eta-fint\/#breadcrumb","itemListElement":[{"@type":"ListItem","position":1,"name":"Home","item":"https:\/\/www.visittorshavn.fo\/fo\/"},{"@type":"ListItem","position":2,"name":"Gourmetmatstovur"}]},{"@type":"WebSite","@id":"https:\/\/www.visittorshavn.fo\/fo\/#website","url":"https:\/\/www.visittorshavn.fo\/fo\/","name":"Visit Torshavn","description":"","potentialAction":[{"@type":"SearchAction","target":{"@type":"EntryPoint","urlTemplate":"https:\/\/www.visittorshavn.fo\/fo\/?s={search_term_string}"},"query-input":{"@type":"PropertyValueSpecification","valueRequired":true,"valueName":"search_term_string"}}],"inLanguage":"fo-FO"}]}},"_links":{"self":[{"href":"https:\/\/www.visittorshavn.fo\/fo\/wp-json\/wp\/v2\/pages\/13514","targetHints":{"allow":["GET"]}}],"collection":[{"href":"https:\/\/www.visittorshavn.fo\/fo\/wp-json\/wp\/v2\/pages"}],"about":[{"href":"https:\/\/www.visittorshavn.fo\/fo\/wp-json\/wp\/v2\/types\/page"}],"author":[{"embeddable":true,"href":"https:\/\/www.visittorshavn.fo\/fo\/wp-json\/wp\/v2\/users\/4"}],"replies":[{"embeddable":true,"href":"https:\/\/www.visittorshavn.fo\/fo\/wp-json\/wp\/v2\/comments?post=13514"}],"version-history":[{"count":0,"href":"https:\/\/www.visittorshavn.fo\/fo\/wp-json\/wp\/v2\/pages\/13514\/revisions"}],"wp:featuredmedia":[{"embeddable":true,"href":"https:\/\/www.visittorshavn.fo\/fo\/wp-json\/wp\/v2\/media\/3447"}],"wp:attachment":[{"href":"https:\/\/www.visittorshavn.fo\/fo\/wp-json\/wp\/v2\/media?parent=13514"}],"wp:term":[{"taxonomy":"page_category","embeddable":true,"href":"https:\/\/www.visittorshavn.fo\/fo\/wp-json\/wp\/v2\/page_category?post=13514"}],"curies":[{"name":"wp","href":"https:\/\/api.w.org\/{rel}","templated":true}]}}