{"id":13521,"date":"2024-08-30T16:21:45","date_gmt":"2024-08-30T15:21:45","guid":{"rendered":"https:\/\/www.visittorshavn.fo\/?page_id=13521"},"modified":"2025-08-12T16:24:04","modified_gmt":"2025-08-12T15:24:04","slug":"cruise","status":"publish","type":"page","link":"https:\/\/www.visittorshavn.fo\/fo\/cruise\/","title":{"rendered":"Cruise"},"content":{"rendered":"\n<div class=\"wp-block-cover alignfull is-light has-custom-content-position is-position-bottom-center has-white-color has-text-color has-link-color wp-elements-3e263f45115e0ee40be10ae344300824\" style=\"min-height:582px;aspect-ratio:unset;\"><img decoding=\"async\" width=\"1200\" height=\"800\" class=\"wp-block-cover__image-background wp-image-16188 size-large lazyload\" alt=\"\" data-src=\"https:\/\/www.visittorshavn.fo\/wp-content\/smush-webp\/2024\/09\/18aug24_84A3368-1200x800.jpg.webp\" data-object-fit=\"cover\" data-srcset=\"https:\/\/www.visittorshavn.fo\/wp-content\/smush-webp\/2024\/09\/18aug24_84A3368-1200x800.jpg.webp 1200w, https:\/\/www.visittorshavn.fo\/wp-content\/smush-webp\/2024\/09\/18aug24_84A3368-800x534.jpg.webp 800w, https:\/\/www.visittorshavn.fo\/wp-content\/smush-webp\/2024\/09\/18aug24_84A3368-768x512.jpg.webp 768w, https:\/\/www.visittorshavn.fo\/wp-content\/smush-webp\/2024\/09\/18aug24_84A3368-1536x1024.jpg.webp 1536w, https:\/\/www.visittorshavn.fo\/wp-content\/uploads\/2024\/09\/18aug24_84A3368-1320x880.jpg 1320w, https:\/\/www.visittorshavn.fo\/wp-content\/smush-webp\/2024\/09\/18aug24_84A3368-600x400.jpg.webp 600w, https:\/\/www.visittorshavn.fo\/wp-content\/smush-webp\/2024\/09\/18aug24_84A3368.jpg.webp 1600w\" data-sizes=\"auto\" src=\"data:image\/svg+xml;base64,PHN2ZyB3aWR0aD0iMSIgaGVpZ2h0PSIxIiB4bWxucz0iaHR0cDovL3d3dy53My5vcmcvMjAwMC9zdmciPjwvc3ZnPg==\" style=\"--smush-placeholder-width: 1200px; --smush-placeholder-aspect-ratio: 1200\/800;\" data-original-sizes=\"(max-width: 1200px) 100vw, 1200px\" \/><span aria-hidden=\"true\" class=\"wp-block-cover__background has-background-dim-20 has-background-dim\" style=\"background-color:#8fa9c3\"><\/span><div class=\"wp-block-cover__inner-container is-layout-constrained wp-block-cover-is-layout-constrained\">\n<div class=\"wp-block-columns alignwide is-layout-flex wp-container-core-columns-is-layout-9d6595d7 wp-block-columns-is-layout-flex\">\n<div class=\"wp-block-column is-layout-flow wp-block-column-is-layout-flow\">\n<div id=\"breadcrumbs_block_d0e1f563add365c90a157f7b121c0168\" class=\"lunnar-breadcrumbs\">\n            <div class=\"lunnar-breadcrumbs\"><ul><\/ul><\/div>    <\/div>\n\n\n<h1 class=\"wp-block-heading\">Cruise<\/h1>\n<\/div>\n\n\n\n<div class=\"wp-block-column is-layout-flow wp-block-column-is-layout-flow\"><\/div>\n<\/div>\n\n\n\n<div style=\"height:60px\" aria-hidden=\"true\" class=\"wp-block-spacer\"><\/div>\n<\/div><\/div>\n\n\n\n<div class=\"wp-block-cover alignfull\"><span aria-hidden=\"true\" class=\"wp-block-cover__background has-light-clear-day-background-color has-background-dim-100 has-background-dim\"><\/span><div class=\"wp-block-cover__inner-container is-layout-constrained wp-block-cover-is-layout-constrained\">\n<div style=\"height:100px\" aria-hidden=\"true\" class=\"wp-block-spacer\"><\/div>\n\n\n\n<div class=\"wp-block-columns has-dark-color has-text-color has-link-color wp-elements-9489362318dcd347c436fc16c5d008ca is-layout-flex wp-container-core-columns-is-layout-9d6595d7 wp-block-columns-is-layout-flex\">\n<div class=\"wp-block-column is-vertically-aligned-top is-layout-flow wp-block-column-is-layout-flow\">\n<h2 class=\"wp-block-heading\">Cruisevinnan \u00ed T\u00f3rshavn<\/h2>\n<\/div>\n\n\n\n<div class=\"wp-block-column is-vertically-aligned-top is-layout-flow wp-block-column-is-layout-flow\">\n<p>F\u00f8roysk fer\u00f0avinna skal vera bur\u00f0ardygg. Hetta fevnir sj\u00e1lvandi eisini um cruise-fer\u00f0avinnuna. Vit hava \u00e1 sumri 2023 fingi\u00f0 eitt samstarv \u00ed lag vi\u00f0 T\u00f3rshavnar havn, sum sn\u00fdr seg um, at T\u00f3rshavnar havn ver\u00f0ur vi\u00f0 \u00ed EPI (EPI stendur fyri<em> Environmental Port Index<\/em>, i\u00f0 er ein skipan, sum kannar, hvussu havnir og skip fara vi\u00f0 umhv\u00f8rvinum).<\/p>\n\n\n\n<h4 class=\"wp-block-heading\">Um t\u00fa vil s\u00edggja ta\u00f0 fulla yvirliti\u00f0 av komandi cruisevitjanum, tr\u00fdst <a href=\"https:\/\/www.portoftorshavn.com\/en\/cruise-ships\/cruise-calls-en#cruisecalls%20#fer%C3%B0amannaskip\">her<\/a>. <\/h4>\n\n\n\n<p><em>GG: Hetta yvirliti\u00f0 kann broytast vegna ve\u00f0ur og a\u00f0rar umst\u00f8\u00f0ur.<\/em><\/p>\n\n\n\n<div style=\"height:100px\" aria-hidden=\"true\" class=\"wp-block-spacer\"><\/div>\n<\/div>\n<\/div>\n<\/div><\/div>\n\n\n\n<div style=\"height:100px\" aria-hidden=\"true\" class=\"wp-block-spacer\"><\/div>\n\n\n\n<div class=\"wp-block-columns is-layout-flex wp-container-core-columns-is-layout-9d6595d7 wp-block-columns-is-layout-flex\">\n<div class=\"wp-block-column is-layout-flow wp-block-column-is-layout-flow\">\n<div id=\"shortcuts_block_3bcca7a09ed2872e17b36c3e052b4785\" class=\"lunnar-shortcuts\">\n    \n                        <div class=\"shortcuts-swiper\">\n            \n            \n                            <div class=\"swiper-wrapper\">\n                \n                \n                                                                <a href=\"https:\/\/www.portoftorshavn.com\/en\/cruise-ships\/cruise-calls\" target=\"\" class=\"shortcut-card swiper-slide small-card is-visible\">\n                            <div class=\"shortcut-card--image\">\n                                                                    <img decoding=\"async\" data-src=\"https:\/\/www.visittorshavn.fo\/wp-content\/smush-webp\/2025\/07\/18aug24_B3A3524.jpg.webp\" width=\"534\" height=\"50% 50%\" style=\"--smush-placeholder-width: 1600px; --smush-placeholder-aspect-ratio: 1600\/1067;object-position:800;\" src=\"data:image\/svg+xml;base64,PHN2ZyB3aWR0aD0iMSIgaGVpZ2h0PSIxIiB4bWxucz0iaHR0cDovL3d3dy53My5vcmcvMjAwMC9zdmciPjwvc3ZnPg==\" class=\"lazyload\" data-srcset=\"https:\/\/www.visittorshavn.fo\/wp-content\/smush-webp\/2025\/07\/18aug24_B3A3524.jpg.webp 1600w, https:\/\/www.visittorshavn.fo\/wp-content\/smush-webp\/2025\/07\/18aug24_B3A3524-800x534.jpg.webp 800w, https:\/\/www.visittorshavn.fo\/wp-content\/smush-webp\/2025\/07\/18aug24_B3A3524-1200x800.jpg.webp 1200w, https:\/\/www.visittorshavn.fo\/wp-content\/smush-webp\/2025\/07\/18aug24_B3A3524-768x512.jpg.webp 768w, https:\/\/www.visittorshavn.fo\/wp-content\/smush-webp\/2025\/07\/18aug24_B3A3524-1536x1024.jpg.webp 1536w, https:\/\/www.visittorshavn.fo\/wp-content\/smush-webp\/2025\/07\/18aug24_B3A3524-1320x880.jpg.webp 1320w, https:\/\/www.visittorshavn.fo\/wp-content\/smush-webp\/2025\/07\/18aug24_B3A3524-600x400.jpg.webp 600w\" data-sizes=\"auto\" data-original-sizes=\"(max-width: 534px) 100vw, 534px\">\n                                                            <\/div>\n\n                            <div class=\"shortcut-card--content\">\n                                <div class=\"shortcut-icon--top\">\n                                    <img decoding=\"async\" src=\"https:\/\/www.visittorshavn.fo\/wp-content\/themes\/lunnar-visittorshavn\/images\/icon-arrow.svg\" class=\"injectable\" \/>                                <\/div>\n\n                                \n                                <div class=\"shortcut-text\">\n                                                                            <h3>\n                                            Port of T\u00f3rshavn                                        <\/h3>\n                                    \n                                                                    <\/div>\n                            <\/div>\n                        <\/a>\n                                    \n                \n                                <\/div>\n\n                            <\/div>\n            <\/div><\/div>\n\n\n\n<div class=\"wp-block-column is-layout-flow wp-block-column-is-layout-flow\">\n<p>T\u00f3rshavnar havn er st\u00f8rsta og skundmiklasta havnin \u00ed landinum.<\/p>\n\n\n\n<p>Sum ein bl\u00f3mandi havn vi\u00f0 altj\u00f3\u00f0a \u00fats\u00fdni bj\u00f3\u00f0ar T\u00f3rshavnar havn eina fram\u00farskarandi samanseting av dygdarg\u00f3\u00f0um sj\u00f3vinnutilbo\u00f0um og serkunnleika.<\/p>\n\n\n\n<p>Havnin hevur havt hepni sum st\u00f8\u00f0i vi\u00f0 nor\u00f0uratlantisku fiskiflotunum og er mi\u00f0depil fyri konteynarafer\u00f0slu, ferjusigling og alsamt vaksandi fer\u00f0slu fr\u00e1 fer\u00f0amannaskipum.<\/p>\n\n\n\n<p>Les meira um T\u00f3rshavnar havn og cruisevitjanir <a href=\"https:\/\/www.portoftorshavn.com\/\">her<\/a>.<\/p>\n<\/div>\n<\/div>\n\n\n\n<div style=\"height:100px\" aria-hidden=\"true\" class=\"wp-block-spacer\"><\/div>\n\n\n\n<div class=\"wp-block-cover alignwide\"><span aria-hidden=\"true\" class=\"wp-block-cover__background has-sunshine-background-color has-background-dim-100 has-background-dim\"><\/span><div class=\"wp-block-cover__inner-container is-layout-constrained wp-block-cover-is-layout-constrained\">\n<div class=\"wp-block-columns has-dark-color has-text-color has-link-color wp-elements-b3c941a399bfb6b1bf5bab8331859efe is-layout-flex wp-container-core-columns-is-layout-9d6595d7 wp-block-columns-is-layout-flex\">\n<div class=\"wp-block-column is-layout-flow wp-block-column-is-layout-flow\">\n<div style=\"height:100px\" aria-hidden=\"true\" class=\"wp-block-spacer\"><\/div>\n\n\n\n<h2 class=\"wp-block-heading has-text-align-center\">Vilt t\u00fa vita meira?<\/h2>\n\n\n\n<h2 class=\"wp-block-heading has-text-align-center\">Tosa vi\u00f0 okkum<\/h2>\n\n\n\n<p class=\"has-text-align-center\">T\u00fa er alt\u00ed\u00f0 v\u00e6lkomin at seta teg \u00ed samband vi\u00f0 okkum um t\u00fa hevur nakrar spurningar.<\/p>\n<\/div>\n\n\n\n<div class=\"wp-block-column is-layout-flow wp-block-column-is-layout-flow\">\n<div style=\"height:100px\" aria-hidden=\"true\" class=\"wp-block-spacer\"><\/div>\n\n\n\n<figure class=\"wp-block-image size-large\"><img decoding=\"async\" width=\"1200\" height=\"675\" data-src=\"https:\/\/www.visittorshavn.fo\/wp-content\/smush-webp\/2025\/07\/18aug21_B3A3855b-1200x675.jpg.webp\" alt=\"\" class=\"wp-image-126271 lazyload\" data-srcset=\"https:\/\/www.visittorshavn.fo\/wp-content\/smush-webp\/2025\/07\/18aug21_B3A3855b-1200x675.jpg.webp 1200w, https:\/\/www.visittorshavn.fo\/wp-content\/smush-webp\/2025\/07\/18aug21_B3A3855b-800x450.jpg.webp 800w, https:\/\/www.visittorshavn.fo\/wp-content\/smush-webp\/2025\/07\/18aug21_B3A3855b-768x432.jpg.webp 768w, https:\/\/www.visittorshavn.fo\/wp-content\/smush-webp\/2025\/07\/18aug21_B3A3855b-1536x864.jpg.webp 1536w, https:\/\/www.visittorshavn.fo\/wp-content\/smush-webp\/2025\/07\/18aug21_B3A3855b-2048x1152.jpg.webp 2048w, https:\/\/www.visittorshavn.fo\/wp-content\/smush-webp\/2025\/07\/18aug21_B3A3855b-1320x743.jpg.webp 1320w, https:\/\/www.visittorshavn.fo\/wp-content\/smush-webp\/2025\/07\/18aug21_B3A3855b-600x338.jpg.webp 600w\" data-sizes=\"auto\" src=\"data:image\/svg+xml;base64,PHN2ZyB3aWR0aD0iMSIgaGVpZ2h0PSIxIiB4bWxucz0iaHR0cDovL3d3dy53My5vcmcvMjAwMC9zdmciPjwvc3ZnPg==\" style=\"--smush-placeholder-width: 1200px; --smush-placeholder-aspect-ratio: 1200\/675;\" data-original-sizes=\"(max-width: 1200px) 100vw, 1200px\" \/><\/figure>\n\n\n\n<h3 class=\"wp-block-heading\"><strong>Visit T\u00f3rshavn<\/strong><\/h3>\n\n\n\n<p>Niels Finsensg\u00f8ta 17<\/p>\n\n\n\n<p>100 T\u00f3rshavn<\/p>\n\n\n\n<p>+298 302425<\/p>\n\n\n\n<p><a href=\"mailto:torsinfo@torshavn.fo\">torsinfo@torshavn.fo<\/a><\/p>\n\n\n\n<div style=\"height:50px\" aria-hidden=\"true\" class=\"wp-block-spacer\"><\/div>\n<\/div>\n<\/div>\n<\/div><\/div>\n\n\n\n<div style=\"height:200px\" aria-hidden=\"true\" class=\"wp-block-spacer\"><\/div>\n","protected":false},"excerpt":{"rendered":"<p>T\u00f3rshavnar havn er st\u00f8rsta og skundmiklasta havnin \u00ed landinum. Sum ein bl\u00f3mandi havn vi\u00f0 altj\u00f3\u00f0a \u00fats\u00fdni bj\u00f3\u00f0ar T\u00f3rshavnar havn eina fram\u00farskarandi samanseting av dygdarg\u00f3\u00f0um sj\u00f3vinnutilbo\u00f0um og serkunnleika. Havnin hevur havt [&hellip;]<\/p>\n","protected":false},"author":4,"featured_media":16188,"parent":0,"menu_order":0,"comment_status":"closed","ping_status":"closed","template":"","meta":{"_acf_changed":false,"footnotes":""},"page_category":[],"class_list":["post-13521","page","type-page","status-publish","has-post-thumbnail","hentry"],"acf":[],"yoast_head":"<!-- This site is optimized with the Yoast SEO plugin v27.5 - https:\/\/yoast.com\/product\/yoast-seo-wordpress\/ -->\n<title>Cruise - Visit Torshavn<\/title>\n<meta name=\"robots\" content=\"index, follow, max-snippet:-1, max-image-preview:large, max-video-preview:-1\" \/>\n<link rel=\"canonical\" href=\"https:\/\/www.visittorshavn.fo\/fo\/cruise\/\" \/>\n<meta property=\"og:locale\" content=\"fo_FO\" \/>\n<meta property=\"og:type\" content=\"article\" \/>\n<meta property=\"og:title\" content=\"Cruise - Visit Torshavn\" \/>\n<meta property=\"og:description\" content=\"T\u00f3rshavnar havn er st\u00f8rsta og skundmiklasta havnin \u00ed landinum. Sum ein bl\u00f3mandi havn vi\u00f0 altj\u00f3\u00f0a \u00fats\u00fdni bj\u00f3\u00f0ar T\u00f3rshavnar havn eina fram\u00farskarandi samanseting av dygdarg\u00f3\u00f0um sj\u00f3vinnutilbo\u00f0um og serkunnleika. Havnin hevur havt [&hellip;]\" \/>\n<meta property=\"og:url\" content=\"https:\/\/www.visittorshavn.fo\/fo\/cruise\/\" \/>\n<meta property=\"og:site_name\" content=\"Visit Torshavn\" \/>\n<meta property=\"article:modified_time\" content=\"2025-08-12T15:24:04+00:00\" \/>\n<meta property=\"og:image\" content=\"https:\/\/www.visittorshavn.fo\/wp-content\/uploads\/2024\/09\/18aug24_84A3368.jpg\" \/>\n\t<meta property=\"og:image:width\" content=\"1600\" \/>\n\t<meta property=\"og:image:height\" content=\"1067\" \/>\n\t<meta property=\"og:image:type\" content=\"image\/jpeg\" \/>\n<meta name=\"twitter:card\" content=\"summary_large_image\" \/>\n<meta name=\"twitter:label1\" content=\"Est. reading time\" \/>\n\t<meta name=\"twitter:data1\" content=\"2 minutes\" \/>\n<script type=\"application\/ld+json\" class=\"yoast-schema-graph\">{\"@context\":\"https:\\\/\\\/schema.org\",\"@graph\":[{\"@type\":\"WebPage\",\"@id\":\"https:\\\/\\\/www.visittorshavn.fo\\\/fo\\\/cruise\\\/\",\"url\":\"https:\\\/\\\/www.visittorshavn.fo\\\/fo\\\/cruise\\\/\",\"name\":\"Cruise - Visit Torshavn\",\"isPartOf\":{\"@id\":\"https:\\\/\\\/www.visittorshavn.fo\\\/fo\\\/#website\"},\"primaryImageOfPage\":{\"@id\":\"https:\\\/\\\/www.visittorshavn.fo\\\/fo\\\/cruise\\\/#primaryimage\"},\"image\":{\"@id\":\"https:\\\/\\\/www.visittorshavn.fo\\\/fo\\\/cruise\\\/#primaryimage\"},\"thumbnailUrl\":\"https:\\\/\\\/www.visittorshavn.fo\\\/wp-content\\\/uploads\\\/2024\\\/09\\\/18aug24_84A3368.jpg\",\"datePublished\":\"2024-08-30T15:21:45+00:00\",\"dateModified\":\"2025-08-12T15:24:04+00:00\",\"breadcrumb\":{\"@id\":\"https:\\\/\\\/www.visittorshavn.fo\\\/fo\\\/cruise\\\/#breadcrumb\"},\"inLanguage\":\"fo-FO\",\"potentialAction\":[{\"@type\":\"ReadAction\",\"target\":[\"https:\\\/\\\/www.visittorshavn.fo\\\/fo\\\/cruise\\\/\"]}]},{\"@type\":\"ImageObject\",\"inLanguage\":\"fo-FO\",\"@id\":\"https:\\\/\\\/www.visittorshavn.fo\\\/fo\\\/cruise\\\/#primaryimage\",\"url\":\"https:\\\/\\\/www.visittorshavn.fo\\\/wp-content\\\/uploads\\\/2024\\\/09\\\/18aug24_84A3368.jpg\",\"contentUrl\":\"https:\\\/\\\/www.visittorshavn.fo\\\/wp-content\\\/uploads\\\/2024\\\/09\\\/18aug24_84A3368.jpg\",\"width\":1600,\"height\":1067},{\"@type\":\"BreadcrumbList\",\"@id\":\"https:\\\/\\\/www.visittorshavn.fo\\\/fo\\\/cruise\\\/#breadcrumb\",\"itemListElement\":[{\"@type\":\"ListItem\",\"position\":1,\"name\":\"Home\",\"item\":\"https:\\\/\\\/www.visittorshavn.fo\\\/fo\\\/\"},{\"@type\":\"ListItem\",\"position\":2,\"name\":\"Cruise\"}]},{\"@type\":\"WebSite\",\"@id\":\"https:\\\/\\\/www.visittorshavn.fo\\\/fo\\\/#website\",\"url\":\"https:\\\/\\\/www.visittorshavn.fo\\\/fo\\\/\",\"name\":\"Visit Torshavn\",\"description\":\"\",\"potentialAction\":[{\"@type\":\"SearchAction\",\"target\":{\"@type\":\"EntryPoint\",\"urlTemplate\":\"https:\\\/\\\/www.visittorshavn.fo\\\/fo\\\/?s={search_term_string}\"},\"query-input\":{\"@type\":\"PropertyValueSpecification\",\"valueRequired\":true,\"valueName\":\"search_term_string\"}}],\"inLanguage\":\"fo-FO\"}]}<\/script>\n<!-- \/ Yoast SEO plugin. -->","yoast_head_json":{"title":"Cruise - Visit Torshavn","robots":{"index":"index","follow":"follow","max-snippet":"max-snippet:-1","max-image-preview":"max-image-preview:large","max-video-preview":"max-video-preview:-1"},"canonical":"https:\/\/www.visittorshavn.fo\/fo\/cruise\/","og_locale":"fo_FO","og_type":"article","og_title":"Cruise - Visit Torshavn","og_description":"T\u00f3rshavnar havn er st\u00f8rsta og skundmiklasta havnin \u00ed landinum. Sum ein bl\u00f3mandi havn vi\u00f0 altj\u00f3\u00f0a \u00fats\u00fdni bj\u00f3\u00f0ar T\u00f3rshavnar havn eina fram\u00farskarandi samanseting av dygdarg\u00f3\u00f0um sj\u00f3vinnutilbo\u00f0um og serkunnleika. Havnin hevur havt [&hellip;]","og_url":"https:\/\/www.visittorshavn.fo\/fo\/cruise\/","og_site_name":"Visit Torshavn","article_modified_time":"2025-08-12T15:24:04+00:00","og_image":[{"width":1600,"height":1067,"url":"https:\/\/www.visittorshavn.fo\/wp-content\/uploads\/2024\/09\/18aug24_84A3368.jpg","type":"image\/jpeg"}],"twitter_card":"summary_large_image","twitter_misc":{"Est. reading time":"2 minutes"},"schema":{"@context":"https:\/\/schema.org","@graph":[{"@type":"WebPage","@id":"https:\/\/www.visittorshavn.fo\/fo\/cruise\/","url":"https:\/\/www.visittorshavn.fo\/fo\/cruise\/","name":"Cruise - Visit Torshavn","isPartOf":{"@id":"https:\/\/www.visittorshavn.fo\/fo\/#website"},"primaryImageOfPage":{"@id":"https:\/\/www.visittorshavn.fo\/fo\/cruise\/#primaryimage"},"image":{"@id":"https:\/\/www.visittorshavn.fo\/fo\/cruise\/#primaryimage"},"thumbnailUrl":"https:\/\/www.visittorshavn.fo\/wp-content\/uploads\/2024\/09\/18aug24_84A3368.jpg","datePublished":"2024-08-30T15:21:45+00:00","dateModified":"2025-08-12T15:24:04+00:00","breadcrumb":{"@id":"https:\/\/www.visittorshavn.fo\/fo\/cruise\/#breadcrumb"},"inLanguage":"fo-FO","potentialAction":[{"@type":"ReadAction","target":["https:\/\/www.visittorshavn.fo\/fo\/cruise\/"]}]},{"@type":"ImageObject","inLanguage":"fo-FO","@id":"https:\/\/www.visittorshavn.fo\/fo\/cruise\/#primaryimage","url":"https:\/\/www.visittorshavn.fo\/wp-content\/uploads\/2024\/09\/18aug24_84A3368.jpg","contentUrl":"https:\/\/www.visittorshavn.fo\/wp-content\/uploads\/2024\/09\/18aug24_84A3368.jpg","width":1600,"height":1067},{"@type":"BreadcrumbList","@id":"https:\/\/www.visittorshavn.fo\/fo\/cruise\/#breadcrumb","itemListElement":[{"@type":"ListItem","position":1,"name":"Home","item":"https:\/\/www.visittorshavn.fo\/fo\/"},{"@type":"ListItem","position":2,"name":"Cruise"}]},{"@type":"WebSite","@id":"https:\/\/www.visittorshavn.fo\/fo\/#website","url":"https:\/\/www.visittorshavn.fo\/fo\/","name":"Visit Torshavn","description":"","potentialAction":[{"@type":"SearchAction","target":{"@type":"EntryPoint","urlTemplate":"https:\/\/www.visittorshavn.fo\/fo\/?s={search_term_string}"},"query-input":{"@type":"PropertyValueSpecification","valueRequired":true,"valueName":"search_term_string"}}],"inLanguage":"fo-FO"}]}},"_links":{"self":[{"href":"https:\/\/www.visittorshavn.fo\/fo\/wp-json\/wp\/v2\/pages\/13521","targetHints":{"allow":["GET"]}}],"collection":[{"href":"https:\/\/www.visittorshavn.fo\/fo\/wp-json\/wp\/v2\/pages"}],"about":[{"href":"https:\/\/www.visittorshavn.fo\/fo\/wp-json\/wp\/v2\/types\/page"}],"author":[{"embeddable":true,"href":"https:\/\/www.visittorshavn.fo\/fo\/wp-json\/wp\/v2\/users\/4"}],"replies":[{"embeddable":true,"href":"https:\/\/www.visittorshavn.fo\/fo\/wp-json\/wp\/v2\/comments?post=13521"}],"version-history":[{"count":0,"href":"https:\/\/www.visittorshavn.fo\/fo\/wp-json\/wp\/v2\/pages\/13521\/revisions"}],"wp:featuredmedia":[{"embeddable":true,"href":"https:\/\/www.visittorshavn.fo\/fo\/wp-json\/wp\/v2\/media\/16188"}],"wp:attachment":[{"href":"https:\/\/www.visittorshavn.fo\/fo\/wp-json\/wp\/v2\/media?parent=13521"}],"wp:term":[{"taxonomy":"page_category","embeddable":true,"href":"https:\/\/www.visittorshavn.fo\/fo\/wp-json\/wp\/v2\/page_category?post=13521"}],"curies":[{"name":"wp","href":"https:\/\/api.w.org\/{rel}","templated":true}]}}