{"id":13538,"date":"2024-04-17T15:20:48","date_gmt":"2024-04-17T14:20:48","guid":{"rendered":"https:\/\/www.visittorshavn.fo\/?page_id=13538"},"modified":"2025-08-12T15:02:05","modified_gmt":"2025-08-12T14:02:05","slug":"bronsj","status":"publish","type":"page","link":"https:\/\/www.visittorshavn.fo\/fo\/bronsj\/","title":{"rendered":"Bronsj"},"content":{"rendered":"\n<div class=\"wp-block-cover alignfull is-light has-custom-content-position is-position-bottom-center\" style=\"min-height:690px;aspect-ratio:unset;\"><img decoding=\"async\" class=\"wp-block-cover__image-background wp-image-126518 size-large smush-dimensions lazyload\" alt=\"\" data-src=\"https:\/\/www.visittorshavn.fo\/wp-content\/smush-webp\/2025\/07\/IH-05031-1200x800.jpg.webp\" data-object-fit=\"cover\" width=\"1200\" style=\"--smush-image-width: 1200px; --smush-image-aspect-ratio: 1200\/800;\" src=\"data:image\/svg+xml;base64,PHN2ZyB3aWR0aD0iMSIgaGVpZ2h0PSIxIiB4bWxucz0iaHR0cDovL3d3dy53My5vcmcvMjAwMC9zdmciPjwvc3ZnPg==\" \/><span aria-hidden=\"true\" class=\"wp-block-cover__background has-background-dim\" style=\"background-color:#8f8b89\"><\/span><div class=\"wp-block-cover__inner-container is-layout-constrained wp-block-cover-is-layout-constrained\">\n<div class=\"wp-block-columns alignwide is-layout-flex wp-container-core-columns-is-layout-9d6595d7 wp-block-columns-is-layout-flex\">\n<div class=\"wp-block-column is-layout-flow wp-block-column-is-layout-flow\">\n<div id=\"breadcrumbs_block_5908496e12a37f947bbc5baf5e2624bf\" class=\"lunnar-breadcrumbs\">\n            <div class=\"lunnar-breadcrumbs\"><ul><\/ul><\/div>    <\/div>\n\n\n<h1 class=\"wp-block-heading has-background-color has-text-color has-link-color wp-elements-f5e2e33970616aaf2be020d6d866f9e7\">Bronsj<\/h1>\n<\/div>\n\n\n\n<div class=\"wp-block-column is-layout-flow wp-block-column-is-layout-flow\"><\/div>\n<\/div>\n\n\n\n<div style=\"height:60px\" aria-hidden=\"true\" class=\"wp-block-spacer\"><\/div>\n\n\n\n<p class=\"has-background-color has-text-color has-link-color wp-elements-a0d319cac1e3509e75a472d38878a987\">Mynd: Ingrid Hofstra \/ Visit Faroe Islands<\/p>\n<\/div><\/div>\n\n\n\n<div class=\"wp-block-group alignfull has-dark-color has-sunshine-background-color has-text-color has-background has-link-color wp-elements-8abae82aefcb0a887df73babafa358ab is-layout-constrained wp-block-group-is-layout-constrained\">\n<div style=\"height:100px\" aria-hidden=\"true\" class=\"wp-block-spacer\"><\/div>\n\n\n\n<div class=\"wp-block-columns is-layout-flex wp-container-core-columns-is-layout-9d6595d7 wp-block-columns-is-layout-flex\">\n<div class=\"wp-block-column is-layout-flow wp-block-column-is-layout-flow\" style=\"flex-basis:33.33%\">\n<h2 class=\"wp-block-heading has-dark-color has-text-color has-link-color wp-elements-e2b30799787b35ec92b617131126045d\">T\u00ed\u00f0 til Bronsj<\/h2>\n<\/div>\n\n\n\n<div class=\"wp-block-column is-layout-flow wp-block-column-is-layout-flow\" style=\"flex-basis:66.66%\">\n<p class=\"has-dark-color has-text-color has-link-color wp-elements-57fcce427087b8dbe469255a98795c6f\">T\u00e1 i\u00f0 vit eta morgunmat, so k\u00edla vit matin \u00ed okkum og fl\u00fagva \u00fat gj\u00f8gnum hur\u00f0ina til arbei\u00f0is ella \u00ed sk\u00fala. Solei\u00f0is er ikki vi\u00f0 bronsj. Her fara vit ni\u00f0ur \u00ed fer\u00f0 og veruliga nj\u00f3ta matin og l\u00f8tuna saman. \u00cd Havn kappast matstovurnar um at sp\u00edla seg \u00fat vi\u00f0 t\u00ed besta bronsj.<\/p>\n<\/div>\n<\/div>\n\n\n\n<div style=\"height:100px\" aria-hidden=\"true\" class=\"wp-block-spacer\"><\/div>\n<\/div>\n\n\n\n<div class=\"wp-block-columns is-layout-flex wp-container-core-columns-is-layout-9d6595d7 wp-block-columns-is-layout-flex\">\n<div class=\"wp-block-column is-vertically-aligned-top is-layout-flow wp-block-column-is-layout-flow\"><\/div>\n\n\n\n<div class=\"wp-block-column is-vertically-aligned-top is-layout-flow wp-block-column-is-layout-flow\"><\/div>\n<\/div>\n\n\n\n<div style=\"height:100px\" aria-hidden=\"true\" class=\"wp-block-spacer\"><\/div>\n\n\n\n<h2 class=\"wp-block-heading alignwide\">F\u00e1 \u00edbl\u00e1stur her<\/h2>\n\n\n\n<div id=\"locations_block_5390e6890ffa83c1fc0901ed9ad19215\" class=\"lunnar-locations alignwide\">\n    \n    <\/div>\n\n\n<div style=\"height:200px\" aria-hidden=\"true\" class=\"wp-block-spacer\"><\/div>\n","protected":false},"excerpt":{"rendered":"<p>T\u00ed\u00f0 til Bronsj T\u00e1 i\u00f0 vit eta morgunmat, so k\u00edla vit matin \u00ed okkum og fl\u00fagva \u00fat gj\u00f8gnum hur\u00f0ina til arbei\u00f0is ella \u00ed sk\u00fala. Solei\u00f0is er ikki vi\u00f0 bronsj. Her [&hellip;]<\/p>\n","protected":false},"author":4,"featured_media":126518,"parent":0,"menu_order":0,"comment_status":"closed","ping_status":"closed","template":"","meta":{"_acf_changed":false,"footnotes":""},"page_category":[],"class_list":["post-13538","page","type-page","status-publish","has-post-thumbnail","hentry"],"acf":[],"yoast_head":"<!-- This site is optimized with the Yoast SEO plugin v27.4 - https:\/\/yoast.com\/product\/yoast-seo-wordpress\/ -->\n<title>Bronsj - Visit Torshavn<\/title>\n<meta name=\"robots\" content=\"index, follow, max-snippet:-1, max-image-preview:large, max-video-preview:-1\" \/>\n<link rel=\"canonical\" href=\"https:\/\/www.visittorshavn.fo\/fo\/bronsj\/\" \/>\n<meta property=\"og:locale\" content=\"fo_FO\" \/>\n<meta property=\"og:type\" content=\"article\" \/>\n<meta property=\"og:title\" content=\"Bronsj - Visit Torshavn\" \/>\n<meta property=\"og:description\" content=\"T\u00ed\u00f0 til Bronsj T\u00e1 i\u00f0 vit eta morgunmat, so k\u00edla vit matin \u00ed okkum og fl\u00fagva \u00fat gj\u00f8gnum hur\u00f0ina til arbei\u00f0is ella \u00ed sk\u00fala. Solei\u00f0is er ikki vi\u00f0 bronsj. Her [&hellip;]\" \/>\n<meta property=\"og:url\" content=\"https:\/\/www.visittorshavn.fo\/fo\/bronsj\/\" \/>\n<meta property=\"og:site_name\" content=\"Visit Torshavn\" \/>\n<meta property=\"article:modified_time\" content=\"2025-08-12T14:02:05+00:00\" \/>\n<meta property=\"og:image\" content=\"https:\/\/www.visittorshavn.fo\/wp-content\/uploads\/2025\/07\/IH-05031-1200x800.jpg\" \/>\n\t<meta property=\"og:image:width\" content=\"1200\" \/>\n\t<meta property=\"og:image:height\" content=\"800\" \/>\n\t<meta property=\"og:image:type\" content=\"image\/jpeg\" \/>\n<meta name=\"twitter:card\" content=\"summary_large_image\" \/>\n<meta name=\"twitter:label1\" content=\"Est. reading time\" \/>\n\t<meta name=\"twitter:data1\" content=\"1 minute\" \/>\n<script type=\"application\/ld+json\" class=\"yoast-schema-graph\">{\"@context\":\"https:\\\/\\\/schema.org\",\"@graph\":[{\"@type\":\"WebPage\",\"@id\":\"https:\\\/\\\/www.visittorshavn.fo\\\/fo\\\/bronsj\\\/\",\"url\":\"https:\\\/\\\/www.visittorshavn.fo\\\/fo\\\/bronsj\\\/\",\"name\":\"Bronsj - Visit Torshavn\",\"isPartOf\":{\"@id\":\"https:\\\/\\\/www.visittorshavn.fo\\\/fo\\\/#website\"},\"primaryImageOfPage\":{\"@id\":\"https:\\\/\\\/www.visittorshavn.fo\\\/fo\\\/bronsj\\\/#primaryimage\"},\"image\":{\"@id\":\"https:\\\/\\\/www.visittorshavn.fo\\\/fo\\\/bronsj\\\/#primaryimage\"},\"thumbnailUrl\":\"https:\\\/\\\/www.visittorshavn.fo\\\/wp-content\\\/uploads\\\/2025\\\/07\\\/IH-05031.jpg\",\"datePublished\":\"2024-04-17T14:20:48+00:00\",\"dateModified\":\"2025-08-12T14:02:05+00:00\",\"breadcrumb\":{\"@id\":\"https:\\\/\\\/www.visittorshavn.fo\\\/fo\\\/bronsj\\\/#breadcrumb\"},\"inLanguage\":\"fo-FO\",\"potentialAction\":[{\"@type\":\"ReadAction\",\"target\":[\"https:\\\/\\\/www.visittorshavn.fo\\\/fo\\\/bronsj\\\/\"]}]},{\"@type\":\"ImageObject\",\"inLanguage\":\"fo-FO\",\"@id\":\"https:\\\/\\\/www.visittorshavn.fo\\\/fo\\\/bronsj\\\/#primaryimage\",\"url\":\"https:\\\/\\\/www.visittorshavn.fo\\\/wp-content\\\/uploads\\\/2025\\\/07\\\/IH-05031.jpg\",\"contentUrl\":\"https:\\\/\\\/www.visittorshavn.fo\\\/wp-content\\\/uploads\\\/2025\\\/07\\\/IH-05031.jpg\",\"width\":2560,\"height\":1708,\"caption\":\"Photo: Ingrid Hofstra \\\/ @ingridhofstra\"},{\"@type\":\"BreadcrumbList\",\"@id\":\"https:\\\/\\\/www.visittorshavn.fo\\\/fo\\\/bronsj\\\/#breadcrumb\",\"itemListElement\":[{\"@type\":\"ListItem\",\"position\":1,\"name\":\"Home\",\"item\":\"https:\\\/\\\/www.visittorshavn.fo\\\/fo\\\/\"},{\"@type\":\"ListItem\",\"position\":2,\"name\":\"Bronsj\"}]},{\"@type\":\"WebSite\",\"@id\":\"https:\\\/\\\/www.visittorshavn.fo\\\/fo\\\/#website\",\"url\":\"https:\\\/\\\/www.visittorshavn.fo\\\/fo\\\/\",\"name\":\"Visit Torshavn\",\"description\":\"\",\"potentialAction\":[{\"@type\":\"SearchAction\",\"target\":{\"@type\":\"EntryPoint\",\"urlTemplate\":\"https:\\\/\\\/www.visittorshavn.fo\\\/fo\\\/?s={search_term_string}\"},\"query-input\":{\"@type\":\"PropertyValueSpecification\",\"valueRequired\":true,\"valueName\":\"search_term_string\"}}],\"inLanguage\":\"fo-FO\"}]}<\/script>\n<!-- \/ Yoast SEO plugin. -->","yoast_head_json":{"title":"Bronsj - Visit Torshavn","robots":{"index":"index","follow":"follow","max-snippet":"max-snippet:-1","max-image-preview":"max-image-preview:large","max-video-preview":"max-video-preview:-1"},"canonical":"https:\/\/www.visittorshavn.fo\/fo\/bronsj\/","og_locale":"fo_FO","og_type":"article","og_title":"Bronsj - Visit Torshavn","og_description":"T\u00ed\u00f0 til Bronsj T\u00e1 i\u00f0 vit eta morgunmat, so k\u00edla vit matin \u00ed okkum og fl\u00fagva \u00fat gj\u00f8gnum hur\u00f0ina til arbei\u00f0is ella \u00ed sk\u00fala. Solei\u00f0is er ikki vi\u00f0 bronsj. Her [&hellip;]","og_url":"https:\/\/www.visittorshavn.fo\/fo\/bronsj\/","og_site_name":"Visit Torshavn","article_modified_time":"2025-08-12T14:02:05+00:00","og_image":[{"width":1200,"height":800,"url":"https:\/\/www.visittorshavn.fo\/wp-content\/uploads\/2025\/07\/IH-05031-1200x800.jpg","type":"image\/jpeg"}],"twitter_card":"summary_large_image","twitter_misc":{"Est. reading time":"1 minute"},"schema":{"@context":"https:\/\/schema.org","@graph":[{"@type":"WebPage","@id":"https:\/\/www.visittorshavn.fo\/fo\/bronsj\/","url":"https:\/\/www.visittorshavn.fo\/fo\/bronsj\/","name":"Bronsj - Visit Torshavn","isPartOf":{"@id":"https:\/\/www.visittorshavn.fo\/fo\/#website"},"primaryImageOfPage":{"@id":"https:\/\/www.visittorshavn.fo\/fo\/bronsj\/#primaryimage"},"image":{"@id":"https:\/\/www.visittorshavn.fo\/fo\/bronsj\/#primaryimage"},"thumbnailUrl":"https:\/\/www.visittorshavn.fo\/wp-content\/uploads\/2025\/07\/IH-05031.jpg","datePublished":"2024-04-17T14:20:48+00:00","dateModified":"2025-08-12T14:02:05+00:00","breadcrumb":{"@id":"https:\/\/www.visittorshavn.fo\/fo\/bronsj\/#breadcrumb"},"inLanguage":"fo-FO","potentialAction":[{"@type":"ReadAction","target":["https:\/\/www.visittorshavn.fo\/fo\/bronsj\/"]}]},{"@type":"ImageObject","inLanguage":"fo-FO","@id":"https:\/\/www.visittorshavn.fo\/fo\/bronsj\/#primaryimage","url":"https:\/\/www.visittorshavn.fo\/wp-content\/uploads\/2025\/07\/IH-05031.jpg","contentUrl":"https:\/\/www.visittorshavn.fo\/wp-content\/uploads\/2025\/07\/IH-05031.jpg","width":2560,"height":1708,"caption":"Photo: Ingrid Hofstra \/ @ingridhofstra"},{"@type":"BreadcrumbList","@id":"https:\/\/www.visittorshavn.fo\/fo\/bronsj\/#breadcrumb","itemListElement":[{"@type":"ListItem","position":1,"name":"Home","item":"https:\/\/www.visittorshavn.fo\/fo\/"},{"@type":"ListItem","position":2,"name":"Bronsj"}]},{"@type":"WebSite","@id":"https:\/\/www.visittorshavn.fo\/fo\/#website","url":"https:\/\/www.visittorshavn.fo\/fo\/","name":"Visit Torshavn","description":"","potentialAction":[{"@type":"SearchAction","target":{"@type":"EntryPoint","urlTemplate":"https:\/\/www.visittorshavn.fo\/fo\/?s={search_term_string}"},"query-input":{"@type":"PropertyValueSpecification","valueRequired":true,"valueName":"search_term_string"}}],"inLanguage":"fo-FO"}]}},"_links":{"self":[{"href":"https:\/\/www.visittorshavn.fo\/fo\/wp-json\/wp\/v2\/pages\/13538","targetHints":{"allow":["GET"]}}],"collection":[{"href":"https:\/\/www.visittorshavn.fo\/fo\/wp-json\/wp\/v2\/pages"}],"about":[{"href":"https:\/\/www.visittorshavn.fo\/fo\/wp-json\/wp\/v2\/types\/page"}],"author":[{"embeddable":true,"href":"https:\/\/www.visittorshavn.fo\/fo\/wp-json\/wp\/v2\/users\/4"}],"replies":[{"embeddable":true,"href":"https:\/\/www.visittorshavn.fo\/fo\/wp-json\/wp\/v2\/comments?post=13538"}],"version-history":[{"count":0,"href":"https:\/\/www.visittorshavn.fo\/fo\/wp-json\/wp\/v2\/pages\/13538\/revisions"}],"wp:featuredmedia":[{"embeddable":true,"href":"https:\/\/www.visittorshavn.fo\/fo\/wp-json\/wp\/v2\/media\/126518"}],"wp:attachment":[{"href":"https:\/\/www.visittorshavn.fo\/fo\/wp-json\/wp\/v2\/media?parent=13538"}],"wp:term":[{"taxonomy":"page_category","embeddable":true,"href":"https:\/\/www.visittorshavn.fo\/fo\/wp-json\/wp\/v2\/page_category?post=13538"}],"curies":[{"name":"wp","href":"https:\/\/api.w.org\/{rel}","templated":true}]}}