{"id":13558,"date":"2024-03-27T10:13:39","date_gmt":"2024-03-27T10:13:39","guid":{"rendered":"https:\/\/www.visittorshavn.fo\/?page_id=13558"},"modified":"2025-08-13T12:04:53","modified_gmt":"2025-08-13T11:04:53","slug":"gonguturar","status":"publish","type":"page","link":"https:\/\/www.visittorshavn.fo\/fo\/gonguturar\/","title":{"rendered":"Fjallat\u00farar"},"content":{"rendered":"\n<div class=\"wp-block-cover alignfull is-light has-custom-content-position is-position-bottom-center\" style=\"min-height:620px;aspect-ratio:unset;\"><img decoding=\"async\" width=\"1200\" height=\"800\" class=\"wp-block-cover__image-background wp-image-134081 size-large lazyload\" alt=\"\" data-src=\"https:\/\/www.visittorshavn.fo\/wp-content\/smush-webp\/2025\/07\/DSC_5835-CFM23-36-1200x800.jpg.webp\" data-object-fit=\"cover\" data-srcset=\"https:\/\/www.visittorshavn.fo\/wp-content\/smush-webp\/2025\/07\/DSC_5835-CFM23-36-1200x800.jpg.webp 1200w, https:\/\/www.visittorshavn.fo\/wp-content\/smush-webp\/2025\/07\/DSC_5835-CFM23-36-800x533.jpg.webp 800w, https:\/\/www.visittorshavn.fo\/wp-content\/smush-webp\/2025\/07\/DSC_5835-CFM23-36-768x512.jpg.webp 768w, https:\/\/www.visittorshavn.fo\/wp-content\/smush-webp\/2025\/07\/DSC_5835-CFM23-36-1536x1024.jpg.webp 1536w, https:\/\/www.visittorshavn.fo\/wp-content\/uploads\/2025\/07\/DSC_5835-CFM23-36-2048x1366.jpg 2048w, https:\/\/www.visittorshavn.fo\/wp-content\/smush-webp\/2025\/07\/DSC_5835-CFM23-36-1320x880.jpg.webp 1320w, https:\/\/www.visittorshavn.fo\/wp-content\/smush-webp\/2025\/07\/DSC_5835-CFM23-36-600x400.jpg.webp 600w\" data-sizes=\"auto\" src=\"data:image\/svg+xml;base64,PHN2ZyB3aWR0aD0iMSIgaGVpZ2h0PSIxIiB4bWxucz0iaHR0cDovL3d3dy53My5vcmcvMjAwMC9zdmciPjwvc3ZnPg==\" style=\"--smush-placeholder-width: 1200px; --smush-placeholder-aspect-ratio: 1200\/800;\" data-original-sizes=\"(max-width: 1200px) 100vw, 1200px\" \/><span aria-hidden=\"true\" class=\"wp-block-cover__background has-background-dim\" style=\"background-color:#7d7e7b\"><\/span><div class=\"wp-block-cover__inner-container is-layout-constrained wp-block-cover-is-layout-constrained\">\n<div class=\"wp-block-columns is-layout-flex wp-container-core-columns-is-layout-9d6595d7 wp-block-columns-is-layout-flex\">\n<div class=\"wp-block-column is-layout-flow wp-block-column-is-layout-flow\">\n<div id=\"breadcrumbs_block_238ec433272449947547cc8df669bd7c\" class=\"lunnar-breadcrumbs\">\n            <div class=\"lunnar-breadcrumbs\"><ul><\/ul><\/div>    <\/div>\n\n\n<h1 class=\"wp-block-heading has-background-color has-text-color has-link-color wp-elements-fa3526cf2ac772cfded2c913b8d060f3\">Fjallat\u00farar<\/h1>\n<\/div>\n\n\n\n<div class=\"wp-block-column is-layout-flow wp-block-column-is-layout-flow\"><\/div>\n<\/div>\n\n\n\n<div style=\"height:60px\" aria-hidden=\"true\" class=\"wp-block-spacer\"><\/div>\n\n\n\n<p class=\"has-background-color has-text-color has-link-color wp-elements-362307ac52d938d9eae58e32736c652d\">Mynd: Klara Johannesen \/ Visit Faroe Islands<\/p>\n<\/div><\/div>\n\n\n\n<div class=\"wp-block-cover alignfull\"><span aria-hidden=\"true\" class=\"wp-block-cover__background has-red-background-color has-background-dim-100 has-background-dim\"><\/span><div class=\"wp-block-cover__inner-container is-layout-constrained wp-block-cover-is-layout-constrained\">\n<div class=\"wp-block-columns is-layout-flex wp-container-core-columns-is-layout-9d6595d7 wp-block-columns-is-layout-flex\">\n<div class=\"wp-block-column is-layout-flow wp-block-column-is-layout-flow\">\n<div style=\"height:100px\" aria-hidden=\"true\" class=\"wp-block-spacer\"><\/div>\n\n\n\n<h1 class=\"wp-block-heading\">\u00dat \u00ed st\u00f3rb\u00e6ru n\u00e1tt\u00faruna<\/h1>\n<\/div>\n\n\n\n<div class=\"wp-block-column is-layout-flow wp-block-column-is-layout-flow\">\n<div style=\"height:100px\" aria-hidden=\"true\" class=\"wp-block-spacer\"><\/div>\n\n\n\n<p>T\u00e1 i\u00f0 man b\u00fdr \u00ed F\u00f8royum, kann man gloyma, hvussu vakurt her er. Men spyrt t\u00fa fer\u00f0af\u00f3lk, hvat dr\u00f3 tey henda veg, so er svari\u00f0 helst ta\u00f0 sama: n\u00e1tt\u00faran. Og ta\u00f0 er ikki l\u00f8gi\u00f0. Finst naka\u00f0 betur enn fr\u00edskligur gongut\u00far \u00ed f\u00f8roysku n\u00e1tt\u00faruni? Rossag\u00f8tan vi\u00f0 Hotel F\u00f8royar er ein lokalur favorittur. Inni \u00ed b\u00fdnum eru eisini n\u00f3gvar g\u00f8tur \u00ed at velja: Bo\u00f0anes, Hoydalar, Svartifossur. Her er okkurt til allar aldursb\u00f3lkar og allar typur.<\/p>\n\n\n\n<div style=\"height:100px\" aria-hidden=\"true\" class=\"wp-block-spacer\"><\/div>\n<\/div>\n<\/div>\n<\/div><\/div>\n\n\n\n<div style=\"height:77px\" aria-hidden=\"true\" class=\"wp-block-spacer\"><\/div>\n\n\n\n<div id=\"shortcuts_block_86f6796bee40fa956bf53f3931df59ba\" class=\"lunnar-shortcuts\">\n    \n                        <div class=\"shortcuts-swiper using-navigation\">\n            \n            \n                            <div class=\"swiper-wrapper\">\n                \n                \n                                                                <a href=\"https:\/\/whatson.fo\/hiking\/\" target=\"\" class=\"shortcut-card swiper-slide small-card is-visible\">\n                            <div class=\"shortcut-card--image\">\n                                                                    <img decoding=\"async\" data-src=\"https:\/\/www.visittorshavn.fo\/wp-content\/smush-webp\/2025\/07\/KIVA5089.jpg.webp\" width=\"800\" height=\"50% 50%\" style=\"--smush-placeholder-width: 1333px; --smush-placeholder-aspect-ratio: 1333\/2000;object-position:533;\" src=\"data:image\/svg+xml;base64,PHN2ZyB3aWR0aD0iMSIgaGVpZ2h0PSIxIiB4bWxucz0iaHR0cDovL3d3dy53My5vcmcvMjAwMC9zdmciPjwvc3ZnPg==\" class=\"lazyload\" data-srcset=\"https:\/\/www.visittorshavn.fo\/wp-content\/smush-webp\/2025\/07\/KIVA5089.jpg.webp 1333w, https:\/\/www.visittorshavn.fo\/wp-content\/smush-webp\/2025\/07\/KIVA5089-533x800.jpg.webp 533w, https:\/\/www.visittorshavn.fo\/wp-content\/smush-webp\/2025\/07\/KIVA5089-800x1200.jpg.webp 800w, https:\/\/www.visittorshavn.fo\/wp-content\/smush-webp\/2025\/07\/KIVA5089-768x1152.jpg.webp 768w, https:\/\/www.visittorshavn.fo\/wp-content\/smush-webp\/2025\/07\/KIVA5089-1024x1536.jpg.webp 1024w, https:\/\/www.visittorshavn.fo\/wp-content\/smush-webp\/2025\/07\/KIVA5089-1320x1980.jpg.webp 1320w, https:\/\/www.visittorshavn.fo\/wp-content\/smush-webp\/2025\/07\/KIVA5089-600x900.jpg.webp 600w\" data-sizes=\"auto\" data-original-sizes=\"(max-width: 800px) 100vw, 800px\">\n                                                            <\/div>\n\n                            <div class=\"shortcut-card--content\">\n                                <div class=\"shortcut-icon--top\">\n                                    <img decoding=\"async\" src=\"https:\/\/www.visittorshavn.fo\/wp-content\/themes\/lunnar-visittorshavn\/images\/icon-arrow.svg\" class=\"injectable\" \/>                                <\/div>\n\n                                \n                                <div class=\"shortcut-text\">\n                                                                            <h3>\n                                            Yvirlit yvir bygdag\u00f8tur                                        <\/h3>\n                                    \n                                                                            <p>\n                                            Mynd: Kirstin Vang \/ Visit Faroe Islands                                        <\/p>\n                                                                    <\/div>\n                            <\/div>\n                        <\/a>\n                                            <a href=\"https:\/\/www.visittorshavn.fo\/fo\/gonguturar-2\/\" target=\"\" class=\"shortcut-card swiper-slide small-card is-visible\">\n                            <div class=\"shortcut-card--image\">\n                                                                    <img decoding=\"async\" data-src=\"https:\/\/www.visittorshavn.fo\/wp-content\/smush-webp\/2025\/07\/KIVA4110.jpg.webp\" width=\"533\" height=\"50% 50%\" style=\"--smush-placeholder-width: 2000px; --smush-placeholder-aspect-ratio: 2000\/1333;object-position:800;\" src=\"data:image\/svg+xml;base64,PHN2ZyB3aWR0aD0iMSIgaGVpZ2h0PSIxIiB4bWxucz0iaHR0cDovL3d3dy53My5vcmcvMjAwMC9zdmciPjwvc3ZnPg==\" class=\"lazyload\" data-srcset=\"https:\/\/www.visittorshavn.fo\/wp-content\/smush-webp\/2025\/07\/KIVA4110.jpg.webp 2000w, https:\/\/www.visittorshavn.fo\/wp-content\/smush-webp\/2025\/07\/KIVA4110-800x533.jpg.webp 800w, https:\/\/www.visittorshavn.fo\/wp-content\/smush-webp\/2025\/07\/KIVA4110-1200x800.jpg.webp 1200w, https:\/\/www.visittorshavn.fo\/wp-content\/smush-webp\/2025\/07\/KIVA4110-768x512.jpg.webp 768w, https:\/\/www.visittorshavn.fo\/wp-content\/smush-webp\/2025\/07\/KIVA4110-1536x1024.jpg.webp 1536w, https:\/\/www.visittorshavn.fo\/wp-content\/smush-webp\/2025\/07\/KIVA4110-1320x880.jpg.webp 1320w, https:\/\/www.visittorshavn.fo\/wp-content\/smush-webp\/2025\/07\/KIVA4110-600x400.jpg.webp 600w\" data-sizes=\"auto\" data-original-sizes=\"(max-width: 533px) 100vw, 533px\">\n                                                            <\/div>\n\n                            <div class=\"shortcut-card--content\">\n                                <div class=\"shortcut-icon--top\">\n                                    <img decoding=\"async\" src=\"https:\/\/www.visittorshavn.fo\/wp-content\/themes\/lunnar-visittorshavn\/images\/icon-arrow.svg\" class=\"injectable\" \/>                                <\/div>\n\n                                \n                                <div class=\"shortcut-text\">\n                                                                            <h3>\n                                            Gongut\u00farar vi\u00f0 fer\u00f0alei\u00f0ara                                        <\/h3>\n                                    \n                                                                            <p>\n                                            Mynd: Kirstin Vang \/ Visit Faroe Islands                                        <\/p>\n                                                                    <\/div>\n                            <\/div>\n                        <\/a>\n                                            <a href=\"https:\/\/www.visittorshavn.fo\/fo\/boklingar\/\" target=\"\" class=\"shortcut-card swiper-slide small-card is-visible\">\n                            <div class=\"shortcut-card--image\">\n                                                                    <img decoding=\"async\" data-src=\"https:\/\/www.visittorshavn.fo\/wp-content\/smush-webp\/2025\/07\/design-10.png.webp\" width=\"529\" height=\"50% 50%\" style=\"--smush-placeholder-width: 1296px; --smush-placeholder-aspect-ratio: 1296\/857;object-position:800;\" src=\"data:image\/svg+xml;base64,PHN2ZyB3aWR0aD0iMSIgaGVpZ2h0PSIxIiB4bWxucz0iaHR0cDovL3d3dy53My5vcmcvMjAwMC9zdmciPjwvc3ZnPg==\" class=\"lazyload\" data-srcset=\"https:\/\/www.visittorshavn.fo\/wp-content\/smush-webp\/2025\/07\/design-10.png.webp 1296w, https:\/\/www.visittorshavn.fo\/wp-content\/smush-webp\/2025\/07\/design-10-800x529.png.webp 800w, https:\/\/www.visittorshavn.fo\/wp-content\/smush-webp\/2025\/07\/design-10-1200x794.png.webp 1200w, https:\/\/www.visittorshavn.fo\/wp-content\/smush-webp\/2025\/07\/design-10-768x508.png.webp 768w, https:\/\/www.visittorshavn.fo\/wp-content\/smush-webp\/2025\/07\/design-10-600x397.png.webp 600w\" data-sizes=\"auto\" data-original-sizes=\"(max-width: 529px) 100vw, 529px\">\n                                                            <\/div>\n\n                            <div class=\"shortcut-card--content\">\n                                <div class=\"shortcut-icon--top\">\n                                    <img decoding=\"async\" src=\"https:\/\/www.visittorshavn.fo\/wp-content\/themes\/lunnar-visittorshavn\/images\/icon-arrow.svg\" class=\"injectable\" \/>                                <\/div>\n\n                                \n                                <div class=\"shortcut-text\">\n                                                                            <h3>\n                                            B\u00f3klingar                                        <\/h3>\n                                    \n                                                                    <\/div>\n                            <\/div>\n                        <\/a>\n                                    \n                \n                                <\/div>\n\n                                    <div class=\"shortcuts-navigation\">\n                        <div class=\"swiper-button-prev\"><\/div>\n\n                        <div class=\"swiper-button-next\"><\/div>\n                    <\/div>\n                            <\/div>\n            <\/div>\n\n\n<div style=\"height:100px\" aria-hidden=\"true\" class=\"wp-block-spacer\"><\/div>\n\n\n\n<div style=\"height:200px\" aria-hidden=\"true\" class=\"wp-block-spacer\"><\/div>\n","protected":false},"excerpt":{"rendered":"","protected":false},"author":4,"featured_media":134081,"parent":0,"menu_order":0,"comment_status":"closed","ping_status":"closed","template":"","meta":{"_acf_changed":false,"footnotes":""},"page_category":[38],"class_list":["post-13558","page","type-page","status-publish","has-post-thumbnail","hentry","page_category-outdoor-activities-fo"],"acf":[],"yoast_head":"<!-- This site is optimized with the Yoast SEO plugin v27.4 - https:\/\/yoast.com\/product\/yoast-seo-wordpress\/ -->\n<title>Fjallat\u00farar - Visit Torshavn<\/title>\n<meta name=\"robots\" content=\"index, follow, max-snippet:-1, max-image-preview:large, max-video-preview:-1\" \/>\n<link rel=\"canonical\" href=\"https:\/\/www.visittorshavn.fo\/fo\/gonguturar\/\" \/>\n<meta property=\"og:locale\" content=\"fo_FO\" \/>\n<meta property=\"og:type\" content=\"article\" \/>\n<meta property=\"og:title\" content=\"Fjallat\u00farar - Visit Torshavn\" \/>\n<meta property=\"og:url\" content=\"https:\/\/www.visittorshavn.fo\/fo\/gonguturar\/\" \/>\n<meta property=\"og:site_name\" content=\"Visit Torshavn\" \/>\n<meta property=\"article:modified_time\" content=\"2025-08-13T11:04:53+00:00\" \/>\n<meta property=\"og:image\" content=\"https:\/\/www.visittorshavn.fo\/wp-content\/uploads\/2025\/07\/DSC_5835-CFM23-36-1200x800.jpg\" \/>\n\t<meta property=\"og:image:width\" content=\"1200\" \/>\n\t<meta property=\"og:image:height\" content=\"800\" \/>\n\t<meta property=\"og:image:type\" content=\"image\/jpeg\" \/>\n<meta name=\"twitter:card\" content=\"summary_large_image\" \/>\n<meta name=\"twitter:label1\" content=\"Est. reading time\" \/>\n\t<meta name=\"twitter:data1\" content=\"1 minute\" \/>\n<script type=\"application\/ld+json\" class=\"yoast-schema-graph\">{\"@context\":\"https:\\\/\\\/schema.org\",\"@graph\":[{\"@type\":\"WebPage\",\"@id\":\"https:\\\/\\\/www.visittorshavn.fo\\\/fo\\\/gonguturar\\\/\",\"url\":\"https:\\\/\\\/www.visittorshavn.fo\\\/fo\\\/gonguturar\\\/\",\"name\":\"Fjallat\u00farar - Visit Torshavn\",\"isPartOf\":{\"@id\":\"https:\\\/\\\/www.visittorshavn.fo\\\/fo\\\/#website\"},\"primaryImageOfPage\":{\"@id\":\"https:\\\/\\\/www.visittorshavn.fo\\\/fo\\\/gonguturar\\\/#primaryimage\"},\"image\":{\"@id\":\"https:\\\/\\\/www.visittorshavn.fo\\\/fo\\\/gonguturar\\\/#primaryimage\"},\"thumbnailUrl\":\"https:\\\/\\\/www.visittorshavn.fo\\\/wp-content\\\/uploads\\\/2025\\\/07\\\/DSC_5835-CFM23-36.jpg\",\"datePublished\":\"2024-03-27T10:13:39+00:00\",\"dateModified\":\"2025-08-13T11:04:53+00:00\",\"breadcrumb\":{\"@id\":\"https:\\\/\\\/www.visittorshavn.fo\\\/fo\\\/gonguturar\\\/#breadcrumb\"},\"inLanguage\":\"fo-FO\",\"potentialAction\":[{\"@type\":\"ReadAction\",\"target\":[\"https:\\\/\\\/www.visittorshavn.fo\\\/fo\\\/gonguturar\\\/\"]}]},{\"@type\":\"ImageObject\",\"inLanguage\":\"fo-FO\",\"@id\":\"https:\\\/\\\/www.visittorshavn.fo\\\/fo\\\/gonguturar\\\/#primaryimage\",\"url\":\"https:\\\/\\\/www.visittorshavn.fo\\\/wp-content\\\/uploads\\\/2025\\\/07\\\/DSC_5835-CFM23-36.jpg\",\"contentUrl\":\"https:\\\/\\\/www.visittorshavn.fo\\\/wp-content\\\/uploads\\\/2025\\\/07\\\/DSC_5835-CFM23-36.jpg\",\"width\":2560,\"height\":1707,\"caption\":\"Klara Johannesen \\\/\"},{\"@type\":\"BreadcrumbList\",\"@id\":\"https:\\\/\\\/www.visittorshavn.fo\\\/fo\\\/gonguturar\\\/#breadcrumb\",\"itemListElement\":[{\"@type\":\"ListItem\",\"position\":1,\"name\":\"Home\",\"item\":\"https:\\\/\\\/www.visittorshavn.fo\\\/fo\\\/\"},{\"@type\":\"ListItem\",\"position\":2,\"name\":\"Fjallat\u00farar\"}]},{\"@type\":\"WebSite\",\"@id\":\"https:\\\/\\\/www.visittorshavn.fo\\\/fo\\\/#website\",\"url\":\"https:\\\/\\\/www.visittorshavn.fo\\\/fo\\\/\",\"name\":\"Visit Torshavn\",\"description\":\"\",\"potentialAction\":[{\"@type\":\"SearchAction\",\"target\":{\"@type\":\"EntryPoint\",\"urlTemplate\":\"https:\\\/\\\/www.visittorshavn.fo\\\/fo\\\/?s={search_term_string}\"},\"query-input\":{\"@type\":\"PropertyValueSpecification\",\"valueRequired\":true,\"valueName\":\"search_term_string\"}}],\"inLanguage\":\"fo-FO\"}]}<\/script>\n<!-- \/ Yoast SEO plugin. -->","yoast_head_json":{"title":"Fjallat\u00farar - Visit Torshavn","robots":{"index":"index","follow":"follow","max-snippet":"max-snippet:-1","max-image-preview":"max-image-preview:large","max-video-preview":"max-video-preview:-1"},"canonical":"https:\/\/www.visittorshavn.fo\/fo\/gonguturar\/","og_locale":"fo_FO","og_type":"article","og_title":"Fjallat\u00farar - Visit Torshavn","og_url":"https:\/\/www.visittorshavn.fo\/fo\/gonguturar\/","og_site_name":"Visit Torshavn","article_modified_time":"2025-08-13T11:04:53+00:00","og_image":[{"width":1200,"height":800,"url":"https:\/\/www.visittorshavn.fo\/wp-content\/uploads\/2025\/07\/DSC_5835-CFM23-36-1200x800.jpg","type":"image\/jpeg"}],"twitter_card":"summary_large_image","twitter_misc":{"Est. reading time":"1 minute"},"schema":{"@context":"https:\/\/schema.org","@graph":[{"@type":"WebPage","@id":"https:\/\/www.visittorshavn.fo\/fo\/gonguturar\/","url":"https:\/\/www.visittorshavn.fo\/fo\/gonguturar\/","name":"Fjallat\u00farar - Visit Torshavn","isPartOf":{"@id":"https:\/\/www.visittorshavn.fo\/fo\/#website"},"primaryImageOfPage":{"@id":"https:\/\/www.visittorshavn.fo\/fo\/gonguturar\/#primaryimage"},"image":{"@id":"https:\/\/www.visittorshavn.fo\/fo\/gonguturar\/#primaryimage"},"thumbnailUrl":"https:\/\/www.visittorshavn.fo\/wp-content\/uploads\/2025\/07\/DSC_5835-CFM23-36.jpg","datePublished":"2024-03-27T10:13:39+00:00","dateModified":"2025-08-13T11:04:53+00:00","breadcrumb":{"@id":"https:\/\/www.visittorshavn.fo\/fo\/gonguturar\/#breadcrumb"},"inLanguage":"fo-FO","potentialAction":[{"@type":"ReadAction","target":["https:\/\/www.visittorshavn.fo\/fo\/gonguturar\/"]}]},{"@type":"ImageObject","inLanguage":"fo-FO","@id":"https:\/\/www.visittorshavn.fo\/fo\/gonguturar\/#primaryimage","url":"https:\/\/www.visittorshavn.fo\/wp-content\/uploads\/2025\/07\/DSC_5835-CFM23-36.jpg","contentUrl":"https:\/\/www.visittorshavn.fo\/wp-content\/uploads\/2025\/07\/DSC_5835-CFM23-36.jpg","width":2560,"height":1707,"caption":"Klara Johannesen \/"},{"@type":"BreadcrumbList","@id":"https:\/\/www.visittorshavn.fo\/fo\/gonguturar\/#breadcrumb","itemListElement":[{"@type":"ListItem","position":1,"name":"Home","item":"https:\/\/www.visittorshavn.fo\/fo\/"},{"@type":"ListItem","position":2,"name":"Fjallat\u00farar"}]},{"@type":"WebSite","@id":"https:\/\/www.visittorshavn.fo\/fo\/#website","url":"https:\/\/www.visittorshavn.fo\/fo\/","name":"Visit Torshavn","description":"","potentialAction":[{"@type":"SearchAction","target":{"@type":"EntryPoint","urlTemplate":"https:\/\/www.visittorshavn.fo\/fo\/?s={search_term_string}"},"query-input":{"@type":"PropertyValueSpecification","valueRequired":true,"valueName":"search_term_string"}}],"inLanguage":"fo-FO"}]}},"_links":{"self":[{"href":"https:\/\/www.visittorshavn.fo\/fo\/wp-json\/wp\/v2\/pages\/13558","targetHints":{"allow":["GET"]}}],"collection":[{"href":"https:\/\/www.visittorshavn.fo\/fo\/wp-json\/wp\/v2\/pages"}],"about":[{"href":"https:\/\/www.visittorshavn.fo\/fo\/wp-json\/wp\/v2\/types\/page"}],"author":[{"embeddable":true,"href":"https:\/\/www.visittorshavn.fo\/fo\/wp-json\/wp\/v2\/users\/4"}],"replies":[{"embeddable":true,"href":"https:\/\/www.visittorshavn.fo\/fo\/wp-json\/wp\/v2\/comments?post=13558"}],"version-history":[{"count":0,"href":"https:\/\/www.visittorshavn.fo\/fo\/wp-json\/wp\/v2\/pages\/13558\/revisions"}],"wp:featuredmedia":[{"embeddable":true,"href":"https:\/\/www.visittorshavn.fo\/fo\/wp-json\/wp\/v2\/media\/134081"}],"wp:attachment":[{"href":"https:\/\/www.visittorshavn.fo\/fo\/wp-json\/wp\/v2\/media?parent=13558"}],"wp:term":[{"taxonomy":"page_category","embeddable":true,"href":"https:\/\/www.visittorshavn.fo\/fo\/wp-json\/wp\/v2\/page_category?post=13558"}],"curies":[{"name":"wp","href":"https:\/\/api.w.org\/{rel}","templated":true}]}}