{"id":13562,"date":"2024-04-12T14:57:30","date_gmt":"2024-04-12T13:57:30","guid":{"rendered":"https:\/\/www.visittorshavn.fo\/?page_id=13562"},"modified":"2025-03-20T11:50:27","modified_gmt":"2025-03-20T11:50:27","slug":"veganskt-vegetariskt","status":"publish","type":"page","link":"https:\/\/www.visittorshavn.fo\/fo\/veganskt-vegetariskt\/","title":{"rendered":"Veganskt &#038; vegetariskt"},"content":{"rendered":"\n<div class=\"wp-block-cover alignfull is-light has-custom-content-position is-position-bottom-center has-white-color has-text-color has-link-color wp-elements-75c9b099a8d95f888aa5ae1e68f885d8\" style=\"min-height:582px;aspect-ratio:unset;\"><span aria-hidden=\"true\" class=\"wp-block-cover__background has-background-dim\" style=\"background-color:#987b71\"><\/span><img decoding=\"async\" width=\"768\" height=\"960\" class=\"wp-block-cover__image-background wp-image-3225 lazyload\" alt=\"\" data-src=\"https:\/\/www.visittorshavn.fo\/wp-content\/smush-webp\/2024\/04\/Salat-Systrar.jpg.webp\" data-object-fit=\"cover\" data-srcset=\"https:\/\/www.visittorshavn.fo\/wp-content\/smush-webp\/2024\/04\/Salat-Systrar.jpg.webp 768w, https:\/\/www.visittorshavn.fo\/wp-content\/smush-webp\/2024\/04\/Salat-Systrar-600x750.jpg.webp 600w, https:\/\/www.visittorshavn.fo\/wp-content\/smush-webp\/2024\/04\/Salat-Systrar-640x800.jpg.webp 640w\" data-sizes=\"auto\" src=\"data:image\/svg+xml;base64,PHN2ZyB3aWR0aD0iMSIgaGVpZ2h0PSIxIiB4bWxucz0iaHR0cDovL3d3dy53My5vcmcvMjAwMC9zdmciPjwvc3ZnPg==\" style=\"--smush-placeholder-width: 768px; --smush-placeholder-aspect-ratio: 768\/960;\" data-original-sizes=\"(max-width: 768px) 100vw, 768px\" \/><div class=\"wp-block-cover__inner-container is-layout-constrained wp-block-cover-is-layout-constrained\">\n<div class=\"wp-block-columns alignwide is-layout-flex wp-container-core-columns-is-layout-9d6595d7 wp-block-columns-is-layout-flex\">\n<div class=\"wp-block-column is-layout-flow wp-block-column-is-layout-flow\">\n<div id=\"breadcrumbs_block_078e989ab5a9a6152d1daa3dbef2d1a5\" class=\"lunnar-breadcrumbs\">\n            <div class=\"lunnar-breadcrumbs\"><ul><\/ul><\/div>    <\/div>\n\n\n<h1 class=\"wp-block-heading has-white-color has-text-color has-link-color wp-elements-dc0f7e94c3323ffbcf28d1851add1f64\">Veganskt &amp; Vegetariskt<\/h1>\n<\/div>\n\n\n\n<div class=\"wp-block-column is-layout-flow wp-block-column-is-layout-flow\"><\/div>\n<\/div>\n\n\n\n<div style=\"height:60px\" aria-hidden=\"true\" class=\"wp-block-spacer\"><\/div>\n<\/div><\/div>\n\n\n\n<div class=\"wp-block-group alignfull has-dark-color has-roseship-background-color has-text-color has-background has-link-color wp-elements-c4026ef1fe1fe7beb59044b6c1a3b203 is-layout-constrained wp-block-group-is-layout-constrained\" style=\"padding-top:100px;padding-bottom:100px\">\n<div class=\"wp-block-columns alignwide has-white-color has-text-color has-link-color wp-elements-16ba1f6c8dc121dc12ffc68d1ba91d75 is-layout-flex wp-container-core-columns-is-layout-9d6595d7 wp-block-columns-is-layout-flex\">\n<div class=\"wp-block-column is-layout-flow wp-block-column-is-layout-flow\" style=\"flex-basis:50%\">\n<h2 class=\"wp-block-heading has-dark-color has-text-color has-link-color wp-elements-d654ff7100df246fb00da06cec88fdbb\">Leskiligir veganskir r\u00e6ttir<\/h2>\n<\/div>\n\n\n\n<div class=\"wp-block-column has-dark-color has-text-color has-link-color wp-elements-d91449a1c423b8b0e916d994bdfa7f75 is-layout-flow wp-block-column-is-layout-flow\" style=\"flex-basis:50%\">\n<p>Flestu matstovurnar hava veganskar og vegetariskar r\u00e6ttir. S\u00e6rt t\u00fa einki \u00e1 matskr\u00e1nni, er bara at spyrja seg fyri. Annars er eitt gott r\u00e1\u00f0 at vi\u00f0merkja matvanar, t\u00e1 i\u00f0 t\u00fa b\u00edleggur bor\u00f0.<\/p>\n<\/div>\n<\/div>\n<\/div>\n\n\n\n<div style=\"height:200px\" aria-hidden=\"true\" class=\"wp-block-spacer\"><\/div>\n\n\n\n<div id=\"locations_block_2bffe9d60baf45dd7333470bfdb5aca2\" class=\"lunnar-locations alignwide\">\n    \n            \n            \n                <div class=\"locations-sorting\">\n                                                                    <p data-value=\"tag-plant-based\" class=\"category\">\n                            Plant-based                        <\/p>\n                                    <\/div>\n\n                    \n        <div class=\"locations-container\">\n            <div class=\"locations-card--container per-row-4\">\n                                    \n<a href=\"https:\/\/www.visittorshavn.fo\/fo\/place\/tita\/\" class=\"place-card category-food-drinks  tag-plant-based tag-cafe-bakeries tag-casual-dining tag-food\">\n    <div class=\"place-card--image\">\n        <div class=\"place-card--image-inner\">\n                            <img decoding=\"async\" data-src=\"https:\/\/www.visittorshavn.fo\/wp-content\/smush-webp\/2026\/02\/Tita.jpg.webp\" width=\"800\" height=\"800\" style=\"--smush-placeholder-width: 800px; --smush-placeholder-aspect-ratio: 800\/800;object-position: 50% 50%;\" src=\"data:image\/svg+xml;base64,PHN2ZyB3aWR0aD0iMSIgaGVpZ2h0PSIxIiB4bWxucz0iaHR0cDovL3d3dy53My5vcmcvMjAwMC9zdmciPjwvc3ZnPg==\" class=\"lazyload\" data-srcset=\"https:\/\/www.visittorshavn.fo\/wp-content\/smush-webp\/2026\/02\/Tita.jpg.webp 1081w, https:\/\/www.visittorshavn.fo\/wp-content\/smush-webp\/2026\/02\/Tita-800x800.jpg.webp 800w, https:\/\/www.visittorshavn.fo\/wp-content\/smush-webp\/2026\/02\/Tita-300x300.jpg.webp 300w, https:\/\/www.visittorshavn.fo\/wp-content\/smush-webp\/2026\/02\/Tita-768x768.jpg.webp 768w, https:\/\/www.visittorshavn.fo\/wp-content\/smush-webp\/2026\/02\/Tita-600x600.jpg.webp 600w, https:\/\/www.visittorshavn.fo\/wp-content\/smush-webp\/2026\/02\/Tita-100x100.jpg.webp 100w\" data-sizes=\"auto\" data-original-sizes=\"(max-width: 800px) 100vw, 800px\">\n                    <\/div>\n    <\/div>\n\n    <div class=\"place-card--content\">\n        <div class=\"place-card--text\">\n            <h4>Tita<\/h4>\n\n                            <p>Tita eitur matsta\u00f0i\u00f0 \u00ed Nor\u00f0urlandah\u00fasinum. Vit bor\u00f0rei\u00f0a vi\u00f0 morgu&#8230;<\/p>\n                    <\/div>\n\n        <div class=\"place-card--bottom\">\n                            <div class=\"place-card--icons\">\n                                                                        \n                            <img decoding=\"async\" data-src=\"https:\/\/www.visittorshavn.fo\/wp-content\/smush-webp\/2024\/04\/food_drink-dark.png.webp\" width=\"32\" height=\"32\" src=\"data:image\/svg+xml;base64,PHN2ZyB3aWR0aD0iMSIgaGVpZ2h0PSIxIiB4bWxucz0iaHR0cDovL3d3dy53My5vcmcvMjAwMC9zdmciPjwvc3ZnPg==\" class=\"lazyload\" style=\"--smush-placeholder-width: 32px; --smush-placeholder-aspect-ratio: 32\/32;\">\n                                                            <\/div>\n            \n                    <\/div>\n    <\/div>\n<\/a>                            <\/div>\n\n\n                    <\/div>\n    <\/div>\n\n\n<div style=\"height:200px\" aria-hidden=\"true\" class=\"wp-block-spacer\"><\/div>\n","protected":false},"excerpt":{"rendered":"<p>Leskiligir veganskir r\u00e6ttir Flestu matstovurnar hava veganskar og vegetariskar r\u00e6ttir. S\u00e6rt t\u00fa einki \u00e1 matskr\u00e1nni, er bara at spyrja seg fyri. Annars er eitt gott r\u00e1\u00f0 at vi\u00f0merkja matvanar, t\u00e1 [&hellip;]<\/p>\n","protected":false},"author":4,"featured_media":3226,"parent":0,"menu_order":0,"comment_status":"closed","ping_status":"closed","template":"","meta":{"_acf_changed":false,"footnotes":""},"page_category":[34],"class_list":["post-13562","page","type-page","status-publish","has-post-thumbnail","hentry","page_category-eat-drink-fo"],"acf":[],"yoast_head":"<!-- This site is optimized with the Yoast SEO plugin v27.5 - https:\/\/yoast.com\/product\/yoast-seo-wordpress\/ -->\n<title>Veganskt &amp; vegetariskt - Visit Torshavn<\/title>\n<meta name=\"robots\" content=\"index, follow, max-snippet:-1, max-image-preview:large, max-video-preview:-1\" \/>\n<link rel=\"canonical\" href=\"https:\/\/www.visittorshavn.fo\/fo\/veganskt-vegetariskt\/\" \/>\n<meta property=\"og:locale\" content=\"fo_FO\" \/>\n<meta property=\"og:type\" content=\"article\" \/>\n<meta property=\"og:title\" content=\"Veganskt &amp; vegetariskt - Visit Torshavn\" \/>\n<meta property=\"og:description\" content=\"Leskiligir veganskir r\u00e6ttir Flestu matstovurnar hava veganskar og vegetariskar r\u00e6ttir. S\u00e6rt t\u00fa einki \u00e1 matskr\u00e1nni, er bara at spyrja seg fyri. Annars er eitt gott r\u00e1\u00f0 at vi\u00f0merkja matvanar, t\u00e1 [&hellip;]\" \/>\n<meta property=\"og:url\" content=\"https:\/\/www.visittorshavn.fo\/fo\/veganskt-vegetariskt\/\" \/>\n<meta property=\"og:site_name\" content=\"Visit Torshavn\" \/>\n<meta property=\"article:modified_time\" content=\"2025-03-20T11:50:27+00:00\" \/>\n<meta property=\"og:image\" content=\"https:\/\/www.visittorshavn.fo\/wp-content\/uploads\/2024\/04\/Salat-Systrar.jpg\" \/>\n\t<meta property=\"og:image:width\" content=\"768\" \/>\n\t<meta property=\"og:image:height\" content=\"960\" \/>\n\t<meta property=\"og:image:type\" content=\"image\/jpeg\" \/>\n<meta name=\"twitter:card\" content=\"summary_large_image\" \/>\n<meta name=\"twitter:label1\" content=\"Est. reading time\" \/>\n\t<meta name=\"twitter:data1\" content=\"1 minute\" \/>\n<script type=\"application\/ld+json\" class=\"yoast-schema-graph\">{\"@context\":\"https:\\\/\\\/schema.org\",\"@graph\":[{\"@type\":\"WebPage\",\"@id\":\"https:\\\/\\\/www.visittorshavn.fo\\\/fo\\\/veganskt-vegetariskt\\\/\",\"url\":\"https:\\\/\\\/www.visittorshavn.fo\\\/fo\\\/veganskt-vegetariskt\\\/\",\"name\":\"Veganskt & vegetariskt - Visit Torshavn\",\"isPartOf\":{\"@id\":\"https:\\\/\\\/www.visittorshavn.fo\\\/fo\\\/#website\"},\"primaryImageOfPage\":{\"@id\":\"https:\\\/\\\/www.visittorshavn.fo\\\/fo\\\/veganskt-vegetariskt\\\/#primaryimage\"},\"image\":{\"@id\":\"https:\\\/\\\/www.visittorshavn.fo\\\/fo\\\/veganskt-vegetariskt\\\/#primaryimage\"},\"thumbnailUrl\":\"https:\\\/\\\/www.visittorshavn.fo\\\/wp-content\\\/uploads\\\/2024\\\/04\\\/Salat-Systrar.jpg\",\"datePublished\":\"2024-04-12T13:57:30+00:00\",\"dateModified\":\"2025-03-20T11:50:27+00:00\",\"breadcrumb\":{\"@id\":\"https:\\\/\\\/www.visittorshavn.fo\\\/fo\\\/veganskt-vegetariskt\\\/#breadcrumb\"},\"inLanguage\":\"fo-FO\",\"potentialAction\":[{\"@type\":\"ReadAction\",\"target\":[\"https:\\\/\\\/www.visittorshavn.fo\\\/fo\\\/veganskt-vegetariskt\\\/\"]}]},{\"@type\":\"ImageObject\",\"inLanguage\":\"fo-FO\",\"@id\":\"https:\\\/\\\/www.visittorshavn.fo\\\/fo\\\/veganskt-vegetariskt\\\/#primaryimage\",\"url\":\"https:\\\/\\\/www.visittorshavn.fo\\\/wp-content\\\/uploads\\\/2024\\\/04\\\/Salat-Systrar.jpg\",\"contentUrl\":\"https:\\\/\\\/www.visittorshavn.fo\\\/wp-content\\\/uploads\\\/2024\\\/04\\\/Salat-Systrar.jpg\",\"width\":768,\"height\":960},{\"@type\":\"BreadcrumbList\",\"@id\":\"https:\\\/\\\/www.visittorshavn.fo\\\/fo\\\/veganskt-vegetariskt\\\/#breadcrumb\",\"itemListElement\":[{\"@type\":\"ListItem\",\"position\":1,\"name\":\"Home\",\"item\":\"https:\\\/\\\/www.visittorshavn.fo\\\/fo\\\/\"},{\"@type\":\"ListItem\",\"position\":2,\"name\":\"Veganskt &#038; vegetariskt\"}]},{\"@type\":\"WebSite\",\"@id\":\"https:\\\/\\\/www.visittorshavn.fo\\\/fo\\\/#website\",\"url\":\"https:\\\/\\\/www.visittorshavn.fo\\\/fo\\\/\",\"name\":\"Visit Torshavn\",\"description\":\"\",\"potentialAction\":[{\"@type\":\"SearchAction\",\"target\":{\"@type\":\"EntryPoint\",\"urlTemplate\":\"https:\\\/\\\/www.visittorshavn.fo\\\/fo\\\/?s={search_term_string}\"},\"query-input\":{\"@type\":\"PropertyValueSpecification\",\"valueRequired\":true,\"valueName\":\"search_term_string\"}}],\"inLanguage\":\"fo-FO\"}]}<\/script>\n<!-- \/ Yoast SEO plugin. -->","yoast_head_json":{"title":"Veganskt & vegetariskt - Visit Torshavn","robots":{"index":"index","follow":"follow","max-snippet":"max-snippet:-1","max-image-preview":"max-image-preview:large","max-video-preview":"max-video-preview:-1"},"canonical":"https:\/\/www.visittorshavn.fo\/fo\/veganskt-vegetariskt\/","og_locale":"fo_FO","og_type":"article","og_title":"Veganskt & vegetariskt - Visit Torshavn","og_description":"Leskiligir veganskir r\u00e6ttir Flestu matstovurnar hava veganskar og vegetariskar r\u00e6ttir. S\u00e6rt t\u00fa einki \u00e1 matskr\u00e1nni, er bara at spyrja seg fyri. Annars er eitt gott r\u00e1\u00f0 at vi\u00f0merkja matvanar, t\u00e1 [&hellip;]","og_url":"https:\/\/www.visittorshavn.fo\/fo\/veganskt-vegetariskt\/","og_site_name":"Visit Torshavn","article_modified_time":"2025-03-20T11:50:27+00:00","og_image":[{"width":768,"height":960,"url":"https:\/\/www.visittorshavn.fo\/wp-content\/uploads\/2024\/04\/Salat-Systrar.jpg","type":"image\/jpeg"}],"twitter_card":"summary_large_image","twitter_misc":{"Est. reading time":"1 minute"},"schema":{"@context":"https:\/\/schema.org","@graph":[{"@type":"WebPage","@id":"https:\/\/www.visittorshavn.fo\/fo\/veganskt-vegetariskt\/","url":"https:\/\/www.visittorshavn.fo\/fo\/veganskt-vegetariskt\/","name":"Veganskt & vegetariskt - Visit Torshavn","isPartOf":{"@id":"https:\/\/www.visittorshavn.fo\/fo\/#website"},"primaryImageOfPage":{"@id":"https:\/\/www.visittorshavn.fo\/fo\/veganskt-vegetariskt\/#primaryimage"},"image":{"@id":"https:\/\/www.visittorshavn.fo\/fo\/veganskt-vegetariskt\/#primaryimage"},"thumbnailUrl":"https:\/\/www.visittorshavn.fo\/wp-content\/uploads\/2024\/04\/Salat-Systrar.jpg","datePublished":"2024-04-12T13:57:30+00:00","dateModified":"2025-03-20T11:50:27+00:00","breadcrumb":{"@id":"https:\/\/www.visittorshavn.fo\/fo\/veganskt-vegetariskt\/#breadcrumb"},"inLanguage":"fo-FO","potentialAction":[{"@type":"ReadAction","target":["https:\/\/www.visittorshavn.fo\/fo\/veganskt-vegetariskt\/"]}]},{"@type":"ImageObject","inLanguage":"fo-FO","@id":"https:\/\/www.visittorshavn.fo\/fo\/veganskt-vegetariskt\/#primaryimage","url":"https:\/\/www.visittorshavn.fo\/wp-content\/uploads\/2024\/04\/Salat-Systrar.jpg","contentUrl":"https:\/\/www.visittorshavn.fo\/wp-content\/uploads\/2024\/04\/Salat-Systrar.jpg","width":768,"height":960},{"@type":"BreadcrumbList","@id":"https:\/\/www.visittorshavn.fo\/fo\/veganskt-vegetariskt\/#breadcrumb","itemListElement":[{"@type":"ListItem","position":1,"name":"Home","item":"https:\/\/www.visittorshavn.fo\/fo\/"},{"@type":"ListItem","position":2,"name":"Veganskt &#038; vegetariskt"}]},{"@type":"WebSite","@id":"https:\/\/www.visittorshavn.fo\/fo\/#website","url":"https:\/\/www.visittorshavn.fo\/fo\/","name":"Visit Torshavn","description":"","potentialAction":[{"@type":"SearchAction","target":{"@type":"EntryPoint","urlTemplate":"https:\/\/www.visittorshavn.fo\/fo\/?s={search_term_string}"},"query-input":{"@type":"PropertyValueSpecification","valueRequired":true,"valueName":"search_term_string"}}],"inLanguage":"fo-FO"}]}},"_links":{"self":[{"href":"https:\/\/www.visittorshavn.fo\/fo\/wp-json\/wp\/v2\/pages\/13562","targetHints":{"allow":["GET"]}}],"collection":[{"href":"https:\/\/www.visittorshavn.fo\/fo\/wp-json\/wp\/v2\/pages"}],"about":[{"href":"https:\/\/www.visittorshavn.fo\/fo\/wp-json\/wp\/v2\/types\/page"}],"author":[{"embeddable":true,"href":"https:\/\/www.visittorshavn.fo\/fo\/wp-json\/wp\/v2\/users\/4"}],"replies":[{"embeddable":true,"href":"https:\/\/www.visittorshavn.fo\/fo\/wp-json\/wp\/v2\/comments?post=13562"}],"version-history":[{"count":0,"href":"https:\/\/www.visittorshavn.fo\/fo\/wp-json\/wp\/v2\/pages\/13562\/revisions"}],"wp:featuredmedia":[{"embeddable":true,"href":"https:\/\/www.visittorshavn.fo\/fo\/wp-json\/wp\/v2\/media\/3226"}],"wp:attachment":[{"href":"https:\/\/www.visittorshavn.fo\/fo\/wp-json\/wp\/v2\/media?parent=13562"}],"wp:term":[{"taxonomy":"page_category","embeddable":true,"href":"https:\/\/www.visittorshavn.fo\/fo\/wp-json\/wp\/v2\/page_category?post=13562"}],"curies":[{"name":"wp","href":"https:\/\/api.w.org\/{rel}","templated":true}]}}