{"id":14005,"date":"2024-04-23T14:27:53","date_gmt":"2024-04-23T13:27:53","guid":{"rendered":"https:\/\/www.visittorshavn.fo\/?page_id=14005"},"modified":"2026-02-16T15:12:08","modified_gmt":"2026-02-16T15:12:08","slug":"n-lite-literary-tourism-immersive-technology-acceleration","status":"publish","type":"page","link":"https:\/\/www.visittorshavn.fo\/fo\/n-lite-literary-tourism-immersive-technology-acceleration\/","title":{"rendered":"N-LITE (Project Literary Tourism)"},"content":{"rendered":"\n<div class=\"wp-block-cover alignfull has-custom-content-position is-position-bottom-center\" style=\"min-height:582px;aspect-ratio:unset;\"><img decoding=\"async\" width=\"1200\" height=\"792\" class=\"wp-block-cover__image-background wp-image-136725 size-large lazyload\" alt=\"Mynd fr\u00e1 Canva sum hevur filtur og er klipt til\" data-src=\"https:\/\/www.visittorshavn.fo\/wp-content\/smush-webp\/2025\/08\/design-18-1200x792.png.webp\" data-object-fit=\"cover\" data-srcset=\"https:\/\/www.visittorshavn.fo\/wp-content\/smush-webp\/2025\/08\/design-18-1200x792.png.webp 1200w, https:\/\/www.visittorshavn.fo\/wp-content\/smush-webp\/2025\/08\/design-18-800x528.png.webp 800w, https:\/\/www.visittorshavn.fo\/wp-content\/smush-webp\/2025\/08\/design-18-768x507.png.webp 768w, https:\/\/www.visittorshavn.fo\/wp-content\/smush-webp\/2025\/08\/design-18-600x396.png.webp 600w, https:\/\/www.visittorshavn.fo\/wp-content\/smush-webp\/2025\/08\/design-18.png.webp 1281w\" data-sizes=\"auto\" src=\"data:image\/svg+xml;base64,PHN2ZyB3aWR0aD0iMSIgaGVpZ2h0PSIxIiB4bWxucz0iaHR0cDovL3d3dy53My5vcmcvMjAwMC9zdmciPjwvc3ZnPg==\" style=\"--smush-placeholder-width: 1200px; --smush-placeholder-aspect-ratio: 1200\/792;\" data-original-sizes=\"(max-width: 1200px) 100vw, 1200px\" \/><span aria-hidden=\"true\" class=\"wp-block-cover__background has-background-dim\" style=\"background-color:#51504a\"><\/span><div class=\"wp-block-cover__inner-container is-layout-constrained wp-block-cover-is-layout-constrained\">\n<div class=\"wp-block-columns is-layout-flex wp-container-core-columns-is-layout-9d6595d7 wp-block-columns-is-layout-flex\">\n<div class=\"wp-block-column is-layout-flow wp-block-column-is-layout-flow\">\n<div id=\"breadcrumbs_block_8e5d03aaca84f30877bcf2e062a71540\" class=\"lunnar-breadcrumbs\">\n            <div class=\"lunnar-breadcrumbs\"><ul><\/ul><\/div>    <\/div>\n\n\n<h1 class=\"wp-block-heading has-background-color has-text-color has-link-color wp-elements-67f123dd00dc61e9574c6a141a8c5228\">N-LiTe (Project Literary Tourism)<\/h1>\n<\/div>\n\n\n\n<div class=\"wp-block-column is-layout-flow wp-block-column-is-layout-flow\"><\/div>\n<\/div>\n\n\n\n<div style=\"height:60px\" aria-hidden=\"true\" class=\"wp-block-spacer\"><\/div>\n<\/div><\/div>\n\n\n\n<div style=\"height:200px\" aria-hidden=\"true\" class=\"wp-block-spacer\"><\/div>\n\n\n\n<div class=\"wp-block-group alignfull is-layout-constrained wp-block-group-is-layout-constrained\">\n<div class=\"wp-block-columns is-layout-flex wp-container-core-columns-is-layout-9d6595d7 wp-block-columns-is-layout-flex\">\n<div class=\"wp-block-column is-vertically-aligned-top is-layout-flow wp-block-column-is-layout-flow\" style=\"flex-basis:33.33%\">\n<h2 class=\"wp-block-heading\">Um N-LiTe<\/h2>\n<\/div>\n\n\n\n<div class=\"wp-block-column is-layout-flow wp-block-column-is-layout-flow\" style=\"flex-basis:66.66%\">\n<p>Endam\u00e1li\u00f0 vi\u00f0 N-LiTe (Literary Tourism Immersive Technology Acceleration) er at menna t\u00f8kni og stu\u00f0la n\u00fdskapan til tess at skapa fleiri arbei\u00f0spl\u00e1ss og styrkja b\u00faskapin \u00ed nor\u00f0urja\u00f0ar- og arktiska (NPA) \u00f8kinum.<\/p>\n\n\n\n<p>N-LiTe er ein verk\u00e6tlan, sum Western Development Commission hevur sett \u00ed verk. Mi\u00f0a\u00f0 ver\u00f0ur eftir at stimbra kappingarf\u00f8ri\u00f0 hj\u00e1 sm\u00e1um og mi\u00f0alst\u00f3rum fyrit\u00f8kum innan b\u00f3kmentafer\u00f0avinnu\u00f8ki\u00f0. Dentur ver\u00f0ur lagdur \u00e1 at \u00fatb\u00fagva fyrit\u00f8kurnar vi\u00f0 talgildum t\u00f3lum og pallum til tess at geva teimum eina sterkari hj\u00e1veru \u00e1 markna\u00f0inum, sum harvi\u00f0 samstundis \u00f8kir um upplivingina hj\u00e1 fer\u00f0af\u00f3lki.<\/p>\n<\/div>\n<\/div>\n<\/div>\n\n\n\n<div style=\"height:200px\" aria-hidden=\"true\" class=\"wp-block-spacer\"><\/div>\n\n\n\n<figure class=\"wp-block-image alignfull size-full\"><img decoding=\"async\" width=\"1200\" height=\"1697\" data-src=\"https:\/\/www.visittorshavn.fo\/wp-content\/smush-webp\/2024\/04\/Interreg-NPA-project-poster-A3-Priority-1-WDC-QR-Code_page-0001-1200x1697-1.jpg.webp\" alt=\"\" class=\"wp-image-3543 lazyload\" data-srcset=\"https:\/\/www.visittorshavn.fo\/wp-content\/smush-webp\/2024\/04\/Interreg-NPA-project-poster-A3-Priority-1-WDC-QR-Code_page-0001-1200x1697-1.jpg.webp 1200w, https:\/\/www.visittorshavn.fo\/wp-content\/smush-webp\/2024\/04\/Interreg-NPA-project-poster-A3-Priority-1-WDC-QR-Code_page-0001-1200x1697-1-566x800.jpg.webp 566w, https:\/\/www.visittorshavn.fo\/wp-content\/uploads\/2024\/04\/Interreg-NPA-project-poster-A3-Priority-1-WDC-QR-Code_page-0001-1200x1697-1-849x1200.jpg 849w, https:\/\/www.visittorshavn.fo\/wp-content\/smush-webp\/2024\/04\/Interreg-NPA-project-poster-A3-Priority-1-WDC-QR-Code_page-0001-1200x1697-1-768x1086.jpg.webp 768w, https:\/\/www.visittorshavn.fo\/wp-content\/smush-webp\/2024\/04\/Interreg-NPA-project-poster-A3-Priority-1-WDC-QR-Code_page-0001-1200x1697-1-1086x1536.jpg.webp 1086w, https:\/\/www.visittorshavn.fo\/wp-content\/smush-webp\/2024\/04\/Interreg-NPA-project-poster-A3-Priority-1-WDC-QR-Code_page-0001-1200x1697-1-600x849.jpg.webp 600w\" data-sizes=\"auto\" src=\"data:image\/svg+xml;base64,PHN2ZyB3aWR0aD0iMSIgaGVpZ2h0PSIxIiB4bWxucz0iaHR0cDovL3d3dy53My5vcmcvMjAwMC9zdmciPjwvc3ZnPg==\" style=\"--smush-placeholder-width: 1200px; --smush-placeholder-aspect-ratio: 1200\/1697;\" data-original-sizes=\"(max-width: 1200px) 100vw, 1200px\" \/><\/figure>\n\n\n\n<div style=\"height:100px\" aria-hidden=\"true\" class=\"wp-block-spacer\"><\/div>\n\n\n\n<h2 class=\"wp-block-heading\">T\u00f8kni ver\u00f0ur br\u00fakt at menna b\u00f3kmentaliga og mentanarliga fer\u00f0avinnu<\/h2>\n\n\n\n<p>Vi\u00f0 hesum m\u00f8guleikum leggur N-LiTe upp til eina b\u00f3kmentaliga fer\u00f0avinnu, sum hj\u00e1lpir fyrit\u00f8kunum at r\u00f8kka \u00fat til n\u00fdggjar kundar. Hetta er eisini ein vi\u00f0urkenning av t\u00f8rvinum \u00e1 bur\u00f0ardyggari fer\u00f0avinnu, og hvussu man kann leingja fer\u00f0avinnuna, so at hon r\u00f8kkur yvir longri t\u00ed\u00f0arskei\u00f0 enn einans summarm\u00e1na\u00f0irnar.<\/p>\n\n\n\n<p>Les meira um \u00e1taki\u00f0 <a href=\"https:\/\/westerndevelopment.ie\/key-projects\/european-projects\/n-lite\/\">her<\/a>.<\/p>\n\n\n\n<div style=\"height:100px\" aria-hidden=\"true\" class=\"wp-block-spacer\"><\/div>\n\n\n\n<figure class=\"wp-block-gallery has-nested-images columns-default is-cropped wp-block-gallery-1 is-layout-flex wp-block-gallery-is-layout-flex\">\n<figure class=\"wp-block-image size-full\"><img decoding=\"async\" width=\"1024\" height=\"768\" data-id=\"3545\" data-src=\"https:\/\/www.visittorshavn.fo\/wp-content\/smush-webp\/2024\/04\/nlite-3_large.jpg.webp\" alt=\"\" class=\"wp-image-3545 lazyload\" data-srcset=\"https:\/\/www.visittorshavn.fo\/wp-content\/smush-webp\/2024\/04\/nlite-3_large.jpg.webp 1024w, https:\/\/www.visittorshavn.fo\/wp-content\/smush-webp\/2024\/04\/nlite-3_large-800x600.jpg.webp 800w, https:\/\/www.visittorshavn.fo\/wp-content\/smush-webp\/2024\/04\/nlite-3_large-768x576.jpg.webp 768w, https:\/\/www.visittorshavn.fo\/wp-content\/smush-webp\/2024\/04\/nlite-3_large-600x450.jpg.webp 600w\" data-sizes=\"auto\" src=\"data:image\/svg+xml;base64,PHN2ZyB3aWR0aD0iMSIgaGVpZ2h0PSIxIiB4bWxucz0iaHR0cDovL3d3dy53My5vcmcvMjAwMC9zdmciPjwvc3ZnPg==\" style=\"--smush-placeholder-width: 1024px; --smush-placeholder-aspect-ratio: 1024\/768;\" data-original-sizes=\"(max-width: 1024px) 100vw, 1024px\" \/><\/figure>\n\n\n\n<figure class=\"wp-block-image size-full\"><img decoding=\"async\" width=\"1024\" height=\"768\" data-id=\"3547\" data-src=\"https:\/\/www.visittorshavn.fo\/wp-content\/smush-webp\/2024\/04\/nlite-1000003197_large.jpg.webp\" alt=\"\" class=\"wp-image-3547 lazyload\" data-srcset=\"https:\/\/www.visittorshavn.fo\/wp-content\/smush-webp\/2024\/04\/nlite-1000003197_large.jpg.webp 1024w, https:\/\/www.visittorshavn.fo\/wp-content\/smush-webp\/2024\/04\/nlite-1000003197_large-800x600.jpg.webp 800w, https:\/\/www.visittorshavn.fo\/wp-content\/smush-webp\/2024\/04\/nlite-1000003197_large-768x576.jpg.webp 768w, https:\/\/www.visittorshavn.fo\/wp-content\/smush-webp\/2024\/04\/nlite-1000003197_large-600x450.jpg.webp 600w\" data-sizes=\"auto\" src=\"data:image\/svg+xml;base64,PHN2ZyB3aWR0aD0iMSIgaGVpZ2h0PSIxIiB4bWxucz0iaHR0cDovL3d3dy53My5vcmcvMjAwMC9zdmciPjwvc3ZnPg==\" style=\"--smush-placeholder-width: 1024px; --smush-placeholder-aspect-ratio: 1024\/768;\" data-original-sizes=\"(max-width: 1024px) 100vw, 1024px\" \/><\/figure>\n<\/figure>\n\n\n\n<div style=\"height:150px\" aria-hidden=\"true\" class=\"wp-block-spacer\"><\/div>\n\n\n\n<h2 class=\"wp-block-heading\"><strong>N-LITE Immersive Experiences:<\/strong> <strong>Livandi b\u00f3kmentaarvur<\/strong><\/h2>\n\n\n\n<div class=\"wp-block-media-text is-stacked-on-mobile\"><figure class=\"wp-block-media-text__media\"><img decoding=\"async\" width=\"851\" height=\"1200\" data-src=\"https:\/\/www.visittorshavn.fo\/wp-content\/smush-webp\/2026\/02\/Faroe-N-LITE-Launch-1-851x1200.jpg.webp\" alt=\"\" class=\"wp-image-236595 size-full lazyload\" data-srcset=\"https:\/\/www.visittorshavn.fo\/wp-content\/smush-webp\/2026\/02\/Faroe-N-LITE-Launch-1-851x1200.jpg.webp 851w, https:\/\/www.visittorshavn.fo\/wp-content\/smush-webp\/2026\/02\/Faroe-N-LITE-Launch-1-568x800.jpg.webp 568w, https:\/\/www.visittorshavn.fo\/wp-content\/smush-webp\/2026\/02\/Faroe-N-LITE-Launch-1-768x1083.jpg.webp 768w, https:\/\/www.visittorshavn.fo\/wp-content\/smush-webp\/2026\/02\/Faroe-N-LITE-Launch-1-1090x1536.jpg.webp 1090w, https:\/\/www.visittorshavn.fo\/wp-content\/smush-webp\/2026\/02\/Faroe-N-LITE-Launch-1-600x846.jpg.webp 600w, https:\/\/www.visittorshavn.fo\/wp-content\/smush-webp\/2026\/02\/Faroe-N-LITE-Launch-1.jpg.webp 1240w\" data-sizes=\"auto\" src=\"data:image\/svg+xml;base64,PHN2ZyB3aWR0aD0iMSIgaGVpZ2h0PSIxIiB4bWxucz0iaHR0cDovL3d3dy53My5vcmcvMjAwMC9zdmciPjwvc3ZnPg==\" style=\"--smush-placeholder-width: 851px; --smush-placeholder-aspect-ratio: 851\/1200;\" data-original-sizes=\"(max-width: 851px) 100vw, 851px\" \/><\/figure><div class=\"wp-block-media-text__content\">\n<p>\u00cd \u00cdrlandi, Sv\u00f8r\u00edki, Finlandi, Noregi og F\u00f8royum koma gamlar s\u00f8gur til l\u00edvs vi\u00f0 n\u00fdggjari t\u00f8kni.<\/p>\n\n\n\n<p><strong>Tale Smiths<\/strong> bj\u00f3\u00f0ar t\u00e6r at uppliva b\u00f3kmentir, f\u00f3lkasagnir og si\u00f0ir \u00ed Nor\u00f0urevropa \u00ed einum 3D-heimi. Vi\u00f0 samvirknari fr\u00e1s\u00f8gn kanst t\u00fa st\u00edga inn \u00ed heimin hj\u00e1 rith\u00f8vundum, so sum <strong>Williami Heinesen<\/strong> og uppliva t\u00e6r s\u00f8gur og sagnir, i\u00f0 hava forma\u00f0 okkara \u00f8ki\u00f0.<\/p>\n\n\n\n<p>Uppliva b\u00f3kmentafer\u00f0avinnu, og kanna nor\u00f0urlendska mentanararvin \u00e1 ein n\u00fdggjan og hugkveikjandi h\u00e1tt.<\/p>\n\n\n\n<h3 class=\"wp-block-heading\">Byrja t\u00edna fer\u00f0<\/h3>\n\n\n\n<p>S\u00f8gurnar eru vakna\u00f0ar. Heinta sp\u00e6li\u00f0 og far \u00e1 ranns\u00f3knarfer\u00f0 \u00ed dag.<\/p>\n\n\n\n<p><strong>Heinta Tale Smiths \u00e1 Steam:<\/strong> <a href=\"https:\/\/store.steampowered.com\/app\/3160560\/Tale_Smiths\/\" type=\"link\" id=\"https:\/\/store.steampowered.com\/app\/3160560\/Tale_Smiths\/\">Tale Smiths<\/a><\/p>\n<\/div><\/div>\n\n\n\n<div style=\"height:100px\" aria-hidden=\"true\" class=\"wp-block-spacer\"><\/div>\n\n\n\n<div class=\"wp-block-columns is-layout-flex wp-container-core-columns-is-layout-9d6595d7 wp-block-columns-is-layout-flex\">\n<div class=\"wp-block-column is-layout-flow wp-block-column-is-layout-flow\">\n<div style=\"height:52px\" aria-hidden=\"true\" class=\"wp-block-spacer\"><\/div>\n\n\n\n<h2 class=\"wp-block-heading has-text-align-left\">Set teg \u00ed samband vi\u00f0 okkara serfr\u00f8\u00f0ing<\/h2>\n\n\n\n<p>Fyri n\u00e6rri kunning, set teg \u00ed samband vi\u00f0 verk\u00e6tlanarlei\u00f0ara Anniku Lisberg \u00e1 <a href=\"mailto:annikali@torshavn.fo\">annikali@torshavn.fo<\/a> ella ring til okkara \u00e1 +298 302425.<\/p>\n<\/div>\n\n\n\n<div class=\"wp-block-column is-layout-flow wp-block-column-is-layout-flow\">\n<div id=\"employees_block_49893c935bd716c2fc5a6b8b6e36b023\" class=\"lunnar-employees \">\n\n    \n            <div class=\"employees-grid per-row-1\">\n                            \n                <div class=\"employee-card\">\n                    <div class=\"employee-card--image\">\n                                                    <img decoding=\"async\" data-src=\"https:\/\/www.visittorshavn.fo\/wp-content\/smush-webp\/2024\/02\/Rectangle-113.jpg.webp\" width=\"343\" height=\"343\" alt=\"\" style=\"--smush-placeholder-width: 343px; --smush-placeholder-aspect-ratio: 343\/343;object-position: 50% 50%;\" src=\"data:image\/svg+xml;base64,PHN2ZyB3aWR0aD0iMSIgaGVpZ2h0PSIxIiB4bWxucz0iaHR0cDovL3d3dy53My5vcmcvMjAwMC9zdmciPjwvc3ZnPg==\" class=\"lazyload\" data-srcset=\"https:\/\/www.visittorshavn.fo\/wp-content\/smush-webp\/2024\/02\/Rectangle-113.jpg.webp 343w, https:\/\/www.visittorshavn.fo\/wp-content\/smush-webp\/2024\/02\/Rectangle-113-300x300.jpg.webp 300w, https:\/\/www.visittorshavn.fo\/wp-content\/smush-webp\/2024\/02\/Rectangle-113-100x100.jpg.webp 100w\" data-sizes=\"auto\" data-original-sizes=\"(max-width: 343px) 100vw, 343px\">\n                                            <\/div>\n\n                    <div class=\"employee-card--content\">\n                        <div class=\"employee-card--text\">\n                            <h5>Annika Lisberg<\/h5>\n                            <p>Virkandi Stj\u00f3ri \/ Menningarf\u00f3lk<\/p>\n                        <\/div>\n\n                        <div class=\"employee-card--meta\">\n                                                            <a href=\"tel: +298 302 425\">\n                                    <img decoding=\"async\" src=\"https:\/\/www.visittorshavn.fo\/wp-content\/themes\/lunnar-visittorshavn\/images\/icon-phone.svg\" class=\"injectable\" \/>\n                                    +298 302 425                                <\/a>\n                                                                                        <a href=\"mailto: annikali@torshavn.fo\">\n                                    <img decoding=\"async\" src=\"https:\/\/www.visittorshavn.fo\/wp-content\/themes\/lunnar-visittorshavn\/images\/icon-at.svg\" class=\"injectable\" \/>\n                                    annikali@torshavn.fo                                <\/a>\n                                                    <\/div>\n                    <\/div>\n                <\/div>\n                    <\/div>\n    <\/div><\/div>\n<\/div>\n\n\n\n<div style=\"height:200px\" aria-hidden=\"true\" class=\"wp-block-spacer\"><\/div>\n","protected":false},"excerpt":{"rendered":"<p>Um N-LiTe Endam\u00e1li\u00f0 vi\u00f0 N-LiTe (Literary Tourism Immersive Technology Acceleration) er at menna t\u00f8kni og stu\u00f0la n\u00fdskapan til tess at skapa fleiri arbei\u00f0spl\u00e1ss og styrkja b\u00faskapin \u00ed nor\u00f0urja\u00f0ar- og arktiska [&hellip;]<\/p>\n","protected":false},"author":4,"featured_media":136725,"parent":0,"menu_order":0,"comment_status":"closed","ping_status":"closed","template":"","meta":{"_acf_changed":false,"footnotes":""},"page_category":[],"class_list":["post-14005","page","type-page","status-publish","has-post-thumbnail","hentry"],"acf":[],"yoast_head":"<!-- This site is optimized with the Yoast SEO plugin v27.5 - https:\/\/yoast.com\/product\/yoast-seo-wordpress\/ -->\n<title>N-LITE (Project Literary Tourism) - Visit Torshavn<\/title>\n<meta name=\"robots\" content=\"index, follow, max-snippet:-1, max-image-preview:large, max-video-preview:-1\" \/>\n<link rel=\"canonical\" href=\"https:\/\/www.visittorshavn.fo\/fo\/n-lite-literary-tourism-immersive-technology-acceleration\/\" \/>\n<meta property=\"og:locale\" content=\"fo_FO\" \/>\n<meta property=\"og:type\" content=\"article\" \/>\n<meta property=\"og:title\" content=\"N-LITE (Project Literary Tourism) - Visit Torshavn\" \/>\n<meta property=\"og:description\" content=\"Um N-LiTe Endam\u00e1li\u00f0 vi\u00f0 N-LiTe (Literary Tourism Immersive Technology Acceleration) er at menna t\u00f8kni og stu\u00f0la n\u00fdskapan til tess at skapa fleiri arbei\u00f0spl\u00e1ss og styrkja b\u00faskapin \u00ed nor\u00f0urja\u00f0ar- og arktiska [&hellip;]\" \/>\n<meta property=\"og:url\" content=\"https:\/\/www.visittorshavn.fo\/fo\/n-lite-literary-tourism-immersive-technology-acceleration\/\" \/>\n<meta property=\"og:site_name\" content=\"Visit Torshavn\" \/>\n<meta property=\"article:modified_time\" content=\"2026-02-16T15:12:08+00:00\" \/>\n<meta property=\"og:image\" content=\"https:\/\/www.visittorshavn.fo\/wp-content\/uploads\/2025\/08\/design-18.png\" \/>\n\t<meta property=\"og:image:width\" content=\"1281\" \/>\n\t<meta property=\"og:image:height\" content=\"845\" \/>\n\t<meta property=\"og:image:type\" content=\"image\/png\" \/>\n<meta name=\"twitter:card\" content=\"summary_large_image\" \/>\n<meta name=\"twitter:label1\" content=\"Est. reading time\" \/>\n\t<meta name=\"twitter:data1\" content=\"3 minutes\" \/>\n<script type=\"application\/ld+json\" class=\"yoast-schema-graph\">{\"@context\":\"https:\\\/\\\/schema.org\",\"@graph\":[{\"@type\":\"WebPage\",\"@id\":\"https:\\\/\\\/www.visittorshavn.fo\\\/fo\\\/n-lite-literary-tourism-immersive-technology-acceleration\\\/\",\"url\":\"https:\\\/\\\/www.visittorshavn.fo\\\/fo\\\/n-lite-literary-tourism-immersive-technology-acceleration\\\/\",\"name\":\"N-LITE (Project Literary Tourism) - Visit Torshavn\",\"isPartOf\":{\"@id\":\"https:\\\/\\\/www.visittorshavn.fo\\\/fo\\\/#website\"},\"primaryImageOfPage\":{\"@id\":\"https:\\\/\\\/www.visittorshavn.fo\\\/fo\\\/n-lite-literary-tourism-immersive-technology-acceleration\\\/#primaryimage\"},\"image\":{\"@id\":\"https:\\\/\\\/www.visittorshavn.fo\\\/fo\\\/n-lite-literary-tourism-immersive-technology-acceleration\\\/#primaryimage\"},\"thumbnailUrl\":\"https:\\\/\\\/www.visittorshavn.fo\\\/wp-content\\\/uploads\\\/2025\\\/08\\\/design-18.png\",\"datePublished\":\"2024-04-23T13:27:53+00:00\",\"dateModified\":\"2026-02-16T15:12:08+00:00\",\"breadcrumb\":{\"@id\":\"https:\\\/\\\/www.visittorshavn.fo\\\/fo\\\/n-lite-literary-tourism-immersive-technology-acceleration\\\/#breadcrumb\"},\"inLanguage\":\"fo-FO\",\"potentialAction\":[{\"@type\":\"ReadAction\",\"target\":[\"https:\\\/\\\/www.visittorshavn.fo\\\/fo\\\/n-lite-literary-tourism-immersive-technology-acceleration\\\/\"]}]},{\"@type\":\"ImageObject\",\"inLanguage\":\"fo-FO\",\"@id\":\"https:\\\/\\\/www.visittorshavn.fo\\\/fo\\\/n-lite-literary-tourism-immersive-technology-acceleration\\\/#primaryimage\",\"url\":\"https:\\\/\\\/www.visittorshavn.fo\\\/wp-content\\\/uploads\\\/2025\\\/08\\\/design-18.png\",\"contentUrl\":\"https:\\\/\\\/www.visittorshavn.fo\\\/wp-content\\\/uploads\\\/2025\\\/08\\\/design-18.png\",\"width\":1281,\"height\":845,\"caption\":\"Mynd fr\u00e1 Canva sum hevur filtur og er klipt til\"},{\"@type\":\"BreadcrumbList\",\"@id\":\"https:\\\/\\\/www.visittorshavn.fo\\\/fo\\\/n-lite-literary-tourism-immersive-technology-acceleration\\\/#breadcrumb\",\"itemListElement\":[{\"@type\":\"ListItem\",\"position\":1,\"name\":\"Home\",\"item\":\"https:\\\/\\\/www.visittorshavn.fo\\\/fo\\\/\"},{\"@type\":\"ListItem\",\"position\":2,\"name\":\"N-LITE (Project Literary Tourism)\"}]},{\"@type\":\"WebSite\",\"@id\":\"https:\\\/\\\/www.visittorshavn.fo\\\/fo\\\/#website\",\"url\":\"https:\\\/\\\/www.visittorshavn.fo\\\/fo\\\/\",\"name\":\"Visit Torshavn\",\"description\":\"\",\"potentialAction\":[{\"@type\":\"SearchAction\",\"target\":{\"@type\":\"EntryPoint\",\"urlTemplate\":\"https:\\\/\\\/www.visittorshavn.fo\\\/fo\\\/?s={search_term_string}\"},\"query-input\":{\"@type\":\"PropertyValueSpecification\",\"valueRequired\":true,\"valueName\":\"search_term_string\"}}],\"inLanguage\":\"fo-FO\"}]}<\/script>\n<!-- \/ Yoast SEO plugin. -->","yoast_head_json":{"title":"N-LITE (Project Literary Tourism) - Visit Torshavn","robots":{"index":"index","follow":"follow","max-snippet":"max-snippet:-1","max-image-preview":"max-image-preview:large","max-video-preview":"max-video-preview:-1"},"canonical":"https:\/\/www.visittorshavn.fo\/fo\/n-lite-literary-tourism-immersive-technology-acceleration\/","og_locale":"fo_FO","og_type":"article","og_title":"N-LITE (Project Literary Tourism) - Visit Torshavn","og_description":"Um N-LiTe Endam\u00e1li\u00f0 vi\u00f0 N-LiTe (Literary Tourism Immersive Technology Acceleration) er at menna t\u00f8kni og stu\u00f0la n\u00fdskapan til tess at skapa fleiri arbei\u00f0spl\u00e1ss og styrkja b\u00faskapin \u00ed nor\u00f0urja\u00f0ar- og arktiska [&hellip;]","og_url":"https:\/\/www.visittorshavn.fo\/fo\/n-lite-literary-tourism-immersive-technology-acceleration\/","og_site_name":"Visit Torshavn","article_modified_time":"2026-02-16T15:12:08+00:00","og_image":[{"width":1281,"height":845,"url":"https:\/\/www.visittorshavn.fo\/wp-content\/uploads\/2025\/08\/design-18.png","type":"image\/png"}],"twitter_card":"summary_large_image","twitter_misc":{"Est. reading time":"3 minutes"},"schema":{"@context":"https:\/\/schema.org","@graph":[{"@type":"WebPage","@id":"https:\/\/www.visittorshavn.fo\/fo\/n-lite-literary-tourism-immersive-technology-acceleration\/","url":"https:\/\/www.visittorshavn.fo\/fo\/n-lite-literary-tourism-immersive-technology-acceleration\/","name":"N-LITE (Project Literary Tourism) - Visit Torshavn","isPartOf":{"@id":"https:\/\/www.visittorshavn.fo\/fo\/#website"},"primaryImageOfPage":{"@id":"https:\/\/www.visittorshavn.fo\/fo\/n-lite-literary-tourism-immersive-technology-acceleration\/#primaryimage"},"image":{"@id":"https:\/\/www.visittorshavn.fo\/fo\/n-lite-literary-tourism-immersive-technology-acceleration\/#primaryimage"},"thumbnailUrl":"https:\/\/www.visittorshavn.fo\/wp-content\/uploads\/2025\/08\/design-18.png","datePublished":"2024-04-23T13:27:53+00:00","dateModified":"2026-02-16T15:12:08+00:00","breadcrumb":{"@id":"https:\/\/www.visittorshavn.fo\/fo\/n-lite-literary-tourism-immersive-technology-acceleration\/#breadcrumb"},"inLanguage":"fo-FO","potentialAction":[{"@type":"ReadAction","target":["https:\/\/www.visittorshavn.fo\/fo\/n-lite-literary-tourism-immersive-technology-acceleration\/"]}]},{"@type":"ImageObject","inLanguage":"fo-FO","@id":"https:\/\/www.visittorshavn.fo\/fo\/n-lite-literary-tourism-immersive-technology-acceleration\/#primaryimage","url":"https:\/\/www.visittorshavn.fo\/wp-content\/uploads\/2025\/08\/design-18.png","contentUrl":"https:\/\/www.visittorshavn.fo\/wp-content\/uploads\/2025\/08\/design-18.png","width":1281,"height":845,"caption":"Mynd fr\u00e1 Canva sum hevur filtur og er klipt til"},{"@type":"BreadcrumbList","@id":"https:\/\/www.visittorshavn.fo\/fo\/n-lite-literary-tourism-immersive-technology-acceleration\/#breadcrumb","itemListElement":[{"@type":"ListItem","position":1,"name":"Home","item":"https:\/\/www.visittorshavn.fo\/fo\/"},{"@type":"ListItem","position":2,"name":"N-LITE (Project Literary Tourism)"}]},{"@type":"WebSite","@id":"https:\/\/www.visittorshavn.fo\/fo\/#website","url":"https:\/\/www.visittorshavn.fo\/fo\/","name":"Visit Torshavn","description":"","potentialAction":[{"@type":"SearchAction","target":{"@type":"EntryPoint","urlTemplate":"https:\/\/www.visittorshavn.fo\/fo\/?s={search_term_string}"},"query-input":{"@type":"PropertyValueSpecification","valueRequired":true,"valueName":"search_term_string"}}],"inLanguage":"fo-FO"}]}},"_links":{"self":[{"href":"https:\/\/www.visittorshavn.fo\/fo\/wp-json\/wp\/v2\/pages\/14005","targetHints":{"allow":["GET"]}}],"collection":[{"href":"https:\/\/www.visittorshavn.fo\/fo\/wp-json\/wp\/v2\/pages"}],"about":[{"href":"https:\/\/www.visittorshavn.fo\/fo\/wp-json\/wp\/v2\/types\/page"}],"author":[{"embeddable":true,"href":"https:\/\/www.visittorshavn.fo\/fo\/wp-json\/wp\/v2\/users\/4"}],"replies":[{"embeddable":true,"href":"https:\/\/www.visittorshavn.fo\/fo\/wp-json\/wp\/v2\/comments?post=14005"}],"version-history":[{"count":0,"href":"https:\/\/www.visittorshavn.fo\/fo\/wp-json\/wp\/v2\/pages\/14005\/revisions"}],"wp:featuredmedia":[{"embeddable":true,"href":"https:\/\/www.visittorshavn.fo\/fo\/wp-json\/wp\/v2\/media\/136725"}],"wp:attachment":[{"href":"https:\/\/www.visittorshavn.fo\/fo\/wp-json\/wp\/v2\/media?parent=14005"}],"wp:term":[{"taxonomy":"page_category","embeddable":true,"href":"https:\/\/www.visittorshavn.fo\/fo\/wp-json\/wp\/v2\/page_category?post=14005"}],"curies":[{"name":"wp","href":"https:\/\/api.w.org\/{rel}","templated":true}]}}