{"id":14107,"date":"2024-04-12T10:23:20","date_gmt":"2024-04-12T09:23:20","guid":{"rendered":"https:\/\/www.visittorshavn.fo\/?page_id=14107"},"modified":"2025-08-13T14:57:00","modified_gmt":"2025-08-13T13:57:00","slug":"havnarfolk","status":"publish","type":"page","link":"https:\/\/www.visittorshavn.fo\/fo\/havnarfolk\/","title":{"rendered":"Havnarf\u00f3lk"},"content":{"rendered":"\n<div class=\"wp-block-cover alignfull has-custom-content-position is-position-bottom-center\" style=\"min-height:582px;aspect-ratio:unset;\"><img decoding=\"async\" width=\"1024\" height=\"683\" class=\"wp-block-cover__image-background wp-image-3203 size-full lazyload\" alt=\"\" data-src=\"https:\/\/www.visittorshavn.fo\/wp-content\/smush-webp\/2024\/04\/meet-the-locals.jpg.webp\" data-object-fit=\"cover\" data-srcset=\"https:\/\/www.visittorshavn.fo\/wp-content\/smush-webp\/2024\/04\/meet-the-locals.jpg.webp 1024w, https:\/\/www.visittorshavn.fo\/wp-content\/smush-webp\/2024\/04\/meet-the-locals-800x534.jpg.webp 800w, https:\/\/www.visittorshavn.fo\/wp-content\/smush-webp\/2024\/04\/meet-the-locals-768x512.jpg.webp 768w, https:\/\/www.visittorshavn.fo\/wp-content\/smush-webp\/2024\/04\/meet-the-locals-600x400.jpg.webp 600w\" data-sizes=\"auto\" src=\"data:image\/svg+xml;base64,PHN2ZyB3aWR0aD0iMSIgaGVpZ2h0PSIxIiB4bWxucz0iaHR0cDovL3d3dy53My5vcmcvMjAwMC9zdmciPjwvc3ZnPg==\" style=\"--smush-placeholder-width: 1024px; --smush-placeholder-aspect-ratio: 1024\/683;\" data-original-sizes=\"(max-width: 1024px) 100vw, 1024px\" \/><span aria-hidden=\"true\" class=\"wp-block-cover__background has-background-dim\" style=\"background-color:#625c59\"><\/span><div class=\"wp-block-cover__inner-container is-layout-constrained wp-block-cover-is-layout-constrained\">\n<div class=\"wp-block-columns is-layout-flex wp-container-core-columns-is-layout-9d6595d7 wp-block-columns-is-layout-flex\">\n<div class=\"wp-block-column is-layout-flow wp-block-column-is-layout-flow\">\n<div id=\"breadcrumbs_block_4c85a3b15ca67f85f4cebdfc57b409c7\" class=\"lunnar-breadcrumbs\">\n            <div class=\"lunnar-breadcrumbs\"><ul><\/ul><\/div>    <\/div>\n\n\n<h1 class=\"wp-block-heading\">Havnarf\u00f3lk<\/h1>\n<\/div>\n\n\n\n<div class=\"wp-block-column is-layout-flow wp-block-column-is-layout-flow\"><\/div>\n<\/div>\n\n\n\n<div style=\"height:60px\" aria-hidden=\"true\" class=\"wp-block-spacer\"><\/div>\n<\/div><\/div>\n\n\n\n<div style=\"height:200px\" aria-hidden=\"true\" class=\"wp-block-spacer\"><\/div>\n\n\n\n<h3 class=\"wp-block-heading\">Ta\u00f0 sigst, at vilt t\u00fa veruliga kenna b\u00fdin, m\u00e1st t\u00fa fyrst kenna f\u00f3lkini. <\/h3>\n\n\n\n<p>Vit hj\u00e1lpa t\u00e6r vi\u00f0 hesum. S\u00ed hesi f\u00fdra filmsbrot, har i\u00f0 ordilig <em>havnarf\u00f3lk<\/em> grei\u00f0a fr\u00e1 s\u00ednum yndissta\u00f0i, og hvat teimum d\u00e1mar best vi\u00f0 t\u00ed.<\/p>\n\n\n\n<p>Filmsbrotini s\u00e6rt t\u00fa ni\u00f0anfyri.<\/p>\n\n\n\n<div style=\"height:100px\" aria-hidden=\"true\" class=\"wp-block-spacer\"><\/div>\n\n\n\n<div class=\"wp-block-cover alignfull has-dark-color has-text-color has-link-color wp-elements-ceb1dd5bbc85fc909f8f332eef959d4c\" style=\"padding-top:0;padding-bottom:0\"><span aria-hidden=\"true\" class=\"wp-block-cover__background has-light-green-background-color has-background-dim-100 has-background-dim\"><\/span><div class=\"wp-block-cover__inner-container is-layout-constrained wp-block-cover-is-layout-constrained\">\n<div style=\"height:100px\" aria-hidden=\"true\" class=\"wp-block-spacer\"><\/div>\n\n\n\n<h2 class=\"wp-block-heading has-text-align-center\">Havnarf\u00f3lk: Barnd\u00f3msdreymar<\/h2>\n\n\n\n<div style=\"height:32px\" aria-hidden=\"true\" class=\"wp-block-spacer\"><\/div>\n\n\n\n<div  class=\"lunnar-embed\" data-type=\"vimeo\" data-id=\"952228786\">\n    \n            <a href=\"#\" class=\"embed--image lunnar-embed-video-overlay\">\n                            <img decoding=\"async\" data-src=\"https:\/\/www.visittorshavn.fo\/wp-content\/smush-webp\/2024\/05\/Childhood-Dreams-1200x613.jpg.webp\" width=\"1200\" class=\"smush-dimensions lazyload\" style=\"--smush-image-width: 1200px; --smush-image-aspect-ratio: 1200\/613;\" src=\"data:image\/svg+xml;base64,PHN2ZyB3aWR0aD0iMSIgaGVpZ2h0PSIxIiB4bWxucz0iaHR0cDovL3d3dy53My5vcmcvMjAwMC9zdmciPjwvc3ZnPg==\" data-srcset=\"https:\/\/www.visittorshavn.fo\/wp-content\/smush-webp\/2024\/05\/Childhood-Dreams-1200x613.jpg.webp 1200w, https:\/\/www.visittorshavn.fo\/wp-content\/smush-webp\/2024\/05\/Childhood-Dreams-800x409.jpg.webp 800w, https:\/\/www.visittorshavn.fo\/wp-content\/smush-webp\/2024\/05\/Childhood-Dreams-768x392.jpg.webp 768w, https:\/\/www.visittorshavn.fo\/wp-content\/smush-webp\/2024\/05\/Childhood-Dreams-1536x785.jpg.webp 1536w, https:\/\/www.visittorshavn.fo\/wp-content\/uploads\/2024\/05\/Childhood-Dreams-1320x674.jpg 1320w, https:\/\/www.visittorshavn.fo\/wp-content\/smush-webp\/2024\/05\/Childhood-Dreams-600x307.jpg.webp 600w, https:\/\/www.visittorshavn.fo\/wp-content\/smush-webp\/2024\/05\/Childhood-Dreams.jpg.webp 1828w\" data-sizes=\"auto\" data-original-sizes=\"(max-width: 1200px) 100vw, 1200px\" \/>\n            \n                            <div class=\"embed--image-btn\"><img decoding=\"async\" src=\"https:\/\/www.visittorshavn.fo\/wp-content\/themes\/lunnar-visittorshavn\/images\/icon-play.svg\" class=\"injectable\" \/><\/div>\n                    <\/a>\n    <\/div>\n\n\n<div style=\"height:100px\" aria-hidden=\"true\" class=\"wp-block-spacer\"><\/div>\n<\/div><\/div>\n\n\n\n<div class=\"wp-block-cover alignfull has-dark-color has-text-color has-link-color wp-elements-459efed40c5a1cff8203da6db7373aa0\"><span aria-hidden=\"true\" class=\"wp-block-cover__background has-roseship-background-color has-background-dim-100 has-background-dim\"><\/span><div class=\"wp-block-cover__inner-container is-layout-constrained wp-block-cover-is-layout-constrained\">\n<div style=\"height:100px\" aria-hidden=\"true\" class=\"wp-block-spacer\"><\/div>\n\n\n\n<h2 class=\"wp-block-heading has-text-align-center\">Havnarf\u00f3lk: B\u00fdarl\u00edv<\/h2>\n\n\n\n<div style=\"height:32px\" aria-hidden=\"true\" class=\"wp-block-spacer\"><\/div>\n\n\n\n<div  class=\"lunnar-embed\" data-type=\"vimeo\" data-id=\"952226655\">\n    \n            <a href=\"#\" class=\"embed--image lunnar-embed-video-overlay\">\n                            <img decoding=\"async\" data-src=\"https:\/\/www.visittorshavn.fo\/wp-content\/smush-webp\/2024\/05\/City-Life-1200x639.jpg.webp\" width=\"1200\" class=\"smush-dimensions lazyload\" style=\"--smush-image-width: 1200px; --smush-image-aspect-ratio: 1200\/639;\" src=\"data:image\/svg+xml;base64,PHN2ZyB3aWR0aD0iMSIgaGVpZ2h0PSIxIiB4bWxucz0iaHR0cDovL3d3dy53My5vcmcvMjAwMC9zdmciPjwvc3ZnPg==\" data-srcset=\"https:\/\/www.visittorshavn.fo\/wp-content\/smush-webp\/2024\/05\/City-Life-1200x639.jpg.webp 1200w, https:\/\/www.visittorshavn.fo\/wp-content\/smush-webp\/2024\/05\/City-Life-800x426.jpg.webp 800w, https:\/\/www.visittorshavn.fo\/wp-content\/smush-webp\/2024\/05\/City-Life-768x409.jpg.webp 768w, https:\/\/www.visittorshavn.fo\/wp-content\/smush-webp\/2024\/05\/City-Life-1536x818.jpg.webp 1536w, https:\/\/www.visittorshavn.fo\/wp-content\/uploads\/2024\/05\/City-Life-1320x703.jpg 1320w, https:\/\/www.visittorshavn.fo\/wp-content\/smush-webp\/2024\/05\/City-Life-600x320.jpg.webp 600w, https:\/\/www.visittorshavn.fo\/wp-content\/smush-webp\/2024\/05\/City-Life.jpg.webp 1851w\" data-sizes=\"auto\" data-original-sizes=\"(max-width: 1200px) 100vw, 1200px\" \/>\n            \n                            <div class=\"embed--image-btn\"><img decoding=\"async\" src=\"https:\/\/www.visittorshavn.fo\/wp-content\/themes\/lunnar-visittorshavn\/images\/icon-play.svg\" class=\"injectable\" \/><\/div>\n                    <\/a>\n    <\/div>\n\n\n<div style=\"height:100px\" aria-hidden=\"true\" class=\"wp-block-spacer\"><\/div>\n<\/div><\/div>\n\n\n\n<div class=\"wp-block-cover alignfull\"><span aria-hidden=\"true\" class=\"wp-block-cover__background has-clear-day-background-color has-background-dim-100 has-background-dim\"><\/span><div class=\"wp-block-cover__inner-container is-layout-constrained wp-block-cover-is-layout-constrained\">\n<div style=\"height:100px\" aria-hidden=\"true\" class=\"wp-block-spacer\"><\/div>\n\n\n\n<h2 class=\"wp-block-heading has-text-align-center\">Havnarf\u00f3lk: Havi\u00f0<\/h2>\n\n\n\n<div style=\"height:32px\" aria-hidden=\"true\" class=\"wp-block-spacer\"><\/div>\n\n\n\n<div  class=\"lunnar-embed\" data-type=\"vimeo\" data-id=\"952228046\">\n    \n            <a href=\"#\" class=\"embed--image lunnar-embed-video-overlay\">\n                            <img decoding=\"async\" data-src=\"https:\/\/www.visittorshavn.fo\/wp-content\/smush-webp\/2024\/05\/The-Ocean-1200x609.jpg.webp\" width=\"1200\" class=\"smush-dimensions lazyload\" style=\"--smush-image-width: 1200px; --smush-image-aspect-ratio: 1200\/609;\" src=\"data:image\/svg+xml;base64,PHN2ZyB3aWR0aD0iMSIgaGVpZ2h0PSIxIiB4bWxucz0iaHR0cDovL3d3dy53My5vcmcvMjAwMC9zdmciPjwvc3ZnPg==\" data-srcset=\"https:\/\/www.visittorshavn.fo\/wp-content\/smush-webp\/2024\/05\/The-Ocean-1200x609.jpg.webp 1200w, https:\/\/www.visittorshavn.fo\/wp-content\/smush-webp\/2024\/05\/The-Ocean-800x406.jpg.webp 800w, https:\/\/www.visittorshavn.fo\/wp-content\/smush-webp\/2024\/05\/The-Ocean-768x390.jpg.webp 768w, https:\/\/www.visittorshavn.fo\/wp-content\/smush-webp\/2024\/05\/The-Ocean-1536x780.jpg.webp 1536w, https:\/\/www.visittorshavn.fo\/wp-content\/uploads\/2024\/05\/The-Ocean-1320x670.jpg 1320w, https:\/\/www.visittorshavn.fo\/wp-content\/smush-webp\/2024\/05\/The-Ocean-600x305.jpg.webp 600w, https:\/\/www.visittorshavn.fo\/wp-content\/smush-webp\/2024\/05\/The-Ocean.jpg.webp 1839w\" data-sizes=\"auto\" data-original-sizes=\"(max-width: 1200px) 100vw, 1200px\" \/>\n            \n                            <div class=\"embed--image-btn\"><img decoding=\"async\" src=\"https:\/\/www.visittorshavn.fo\/wp-content\/themes\/lunnar-visittorshavn\/images\/icon-play.svg\" class=\"injectable\" \/><\/div>\n                    <\/a>\n    <\/div>\n\n\n<div style=\"height:100px\" aria-hidden=\"true\" class=\"wp-block-spacer\"><\/div>\n<\/div><\/div>\n\n\n\n<div class=\"wp-block-cover alignfull has-dark-color has-text-color has-link-color wp-elements-d66dff8bc3b207564c31ab80fc374da9\"><span aria-hidden=\"true\" class=\"wp-block-cover__background has-sunshine-background-color has-background-dim-100 has-background-dim\"><\/span><div class=\"wp-block-cover__inner-container is-layout-constrained wp-block-cover-is-layout-constrained\">\n<div style=\"height:100px\" aria-hidden=\"true\" class=\"wp-block-spacer\"><\/div>\n\n\n\n<h2 class=\"wp-block-heading has-text-align-center\">Havnarf\u00f3lk: Ta\u00f0 fri\u00f0arliga l\u00edvi\u00f0<\/h2>\n\n\n\n<div style=\"height:32px\" aria-hidden=\"true\" class=\"wp-block-spacer\"><\/div>\n\n\n\n<div  class=\"lunnar-embed\" data-type=\"vimeo\" data-id=\"952230173\">\n    \n            <a href=\"#\" class=\"embed--image lunnar-embed-video-overlay\">\n                            <img decoding=\"async\" data-src=\"https:\/\/www.visittorshavn.fo\/wp-content\/smush-webp\/2024\/05\/The-Quiet-Life-1200x627.jpg.webp\" width=\"1200\" class=\"smush-dimensions lazyload\" style=\"--smush-image-width: 1200px; --smush-image-aspect-ratio: 1200\/627;\" src=\"data:image\/svg+xml;base64,PHN2ZyB3aWR0aD0iMSIgaGVpZ2h0PSIxIiB4bWxucz0iaHR0cDovL3d3dy53My5vcmcvMjAwMC9zdmciPjwvc3ZnPg==\" data-srcset=\"https:\/\/www.visittorshavn.fo\/wp-content\/smush-webp\/2024\/05\/The-Quiet-Life-1200x627.jpg.webp 1200w, https:\/\/www.visittorshavn.fo\/wp-content\/smush-webp\/2024\/05\/The-Quiet-Life-800x418.jpg.webp 800w, https:\/\/www.visittorshavn.fo\/wp-content\/smush-webp\/2024\/05\/The-Quiet-Life-768x401.jpg.webp 768w, https:\/\/www.visittorshavn.fo\/wp-content\/smush-webp\/2024\/05\/The-Quiet-Life-1536x802.jpg.webp 1536w, https:\/\/www.visittorshavn.fo\/wp-content\/uploads\/2024\/05\/The-Quiet-Life-1320x690.jpg 1320w, https:\/\/www.visittorshavn.fo\/wp-content\/smush-webp\/2024\/05\/The-Quiet-Life-600x313.jpg.webp 600w, https:\/\/www.visittorshavn.fo\/wp-content\/smush-webp\/2024\/05\/The-Quiet-Life.jpg.webp 1893w\" data-sizes=\"auto\" data-original-sizes=\"(max-width: 1200px) 100vw, 1200px\" \/>\n            \n                            <div class=\"embed--image-btn\"><img decoding=\"async\" src=\"https:\/\/www.visittorshavn.fo\/wp-content\/themes\/lunnar-visittorshavn\/images\/icon-play.svg\" class=\"injectable\" \/><\/div>\n                    <\/a>\n    <\/div>\n\n\n<div style=\"height:100px\" aria-hidden=\"true\" class=\"wp-block-spacer\"><\/div>\n<\/div><\/div>\n","protected":false},"excerpt":{"rendered":"<p>Ta\u00f0 sigst, at vilt t\u00fa veruliga kenna b\u00fdin, m\u00e1st t\u00fa fyrst kenna f\u00f3lkini. Vit hj\u00e1lpa t\u00e6r vi\u00f0 hesum. S\u00ed hesi f\u00fdra filmsbrot, har i\u00f0 ordilig havnarf\u00f3lk grei\u00f0a fr\u00e1 s\u00ednum yndissta\u00f0i, [&hellip;]<\/p>\n","protected":false},"author":4,"featured_media":1040,"parent":0,"menu_order":0,"comment_status":"closed","ping_status":"closed","template":"","meta":{"_acf_changed":false,"footnotes":""},"page_category":[],"class_list":["post-14107","page","type-page","status-publish","has-post-thumbnail","hentry"],"acf":[],"yoast_head":"<!-- This site is optimized with the Yoast SEO plugin v27.5 - https:\/\/yoast.com\/product\/yoast-seo-wordpress\/ -->\n<title>Havnarf\u00f3lk - Visit Torshavn<\/title>\n<meta name=\"robots\" content=\"index, follow, max-snippet:-1, max-image-preview:large, max-video-preview:-1\" \/>\n<link rel=\"canonical\" href=\"https:\/\/www.visittorshavn.fo\/fo\/havnarfolk\/\" \/>\n<meta property=\"og:locale\" content=\"fo_FO\" \/>\n<meta property=\"og:type\" content=\"article\" \/>\n<meta property=\"og:title\" content=\"Havnarf\u00f3lk - Visit Torshavn\" \/>\n<meta property=\"og:description\" content=\"Ta\u00f0 sigst, at vilt t\u00fa veruliga kenna b\u00fdin, m\u00e1st t\u00fa fyrst kenna f\u00f3lkini. Vit hj\u00e1lpa t\u00e6r vi\u00f0 hesum. S\u00ed hesi f\u00fdra filmsbrot, har i\u00f0 ordilig havnarf\u00f3lk grei\u00f0a fr\u00e1 s\u00ednum yndissta\u00f0i, [&hellip;]\" \/>\n<meta property=\"og:url\" content=\"https:\/\/www.visittorshavn.fo\/fo\/havnarfolk\/\" \/>\n<meta property=\"og:site_name\" content=\"Visit Torshavn\" \/>\n<meta property=\"article:modified_time\" content=\"2025-08-13T13:57:00+00:00\" \/>\n<meta property=\"og:image\" content=\"https:\/\/www.visittorshavn.fo\/wp-content\/uploads\/2024\/01\/6Image.jpg\" \/>\n\t<meta property=\"og:image:width\" content=\"343\" \/>\n\t<meta property=\"og:image:height\" content=\"420\" \/>\n\t<meta property=\"og:image:type\" content=\"image\/jpeg\" \/>\n<meta name=\"twitter:card\" content=\"summary_large_image\" \/>\n<meta name=\"twitter:label1\" content=\"Est. reading time\" \/>\n\t<meta name=\"twitter:data1\" content=\"1 minute\" \/>\n<script type=\"application\/ld+json\" class=\"yoast-schema-graph\">{\"@context\":\"https:\\\/\\\/schema.org\",\"@graph\":[{\"@type\":\"WebPage\",\"@id\":\"https:\\\/\\\/www.visittorshavn.fo\\\/fo\\\/havnarfolk\\\/\",\"url\":\"https:\\\/\\\/www.visittorshavn.fo\\\/fo\\\/havnarfolk\\\/\",\"name\":\"Havnarf\u00f3lk - Visit Torshavn\",\"isPartOf\":{\"@id\":\"https:\\\/\\\/www.visittorshavn.fo\\\/fo\\\/#website\"},\"primaryImageOfPage\":{\"@id\":\"https:\\\/\\\/www.visittorshavn.fo\\\/fo\\\/havnarfolk\\\/#primaryimage\"},\"image\":{\"@id\":\"https:\\\/\\\/www.visittorshavn.fo\\\/fo\\\/havnarfolk\\\/#primaryimage\"},\"thumbnailUrl\":\"https:\\\/\\\/www.visittorshavn.fo\\\/wp-content\\\/uploads\\\/2024\\\/01\\\/6Image.jpg\",\"datePublished\":\"2024-04-12T09:23:20+00:00\",\"dateModified\":\"2025-08-13T13:57:00+00:00\",\"breadcrumb\":{\"@id\":\"https:\\\/\\\/www.visittorshavn.fo\\\/fo\\\/havnarfolk\\\/#breadcrumb\"},\"inLanguage\":\"fo-FO\",\"potentialAction\":[{\"@type\":\"ReadAction\",\"target\":[\"https:\\\/\\\/www.visittorshavn.fo\\\/fo\\\/havnarfolk\\\/\"]}]},{\"@type\":\"ImageObject\",\"inLanguage\":\"fo-FO\",\"@id\":\"https:\\\/\\\/www.visittorshavn.fo\\\/fo\\\/havnarfolk\\\/#primaryimage\",\"url\":\"https:\\\/\\\/www.visittorshavn.fo\\\/wp-content\\\/uploads\\\/2024\\\/01\\\/6Image.jpg\",\"contentUrl\":\"https:\\\/\\\/www.visittorshavn.fo\\\/wp-content\\\/uploads\\\/2024\\\/01\\\/6Image.jpg\",\"width\":343,\"height\":420},{\"@type\":\"BreadcrumbList\",\"@id\":\"https:\\\/\\\/www.visittorshavn.fo\\\/fo\\\/havnarfolk\\\/#breadcrumb\",\"itemListElement\":[{\"@type\":\"ListItem\",\"position\":1,\"name\":\"Home\",\"item\":\"https:\\\/\\\/www.visittorshavn.fo\\\/fo\\\/\"},{\"@type\":\"ListItem\",\"position\":2,\"name\":\"Havnarf\u00f3lk\"}]},{\"@type\":\"WebSite\",\"@id\":\"https:\\\/\\\/www.visittorshavn.fo\\\/fo\\\/#website\",\"url\":\"https:\\\/\\\/www.visittorshavn.fo\\\/fo\\\/\",\"name\":\"Visit Torshavn\",\"description\":\"\",\"potentialAction\":[{\"@type\":\"SearchAction\",\"target\":{\"@type\":\"EntryPoint\",\"urlTemplate\":\"https:\\\/\\\/www.visittorshavn.fo\\\/fo\\\/?s={search_term_string}\"},\"query-input\":{\"@type\":\"PropertyValueSpecification\",\"valueRequired\":true,\"valueName\":\"search_term_string\"}}],\"inLanguage\":\"fo-FO\"}]}<\/script>\n<!-- \/ Yoast SEO plugin. -->","yoast_head_json":{"title":"Havnarf\u00f3lk - Visit Torshavn","robots":{"index":"index","follow":"follow","max-snippet":"max-snippet:-1","max-image-preview":"max-image-preview:large","max-video-preview":"max-video-preview:-1"},"canonical":"https:\/\/www.visittorshavn.fo\/fo\/havnarfolk\/","og_locale":"fo_FO","og_type":"article","og_title":"Havnarf\u00f3lk - Visit Torshavn","og_description":"Ta\u00f0 sigst, at vilt t\u00fa veruliga kenna b\u00fdin, m\u00e1st t\u00fa fyrst kenna f\u00f3lkini. Vit hj\u00e1lpa t\u00e6r vi\u00f0 hesum. S\u00ed hesi f\u00fdra filmsbrot, har i\u00f0 ordilig havnarf\u00f3lk grei\u00f0a fr\u00e1 s\u00ednum yndissta\u00f0i, [&hellip;]","og_url":"https:\/\/www.visittorshavn.fo\/fo\/havnarfolk\/","og_site_name":"Visit Torshavn","article_modified_time":"2025-08-13T13:57:00+00:00","og_image":[{"width":343,"height":420,"url":"https:\/\/www.visittorshavn.fo\/wp-content\/uploads\/2024\/01\/6Image.jpg","type":"image\/jpeg"}],"twitter_card":"summary_large_image","twitter_misc":{"Est. reading time":"1 minute"},"schema":{"@context":"https:\/\/schema.org","@graph":[{"@type":"WebPage","@id":"https:\/\/www.visittorshavn.fo\/fo\/havnarfolk\/","url":"https:\/\/www.visittorshavn.fo\/fo\/havnarfolk\/","name":"Havnarf\u00f3lk - Visit Torshavn","isPartOf":{"@id":"https:\/\/www.visittorshavn.fo\/fo\/#website"},"primaryImageOfPage":{"@id":"https:\/\/www.visittorshavn.fo\/fo\/havnarfolk\/#primaryimage"},"image":{"@id":"https:\/\/www.visittorshavn.fo\/fo\/havnarfolk\/#primaryimage"},"thumbnailUrl":"https:\/\/www.visittorshavn.fo\/wp-content\/uploads\/2024\/01\/6Image.jpg","datePublished":"2024-04-12T09:23:20+00:00","dateModified":"2025-08-13T13:57:00+00:00","breadcrumb":{"@id":"https:\/\/www.visittorshavn.fo\/fo\/havnarfolk\/#breadcrumb"},"inLanguage":"fo-FO","potentialAction":[{"@type":"ReadAction","target":["https:\/\/www.visittorshavn.fo\/fo\/havnarfolk\/"]}]},{"@type":"ImageObject","inLanguage":"fo-FO","@id":"https:\/\/www.visittorshavn.fo\/fo\/havnarfolk\/#primaryimage","url":"https:\/\/www.visittorshavn.fo\/wp-content\/uploads\/2024\/01\/6Image.jpg","contentUrl":"https:\/\/www.visittorshavn.fo\/wp-content\/uploads\/2024\/01\/6Image.jpg","width":343,"height":420},{"@type":"BreadcrumbList","@id":"https:\/\/www.visittorshavn.fo\/fo\/havnarfolk\/#breadcrumb","itemListElement":[{"@type":"ListItem","position":1,"name":"Home","item":"https:\/\/www.visittorshavn.fo\/fo\/"},{"@type":"ListItem","position":2,"name":"Havnarf\u00f3lk"}]},{"@type":"WebSite","@id":"https:\/\/www.visittorshavn.fo\/fo\/#website","url":"https:\/\/www.visittorshavn.fo\/fo\/","name":"Visit Torshavn","description":"","potentialAction":[{"@type":"SearchAction","target":{"@type":"EntryPoint","urlTemplate":"https:\/\/www.visittorshavn.fo\/fo\/?s={search_term_string}"},"query-input":{"@type":"PropertyValueSpecification","valueRequired":true,"valueName":"search_term_string"}}],"inLanguage":"fo-FO"}]}},"_links":{"self":[{"href":"https:\/\/www.visittorshavn.fo\/fo\/wp-json\/wp\/v2\/pages\/14107","targetHints":{"allow":["GET"]}}],"collection":[{"href":"https:\/\/www.visittorshavn.fo\/fo\/wp-json\/wp\/v2\/pages"}],"about":[{"href":"https:\/\/www.visittorshavn.fo\/fo\/wp-json\/wp\/v2\/types\/page"}],"author":[{"embeddable":true,"href":"https:\/\/www.visittorshavn.fo\/fo\/wp-json\/wp\/v2\/users\/4"}],"replies":[{"embeddable":true,"href":"https:\/\/www.visittorshavn.fo\/fo\/wp-json\/wp\/v2\/comments?post=14107"}],"version-history":[{"count":0,"href":"https:\/\/www.visittorshavn.fo\/fo\/wp-json\/wp\/v2\/pages\/14107\/revisions"}],"wp:featuredmedia":[{"embeddable":true,"href":"https:\/\/www.visittorshavn.fo\/fo\/wp-json\/wp\/v2\/media\/1040"}],"wp:attachment":[{"href":"https:\/\/www.visittorshavn.fo\/fo\/wp-json\/wp\/v2\/media?parent=14107"}],"wp:term":[{"taxonomy":"page_category","embeddable":true,"href":"https:\/\/www.visittorshavn.fo\/fo\/wp-json\/wp\/v2\/page_category?post=14107"}],"curies":[{"name":"wp","href":"https:\/\/api.w.org\/{rel}","templated":true}]}}