{"id":14814,"date":"2024-05-30T17:03:27","date_gmt":"2024-05-30T16:03:27","guid":{"rendered":"https:\/\/www.visittorshavn.fo\/?page_id=14814"},"modified":"2025-08-14T08:49:03","modified_gmt":"2025-08-14T07:49:03","slug":"koltur","status":"publish","type":"page","link":"https:\/\/www.visittorshavn.fo\/fo\/koltur\/","title":{"rendered":"Koltur"},"content":{"rendered":"\n<div class=\"wp-block-cover alignfull is-light has-custom-content-position is-position-bottom-center has-white-color has-text-color has-link-color wp-elements-2d2689c27359732acdcb8dd0ebadc6fe\" style=\"min-height:600px;aspect-ratio:unset;\"><img decoding=\"async\" width=\"1200\" height=\"960\" class=\"wp-block-cover__image-background wp-image-136128 size-large lazyload\" alt=\"\" data-src=\"https:\/\/www.visittorshavn.fo\/wp-content\/smush-webp\/2025\/08\/untitled-1200x960.jpg.webp\" style=\"--smush-placeholder-width: 1200px; --smush-placeholder-aspect-ratio: 1200\/960;object-position:48% 64%\" data-object-fit=\"cover\" data-object-position=\"48% 64%\" data-srcset=\"https:\/\/www.visittorshavn.fo\/wp-content\/smush-webp\/2025\/08\/untitled-1200x960.jpg.webp 1200w, https:\/\/www.visittorshavn.fo\/wp-content\/smush-webp\/2025\/08\/untitled-800x640.jpg.webp 800w, https:\/\/www.visittorshavn.fo\/wp-content\/smush-webp\/2025\/08\/untitled-768x614.jpg.webp 768w, https:\/\/www.visittorshavn.fo\/wp-content\/smush-webp\/2025\/08\/untitled-1536x1229.jpg.webp 1536w, https:\/\/www.visittorshavn.fo\/wp-content\/smush-webp\/2025\/08\/untitled-2048x1638.jpg.webp 2048w, https:\/\/www.visittorshavn.fo\/wp-content\/smush-webp\/2025\/08\/untitled-1320x1056.jpg.webp 1320w, https:\/\/www.visittorshavn.fo\/wp-content\/smush-webp\/2025\/08\/untitled-600x480.jpg.webp 600w\" data-sizes=\"auto\" src=\"data:image\/svg+xml;base64,PHN2ZyB3aWR0aD0iMSIgaGVpZ2h0PSIxIiB4bWxucz0iaHR0cDovL3d3dy53My5vcmcvMjAwMC9zdmciPjwvc3ZnPg==\" data-original-sizes=\"(max-width: 1200px) 100vw, 1200px\" \/><span aria-hidden=\"true\" class=\"wp-block-cover__background has-background-dim\" style=\"background-color:#94adb0\"><\/span><div class=\"wp-block-cover__inner-container is-layout-constrained wp-block-cover-is-layout-constrained\">\n<div class=\"wp-block-columns alignwide is-layout-flex wp-container-core-columns-is-layout-9d6595d7 wp-block-columns-is-layout-flex\">\n<div class=\"wp-block-column is-layout-flow wp-block-column-is-layout-flow\">\n<div id=\"breadcrumbs_block_007a2247fd2e65771beabb922ab5afbf\" class=\"lunnar-breadcrumbs\">\n            <div class=\"lunnar-breadcrumbs\"><ul><\/ul><\/div>    <\/div>\n\n\n<h1 class=\"wp-block-heading\">Koltur<\/h1>\n<\/div>\n\n\n\n<div class=\"wp-block-column is-layout-flow wp-block-column-is-layout-flow\"><\/div>\n<\/div>\n\n\n\n<div style=\"height:60px\" aria-hidden=\"true\" class=\"wp-block-spacer\"><\/div>\n\n\n\n<p>Photo: Nick Heinimann \/ Visit Faroe Islands<\/p>\n<\/div><\/div>\n\n\n\n<div style=\"height:200px\" aria-hidden=\"true\" class=\"wp-block-spacer\"><\/div>\n\n\n\n<div class=\"wp-block-columns is-layout-flex wp-container-core-columns-is-layout-9d6595d7 wp-block-columns-is-layout-flex\">\n<div class=\"wp-block-column is-vertically-aligned-top is-layout-flow wp-block-column-is-layout-flow\">\n<h2 class=\"wp-block-heading\">N\u00e1tt\u00farufri\u00f0\u00f8ki og ranns\u00f3knarst\u00f8\u00f0<\/h2>\n<\/div>\n\n\n\n<div class=\"wp-block-column is-vertically-aligned-top is-layout-flow wp-block-column-is-layout-flow\">\n<p>Vakra oyggin Koltur er \u00fatvald at hava fyrsta n\u00e1tt\u00farufri\u00f0lendi \u00ed F\u00f8royum. Landslagi\u00f0 er serstakt og fj\u00f8lbroytt vi\u00f0 n\u00f3gvum dj\u00f3ra- og plantusl\u00f8gum. Enn eru sera f\u00e1 innsl\u00f8dd sl\u00f8g at finna \u00e1 oynni, og orsaka\u00f0 av, at hon hevur veri\u00f0 r\u00e6ttiliga avbyrgd, hevur Koltur veri\u00f0 v\u00e6l vard \u00edm\u00f3ti \u00eddna\u00f0arligari \u00e1virkan \u00ed mun til a\u00f0rar f\u00f8royskar oyggjar. Hon gevur t\u00ed eina g\u00f3\u00f0a fatan av, hvussu f\u00f8royingar \u00ed farnari t\u00ed\u00f0 hava liva\u00f0 vi\u00f0 og av n\u00e1tt\u00faruni.<br><br>Koltur er eitt sera vitjanarvert sta\u00f0 &#8211; men ta\u00f0 er ikki alt\u00ed\u00f0 l\u00edka atkomuligt. <a href=\"https:\/\/www.rib62.com\/#!\/up\">Rib62<\/a> og <a href=\"https:\/\/www.tn24.fo\/fo\">Nor\u00f0l\u00fdsi\u00f0<\/a> gera t\u00farar til Koltur.<br><\/p>\n\n\n\n<p>Les meira um n\u00e1tt\u00farufri\u00f0\u00f8ki\u00f0 og ranns\u00f3knarst\u00f8\u00f0ina <a href=\"https:\/\/www.tjodsavnid.fo\/nature-of-koltur\">her<\/a>.<\/p>\n<\/div>\n<\/div>\n\n\n\n<div style=\"height:200px\" aria-hidden=\"true\" class=\"wp-block-spacer\"><\/div>\n","protected":false},"excerpt":{"rendered":"<p>N\u00e1tt\u00farufri\u00f0\u00f8ki og ranns\u00f3knarst\u00f8\u00f0 Vakra oyggin Koltur er \u00fatvald at hava fyrsta n\u00e1tt\u00farufri\u00f0lendi \u00ed F\u00f8royum. Landslagi\u00f0 er serstakt og fj\u00f8lbroytt vi\u00f0 n\u00f3gvum dj\u00f3ra- og plantusl\u00f8gum. Enn eru sera f\u00e1 innsl\u00f8dd sl\u00f8g [&hellip;]<\/p>\n","protected":false},"author":3,"featured_media":136128,"parent":0,"menu_order":0,"comment_status":"closed","ping_status":"closed","template":"","meta":{"_acf_changed":false,"footnotes":""},"page_category":[],"class_list":["post-14814","page","type-page","status-publish","has-post-thumbnail","hentry"],"acf":[],"yoast_head":"<!-- This site is optimized with the Yoast SEO plugin v27.5 - https:\/\/yoast.com\/product\/yoast-seo-wordpress\/ -->\n<title>Koltur - Visit Torshavn<\/title>\n<meta name=\"robots\" content=\"index, follow, max-snippet:-1, max-image-preview:large, max-video-preview:-1\" \/>\n<link rel=\"canonical\" href=\"https:\/\/www.visittorshavn.fo\/fo\/koltur\/\" \/>\n<meta property=\"og:locale\" content=\"fo_FO\" \/>\n<meta property=\"og:type\" content=\"article\" \/>\n<meta property=\"og:title\" content=\"Koltur - Visit Torshavn\" \/>\n<meta property=\"og:description\" content=\"N\u00e1tt\u00farufri\u00f0\u00f8ki og ranns\u00f3knarst\u00f8\u00f0 Vakra oyggin Koltur er \u00fatvald at hava fyrsta n\u00e1tt\u00farufri\u00f0lendi \u00ed F\u00f8royum. Landslagi\u00f0 er serstakt og fj\u00f8lbroytt vi\u00f0 n\u00f3gvum dj\u00f3ra- og plantusl\u00f8gum. Enn eru sera f\u00e1 innsl\u00f8dd sl\u00f8g [&hellip;]\" \/>\n<meta property=\"og:url\" content=\"https:\/\/www.visittorshavn.fo\/fo\/koltur\/\" \/>\n<meta property=\"og:site_name\" content=\"Visit Torshavn\" \/>\n<meta property=\"article:modified_time\" content=\"2025-08-14T07:49:03+00:00\" \/>\n<meta property=\"og:image\" content=\"https:\/\/www.visittorshavn.fo\/wp-content\/uploads\/2025\/08\/untitled-1200x960.jpg\" \/>\n\t<meta property=\"og:image:width\" content=\"1200\" \/>\n\t<meta property=\"og:image:height\" content=\"960\" \/>\n\t<meta property=\"og:image:type\" content=\"image\/jpeg\" \/>\n<meta name=\"twitter:card\" content=\"summary_large_image\" \/>\n<meta name=\"twitter:label1\" content=\"Est. reading time\" \/>\n\t<meta name=\"twitter:data1\" content=\"1 minute\" \/>\n<script type=\"application\/ld+json\" class=\"yoast-schema-graph\">{\"@context\":\"https:\\\/\\\/schema.org\",\"@graph\":[{\"@type\":\"WebPage\",\"@id\":\"https:\\\/\\\/www.visittorshavn.fo\\\/fo\\\/koltur\\\/\",\"url\":\"https:\\\/\\\/www.visittorshavn.fo\\\/fo\\\/koltur\\\/\",\"name\":\"Koltur - Visit Torshavn\",\"isPartOf\":{\"@id\":\"https:\\\/\\\/www.visittorshavn.fo\\\/fo\\\/#website\"},\"primaryImageOfPage\":{\"@id\":\"https:\\\/\\\/www.visittorshavn.fo\\\/fo\\\/koltur\\\/#primaryimage\"},\"image\":{\"@id\":\"https:\\\/\\\/www.visittorshavn.fo\\\/fo\\\/koltur\\\/#primaryimage\"},\"thumbnailUrl\":\"https:\\\/\\\/www.visittorshavn.fo\\\/wp-content\\\/uploads\\\/2025\\\/08\\\/untitled.jpg\",\"datePublished\":\"2024-05-30T16:03:27+00:00\",\"dateModified\":\"2025-08-14T07:49:03+00:00\",\"breadcrumb\":{\"@id\":\"https:\\\/\\\/www.visittorshavn.fo\\\/fo\\\/koltur\\\/#breadcrumb\"},\"inLanguage\":\"fo-FO\",\"potentialAction\":[{\"@type\":\"ReadAction\",\"target\":[\"https:\\\/\\\/www.visittorshavn.fo\\\/fo\\\/koltur\\\/\"]}]},{\"@type\":\"ImageObject\",\"inLanguage\":\"fo-FO\",\"@id\":\"https:\\\/\\\/www.visittorshavn.fo\\\/fo\\\/koltur\\\/#primaryimage\",\"url\":\"https:\\\/\\\/www.visittorshavn.fo\\\/wp-content\\\/uploads\\\/2025\\\/08\\\/untitled.jpg\",\"contentUrl\":\"https:\\\/\\\/www.visittorshavn.fo\\\/wp-content\\\/uploads\\\/2025\\\/08\\\/untitled.jpg\",\"width\":2560,\"height\":2048,\"caption\":\"Photo: Nick Heinimann \\\/ Visit Faroe Islands\"},{\"@type\":\"BreadcrumbList\",\"@id\":\"https:\\\/\\\/www.visittorshavn.fo\\\/fo\\\/koltur\\\/#breadcrumb\",\"itemListElement\":[{\"@type\":\"ListItem\",\"position\":1,\"name\":\"Home\",\"item\":\"https:\\\/\\\/www.visittorshavn.fo\\\/fo\\\/\"},{\"@type\":\"ListItem\",\"position\":2,\"name\":\"Koltur\"}]},{\"@type\":\"WebSite\",\"@id\":\"https:\\\/\\\/www.visittorshavn.fo\\\/fo\\\/#website\",\"url\":\"https:\\\/\\\/www.visittorshavn.fo\\\/fo\\\/\",\"name\":\"Visit Torshavn\",\"description\":\"\",\"potentialAction\":[{\"@type\":\"SearchAction\",\"target\":{\"@type\":\"EntryPoint\",\"urlTemplate\":\"https:\\\/\\\/www.visittorshavn.fo\\\/fo\\\/?s={search_term_string}\"},\"query-input\":{\"@type\":\"PropertyValueSpecification\",\"valueRequired\":true,\"valueName\":\"search_term_string\"}}],\"inLanguage\":\"fo-FO\"}]}<\/script>\n<!-- \/ Yoast SEO plugin. -->","yoast_head_json":{"title":"Koltur - Visit Torshavn","robots":{"index":"index","follow":"follow","max-snippet":"max-snippet:-1","max-image-preview":"max-image-preview:large","max-video-preview":"max-video-preview:-1"},"canonical":"https:\/\/www.visittorshavn.fo\/fo\/koltur\/","og_locale":"fo_FO","og_type":"article","og_title":"Koltur - Visit Torshavn","og_description":"N\u00e1tt\u00farufri\u00f0\u00f8ki og ranns\u00f3knarst\u00f8\u00f0 Vakra oyggin Koltur er \u00fatvald at hava fyrsta n\u00e1tt\u00farufri\u00f0lendi \u00ed F\u00f8royum. Landslagi\u00f0 er serstakt og fj\u00f8lbroytt vi\u00f0 n\u00f3gvum dj\u00f3ra- og plantusl\u00f8gum. Enn eru sera f\u00e1 innsl\u00f8dd sl\u00f8g [&hellip;]","og_url":"https:\/\/www.visittorshavn.fo\/fo\/koltur\/","og_site_name":"Visit Torshavn","article_modified_time":"2025-08-14T07:49:03+00:00","og_image":[{"width":1200,"height":960,"url":"https:\/\/www.visittorshavn.fo\/wp-content\/uploads\/2025\/08\/untitled-1200x960.jpg","type":"image\/jpeg"}],"twitter_card":"summary_large_image","twitter_misc":{"Est. reading time":"1 minute"},"schema":{"@context":"https:\/\/schema.org","@graph":[{"@type":"WebPage","@id":"https:\/\/www.visittorshavn.fo\/fo\/koltur\/","url":"https:\/\/www.visittorshavn.fo\/fo\/koltur\/","name":"Koltur - Visit Torshavn","isPartOf":{"@id":"https:\/\/www.visittorshavn.fo\/fo\/#website"},"primaryImageOfPage":{"@id":"https:\/\/www.visittorshavn.fo\/fo\/koltur\/#primaryimage"},"image":{"@id":"https:\/\/www.visittorshavn.fo\/fo\/koltur\/#primaryimage"},"thumbnailUrl":"https:\/\/www.visittorshavn.fo\/wp-content\/uploads\/2025\/08\/untitled.jpg","datePublished":"2024-05-30T16:03:27+00:00","dateModified":"2025-08-14T07:49:03+00:00","breadcrumb":{"@id":"https:\/\/www.visittorshavn.fo\/fo\/koltur\/#breadcrumb"},"inLanguage":"fo-FO","potentialAction":[{"@type":"ReadAction","target":["https:\/\/www.visittorshavn.fo\/fo\/koltur\/"]}]},{"@type":"ImageObject","inLanguage":"fo-FO","@id":"https:\/\/www.visittorshavn.fo\/fo\/koltur\/#primaryimage","url":"https:\/\/www.visittorshavn.fo\/wp-content\/uploads\/2025\/08\/untitled.jpg","contentUrl":"https:\/\/www.visittorshavn.fo\/wp-content\/uploads\/2025\/08\/untitled.jpg","width":2560,"height":2048,"caption":"Photo: Nick Heinimann \/ Visit Faroe Islands"},{"@type":"BreadcrumbList","@id":"https:\/\/www.visittorshavn.fo\/fo\/koltur\/#breadcrumb","itemListElement":[{"@type":"ListItem","position":1,"name":"Home","item":"https:\/\/www.visittorshavn.fo\/fo\/"},{"@type":"ListItem","position":2,"name":"Koltur"}]},{"@type":"WebSite","@id":"https:\/\/www.visittorshavn.fo\/fo\/#website","url":"https:\/\/www.visittorshavn.fo\/fo\/","name":"Visit Torshavn","description":"","potentialAction":[{"@type":"SearchAction","target":{"@type":"EntryPoint","urlTemplate":"https:\/\/www.visittorshavn.fo\/fo\/?s={search_term_string}"},"query-input":{"@type":"PropertyValueSpecification","valueRequired":true,"valueName":"search_term_string"}}],"inLanguage":"fo-FO"}]}},"_links":{"self":[{"href":"https:\/\/www.visittorshavn.fo\/fo\/wp-json\/wp\/v2\/pages\/14814","targetHints":{"allow":["GET"]}}],"collection":[{"href":"https:\/\/www.visittorshavn.fo\/fo\/wp-json\/wp\/v2\/pages"}],"about":[{"href":"https:\/\/www.visittorshavn.fo\/fo\/wp-json\/wp\/v2\/types\/page"}],"author":[{"embeddable":true,"href":"https:\/\/www.visittorshavn.fo\/fo\/wp-json\/wp\/v2\/users\/3"}],"replies":[{"embeddable":true,"href":"https:\/\/www.visittorshavn.fo\/fo\/wp-json\/wp\/v2\/comments?post=14814"}],"version-history":[{"count":0,"href":"https:\/\/www.visittorshavn.fo\/fo\/wp-json\/wp\/v2\/pages\/14814\/revisions"}],"wp:featuredmedia":[{"embeddable":true,"href":"https:\/\/www.visittorshavn.fo\/fo\/wp-json\/wp\/v2\/media\/136128"}],"wp:attachment":[{"href":"https:\/\/www.visittorshavn.fo\/fo\/wp-json\/wp\/v2\/media?parent=14814"}],"wp:term":[{"taxonomy":"page_category","embeddable":true,"href":"https:\/\/www.visittorshavn.fo\/fo\/wp-json\/wp\/v2\/page_category?post=14814"}],"curies":[{"name":"wp","href":"https:\/\/api.w.org\/{rel}","templated":true}]}}