{"id":15128,"date":"2024-06-11T11:33:50","date_gmt":"2024-06-11T10:33:50","guid":{"rendered":"https:\/\/www.visittorshavn.fo\/?page_id=15128"},"modified":"2026-03-10T14:04:28","modified_gmt":"2026-03-10T14:04:28","slug":"gonguturar-2","status":"publish","type":"page","link":"https:\/\/www.visittorshavn.fo\/fo\/gonguturar-2\/","title":{"rendered":"Gongut\u00farar vi\u00f0 fer\u00f0alei\u00f0ara"},"content":{"rendered":"\n<div class=\"wp-block-cover alignfull is-light has-custom-content-position is-position-bottom-center\" style=\"min-height:620px;aspect-ratio:unset;\"><img decoding=\"async\" width=\"1200\" height=\"800\" class=\"wp-block-cover__image-background wp-image-135908 size-large lazyload\" alt=\"\" data-src=\"https:\/\/www.visittorshavn.fo\/wp-content\/smush-webp\/2025\/08\/14juni25_B3A1303-1200x800.jpg.webp\" style=\"--smush-placeholder-width: 1200px; --smush-placeholder-aspect-ratio: 1200\/800;object-position:48% 84%\" data-object-fit=\"cover\" data-object-position=\"48% 84%\" data-srcset=\"https:\/\/www.visittorshavn.fo\/wp-content\/smush-webp\/2025\/08\/14juni25_B3A1303-1200x800.jpg.webp 1200w, https:\/\/www.visittorshavn.fo\/wp-content\/smush-webp\/2025\/08\/14juni25_B3A1303-800x534.jpg.webp 800w, https:\/\/www.visittorshavn.fo\/wp-content\/smush-webp\/2025\/08\/14juni25_B3A1303-768x512.jpg.webp 768w, https:\/\/www.visittorshavn.fo\/wp-content\/smush-webp\/2025\/08\/14juni25_B3A1303-1536x1024.jpg.webp 1536w, https:\/\/www.visittorshavn.fo\/wp-content\/smush-webp\/2025\/08\/14juni25_B3A1303-1320x880.jpg.webp 1320w, https:\/\/www.visittorshavn.fo\/wp-content\/smush-webp\/2025\/08\/14juni25_B3A1303-600x400.jpg.webp 600w, https:\/\/www.visittorshavn.fo\/wp-content\/smush-webp\/2025\/08\/14juni25_B3A1303.jpg.webp 1600w\" data-sizes=\"auto\" src=\"data:image\/svg+xml;base64,PHN2ZyB3aWR0aD0iMSIgaGVpZ2h0PSIxIiB4bWxucz0iaHR0cDovL3d3dy53My5vcmcvMjAwMC9zdmciPjwvc3ZnPg==\" data-original-sizes=\"(max-width: 1200px) 100vw, 1200px\" \/><span aria-hidden=\"true\" class=\"wp-block-cover__background has-background-dim-20 has-background-dim\" style=\"background-color:#a0a597\"><\/span><div class=\"wp-block-cover__inner-container is-layout-constrained wp-block-cover-is-layout-constrained\">\n<div class=\"wp-block-columns is-layout-flex wp-container-core-columns-is-layout-9d6595d7 wp-block-columns-is-layout-flex\">\n<div class=\"wp-block-column is-layout-flow wp-block-column-is-layout-flow\">\n<div id=\"breadcrumbs_block_1fe8977e66aadedf3ef0faed9e76b2a9\" class=\"lunnar-breadcrumbs\">\n            <div class=\"lunnar-breadcrumbs\"><ul><\/ul><\/div>    <\/div>\n\n\n<h1 class=\"wp-block-heading has-white-color has-text-color has-link-color wp-elements-2ee5f9311870ecec92ea6f228b69cba5\">Gongut\u00farar vi\u00f0 fer\u00f0alei\u00f0ara<\/h1>\n<\/div>\n\n\n\n<div class=\"wp-block-column is-layout-flow wp-block-column-is-layout-flow\"><\/div>\n<\/div>\n\n\n\n<div style=\"height:60px\" aria-hidden=\"true\" class=\"wp-block-spacer\"><\/div>\n<\/div><\/div>\n\n\n\n<div style=\"height:150px\" aria-hidden=\"true\" class=\"wp-block-spacer\"><\/div>\n\n\n\n<div class=\"wp-block-columns is-layout-flex wp-container-core-columns-is-layout-9d6595d7 wp-block-columns-is-layout-flex\">\n<div class=\"wp-block-column is-layout-flow wp-block-column-is-layout-flow\">\n<h2 class=\"wp-block-heading\">T\u00farar til gongu<\/h2>\n<\/div>\n\n\n\n<div class=\"wp-block-column is-layout-flow wp-block-column-is-layout-flow\">\n<p>Gang ein t\u00far \u00ed f\u00f8roysku n\u00e1tt\u00faruni saman vi\u00f0 fer\u00f0alei\u00f0ara.<\/p>\n\n\n\n<p>Hesir gongut\u00farar egna seg v\u00e6l til b\u00e6\u00f0i roynd og \u00f3roynd. Uppdaga bergtakandi n\u00e1ttur\u00fana og goymdu loynid\u00f3marnar \u00ed landslagnum. Ver \u00ed tryggum hondum saman vi\u00f0 fer\u00f0alei\u00f0ara, i\u00f0 fegin grei\u00f0ir fr\u00e1 um landslagi\u00f0, s\u00f8gulig st\u00f8\u00f0, mentan o.a.<\/p>\n\n\n\n<p>Kom vi\u00f0 ein t\u00far gj\u00f8gnum dalar og fj\u00f8ll &#8211; hesir gongut\u00farar eru fyri \u00f8ll!<\/p>\n<\/div>\n<\/div>\n\n\n\n<div style=\"height:100px\" aria-hidden=\"true\" class=\"wp-block-spacer\"><\/div>\n\n\n\n<div id=\"shortcuts_block_2a4ae36729b59d840ecc10ff2c20c62e\" class=\"lunnar-shortcuts alignwide\">\n    \n                        <div class=\"shortcuts-swiper using-navigation\">\n            \n            \n                            <div class=\"swiper-wrapper\">\n                \n                \n                                                                <a href=\"https:\/\/www.visittorshavn.fo\/fo\/product\/turur-vid-ferdaleidara-a-reyni-og-tinganesi\/\" target=\"\" class=\"shortcut-card swiper-slide small-card is-visible\">\n                            <div class=\"shortcut-card--image\">\n                                                                    <img decoding=\"async\" data-src=\"https:\/\/www.visittorshavn.fo\/wp-content\/smush-webp\/2025\/07\/8juli20_00Q9129-X3.jpg.webp\" width=\"534\" height=\"50% 50%\" style=\"--smush-placeholder-width: 1600px; --smush-placeholder-aspect-ratio: 1600\/1067;object-position:800;\" src=\"data:image\/svg+xml;base64,PHN2ZyB3aWR0aD0iMSIgaGVpZ2h0PSIxIiB4bWxucz0iaHR0cDovL3d3dy53My5vcmcvMjAwMC9zdmciPjwvc3ZnPg==\" class=\"lazyload\" data-srcset=\"https:\/\/www.visittorshavn.fo\/wp-content\/smush-webp\/2025\/07\/8juli20_00Q9129-X3.jpg.webp 1600w, https:\/\/www.visittorshavn.fo\/wp-content\/smush-webp\/2025\/07\/8juli20_00Q9129-X3-800x534.jpg.webp 800w, https:\/\/www.visittorshavn.fo\/wp-content\/smush-webp\/2025\/07\/8juli20_00Q9129-X3-1200x800.jpg.webp 1200w, https:\/\/www.visittorshavn.fo\/wp-content\/smush-webp\/2025\/07\/8juli20_00Q9129-X3-768x512.jpg.webp 768w, https:\/\/www.visittorshavn.fo\/wp-content\/smush-webp\/2025\/07\/8juli20_00Q9129-X3-1536x1024.jpg.webp 1536w, https:\/\/www.visittorshavn.fo\/wp-content\/smush-webp\/2025\/07\/8juli20_00Q9129-X3-1320x880.jpg.webp 1320w, https:\/\/www.visittorshavn.fo\/wp-content\/smush-webp\/2025\/07\/8juli20_00Q9129-X3-600x400.jpg.webp 600w\" data-sizes=\"auto\" data-original-sizes=\"(max-width: 534px) 100vw, 534px\">\n                                                            <\/div>\n\n                            <div class=\"shortcut-card--content\">\n                                <div class=\"shortcut-icon--top\">\n                                    <img decoding=\"async\" src=\"https:\/\/www.visittorshavn.fo\/wp-content\/themes\/lunnar-visittorshavn\/images\/icon-arrow.svg\" class=\"injectable\" \/>                                <\/div>\n\n                                \n                                <div class=\"shortcut-text\">\n                                                                            <h3>\n                                            T\u00farur vi\u00f0 fer\u00f0alei\u00f0ara \u00e1 Reyni og Tinganesi                                        <\/h3>\n                                    \n                                                                            <p>\n                                            Mynd: FaroePhoto                                        <\/p>\n                                                                    <\/div>\n                            <\/div>\n                        <\/a>\n                                            <a href=\"https:\/\/guidetofaroeislands.fo\/book-trips-holiday\/adventure-tours\/hiking-tours\/?a=306\" target=\"\" class=\"shortcut-card swiper-slide small-card is-visible\">\n                            <div class=\"shortcut-card--image\">\n                                                                    <img decoding=\"async\" data-src=\"https:\/\/www.visittorshavn.fo\/wp-content\/uploads\/2025\/08\/gasadalur-page-6.jpeg\" width=\"533\" height=\"50% 50%\" style=\"--smush-placeholder-width: 1038px; --smush-placeholder-aspect-ratio: 1038\/692;object-position:800;\" src=\"data:image\/svg+xml;base64,PHN2ZyB3aWR0aD0iMSIgaGVpZ2h0PSIxIiB4bWxucz0iaHR0cDovL3d3dy53My5vcmcvMjAwMC9zdmciPjwvc3ZnPg==\" class=\"lazyload\" data-srcset=\"https:\/\/www.visittorshavn.fo\/wp-content\/uploads\/2025\/08\/gasadalur-page-6.jpeg 1038w, https:\/\/www.visittorshavn.fo\/wp-content\/smush-webp\/2025\/08\/gasadalur-page-6-800x533.jpeg.webp 800w, https:\/\/www.visittorshavn.fo\/wp-content\/smush-webp\/2025\/08\/gasadalur-page-6-768x512.jpeg.webp 768w, https:\/\/www.visittorshavn.fo\/wp-content\/smush-webp\/2025\/08\/gasadalur-page-6-600x400.jpeg.webp 600w\" data-sizes=\"auto\" data-original-sizes=\"(max-width: 533px) 100vw, 533px\">\n                                                            <\/div>\n\n                            <div class=\"shortcut-card--content\">\n                                <div class=\"shortcut-icon--top\">\n                                    <img decoding=\"async\" src=\"https:\/\/www.visittorshavn.fo\/wp-content\/themes\/lunnar-visittorshavn\/images\/icon-arrow.svg\" class=\"injectable\" \/>                                <\/div>\n\n                                \n                                <div class=\"shortcut-text\">\n                                                                            <h3>\n                                            Gongut\u00farar vi\u00f0 Guide To Faroe Islands                                        <\/h3>\n                                    \n                                                                    <\/div>\n                            <\/div>\n                        <\/a>\n                                            <a href=\"https:\/\/golocal.fo\/\" target=\"\" class=\"shortcut-card swiper-slide small-card is-visible\">\n                            <div class=\"shortcut-card--image\">\n                                                                    <img decoding=\"async\" data-src=\"https:\/\/www.visittorshavn.fo\/wp-content\/smush-webp\/2025\/07\/view-from-Nordadalsskard.jpg.webp\" width=\"600\" height=\"50% 50%\" style=\"--smush-placeholder-width: 1000px; --smush-placeholder-aspect-ratio: 1000\/750;object-position:800;\" src=\"data:image\/svg+xml;base64,PHN2ZyB3aWR0aD0iMSIgaGVpZ2h0PSIxIiB4bWxucz0iaHR0cDovL3d3dy53My5vcmcvMjAwMC9zdmciPjwvc3ZnPg==\" class=\"lazyload\" data-srcset=\"https:\/\/www.visittorshavn.fo\/wp-content\/smush-webp\/2025\/07\/view-from-Nordadalsskard.jpg.webp 1000w, https:\/\/www.visittorshavn.fo\/wp-content\/smush-webp\/2025\/07\/view-from-Nordadalsskard-800x600.jpg.webp 800w, https:\/\/www.visittorshavn.fo\/wp-content\/smush-webp\/2025\/07\/view-from-Nordadalsskard-768x576.jpg.webp 768w, https:\/\/www.visittorshavn.fo\/wp-content\/smush-webp\/2025\/07\/view-from-Nordadalsskard-600x450.jpg.webp 600w\" data-sizes=\"auto\" data-original-sizes=\"(max-width: 600px) 100vw, 600px\">\n                                                            <\/div>\n\n                            <div class=\"shortcut-card--content\">\n                                <div class=\"shortcut-icon--top\">\n                                    <img decoding=\"async\" src=\"https:\/\/www.visittorshavn.fo\/wp-content\/themes\/lunnar-visittorshavn\/images\/icon-arrow.svg\" class=\"injectable\" \/>                                <\/div>\n\n                                \n                                <div class=\"shortcut-text\">\n                                                                            <h3>\n                                            Go Local                                        <\/h3>\n                                    \n                                                                    <\/div>\n                            <\/div>\n                        <\/a>\n                                            <a href=\"https:\/\/hiking.fo\/?_l=en\" target=\"\" class=\"shortcut-card swiper-slide small-card is-visible\">\n                            <div class=\"shortcut-card--image\">\n                                                                    <img decoding=\"async\" data-src=\"https:\/\/www.visittorshavn.fo\/wp-content\/smush-webp\/2025\/08\/c84ed1cc010ba091cedf90a70b10f9c92f92bd69_w1152_h0_fS.jpg.webp\" width=\"800\" height=\"50% 50%\" style=\"--smush-placeholder-width: 1152px; --smush-placeholder-aspect-ratio: 1152\/1536;object-position:600;\" src=\"data:image\/svg+xml;base64,PHN2ZyB3aWR0aD0iMSIgaGVpZ2h0PSIxIiB4bWxucz0iaHR0cDovL3d3dy53My5vcmcvMjAwMC9zdmciPjwvc3ZnPg==\" class=\"lazyload\" data-srcset=\"https:\/\/www.visittorshavn.fo\/wp-content\/smush-webp\/2025\/08\/c84ed1cc010ba091cedf90a70b10f9c92f92bd69_w1152_h0_fS.jpg.webp 1152w, https:\/\/www.visittorshavn.fo\/wp-content\/smush-webp\/2025\/08\/c84ed1cc010ba091cedf90a70b10f9c92f92bd69_w1152_h0_fS-600x800.jpg.webp 600w, https:\/\/www.visittorshavn.fo\/wp-content\/smush-webp\/2025\/08\/c84ed1cc010ba091cedf90a70b10f9c92f92bd69_w1152_h0_fS-900x1200.jpg.webp 900w, https:\/\/www.visittorshavn.fo\/wp-content\/smush-webp\/2025\/08\/c84ed1cc010ba091cedf90a70b10f9c92f92bd69_w1152_h0_fS-768x1024.jpg.webp 768w\" data-sizes=\"auto\" data-original-sizes=\"(max-width: 800px) 100vw, 800px\">\n                                                            <\/div>\n\n                            <div class=\"shortcut-card--content\">\n                                <div class=\"shortcut-icon--top\">\n                                    <img decoding=\"async\" src=\"https:\/\/www.visittorshavn.fo\/wp-content\/themes\/lunnar-visittorshavn\/images\/icon-arrow.svg\" class=\"injectable\" \/>                                <\/div>\n\n                                \n                                <div class=\"shortcut-text\">\n                                                                            <h3>\n                                            Hiking.fo                                        <\/h3>\n                                    \n                                                                    <\/div>\n                            <\/div>\n                        <\/a>\n                                            <a href=\"https:\/\/www.visittorshavn.fo\/fo\/product\/gonguturur-vid-bondnaum-i-nordradali\/\" target=\"\" class=\"shortcut-card swiper-slide small-card is-visible\">\n                            <div class=\"shortcut-card--image\">\n                                                                    <img decoding=\"async\" data-src=\"https:\/\/www.visittorshavn.fo\/wp-content\/smush-webp\/2025\/07\/KIVA3686-1.jpg.webp\" width=\"800\" height=\"50% 50%\" style=\"--smush-placeholder-width: 1333px; --smush-placeholder-aspect-ratio: 1333\/2000;object-position:533;\" src=\"data:image\/svg+xml;base64,PHN2ZyB3aWR0aD0iMSIgaGVpZ2h0PSIxIiB4bWxucz0iaHR0cDovL3d3dy53My5vcmcvMjAwMC9zdmciPjwvc3ZnPg==\" class=\"lazyload\" data-srcset=\"https:\/\/www.visittorshavn.fo\/wp-content\/smush-webp\/2025\/07\/KIVA3686-1.jpg.webp 1333w, https:\/\/www.visittorshavn.fo\/wp-content\/smush-webp\/2025\/07\/KIVA3686-1-533x800.jpg.webp 533w, https:\/\/www.visittorshavn.fo\/wp-content\/smush-webp\/2025\/07\/KIVA3686-1-800x1200.jpg.webp 800w, https:\/\/www.visittorshavn.fo\/wp-content\/smush-webp\/2025\/07\/KIVA3686-1-768x1152.jpg.webp 768w, https:\/\/www.visittorshavn.fo\/wp-content\/smush-webp\/2025\/07\/KIVA3686-1-1024x1536.jpg.webp 1024w, https:\/\/www.visittorshavn.fo\/wp-content\/smush-webp\/2025\/07\/KIVA3686-1-1320x1980.jpg.webp 1320w, https:\/\/www.visittorshavn.fo\/wp-content\/smush-webp\/2025\/07\/KIVA3686-1-600x900.jpg.webp 600w\" data-sizes=\"auto\" data-original-sizes=\"(max-width: 800px) 100vw, 800px\">\n                                                            <\/div>\n\n                            <div class=\"shortcut-card--content\">\n                                <div class=\"shortcut-icon--top\">\n                                    <img decoding=\"async\" src=\"https:\/\/www.visittorshavn.fo\/wp-content\/themes\/lunnar-visittorshavn\/images\/icon-arrow.svg\" class=\"injectable\" \/>                                <\/div>\n\n                                \n                                <div class=\"shortcut-text\">\n                                                                            <h3>\n                                            Gongut\u00farur vi\u00f0 b\u00f3ndanum \u00ed Nor\u00f0radali                                        <\/h3>\n                                    \n                                                                    <\/div>\n                            <\/div>\n                        <\/a>\n                                    \n                \n                                <\/div>\n\n                                    <div class=\"shortcuts-navigation\">\n                        <div class=\"swiper-button-prev\"><\/div>\n\n                        <div class=\"swiper-button-next\"><\/div>\n                    <\/div>\n                            <\/div>\n            <\/div>\n\n\n<div style=\"height:200px\" aria-hidden=\"true\" class=\"wp-block-spacer\"><\/div>\n","protected":false},"excerpt":{"rendered":"<p>T\u00farar til gongu Gang ein t\u00far \u00ed f\u00f8roysku n\u00e1tt\u00faruni saman vi\u00f0 fer\u00f0alei\u00f0ara. Hesir gongut\u00farar egna seg v\u00e6l til b\u00e6\u00f0i roynd og \u00f3roynd. Uppdaga bergtakandi n\u00e1ttur\u00fana og goymdu loynid\u00f3marnar \u00ed landslagnum. [&hellip;]<\/p>\n","protected":false},"author":4,"featured_media":7539,"parent":0,"menu_order":0,"comment_status":"closed","ping_status":"closed","template":"","meta":{"_acf_changed":false,"footnotes":""},"page_category":[],"class_list":["post-15128","page","type-page","status-publish","has-post-thumbnail","hentry"],"acf":[],"yoast_head":"<!-- This site is optimized with the Yoast SEO plugin v27.4 - https:\/\/yoast.com\/product\/yoast-seo-wordpress\/ -->\n<title>Gongut\u00farar vi\u00f0 fer\u00f0alei\u00f0ara - Visit Torshavn<\/title>\n<meta name=\"robots\" content=\"index, follow, max-snippet:-1, max-image-preview:large, max-video-preview:-1\" \/>\n<link rel=\"canonical\" href=\"https:\/\/www.visittorshavn.fo\/fo\/gonguturar-2\/\" \/>\n<meta property=\"og:locale\" content=\"fo_FO\" \/>\n<meta property=\"og:type\" content=\"article\" \/>\n<meta property=\"og:title\" content=\"Gongut\u00farar vi\u00f0 fer\u00f0alei\u00f0ara - Visit Torshavn\" \/>\n<meta property=\"og:description\" content=\"T\u00farar til gongu Gang ein t\u00far \u00ed f\u00f8roysku n\u00e1tt\u00faruni saman vi\u00f0 fer\u00f0alei\u00f0ara. Hesir gongut\u00farar egna seg v\u00e6l til b\u00e6\u00f0i roynd og \u00f3roynd. Uppdaga bergtakandi n\u00e1ttur\u00fana og goymdu loynid\u00f3marnar \u00ed landslagnum. [&hellip;]\" \/>\n<meta property=\"og:url\" content=\"https:\/\/www.visittorshavn.fo\/fo\/gonguturar-2\/\" \/>\n<meta property=\"og:site_name\" content=\"Visit Torshavn\" \/>\n<meta property=\"article:modified_time\" content=\"2026-03-10T14:04:28+00:00\" \/>\n<meta property=\"og:image\" content=\"https:\/\/www.visittorshavn.fo\/wp-content\/uploads\/2024\/06\/Bette-1.jpg\" \/>\n\t<meta property=\"og:image:width\" content=\"2048\" \/>\n\t<meta property=\"og:image:height\" content=\"1536\" \/>\n\t<meta property=\"og:image:type\" content=\"image\/jpeg\" \/>\n<meta name=\"twitter:card\" content=\"summary_large_image\" \/>\n<meta name=\"twitter:label1\" content=\"Est. reading time\" \/>\n\t<meta name=\"twitter:data1\" content=\"1 minute\" \/>\n<script type=\"application\/ld+json\" class=\"yoast-schema-graph\">{\"@context\":\"https:\\\/\\\/schema.org\",\"@graph\":[{\"@type\":\"WebPage\",\"@id\":\"https:\\\/\\\/www.visittorshavn.fo\\\/fo\\\/gonguturar-2\\\/\",\"url\":\"https:\\\/\\\/www.visittorshavn.fo\\\/fo\\\/gonguturar-2\\\/\",\"name\":\"Gongut\u00farar vi\u00f0 fer\u00f0alei\u00f0ara - Visit Torshavn\",\"isPartOf\":{\"@id\":\"https:\\\/\\\/www.visittorshavn.fo\\\/fo\\\/#website\"},\"primaryImageOfPage\":{\"@id\":\"https:\\\/\\\/www.visittorshavn.fo\\\/fo\\\/gonguturar-2\\\/#primaryimage\"},\"image\":{\"@id\":\"https:\\\/\\\/www.visittorshavn.fo\\\/fo\\\/gonguturar-2\\\/#primaryimage\"},\"thumbnailUrl\":\"https:\\\/\\\/www.visittorshavn.fo\\\/wp-content\\\/uploads\\\/2024\\\/06\\\/Bette-1.jpg\",\"datePublished\":\"2024-06-11T10:33:50+00:00\",\"dateModified\":\"2026-03-10T14:04:28+00:00\",\"breadcrumb\":{\"@id\":\"https:\\\/\\\/www.visittorshavn.fo\\\/fo\\\/gonguturar-2\\\/#breadcrumb\"},\"inLanguage\":\"fo-FO\",\"potentialAction\":[{\"@type\":\"ReadAction\",\"target\":[\"https:\\\/\\\/www.visittorshavn.fo\\\/fo\\\/gonguturar-2\\\/\"]}]},{\"@type\":\"ImageObject\",\"inLanguage\":\"fo-FO\",\"@id\":\"https:\\\/\\\/www.visittorshavn.fo\\\/fo\\\/gonguturar-2\\\/#primaryimage\",\"url\":\"https:\\\/\\\/www.visittorshavn.fo\\\/wp-content\\\/uploads\\\/2024\\\/06\\\/Bette-1.jpg\",\"contentUrl\":\"https:\\\/\\\/www.visittorshavn.fo\\\/wp-content\\\/uploads\\\/2024\\\/06\\\/Bette-1.jpg\",\"width\":2048,\"height\":1536},{\"@type\":\"BreadcrumbList\",\"@id\":\"https:\\\/\\\/www.visittorshavn.fo\\\/fo\\\/gonguturar-2\\\/#breadcrumb\",\"itemListElement\":[{\"@type\":\"ListItem\",\"position\":1,\"name\":\"Home\",\"item\":\"https:\\\/\\\/www.visittorshavn.fo\\\/fo\\\/\"},{\"@type\":\"ListItem\",\"position\":2,\"name\":\"Gongut\u00farar vi\u00f0 fer\u00f0alei\u00f0ara\"}]},{\"@type\":\"WebSite\",\"@id\":\"https:\\\/\\\/www.visittorshavn.fo\\\/fo\\\/#website\",\"url\":\"https:\\\/\\\/www.visittorshavn.fo\\\/fo\\\/\",\"name\":\"Visit Torshavn\",\"description\":\"\",\"potentialAction\":[{\"@type\":\"SearchAction\",\"target\":{\"@type\":\"EntryPoint\",\"urlTemplate\":\"https:\\\/\\\/www.visittorshavn.fo\\\/fo\\\/?s={search_term_string}\"},\"query-input\":{\"@type\":\"PropertyValueSpecification\",\"valueRequired\":true,\"valueName\":\"search_term_string\"}}],\"inLanguage\":\"fo-FO\"}]}<\/script>\n<!-- \/ Yoast SEO plugin. -->","yoast_head_json":{"title":"Gongut\u00farar vi\u00f0 fer\u00f0alei\u00f0ara - Visit Torshavn","robots":{"index":"index","follow":"follow","max-snippet":"max-snippet:-1","max-image-preview":"max-image-preview:large","max-video-preview":"max-video-preview:-1"},"canonical":"https:\/\/www.visittorshavn.fo\/fo\/gonguturar-2\/","og_locale":"fo_FO","og_type":"article","og_title":"Gongut\u00farar vi\u00f0 fer\u00f0alei\u00f0ara - Visit Torshavn","og_description":"T\u00farar til gongu Gang ein t\u00far \u00ed f\u00f8roysku n\u00e1tt\u00faruni saman vi\u00f0 fer\u00f0alei\u00f0ara. Hesir gongut\u00farar egna seg v\u00e6l til b\u00e6\u00f0i roynd og \u00f3roynd. Uppdaga bergtakandi n\u00e1ttur\u00fana og goymdu loynid\u00f3marnar \u00ed landslagnum. [&hellip;]","og_url":"https:\/\/www.visittorshavn.fo\/fo\/gonguturar-2\/","og_site_name":"Visit Torshavn","article_modified_time":"2026-03-10T14:04:28+00:00","og_image":[{"width":2048,"height":1536,"url":"https:\/\/www.visittorshavn.fo\/wp-content\/uploads\/2024\/06\/Bette-1.jpg","type":"image\/jpeg"}],"twitter_card":"summary_large_image","twitter_misc":{"Est. reading time":"1 minute"},"schema":{"@context":"https:\/\/schema.org","@graph":[{"@type":"WebPage","@id":"https:\/\/www.visittorshavn.fo\/fo\/gonguturar-2\/","url":"https:\/\/www.visittorshavn.fo\/fo\/gonguturar-2\/","name":"Gongut\u00farar vi\u00f0 fer\u00f0alei\u00f0ara - Visit Torshavn","isPartOf":{"@id":"https:\/\/www.visittorshavn.fo\/fo\/#website"},"primaryImageOfPage":{"@id":"https:\/\/www.visittorshavn.fo\/fo\/gonguturar-2\/#primaryimage"},"image":{"@id":"https:\/\/www.visittorshavn.fo\/fo\/gonguturar-2\/#primaryimage"},"thumbnailUrl":"https:\/\/www.visittorshavn.fo\/wp-content\/uploads\/2024\/06\/Bette-1.jpg","datePublished":"2024-06-11T10:33:50+00:00","dateModified":"2026-03-10T14:04:28+00:00","breadcrumb":{"@id":"https:\/\/www.visittorshavn.fo\/fo\/gonguturar-2\/#breadcrumb"},"inLanguage":"fo-FO","potentialAction":[{"@type":"ReadAction","target":["https:\/\/www.visittorshavn.fo\/fo\/gonguturar-2\/"]}]},{"@type":"ImageObject","inLanguage":"fo-FO","@id":"https:\/\/www.visittorshavn.fo\/fo\/gonguturar-2\/#primaryimage","url":"https:\/\/www.visittorshavn.fo\/wp-content\/uploads\/2024\/06\/Bette-1.jpg","contentUrl":"https:\/\/www.visittorshavn.fo\/wp-content\/uploads\/2024\/06\/Bette-1.jpg","width":2048,"height":1536},{"@type":"BreadcrumbList","@id":"https:\/\/www.visittorshavn.fo\/fo\/gonguturar-2\/#breadcrumb","itemListElement":[{"@type":"ListItem","position":1,"name":"Home","item":"https:\/\/www.visittorshavn.fo\/fo\/"},{"@type":"ListItem","position":2,"name":"Gongut\u00farar vi\u00f0 fer\u00f0alei\u00f0ara"}]},{"@type":"WebSite","@id":"https:\/\/www.visittorshavn.fo\/fo\/#website","url":"https:\/\/www.visittorshavn.fo\/fo\/","name":"Visit Torshavn","description":"","potentialAction":[{"@type":"SearchAction","target":{"@type":"EntryPoint","urlTemplate":"https:\/\/www.visittorshavn.fo\/fo\/?s={search_term_string}"},"query-input":{"@type":"PropertyValueSpecification","valueRequired":true,"valueName":"search_term_string"}}],"inLanguage":"fo-FO"}]}},"_links":{"self":[{"href":"https:\/\/www.visittorshavn.fo\/fo\/wp-json\/wp\/v2\/pages\/15128","targetHints":{"allow":["GET"]}}],"collection":[{"href":"https:\/\/www.visittorshavn.fo\/fo\/wp-json\/wp\/v2\/pages"}],"about":[{"href":"https:\/\/www.visittorshavn.fo\/fo\/wp-json\/wp\/v2\/types\/page"}],"author":[{"embeddable":true,"href":"https:\/\/www.visittorshavn.fo\/fo\/wp-json\/wp\/v2\/users\/4"}],"replies":[{"embeddable":true,"href":"https:\/\/www.visittorshavn.fo\/fo\/wp-json\/wp\/v2\/comments?post=15128"}],"version-history":[{"count":0,"href":"https:\/\/www.visittorshavn.fo\/fo\/wp-json\/wp\/v2\/pages\/15128\/revisions"}],"wp:featuredmedia":[{"embeddable":true,"href":"https:\/\/www.visittorshavn.fo\/fo\/wp-json\/wp\/v2\/media\/7539"}],"wp:attachment":[{"href":"https:\/\/www.visittorshavn.fo\/fo\/wp-json\/wp\/v2\/media?parent=15128"}],"wp:term":[{"taxonomy":"page_category","embeddable":true,"href":"https:\/\/www.visittorshavn.fo\/fo\/wp-json\/wp\/v2\/page_category?post=15128"}],"curies":[{"name":"wp","href":"https:\/\/api.w.org\/{rel}","templated":true}]}}