{"id":19775,"date":"2024-12-12T11:58:50","date_gmt":"2024-12-12T11:58:50","guid":{"rendered":"https:\/\/www.visittorshavn.fo\/?page_id=19775"},"modified":"2025-08-14T16:08:08","modified_gmt":"2025-08-14T15:08:08","slug":"parkering-i-bynum","status":"publish","type":"page","link":"https:\/\/www.visittorshavn.fo\/fo\/parkering-i-bynum\/","title":{"rendered":"Parkering \u00ed b\u00fdnum"},"content":{"rendered":"\n<div class=\"wp-block-cover alignfull has-custom-content-position is-position-bottom-center\" style=\"min-height:650px;aspect-ratio:unset;\"><span aria-hidden=\"true\" class=\"wp-block-cover__background has-background-dim\" style=\"background-color:#545465\"><\/span><img decoding=\"async\" width=\"2560\" height=\"1440\" data-src=\"https:\/\/www.visittorshavn.fo\/wp-content\/smush-webp\/2025\/07\/18aug21_B3A3855b.jpg.webp\" class=\"wp-block-cover__image-background wp-post-image lazyload\" alt=\"\" data-object-fit=\"cover\" data-srcset=\"https:\/\/www.visittorshavn.fo\/wp-content\/smush-webp\/2025\/07\/18aug21_B3A3855b.jpg.webp 2560w, https:\/\/www.visittorshavn.fo\/wp-content\/smush-webp\/2025\/07\/18aug21_B3A3855b-800x450.jpg.webp 800w, https:\/\/www.visittorshavn.fo\/wp-content\/smush-webp\/2025\/07\/18aug21_B3A3855b-1200x675.jpg.webp 1200w, https:\/\/www.visittorshavn.fo\/wp-content\/smush-webp\/2025\/07\/18aug21_B3A3855b-768x432.jpg.webp 768w, https:\/\/www.visittorshavn.fo\/wp-content\/smush-webp\/2025\/07\/18aug21_B3A3855b-1536x864.jpg.webp 1536w, https:\/\/www.visittorshavn.fo\/wp-content\/smush-webp\/2025\/07\/18aug21_B3A3855b-2048x1152.jpg.webp 2048w, https:\/\/www.visittorshavn.fo\/wp-content\/smush-webp\/2025\/07\/18aug21_B3A3855b-1320x743.jpg.webp 1320w, https:\/\/www.visittorshavn.fo\/wp-content\/smush-webp\/2025\/07\/18aug21_B3A3855b-600x338.jpg.webp 600w\" data-sizes=\"auto\" src=\"data:image\/svg+xml;base64,PHN2ZyB3aWR0aD0iMSIgaGVpZ2h0PSIxIiB4bWxucz0iaHR0cDovL3d3dy53My5vcmcvMjAwMC9zdmciPjwvc3ZnPg==\" style=\"--smush-placeholder-width: 2560px; --smush-placeholder-aspect-ratio: 2560\/1440;\" data-original-sizes=\"(max-width: 2560px) 100vw, 2560px\" \/><div class=\"wp-block-cover__inner-container is-layout-constrained wp-block-cover-is-layout-constrained\">\n<div class=\"wp-block-columns is-layout-flex wp-container-core-columns-is-layout-9d6595d7 wp-block-columns-is-layout-flex\">\n<div class=\"wp-block-column is-vertically-aligned-top is-layout-flow wp-block-column-is-layout-flow\">\n<div style=\"height:25px\" aria-hidden=\"true\" class=\"wp-block-spacer\"><\/div>\n\n\n\n<div id=\"breadcrumbs_block_81e2c39cc45964ff7825dba08cda19a6\" class=\"lunnar-breadcrumbs\">\n            <div class=\"lunnar-breadcrumbs\"><ul><\/ul><\/div>    <\/div>\n\n\n<h1 class=\"wp-block-heading has-text-align-left\"><strong>Parkering \u00ed Mi\u00f0b\u00fdnum<\/strong><\/h1>\n<\/div>\n<\/div>\n<\/div><\/div>\n\n\n\n<div style=\"height:100px\" aria-hidden=\"true\" class=\"wp-block-spacer\"><\/div>\n\n\n\n<div class=\"wp-block-columns is-layout-flex wp-container-core-columns-is-layout-9d6595d7 wp-block-columns-is-layout-flex\">\n<div class=\"wp-block-column is-layout-flow wp-block-column-is-layout-flow\" style=\"flex-basis:33.33%\">\n<h2 class=\"wp-block-heading has-dark-color has-text-color has-link-color wp-elements-2341f90a2c031821f45fcc81a7ef1e61\">Parkering<\/h2>\n<\/div>\n\n\n\n<div class=\"wp-block-column is-vertically-aligned-center is-layout-flow wp-block-column-is-layout-flow\" style=\"flex-basis:66.66%\">\n<p class=\"has-dark-color has-text-color has-link-color wp-elements-9b5fa900a664726f8616b186dffcec6d\">\u00cd einum livandi b\u00fdi sum T\u00f3rshavn er t\u00f8rvurin \u00e1 parkering mangan st\u00f3rur, og ikki eru ta\u00f0 \u00f8ll sum kenna til ymsu parkeringspl\u00e1ssini. T\u00edskil er eitt kort n\u00fa gj\u00f8rt vi\u00f0 teimum mongu parkeringspl\u00e1ssunum \u00ed b\u00fdnum. Eisini s\u00e6st hvussu leingi, ein kann parkera \u00ed teimum ymsu pl\u00e1ssunum.<\/p>\n<\/div>\n<\/div>\n\n\n\n<div style=\"height:85px\" aria-hidden=\"true\" class=\"wp-block-spacer\"><\/div>\n\n\n\n<figure class=\"wp-block-image aligncenter size-large is-resized\"><img decoding=\"async\" width=\"911\" height=\"1200\" data-src=\"https:\/\/www.visittorshavn.fo\/wp-content\/smush-webp\/2024\/12\/TK_Parkering-Midbyur_TK-color.pdf-1Powered-by-MaxAI-911x1200.png.webp\" alt=\"\" class=\"wp-image-19958 lazyload\" style=\"--smush-placeholder-width: 911px; --smush-placeholder-aspect-ratio: 911\/1200;width:auto;height:1000px\" data-srcset=\"https:\/\/www.visittorshavn.fo\/wp-content\/smush-webp\/2024\/12\/TK_Parkering-Midbyur_TK-color.pdf-1Powered-by-MaxAI-911x1200.png.webp 911w, https:\/\/www.visittorshavn.fo\/wp-content\/smush-webp\/2024\/12\/TK_Parkering-Midbyur_TK-color.pdf-1Powered-by-MaxAI-608x800.png.webp 608w, https:\/\/www.visittorshavn.fo\/wp-content\/smush-webp\/2024\/12\/TK_Parkering-Midbyur_TK-color.pdf-1Powered-by-MaxAI-768x1011.png.webp 768w, https:\/\/www.visittorshavn.fo\/wp-content\/uploads\/2024\/12\/TK_Parkering-Midbyur_TK-color.pdf-1Powered-by-MaxAI-1166x1536.png 1166w, https:\/\/www.visittorshavn.fo\/wp-content\/smush-webp\/2024\/12\/TK_Parkering-Midbyur_TK-color.pdf-1Powered-by-MaxAI-1555x2048.png.webp 1555w, https:\/\/www.visittorshavn.fo\/wp-content\/uploads\/2024\/12\/TK_Parkering-Midbyur_TK-color.pdf-1Powered-by-MaxAI-1320x1738.png 1320w, https:\/\/www.visittorshavn.fo\/wp-content\/smush-webp\/2024\/12\/TK_Parkering-Midbyur_TK-color.pdf-1Powered-by-MaxAI-600x790.png.webp 600w, https:\/\/www.visittorshavn.fo\/wp-content\/smush-webp\/2024\/12\/TK_Parkering-Midbyur_TK-color.pdf-1Powered-by-MaxAI.png.webp 1944w\" data-sizes=\"auto\" src=\"data:image\/svg+xml;base64,PHN2ZyB3aWR0aD0iMSIgaGVpZ2h0PSIxIiB4bWxucz0iaHR0cDovL3d3dy53My5vcmcvMjAwMC9zdmciPjwvc3ZnPg==\" data-original-sizes=\"(max-width: 911px) 100vw, 911px\" \/><\/figure>\n\n\n\n<div style=\"height:25px\" aria-hidden=\"true\" class=\"wp-block-spacer\"><\/div>\n\n\n\n<div id=\"files_block_29f404211ab4be8786a44008f4c8d2e5\" class=\"lunnar-files\">\n\n    \n            <div class=\"files-grid per-row-1\">\n                                            <a href=\"https:\/\/www.visittorshavn.fo\/wp-content\/uploads\/2024\/12\/TK_Parkering-Midbyur_TK-color-1.pdf\" download class=\"file-upload\">\n                                            <div class=\"file-upload--image\">\n                            <div class=\"file-upload--image-inner\">\n                                <img decoding=\"async\" data-src=\"https:\/\/www.visittorshavn.fo\/wp-content\/smush-webp\/2024\/12\/Design-uden-navn-16.png.webp\" width=\"566\" height=\"800\" style=\"--smush-placeholder-width: 566px; --smush-placeholder-aspect-ratio: 566\/800;object-position: 50% 50%\" src=\"data:image\/svg+xml;base64,PHN2ZyB3aWR0aD0iMSIgaGVpZ2h0PSIxIiB4bWxucz0iaHR0cDovL3d3dy53My5vcmcvMjAwMC9zdmciPjwvc3ZnPg==\" class=\"lazyload\" data-srcset=\"https:\/\/www.visittorshavn.fo\/wp-content\/smush-webp\/2024\/12\/Design-uden-navn-16.png.webp 1587w, https:\/\/www.visittorshavn.fo\/wp-content\/smush-webp\/2024\/12\/Design-uden-navn-16-566x800.png.webp 566w, https:\/\/www.visittorshavn.fo\/wp-content\/smush-webp\/2024\/12\/Design-uden-navn-16-848x1200.png.webp 848w, https:\/\/www.visittorshavn.fo\/wp-content\/smush-webp\/2024\/12\/Design-uden-navn-16-768x1086.png.webp 768w, https:\/\/www.visittorshavn.fo\/wp-content\/smush-webp\/2024\/12\/Design-uden-navn-16-1086x1536.png.webp 1086w, https:\/\/www.visittorshavn.fo\/wp-content\/smush-webp\/2024\/12\/Design-uden-navn-16-1448x2048.png.webp 1448w, https:\/\/www.visittorshavn.fo\/wp-content\/smush-webp\/2024\/12\/Design-uden-navn-16-600x849.png.webp 600w\" data-sizes=\"auto\" data-original-sizes=\"(max-width: 566px) 100vw, 566px\">\n                            <\/div>\n                        <\/div>\n                    \n                    <div class=\"file-upload--text\">\n                        <div class=\"file-upload--title\">\n                            <img decoding=\"async\" src=\"https:\/\/www.visittorshavn.fo\/wp-content\/themes\/lunnar-visittorshavn\/images\/icon-download.svg\" class=\"injectable\" \/>\n                                                            <h6>Parkering \u00ed Mi\u00f0b\u00fdnum<\/h6>\n                                                    <\/div>\n\n                        <div class=\"file-upload--download\">\n                            <p>Heinta f\u00edlu<\/p>\n\n                            <img decoding=\"async\" src=\"https:\/\/www.visittorshavn.fo\/wp-content\/themes\/lunnar-visittorshavn\/images\/icon-download.svg\" class=\"injectable\" \/>                        <\/div>\n                    <\/div>\n                <\/a>\n                    <\/div>\n    <\/div>\n\n\n<div style=\"height:100px\" aria-hidden=\"true\" class=\"wp-block-spacer\"><\/div>\n","protected":false},"excerpt":{"rendered":"<p>Parkering \u00cd einum livandi b\u00fdi sum T\u00f3rshavn er t\u00f8rvurin \u00e1 parkering mangan st\u00f3rur, og ikki eru ta\u00f0 \u00f8ll sum kenna til ymsu parkeringspl\u00e1ssini. T\u00edskil er eitt kort n\u00fa gj\u00f8rt vi\u00f0 [&hellip;]<\/p>\n","protected":false},"author":4,"featured_media":126271,"parent":0,"menu_order":0,"comment_status":"closed","ping_status":"closed","template":"","meta":{"_acf_changed":false,"footnotes":""},"page_category":[],"class_list":["post-19775","page","type-page","status-publish","has-post-thumbnail","hentry"],"acf":[],"yoast_head":"<!-- This site is optimized with the Yoast SEO plugin v27.5 - https:\/\/yoast.com\/product\/yoast-seo-wordpress\/ -->\n<title>Parkering \u00ed b\u00fdnum - Visit Torshavn<\/title>\n<meta name=\"robots\" content=\"index, follow, max-snippet:-1, max-image-preview:large, max-video-preview:-1\" \/>\n<link rel=\"canonical\" href=\"https:\/\/www.visittorshavn.fo\/fo\/parkering-i-bynum\/\" \/>\n<meta property=\"og:locale\" content=\"fo_FO\" \/>\n<meta property=\"og:type\" content=\"article\" \/>\n<meta property=\"og:title\" content=\"Parkering \u00ed b\u00fdnum - Visit Torshavn\" \/>\n<meta property=\"og:description\" content=\"Parkering \u00cd einum livandi b\u00fdi sum T\u00f3rshavn er t\u00f8rvurin \u00e1 parkering mangan st\u00f3rur, og ikki eru ta\u00f0 \u00f8ll sum kenna til ymsu parkeringspl\u00e1ssini. T\u00edskil er eitt kort n\u00fa gj\u00f8rt vi\u00f0 [&hellip;]\" \/>\n<meta property=\"og:url\" content=\"https:\/\/www.visittorshavn.fo\/fo\/parkering-i-bynum\/\" \/>\n<meta property=\"og:site_name\" content=\"Visit Torshavn\" \/>\n<meta property=\"article:modified_time\" content=\"2025-08-14T15:08:08+00:00\" \/>\n<meta property=\"og:image\" content=\"https:\/\/www.visittorshavn.fo\/wp-content\/uploads\/2025\/07\/18aug21_B3A3855b-1200x675.jpg\" \/>\n\t<meta property=\"og:image:width\" content=\"1200\" \/>\n\t<meta property=\"og:image:height\" content=\"675\" \/>\n\t<meta property=\"og:image:type\" content=\"image\/jpeg\" \/>\n<meta name=\"twitter:card\" content=\"summary_large_image\" \/>\n<meta name=\"twitter:label1\" content=\"Est. reading time\" \/>\n\t<meta name=\"twitter:data1\" content=\"1 minute\" \/>\n<script type=\"application\/ld+json\" class=\"yoast-schema-graph\">{\"@context\":\"https:\\\/\\\/schema.org\",\"@graph\":[{\"@type\":\"WebPage\",\"@id\":\"https:\\\/\\\/www.visittorshavn.fo\\\/fo\\\/parkering-i-bynum\\\/\",\"url\":\"https:\\\/\\\/www.visittorshavn.fo\\\/fo\\\/parkering-i-bynum\\\/\",\"name\":\"Parkering \u00ed b\u00fdnum - Visit Torshavn\",\"isPartOf\":{\"@id\":\"https:\\\/\\\/www.visittorshavn.fo\\\/fo\\\/#website\"},\"primaryImageOfPage\":{\"@id\":\"https:\\\/\\\/www.visittorshavn.fo\\\/fo\\\/parkering-i-bynum\\\/#primaryimage\"},\"image\":{\"@id\":\"https:\\\/\\\/www.visittorshavn.fo\\\/fo\\\/parkering-i-bynum\\\/#primaryimage\"},\"thumbnailUrl\":\"https:\\\/\\\/www.visittorshavn.fo\\\/wp-content\\\/uploads\\\/2025\\\/07\\\/18aug21_B3A3855b.jpg\",\"datePublished\":\"2024-12-12T11:58:50+00:00\",\"dateModified\":\"2025-08-14T15:08:08+00:00\",\"breadcrumb\":{\"@id\":\"https:\\\/\\\/www.visittorshavn.fo\\\/fo\\\/parkering-i-bynum\\\/#breadcrumb\"},\"inLanguage\":\"fo-FO\",\"potentialAction\":[{\"@type\":\"ReadAction\",\"target\":[\"https:\\\/\\\/www.visittorshavn.fo\\\/fo\\\/parkering-i-bynum\\\/\"]}]},{\"@type\":\"ImageObject\",\"inLanguage\":\"fo-FO\",\"@id\":\"https:\\\/\\\/www.visittorshavn.fo\\\/fo\\\/parkering-i-bynum\\\/#primaryimage\",\"url\":\"https:\\\/\\\/www.visittorshavn.fo\\\/wp-content\\\/uploads\\\/2025\\\/07\\\/18aug21_B3A3855b.jpg\",\"contentUrl\":\"https:\\\/\\\/www.visittorshavn.fo\\\/wp-content\\\/uploads\\\/2025\\\/07\\\/18aug21_B3A3855b.jpg\",\"width\":2560,\"height\":1440},{\"@type\":\"BreadcrumbList\",\"@id\":\"https:\\\/\\\/www.visittorshavn.fo\\\/fo\\\/parkering-i-bynum\\\/#breadcrumb\",\"itemListElement\":[{\"@type\":\"ListItem\",\"position\":1,\"name\":\"Home\",\"item\":\"https:\\\/\\\/www.visittorshavn.fo\\\/fo\\\/\"},{\"@type\":\"ListItem\",\"position\":2,\"name\":\"Parkering \u00ed b\u00fdnum\"}]},{\"@type\":\"WebSite\",\"@id\":\"https:\\\/\\\/www.visittorshavn.fo\\\/fo\\\/#website\",\"url\":\"https:\\\/\\\/www.visittorshavn.fo\\\/fo\\\/\",\"name\":\"Visit Torshavn\",\"description\":\"\",\"potentialAction\":[{\"@type\":\"SearchAction\",\"target\":{\"@type\":\"EntryPoint\",\"urlTemplate\":\"https:\\\/\\\/www.visittorshavn.fo\\\/fo\\\/?s={search_term_string}\"},\"query-input\":{\"@type\":\"PropertyValueSpecification\",\"valueRequired\":true,\"valueName\":\"search_term_string\"}}],\"inLanguage\":\"fo-FO\"}]}<\/script>\n<!-- \/ Yoast SEO plugin. -->","yoast_head_json":{"title":"Parkering \u00ed b\u00fdnum - Visit Torshavn","robots":{"index":"index","follow":"follow","max-snippet":"max-snippet:-1","max-image-preview":"max-image-preview:large","max-video-preview":"max-video-preview:-1"},"canonical":"https:\/\/www.visittorshavn.fo\/fo\/parkering-i-bynum\/","og_locale":"fo_FO","og_type":"article","og_title":"Parkering \u00ed b\u00fdnum - Visit Torshavn","og_description":"Parkering \u00cd einum livandi b\u00fdi sum T\u00f3rshavn er t\u00f8rvurin \u00e1 parkering mangan st\u00f3rur, og ikki eru ta\u00f0 \u00f8ll sum kenna til ymsu parkeringspl\u00e1ssini. T\u00edskil er eitt kort n\u00fa gj\u00f8rt vi\u00f0 [&hellip;]","og_url":"https:\/\/www.visittorshavn.fo\/fo\/parkering-i-bynum\/","og_site_name":"Visit Torshavn","article_modified_time":"2025-08-14T15:08:08+00:00","og_image":[{"width":1200,"height":675,"url":"https:\/\/www.visittorshavn.fo\/wp-content\/uploads\/2025\/07\/18aug21_B3A3855b-1200x675.jpg","type":"image\/jpeg"}],"twitter_card":"summary_large_image","twitter_misc":{"Est. reading time":"1 minute"},"schema":{"@context":"https:\/\/schema.org","@graph":[{"@type":"WebPage","@id":"https:\/\/www.visittorshavn.fo\/fo\/parkering-i-bynum\/","url":"https:\/\/www.visittorshavn.fo\/fo\/parkering-i-bynum\/","name":"Parkering \u00ed b\u00fdnum - Visit Torshavn","isPartOf":{"@id":"https:\/\/www.visittorshavn.fo\/fo\/#website"},"primaryImageOfPage":{"@id":"https:\/\/www.visittorshavn.fo\/fo\/parkering-i-bynum\/#primaryimage"},"image":{"@id":"https:\/\/www.visittorshavn.fo\/fo\/parkering-i-bynum\/#primaryimage"},"thumbnailUrl":"https:\/\/www.visittorshavn.fo\/wp-content\/uploads\/2025\/07\/18aug21_B3A3855b.jpg","datePublished":"2024-12-12T11:58:50+00:00","dateModified":"2025-08-14T15:08:08+00:00","breadcrumb":{"@id":"https:\/\/www.visittorshavn.fo\/fo\/parkering-i-bynum\/#breadcrumb"},"inLanguage":"fo-FO","potentialAction":[{"@type":"ReadAction","target":["https:\/\/www.visittorshavn.fo\/fo\/parkering-i-bynum\/"]}]},{"@type":"ImageObject","inLanguage":"fo-FO","@id":"https:\/\/www.visittorshavn.fo\/fo\/parkering-i-bynum\/#primaryimage","url":"https:\/\/www.visittorshavn.fo\/wp-content\/uploads\/2025\/07\/18aug21_B3A3855b.jpg","contentUrl":"https:\/\/www.visittorshavn.fo\/wp-content\/uploads\/2025\/07\/18aug21_B3A3855b.jpg","width":2560,"height":1440},{"@type":"BreadcrumbList","@id":"https:\/\/www.visittorshavn.fo\/fo\/parkering-i-bynum\/#breadcrumb","itemListElement":[{"@type":"ListItem","position":1,"name":"Home","item":"https:\/\/www.visittorshavn.fo\/fo\/"},{"@type":"ListItem","position":2,"name":"Parkering \u00ed b\u00fdnum"}]},{"@type":"WebSite","@id":"https:\/\/www.visittorshavn.fo\/fo\/#website","url":"https:\/\/www.visittorshavn.fo\/fo\/","name":"Visit Torshavn","description":"","potentialAction":[{"@type":"SearchAction","target":{"@type":"EntryPoint","urlTemplate":"https:\/\/www.visittorshavn.fo\/fo\/?s={search_term_string}"},"query-input":{"@type":"PropertyValueSpecification","valueRequired":true,"valueName":"search_term_string"}}],"inLanguage":"fo-FO"}]}},"_links":{"self":[{"href":"https:\/\/www.visittorshavn.fo\/fo\/wp-json\/wp\/v2\/pages\/19775","targetHints":{"allow":["GET"]}}],"collection":[{"href":"https:\/\/www.visittorshavn.fo\/fo\/wp-json\/wp\/v2\/pages"}],"about":[{"href":"https:\/\/www.visittorshavn.fo\/fo\/wp-json\/wp\/v2\/types\/page"}],"author":[{"embeddable":true,"href":"https:\/\/www.visittorshavn.fo\/fo\/wp-json\/wp\/v2\/users\/4"}],"replies":[{"embeddable":true,"href":"https:\/\/www.visittorshavn.fo\/fo\/wp-json\/wp\/v2\/comments?post=19775"}],"version-history":[{"count":0,"href":"https:\/\/www.visittorshavn.fo\/fo\/wp-json\/wp\/v2\/pages\/19775\/revisions"}],"wp:featuredmedia":[{"embeddable":true,"href":"https:\/\/www.visittorshavn.fo\/fo\/wp-json\/wp\/v2\/media\/126271"}],"wp:attachment":[{"href":"https:\/\/www.visittorshavn.fo\/fo\/wp-json\/wp\/v2\/media?parent=19775"}],"wp:term":[{"taxonomy":"page_category","embeddable":true,"href":"https:\/\/www.visittorshavn.fo\/fo\/wp-json\/wp\/v2\/page_category?post=19775"}],"curies":[{"name":"wp","href":"https:\/\/api.w.org\/{rel}","templated":true}]}}