{"id":90100,"date":"2025-03-12T12:14:22","date_gmt":"2025-03-12T12:14:22","guid":{"rendered":"https:\/\/www.visittorshavn.fo\/?page_id=90100"},"modified":"2025-08-13T11:40:14","modified_gmt":"2025-08-13T10:40:14","slug":"earthhour","status":"publish","type":"page","link":"https:\/\/www.visittorshavn.fo\/fo\/earthhour\/","title":{"rendered":"Earth Hour"},"content":{"rendered":"\n<div class=\"wp-block-cover alignfull has-custom-content-position is-position-bottom-center\" style=\"min-height:608px;aspect-ratio:unset;\"><img decoding=\"async\" width=\"1200\" height=\"493\" class=\"wp-block-cover__image-background wp-image-90096 size-full lazyload\" alt=\"\" data-src=\"https:\/\/www.visittorshavn.fo\/wp-content\/smush-webp\/2025\/03\/fadcd1ef484d6177400a536f30c2e0339fd20b27cb849c8be03d472ce26222df-rimg-w1200-h493-dc000000-gmir.jpg.webp\" data-object-fit=\"cover\" data-srcset=\"https:\/\/www.visittorshavn.fo\/wp-content\/smush-webp\/2025\/03\/fadcd1ef484d6177400a536f30c2e0339fd20b27cb849c8be03d472ce26222df-rimg-w1200-h493-dc000000-gmir.jpg.webp 1200w, https:\/\/www.visittorshavn.fo\/wp-content\/smush-webp\/2025\/03\/fadcd1ef484d6177400a536f30c2e0339fd20b27cb849c8be03d472ce26222df-rimg-w1200-h493-dc000000-gmir-800x329.jpg.webp 800w, https:\/\/www.visittorshavn.fo\/wp-content\/smush-webp\/2025\/03\/fadcd1ef484d6177400a536f30c2e0339fd20b27cb849c8be03d472ce26222df-rimg-w1200-h493-dc000000-gmir-768x316.jpg.webp 768w, https:\/\/www.visittorshavn.fo\/wp-content\/smush-webp\/2025\/03\/fadcd1ef484d6177400a536f30c2e0339fd20b27cb849c8be03d472ce26222df-rimg-w1200-h493-dc000000-gmir-600x247.jpg.webp 600w\" data-sizes=\"auto\" src=\"data:image\/svg+xml;base64,PHN2ZyB3aWR0aD0iMSIgaGVpZ2h0PSIxIiB4bWxucz0iaHR0cDovL3d3dy53My5vcmcvMjAwMC9zdmciPjwvc3ZnPg==\" style=\"--smush-placeholder-width: 1200px; --smush-placeholder-aspect-ratio: 1200\/493;\" data-original-sizes=\"(max-width: 1200px) 100vw, 1200px\" \/><span aria-hidden=\"true\" class=\"wp-block-cover__background has-background-dim\" style=\"background-color:#32554a\"><\/span><div class=\"wp-block-cover__inner-container is-layout-constrained wp-block-cover-is-layout-constrained\">\n<div class=\"wp-block-columns is-layout-flex wp-container-core-columns-is-layout-9d6595d7 wp-block-columns-is-layout-flex\">\n<div class=\"wp-block-column is-layout-flow wp-block-column-is-layout-flow\">\n<div id=\"breadcrumbs_block_101d4a6df7a9d4b95b87dd81498f6d1f\" class=\"lunnar-breadcrumbs\">\n            <div class=\"lunnar-breadcrumbs\"><ul><\/ul><\/div>    <\/div>\n\n\n<h1 class=\"wp-block-heading\">Earth Hour 2025<\/h1>\n<\/div>\n\n\n\n<div class=\"wp-block-column is-layout-flow wp-block-column-is-layout-flow\"><\/div>\n<\/div>\n\n\n\n<div style=\"height:60px\" aria-hidden=\"true\" class=\"wp-block-spacer\"><\/div>\n\n\n\n<p>Photo: Earthhour.org<\/p>\n<\/div><\/div>\n\n\n\n<div style=\"height:150px\" aria-hidden=\"true\" class=\"wp-block-spacer\"><\/div>\n\n\n\n<h2 class=\"wp-block-heading\"><strong>Earth Hour \u00ed T\u00f3rshavnar Kommunu<\/strong><\/h2>\n\n\n\n<p>Jar\u00f0art\u00edmin, Earth Hour, ver\u00f0ur hildin leygarkv\u00f8ldi\u00f0 22. mars kl. 20.30.<br>Hendan t\u00edman, har vit varpa lj\u00f3s \u00e1 ve\u00f0urlagsbroytingar og umhv\u00f8rvi, ver\u00f0a \u00f8ll almenn lj\u00f3s \u00ed kommununi sl\u00f8kt.<br>T\u00fa kanst eisini luttaka vi\u00f0 at sl\u00f8kkja lj\u00f3si\u00f0 og n\u00fdta henda t\u00edman at gera okkurt, sum ger mun fyri okkum og okkara n\u00e1tt\u00faru.<\/p>\n\n\n\n<p>S\u00ed\u00f0ani 2009 hevur kommunan sl\u00f8kt g\u00f8tulj\u00f3s og skipa\u00f0 fyri tilt\u00f8kum hendan t\u00edman \u00ed mars, og er sostatt fyrsta kommunan \u00ed F\u00f8royum, sum t\u00f3k undir vi\u00f0 \u00e1takinum.<\/p>\n\n\n\n<p>L\u00f8tan, t\u00e1 lj\u00f3si\u00f0 ver\u00f0ur sl\u00f8kt, er somulei\u00f0is eitt gott h\u00f8vi at tosa um, hvat vit saman kunnu gera fyri at verja og var\u00f0veita n\u00e1tt\u00faruna, vit liva \u00ed og av.<\/p>\n\n\n\n<p>Altj\u00f3\u00f0a Earth Hour-stigtakararnir siga \u00e1 heimas\u00ed\u00f0uni&nbsp;<a href=\"https:\/\/l.facebook.com\/l.php?u=http%3A%2F%2Fearthhour.org%2F%3Ffbclid%3DIwZXh0bgNhZW0CMTAAAR3dHNUzNRTQ4JcD5-oZeuxW2ry9FqGIqXRlym9OoDgAKBPI70KPKtcpqso_aem_tsyOxG6scbnXL6UN3sWAcw&amp;h=AT2Hk8pSiXeRqWJjaoxkS3sDq88ypav9s-AW4zjWEdgDpM2qVtp1qeXSyDakz03aOgU3dI576Kzy-rkWpsnA83FIJV1CcnL1CntCVKt8L_v3n74wVYVvDl4wUy3QeBfb8A&amp;__tn__=q&amp;c%5b0%5d=AT1Yy8hRC4du6MMDTEkW0QCp7WVxMs50YidbZQtnlSjl3FuP7jKcbMhBF2hkiZQYmU-tDGlJ4yQh3MuHz3fqJ7PrqeEkj1xGQPTYUj9GRkRaeuiDBHbKjQW43n3cWLSrBgrol2KRLp0jJ-iSKjOW5w0KEe_ONO6cidQTiJb8QQB7xtvLqNtr\">earthhour.org<\/a>, at fyrsta m\u00e1li\u00f0 hj\u00e1 r\u00f8rsluni var at gera vart vi\u00f0 ve\u00f0urlagsbroytingarnar, men at s\u00ed\u00f0ani er oy\u00f0ingin av dj\u00f3ra- og plantusl\u00f8gum vor\u00f0i\u00f0 eitt l\u00edka t\u00fddningarmiki\u00f0 m\u00e1l.<\/p>\n\n\n\n<p><\/p>\n\n\n\n<h4 class=\"wp-block-heading\">Earth Hour 2025 tiltaki\u00f0<\/h4>\n\n\n\n<p>Kristianna Winter Poulsen, forkvinna \u00ed n\u00e1tt\u00faru- og umhv\u00f8rvisnevndini, setur Earth Hour 2025 \u00e1 tiltaki \u00ed Hoyd\u00f8lum, sum T\u00f3rshavnar Kommuna skipar fyri. Umframt sj\u00e1lva setanina fara Jensia Brodersen og R\u00f3a Midjord fr\u00e1 N\u00e1tt\u00faruterapi at grei\u00f0a fr\u00e1, hvussu vit kunnu n\u00fdta n\u00e1tt\u00faruna sum s\u00e1lar- og heilsub\u00f3t. Luttakararnir sleppa at taka lut og uppliva virkna\u00f0in av n\u00e1tt\u00faruterapiini.<\/p>\n\n\n\n<p>Aftan\u00e1 t\u00farin bj\u00f3\u00f0a sk\u00f3tanir bollar og kakao. Vit savnast kring b\u00e1lsta\u00f0in og taka samanum. Lj\u00f3sini tendrast aftur og fari\u00f0 ver\u00f0ur hv\u00f8r til s\u00edtt. Havi\u00f0 egnan kopp vi\u00f0!<\/p>\n\n\n\n<p>Tiltaki\u00f0 er \u00f3keypis, men ta\u00f0 er ney\u00f0ugt at melda seg til ni\u00f0anfyri \u2013 avmarka\u00f0 atgongd.<\/p>\n\n\n\n<div class=\"wp-block-buttons is-layout-flex wp-block-buttons-is-layout-flex\">\n<div class=\"wp-block-button\"><a class=\"wp-block-button__link wp-element-button\" href=\"https:\/\/www.visittorshavn.fo\/fo\/?post_type=product&#038;p=82796\">Earth Hour 2025: Tilmelding<\/a><\/div>\n<\/div>\n\n\n\n<p><\/p>\n\n\n\n<h4 class=\"wp-block-heading\">Her eru sjey uppskot fr\u00e1 Earth Hour, hvussu vit kunnu n\u00fdta Jar\u00f0art\u00edman:<\/h4>\n\n\n\n<ol class=\"wp-block-list\">\n<li>F\u00e1 samband vi\u00f0 n\u00e1tt\u00faruna. Far \u00fat \u00ed myrkri\u00f0, hav lummalykt vi\u00f0. Ste\u00f0ga \u00e1 og sl\u00f8kk. Gev t\u00e6r far um ta\u00f0, t\u00fa h\u00f3ast alt s\u00e6r og hoyrir.<\/li>\n\n\n\n<li>Matger\u00f0 saman vi\u00f0 familju ella vinum. N\u00fdt lokalar og bur\u00f0ardyggar r\u00e1v\u00f8rur. Royn at gera eina m\u00e1lt\u00ed\u00f0, har onki fer til spillis.<\/li>\n\n\n\n<li>Nj\u00f3t samanhaldi\u00f0 vi\u00f0 t\u00ednum n\u00e6rmastu. Sp\u00e6li\u00f0 eitt sp\u00e6l, pr\u00e1ti\u00f0. Ring kanska til onkran, t\u00fa ikki hevur tosa\u00f0 vi\u00f0 leingi, og bi\u00f0 tey halda Earth Hour saman vi\u00f0 t\u00e6r.<\/li>\n\n\n\n<li>F\u00e1 t\u00e6r vitan. Les g\u00f3\u00f0 r\u00e1\u00f0 um bur\u00f0ardygd.<\/li>\n\n\n\n<li>Ver vi\u00f0 \u00ed lokalsamfelagnum. Far til eitt Earth Hour tiltak! Ella far upp\u00ed ein felagsskap, sum ruddar ella \u00e1 annan h\u00e1tt b\u00f8tir um umhv\u00f8rvi\u00f0.<\/li>\n\n\n\n<li>Ver virkin. Renn ella s\u00fakkla ein kv\u00f8ldart\u00far, ven, ger okkurt eyka fyri kropp og heilsu.<\/li>\n\n\n\n<li>Finn listag\u00e1vurnar fram. Skapa eitt lj\u00f3sverk \u00ed myrkrinum.<\/li>\n<\/ol>\n\n\n\n<p>\u00d8ll kunnu gera mun. Eisini t\u00fa!<\/p>\n\n\n\n<div style=\"height:200px\" aria-hidden=\"true\" class=\"wp-block-spacer\"><\/div>\n","protected":false},"excerpt":{"rendered":"<p>Earth Hour \u00ed T\u00f3rshavnar Kommunu Jar\u00f0art\u00edmin, Earth Hour, ver\u00f0ur hildin leygarkv\u00f8ldi\u00f0 22. mars kl. 20.30.Hendan t\u00edman, har vit varpa lj\u00f3s \u00e1 ve\u00f0urlagsbroytingar og umhv\u00f8rvi, ver\u00f0a \u00f8ll almenn lj\u00f3s \u00ed kommununi [&hellip;]<\/p>\n","protected":false},"author":3,"featured_media":90096,"parent":0,"menu_order":0,"comment_status":"closed","ping_status":"closed","template":"","meta":{"_acf_changed":false,"footnotes":""},"page_category":[],"class_list":["post-90100","page","type-page","status-publish","has-post-thumbnail","hentry"],"acf":[],"yoast_head":"<!-- This site is optimized with the Yoast SEO plugin v27.5 - https:\/\/yoast.com\/product\/yoast-seo-wordpress\/ -->\n<title>Earth Hour - Visit Torshavn<\/title>\n<meta name=\"robots\" content=\"index, follow, max-snippet:-1, max-image-preview:large, max-video-preview:-1\" \/>\n<link rel=\"canonical\" href=\"https:\/\/www.visittorshavn.fo\/fo\/earthhour\/\" \/>\n<meta property=\"og:locale\" content=\"fo_FO\" \/>\n<meta property=\"og:type\" content=\"article\" \/>\n<meta property=\"og:title\" content=\"Earth Hour - Visit Torshavn\" \/>\n<meta property=\"og:description\" content=\"Earth Hour \u00ed T\u00f3rshavnar Kommunu Jar\u00f0art\u00edmin, Earth Hour, ver\u00f0ur hildin leygarkv\u00f8ldi\u00f0 22. mars kl. 20.30.Hendan t\u00edman, har vit varpa lj\u00f3s \u00e1 ve\u00f0urlagsbroytingar og umhv\u00f8rvi, ver\u00f0a \u00f8ll almenn lj\u00f3s \u00ed kommununi [&hellip;]\" \/>\n<meta property=\"og:url\" content=\"https:\/\/www.visittorshavn.fo\/fo\/earthhour\/\" \/>\n<meta property=\"og:site_name\" content=\"Visit Torshavn\" \/>\n<meta property=\"article:modified_time\" content=\"2025-08-13T10:40:14+00:00\" \/>\n<meta property=\"og:image\" content=\"https:\/\/www.visittorshavn.fo\/wp-content\/uploads\/2025\/03\/fadcd1ef484d6177400a536f30c2e0339fd20b27cb849c8be03d472ce26222df-rimg-w1200-h493-dc000000-gmir.jpg\" \/>\n\t<meta property=\"og:image:width\" content=\"1200\" \/>\n\t<meta property=\"og:image:height\" content=\"493\" \/>\n\t<meta property=\"og:image:type\" content=\"image\/jpeg\" \/>\n<meta name=\"twitter:card\" content=\"summary_large_image\" \/>\n<meta name=\"twitter:label1\" content=\"Est. reading time\" \/>\n\t<meta name=\"twitter:data1\" content=\"3 minutes\" \/>\n<script type=\"application\/ld+json\" class=\"yoast-schema-graph\">{\"@context\":\"https:\\\/\\\/schema.org\",\"@graph\":[{\"@type\":\"WebPage\",\"@id\":\"https:\\\/\\\/www.visittorshavn.fo\\\/fo\\\/earthhour\\\/\",\"url\":\"https:\\\/\\\/www.visittorshavn.fo\\\/fo\\\/earthhour\\\/\",\"name\":\"Earth Hour - Visit Torshavn\",\"isPartOf\":{\"@id\":\"https:\\\/\\\/www.visittorshavn.fo\\\/fo\\\/#website\"},\"primaryImageOfPage\":{\"@id\":\"https:\\\/\\\/www.visittorshavn.fo\\\/fo\\\/earthhour\\\/#primaryimage\"},\"image\":{\"@id\":\"https:\\\/\\\/www.visittorshavn.fo\\\/fo\\\/earthhour\\\/#primaryimage\"},\"thumbnailUrl\":\"https:\\\/\\\/www.visittorshavn.fo\\\/wp-content\\\/uploads\\\/2025\\\/03\\\/fadcd1ef484d6177400a536f30c2e0339fd20b27cb849c8be03d472ce26222df-rimg-w1200-h493-dc000000-gmir.jpg\",\"datePublished\":\"2025-03-12T12:14:22+00:00\",\"dateModified\":\"2025-08-13T10:40:14+00:00\",\"breadcrumb\":{\"@id\":\"https:\\\/\\\/www.visittorshavn.fo\\\/fo\\\/earthhour\\\/#breadcrumb\"},\"inLanguage\":\"fo-FO\",\"potentialAction\":[{\"@type\":\"ReadAction\",\"target\":[\"https:\\\/\\\/www.visittorshavn.fo\\\/fo\\\/earthhour\\\/\"]}]},{\"@type\":\"ImageObject\",\"inLanguage\":\"fo-FO\",\"@id\":\"https:\\\/\\\/www.visittorshavn.fo\\\/fo\\\/earthhour\\\/#primaryimage\",\"url\":\"https:\\\/\\\/www.visittorshavn.fo\\\/wp-content\\\/uploads\\\/2025\\\/03\\\/fadcd1ef484d6177400a536f30c2e0339fd20b27cb849c8be03d472ce26222df-rimg-w1200-h493-dc000000-gmir.jpg\",\"contentUrl\":\"https:\\\/\\\/www.visittorshavn.fo\\\/wp-content\\\/uploads\\\/2025\\\/03\\\/fadcd1ef484d6177400a536f30c2e0339fd20b27cb849c8be03d472ce26222df-rimg-w1200-h493-dc000000-gmir.jpg\",\"width\":1200,\"height\":493},{\"@type\":\"BreadcrumbList\",\"@id\":\"https:\\\/\\\/www.visittorshavn.fo\\\/fo\\\/earthhour\\\/#breadcrumb\",\"itemListElement\":[{\"@type\":\"ListItem\",\"position\":1,\"name\":\"Home\",\"item\":\"https:\\\/\\\/www.visittorshavn.fo\\\/fo\\\/\"},{\"@type\":\"ListItem\",\"position\":2,\"name\":\"Earth Hour\"}]},{\"@type\":\"WebSite\",\"@id\":\"https:\\\/\\\/www.visittorshavn.fo\\\/fo\\\/#website\",\"url\":\"https:\\\/\\\/www.visittorshavn.fo\\\/fo\\\/\",\"name\":\"Visit Torshavn\",\"description\":\"\",\"potentialAction\":[{\"@type\":\"SearchAction\",\"target\":{\"@type\":\"EntryPoint\",\"urlTemplate\":\"https:\\\/\\\/www.visittorshavn.fo\\\/fo\\\/?s={search_term_string}\"},\"query-input\":{\"@type\":\"PropertyValueSpecification\",\"valueRequired\":true,\"valueName\":\"search_term_string\"}}],\"inLanguage\":\"fo-FO\"}]}<\/script>\n<!-- \/ Yoast SEO plugin. -->","yoast_head_json":{"title":"Earth Hour - Visit Torshavn","robots":{"index":"index","follow":"follow","max-snippet":"max-snippet:-1","max-image-preview":"max-image-preview:large","max-video-preview":"max-video-preview:-1"},"canonical":"https:\/\/www.visittorshavn.fo\/fo\/earthhour\/","og_locale":"fo_FO","og_type":"article","og_title":"Earth Hour - Visit Torshavn","og_description":"Earth Hour \u00ed T\u00f3rshavnar Kommunu Jar\u00f0art\u00edmin, Earth Hour, ver\u00f0ur hildin leygarkv\u00f8ldi\u00f0 22. mars kl. 20.30.Hendan t\u00edman, har vit varpa lj\u00f3s \u00e1 ve\u00f0urlagsbroytingar og umhv\u00f8rvi, ver\u00f0a \u00f8ll almenn lj\u00f3s \u00ed kommununi [&hellip;]","og_url":"https:\/\/www.visittorshavn.fo\/fo\/earthhour\/","og_site_name":"Visit Torshavn","article_modified_time":"2025-08-13T10:40:14+00:00","og_image":[{"width":1200,"height":493,"url":"https:\/\/www.visittorshavn.fo\/wp-content\/uploads\/2025\/03\/fadcd1ef484d6177400a536f30c2e0339fd20b27cb849c8be03d472ce26222df-rimg-w1200-h493-dc000000-gmir.jpg","type":"image\/jpeg"}],"twitter_card":"summary_large_image","twitter_misc":{"Est. reading time":"3 minutes"},"schema":{"@context":"https:\/\/schema.org","@graph":[{"@type":"WebPage","@id":"https:\/\/www.visittorshavn.fo\/fo\/earthhour\/","url":"https:\/\/www.visittorshavn.fo\/fo\/earthhour\/","name":"Earth Hour - Visit Torshavn","isPartOf":{"@id":"https:\/\/www.visittorshavn.fo\/fo\/#website"},"primaryImageOfPage":{"@id":"https:\/\/www.visittorshavn.fo\/fo\/earthhour\/#primaryimage"},"image":{"@id":"https:\/\/www.visittorshavn.fo\/fo\/earthhour\/#primaryimage"},"thumbnailUrl":"https:\/\/www.visittorshavn.fo\/wp-content\/uploads\/2025\/03\/fadcd1ef484d6177400a536f30c2e0339fd20b27cb849c8be03d472ce26222df-rimg-w1200-h493-dc000000-gmir.jpg","datePublished":"2025-03-12T12:14:22+00:00","dateModified":"2025-08-13T10:40:14+00:00","breadcrumb":{"@id":"https:\/\/www.visittorshavn.fo\/fo\/earthhour\/#breadcrumb"},"inLanguage":"fo-FO","potentialAction":[{"@type":"ReadAction","target":["https:\/\/www.visittorshavn.fo\/fo\/earthhour\/"]}]},{"@type":"ImageObject","inLanguage":"fo-FO","@id":"https:\/\/www.visittorshavn.fo\/fo\/earthhour\/#primaryimage","url":"https:\/\/www.visittorshavn.fo\/wp-content\/uploads\/2025\/03\/fadcd1ef484d6177400a536f30c2e0339fd20b27cb849c8be03d472ce26222df-rimg-w1200-h493-dc000000-gmir.jpg","contentUrl":"https:\/\/www.visittorshavn.fo\/wp-content\/uploads\/2025\/03\/fadcd1ef484d6177400a536f30c2e0339fd20b27cb849c8be03d472ce26222df-rimg-w1200-h493-dc000000-gmir.jpg","width":1200,"height":493},{"@type":"BreadcrumbList","@id":"https:\/\/www.visittorshavn.fo\/fo\/earthhour\/#breadcrumb","itemListElement":[{"@type":"ListItem","position":1,"name":"Home","item":"https:\/\/www.visittorshavn.fo\/fo\/"},{"@type":"ListItem","position":2,"name":"Earth Hour"}]},{"@type":"WebSite","@id":"https:\/\/www.visittorshavn.fo\/fo\/#website","url":"https:\/\/www.visittorshavn.fo\/fo\/","name":"Visit Torshavn","description":"","potentialAction":[{"@type":"SearchAction","target":{"@type":"EntryPoint","urlTemplate":"https:\/\/www.visittorshavn.fo\/fo\/?s={search_term_string}"},"query-input":{"@type":"PropertyValueSpecification","valueRequired":true,"valueName":"search_term_string"}}],"inLanguage":"fo-FO"}]}},"_links":{"self":[{"href":"https:\/\/www.visittorshavn.fo\/fo\/wp-json\/wp\/v2\/pages\/90100","targetHints":{"allow":["GET"]}}],"collection":[{"href":"https:\/\/www.visittorshavn.fo\/fo\/wp-json\/wp\/v2\/pages"}],"about":[{"href":"https:\/\/www.visittorshavn.fo\/fo\/wp-json\/wp\/v2\/types\/page"}],"author":[{"embeddable":true,"href":"https:\/\/www.visittorshavn.fo\/fo\/wp-json\/wp\/v2\/users\/3"}],"replies":[{"embeddable":true,"href":"https:\/\/www.visittorshavn.fo\/fo\/wp-json\/wp\/v2\/comments?post=90100"}],"version-history":[{"count":0,"href":"https:\/\/www.visittorshavn.fo\/fo\/wp-json\/wp\/v2\/pages\/90100\/revisions"}],"wp:featuredmedia":[{"embeddable":true,"href":"https:\/\/www.visittorshavn.fo\/fo\/wp-json\/wp\/v2\/media\/90096"}],"wp:attachment":[{"href":"https:\/\/www.visittorshavn.fo\/fo\/wp-json\/wp\/v2\/media?parent=90100"}],"wp:term":[{"taxonomy":"page_category","embeddable":true,"href":"https:\/\/www.visittorshavn.fo\/fo\/wp-json\/wp\/v2\/page_category?post=90100"}],"curies":[{"name":"wp","href":"https:\/\/api.w.org\/{rel}","templated":true}]}}