{"id":14973,"date":"2024-06-03T10:52:13","date_gmt":"2024-06-03T09:52:13","guid":{"rendered":"https:\/\/www.visittorshavn.fo\/product\/verkstova-vid-natturuprent\/"},"modified":"2025-03-12T15:03:04","modified_gmt":"2025-03-12T15:03:04","slug":"verkstova-vid-natturuprent","status":"publish","type":"product","link":"https:\/\/www.visittorshavn.fo\/fo\/v\u00f8ra\/verkstova-vid-natturuprent\/","title":{"rendered":"Verkstova vi\u00f0 n\u00e1tt\u00faruprent"},"content":{"rendered":"<h2><strong>\u201cF\u00e1 minnini at vara\u2026\u201d<\/strong><\/h2>\n<p>\u00cd hesari verkstovuni kemur listakvinnan Edith M\u00f8rk\u00f8re at bj\u00f3\u00f0a t\u00e6r inn \u00ed hennara atelier, har t\u00fa f\u00e6r m\u00f8guleikan at gera t\u00edni egnu prent av eini hv\u00f8rjari bl\u00f3mu, bla\u00f0i ella plantul\u00edv i\u00f0 t\u00fa hevur funni\u00f0 \u00ed n\u00e1tt\u00faruni. N\u00e1tt\u00faruprent er ein vakur og serstakur h\u00e1ttur at var\u00f0veita n\u00e1tt\u00faruna heima hj\u00e1 t\u00e6r sj\u00e1lvari. Alt, i\u00f0 t\u00fa hevur t\u00f8rv \u00e1, er kl\u00e1rt at br\u00faka t\u00e1 i\u00f0 t\u00fa kemur inn \u00e1 r\u00fami\u00f0 &#8211; sosum arbei\u00f0st\u00f3l, prentpl\u00e1tur, blekk, eina endaleysa goymslu av papp\u00edri til royndarprent og 6 \u00f8rk av h\u00e1g\u00f3\u00f0sku prentpapp\u00edri. Verkstovurnar eru hv\u00f8nn gerandisdag og vara \u00ed tveir t\u00edmar. Edith M\u00f8rk\u00f8re vil m\u00f8ta t\u00e6r \u00e1 t\u00ednum st\u00f8\u00f0i, um so at t\u00fa er n\u00fdbyrjari ella serk\u00f8nur prentari. Alt tilfari\u00f0, i\u00f0 ver\u00f0ur br\u00fakt, er umhv\u00f8rvisvinarligt og uttan eiturevni. All the materials used are environmentally friendly and non-toxic. Kaffi, te og millumm\u00e1li er vi\u00f0 \u00ed pr\u00edsinum. Kl\u00e6\u00f0ini, i\u00f0 t\u00fa ver\u00f0ur \u00ed, mugu tola at f\u00e1a onkran plett, og luttakarar mugu taka s\u00ednar egnu bl\u00f3mur og plantur vi\u00f0.<\/p>\n<h4><strong>Avsett t\u00ed\u00f0<\/strong><\/h4>\n<p>2 t\u00edmar<\/p>\n<h4><strong>Pr\u00edsur<\/strong><\/h4>\n<p>600,- pr.pers. (minimum 2 pers\u00f3nar, maximum 5) <span class=\"mobile-undersized-upper\">B\u00f3lkaavsl\u00e1ttur<\/span><\/p>\n<ul>\n<li><span class=\"mobile-undersized-upper\">(4 <\/span>luttakarar<span class=\"mobile-undersized-upper\">-20%) = 2000,- <\/span><\/li>\n<li><span class=\"mobile-undersized-upper\">(5 <\/span>luttakarar<span class=\"mobile-undersized-upper\">-30%) = 2400,-<\/span><\/li>\n<\/ul>\n<h4><strong>Sta\u00f0<\/strong><\/h4>\n<p>EdithArt Atelier Ovarag\u00f8ta 48 kj. 188 Hoyv\u00edk<\/p>\n","protected":false},"excerpt":{"rendered":"<p>\u201cF\u00e1 minnini at vara\u2026\u201d \u00cd hesari verkstovuni kemur listakvinnan Edith M\u00f8rk\u00f8re at bj\u00f3\u00f0a t\u00e6r inn \u00ed hennara atelier, har t\u00fa f\u00e6r m\u00f8guleikan at gera t\u00edni egnu prent av eini hv\u00f8rjari [&hellip;]<\/p>\n","protected":false},"featured_media":6369,"template":"","meta":{"_acf_changed":false},"product_brand":[],"product_cat":[261],"product_tag":[266,270],"class_list":{"0":"post-14973","1":"product","2":"type-product","3":"status-publish","4":"has-post-thumbnail","6":"product_cat-list-mentan","7":"product_tag-skapandi","8":"product_tag-uttandura","10":"first","11":"instock","12":"virtual","13":"sold-individually","14":"purchasable","15":"product-type-booking"},"booking_location":"","booking_location_type":"","booking_duration":2,"booking_duration_unit":"hour","booking_buffer":0,"booking_cost":0,"booking_resources":[266507,266508,266509,266510],"acf":[],"yoast_head":"<!-- This site is optimized with the Yoast SEO plugin v27.5 - https:\/\/yoast.com\/product\/yoast-seo-wordpress\/ -->\n<title>Verkstova vi\u00f0 n\u00e1tt\u00faruprent - Visit Torshavn<\/title>\n<meta name=\"robots\" content=\"index, follow, max-snippet:-1, max-image-preview:large, max-video-preview:-1\" \/>\n<link rel=\"canonical\" href=\"https:\/\/www.visittorshavn.fo\/fo\/v\u00f8ra\/verkstova-vid-natturuprent\/\" \/>\n<meta property=\"og:locale\" content=\"fo_FO\" \/>\n<meta property=\"og:type\" content=\"article\" \/>\n<meta property=\"og:title\" content=\"Verkstova vi\u00f0 n\u00e1tt\u00faruprent - Visit Torshavn\" \/>\n<meta property=\"og:description\" content=\"\u201cF\u00e1 minnini at vara\u2026\u201d \u00cd hesari verkstovuni kemur listakvinnan Edith M\u00f8rk\u00f8re at bj\u00f3\u00f0a t\u00e6r inn \u00ed hennara atelier, har t\u00fa f\u00e6r m\u00f8guleikan at gera t\u00edni egnu prent av eini hv\u00f8rjari [&hellip;]\" \/>\n<meta property=\"og:url\" content=\"https:\/\/www.visittorshavn.fo\/fo\/v\u00f8ra\/verkstova-vid-natturuprent\/\" \/>\n<meta property=\"og:site_name\" content=\"Visit Torshavn\" \/>\n<meta property=\"article:modified_time\" content=\"2025-03-12T15:03:04+00:00\" \/>\n<meta property=\"og:image\" content=\"https:\/\/www.visittorshavn.fo\/wp-content\/uploads\/2024\/06\/Litbrigdi.jpeg\" \/>\n\t<meta property=\"og:image:width\" content=\"570\" \/>\n\t<meta property=\"og:image:height\" content=\"468\" \/>\n\t<meta property=\"og:image:type\" content=\"image\/jpeg\" \/>\n<meta name=\"twitter:card\" content=\"summary_large_image\" \/>\n<meta name=\"twitter:label1\" content=\"Est. reading time\" \/>\n\t<meta name=\"twitter:data1\" content=\"2 minutes\" \/>\n<script type=\"application\/ld+json\" class=\"yoast-schema-graph\">{\"@context\":\"https:\\\/\\\/schema.org\",\"@graph\":[{\"@type\":\"WebPage\",\"@id\":\"https:\\\/\\\/www.visittorshavn.fo\\\/fo\\\/v\u00f8ra\\\/verkstova-vid-natturuprent\\\/\",\"url\":\"https:\\\/\\\/www.visittorshavn.fo\\\/fo\\\/v\u00f8ra\\\/verkstova-vid-natturuprent\\\/\",\"name\":\"Verkstova vi\u00f0 n\u00e1tt\u00faruprent - Visit Torshavn\",\"isPartOf\":{\"@id\":\"https:\\\/\\\/www.visittorshavn.fo\\\/fo\\\/#website\"},\"primaryImageOfPage\":{\"@id\":\"https:\\\/\\\/www.visittorshavn.fo\\\/fo\\\/v\u00f8ra\\\/verkstova-vid-natturuprent\\\/#primaryimage\"},\"image\":{\"@id\":\"https:\\\/\\\/www.visittorshavn.fo\\\/fo\\\/v\u00f8ra\\\/verkstova-vid-natturuprent\\\/#primaryimage\"},\"thumbnailUrl\":\"https:\\\/\\\/www.visittorshavn.fo\\\/wp-content\\\/uploads\\\/2024\\\/06\\\/Litbrigdi.jpeg\",\"datePublished\":\"2024-06-03T09:52:13+00:00\",\"dateModified\":\"2025-03-12T15:03:04+00:00\",\"breadcrumb\":{\"@id\":\"https:\\\/\\\/www.visittorshavn.fo\\\/fo\\\/v\u00f8ra\\\/verkstova-vid-natturuprent\\\/#breadcrumb\"},\"inLanguage\":\"fo-FO\",\"potentialAction\":[{\"@type\":\"ReadAction\",\"target\":[\"https:\\\/\\\/www.visittorshavn.fo\\\/fo\\\/v\u00f8ra\\\/verkstova-vid-natturuprent\\\/\"]}]},{\"@type\":\"ImageObject\",\"inLanguage\":\"fo-FO\",\"@id\":\"https:\\\/\\\/www.visittorshavn.fo\\\/fo\\\/v\u00f8ra\\\/verkstova-vid-natturuprent\\\/#primaryimage\",\"url\":\"https:\\\/\\\/www.visittorshavn.fo\\\/wp-content\\\/uploads\\\/2024\\\/06\\\/Litbrigdi.jpeg\",\"contentUrl\":\"https:\\\/\\\/www.visittorshavn.fo\\\/wp-content\\\/uploads\\\/2024\\\/06\\\/Litbrigdi.jpeg\",\"width\":570,\"height\":468,\"caption\":\"O-diskur -> Myndasavn\"},{\"@type\":\"BreadcrumbList\",\"@id\":\"https:\\\/\\\/www.visittorshavn.fo\\\/fo\\\/v\u00f8ra\\\/verkstova-vid-natturuprent\\\/#breadcrumb\",\"itemListElement\":[{\"@type\":\"ListItem\",\"position\":1,\"name\":\"Home\",\"item\":\"https:\\\/\\\/www.visittorshavn.fo\\\/fo\\\/\"},{\"@type\":\"ListItem\",\"position\":2,\"name\":\"Visit T\u00f3rshavn Sjopp\",\"item\":\"https:\\\/\\\/www.visittorshavn.fo\\\/shop\\\/\"},{\"@type\":\"ListItem\",\"position\":3,\"name\":\"Verkstova vi\u00f0 n\u00e1tt\u00faruprent\"}]},{\"@type\":\"WebSite\",\"@id\":\"https:\\\/\\\/www.visittorshavn.fo\\\/fo\\\/#website\",\"url\":\"https:\\\/\\\/www.visittorshavn.fo\\\/fo\\\/\",\"name\":\"Visit Torshavn\",\"description\":\"\",\"potentialAction\":[{\"@type\":\"SearchAction\",\"target\":{\"@type\":\"EntryPoint\",\"urlTemplate\":\"https:\\\/\\\/www.visittorshavn.fo\\\/fo\\\/?s={search_term_string}\"},\"query-input\":{\"@type\":\"PropertyValueSpecification\",\"valueRequired\":true,\"valueName\":\"search_term_string\"}}],\"inLanguage\":\"fo-FO\"}]}<\/script>\n<!-- \/ Yoast SEO plugin. -->","yoast_head_json":{"title":"Verkstova vi\u00f0 n\u00e1tt\u00faruprent - Visit Torshavn","robots":{"index":"index","follow":"follow","max-snippet":"max-snippet:-1","max-image-preview":"max-image-preview:large","max-video-preview":"max-video-preview:-1"},"canonical":"https:\/\/www.visittorshavn.fo\/fo\/v\u00f8ra\/verkstova-vid-natturuprent\/","og_locale":"fo_FO","og_type":"article","og_title":"Verkstova vi\u00f0 n\u00e1tt\u00faruprent - Visit Torshavn","og_description":"\u201cF\u00e1 minnini at vara\u2026\u201d \u00cd hesari verkstovuni kemur listakvinnan Edith M\u00f8rk\u00f8re at bj\u00f3\u00f0a t\u00e6r inn \u00ed hennara atelier, har t\u00fa f\u00e6r m\u00f8guleikan at gera t\u00edni egnu prent av eini hv\u00f8rjari [&hellip;]","og_url":"https:\/\/www.visittorshavn.fo\/fo\/v\u00f8ra\/verkstova-vid-natturuprent\/","og_site_name":"Visit Torshavn","article_modified_time":"2025-03-12T15:03:04+00:00","og_image":[{"width":570,"height":468,"url":"https:\/\/www.visittorshavn.fo\/wp-content\/uploads\/2024\/06\/Litbrigdi.jpeg","type":"image\/jpeg"}],"twitter_card":"summary_large_image","twitter_misc":{"Est. reading time":"2 minutes"},"schema":{"@context":"https:\/\/schema.org","@graph":[{"@type":"WebPage","@id":"https:\/\/www.visittorshavn.fo\/fo\/v\u00f8ra\/verkstova-vid-natturuprent\/","url":"https:\/\/www.visittorshavn.fo\/fo\/v\u00f8ra\/verkstova-vid-natturuprent\/","name":"Verkstova vi\u00f0 n\u00e1tt\u00faruprent - Visit Torshavn","isPartOf":{"@id":"https:\/\/www.visittorshavn.fo\/fo\/#website"},"primaryImageOfPage":{"@id":"https:\/\/www.visittorshavn.fo\/fo\/v\u00f8ra\/verkstova-vid-natturuprent\/#primaryimage"},"image":{"@id":"https:\/\/www.visittorshavn.fo\/fo\/v\u00f8ra\/verkstova-vid-natturuprent\/#primaryimage"},"thumbnailUrl":"https:\/\/www.visittorshavn.fo\/wp-content\/uploads\/2024\/06\/Litbrigdi.jpeg","datePublished":"2024-06-03T09:52:13+00:00","dateModified":"2025-03-12T15:03:04+00:00","breadcrumb":{"@id":"https:\/\/www.visittorshavn.fo\/fo\/v\u00f8ra\/verkstova-vid-natturuprent\/#breadcrumb"},"inLanguage":"fo-FO","potentialAction":[{"@type":"ReadAction","target":["https:\/\/www.visittorshavn.fo\/fo\/v\u00f8ra\/verkstova-vid-natturuprent\/"]}]},{"@type":"ImageObject","inLanguage":"fo-FO","@id":"https:\/\/www.visittorshavn.fo\/fo\/v\u00f8ra\/verkstova-vid-natturuprent\/#primaryimage","url":"https:\/\/www.visittorshavn.fo\/wp-content\/uploads\/2024\/06\/Litbrigdi.jpeg","contentUrl":"https:\/\/www.visittorshavn.fo\/wp-content\/uploads\/2024\/06\/Litbrigdi.jpeg","width":570,"height":468,"caption":"O-diskur -> Myndasavn"},{"@type":"BreadcrumbList","@id":"https:\/\/www.visittorshavn.fo\/fo\/v\u00f8ra\/verkstova-vid-natturuprent\/#breadcrumb","itemListElement":[{"@type":"ListItem","position":1,"name":"Home","item":"https:\/\/www.visittorshavn.fo\/fo\/"},{"@type":"ListItem","position":2,"name":"Visit T\u00f3rshavn Sjopp","item":"https:\/\/www.visittorshavn.fo\/shop\/"},{"@type":"ListItem","position":3,"name":"Verkstova vi\u00f0 n\u00e1tt\u00faruprent"}]},{"@type":"WebSite","@id":"https:\/\/www.visittorshavn.fo\/fo\/#website","url":"https:\/\/www.visittorshavn.fo\/fo\/","name":"Visit Torshavn","description":"","potentialAction":[{"@type":"SearchAction","target":{"@type":"EntryPoint","urlTemplate":"https:\/\/www.visittorshavn.fo\/fo\/?s={search_term_string}"},"query-input":{"@type":"PropertyValueSpecification","valueRequired":true,"valueName":"search_term_string"}}],"inLanguage":"fo-FO"}]}},"_links":{"self":[{"href":"https:\/\/www.visittorshavn.fo\/fo\/wp-json\/wp\/v2\/product\/14973","targetHints":{"allow":["GET"]}}],"collection":[{"href":"https:\/\/www.visittorshavn.fo\/fo\/wp-json\/wp\/v2\/product"}],"about":[{"href":"https:\/\/www.visittorshavn.fo\/fo\/wp-json\/wp\/v2\/types\/product"}],"wp:featuredmedia":[{"embeddable":true,"href":"https:\/\/www.visittorshavn.fo\/fo\/wp-json\/wp\/v2\/media\/6369"}],"wp:attachment":[{"href":"https:\/\/www.visittorshavn.fo\/fo\/wp-json\/wp\/v2\/media?parent=14973"}],"wp:term":[{"taxonomy":"product_brand","embeddable":true,"href":"https:\/\/www.visittorshavn.fo\/fo\/wp-json\/wp\/v2\/product_brand?post=14973"},{"taxonomy":"product_cat","embeddable":true,"href":"https:\/\/www.visittorshavn.fo\/fo\/wp-json\/wp\/v2\/product_cat?post=14973"},{"taxonomy":"product_tag","embeddable":true,"href":"https:\/\/www.visittorshavn.fo\/fo\/wp-json\/wp\/v2\/product_tag?post=14973"}],"curies":[{"name":"wp","href":"https:\/\/api.w.org\/{rel}","templated":true}]}}