{"id":259756,"date":"2026-03-25T11:41:34","date_gmt":"2026-03-25T11:41:34","guid":{"rendered":"https:\/\/www.visittorshavn.fo\/?post_type=product&#038;p=259756"},"modified":"2026-04-22T10:47:28","modified_gmt":"2026-04-22T09:47:28","slug":"food-tour-smakkurin-av-havnini","status":"publish","type":"product","link":"https:\/\/www.visittorshavn.fo\/fo\/v\u00f8ra\/food-tour-smakkurin-av-havnini\/","title":{"rendered":"Food Tour &#8211; Smakkurin av Havnini"},"content":{"rendered":"<p data-start=\"214\" data-end=\"381\">T\u00f3rshavn Food Tour<br data-start=\"236\" data-end=\"239\" \/>Kom vi\u00f0 okkum \u00e1 eina leskiliga fer\u00f0 gj\u00f8gnum T\u00f3rshavn, har smakkir og gott selskap renna saman \u00ed eina serliga mataruppliving.<\/p>\n<p data-start=\"383\" data-end=\"707\">T\u00fa kann b\u00edleggja pl\u00e1ss \u00e1 okkara t\u00fari hv\u00f8nn mikudag og leygardag kl. 12:00, har vit byrja \u00e1 Skansanum. T\u00farurin varar umlei\u00f0 3 t\u00edmar, og fert t\u00fa at uppliva mi\u00f0b\u00fdin og nj\u00f3ta ymiskar r\u00e6ttir hj\u00e1 serliga \u00fatvaldum matstovum og kaffistovum.<\/p>\n<p data-start=\"709\" data-end=\"854\">Ta\u00f0 ver\u00f0ur m\u00f8guligt at ste\u00f0ga \u00e1 og nj\u00f3ta eitt gott pr\u00e1t afturvi\u00f0 matinum.<\/p>\n<ul data-start=\"856\" data-end=\"942\">\n<li data-start=\"856\" data-end=\"893\">\n<p data-start=\"858\" data-end=\"893\"><strong data-start=\"858\" data-end=\"891\">Luttakaramark: 10 f\u00f3lk<\/strong><\/p>\n<\/li>\n<li data-start=\"894\" data-end=\"942\">\n<p data-start=\"896\" data-end=\"942\"><strong data-start=\"896\" data-end=\"942\">Einki minstamark av luttakarum<\/strong><\/p>\n<\/li>\n<\/ul>\n<p data-start=\"944\" data-end=\"1101\">Hetta er ein fram\u00far g\u00f3\u00f0ur m\u00f8guleiki at royna eitt breitt \u00farval av t\u00ed, sum T\u00f3rshavn hevur at bj\u00f3\u00f0a, og \u00e1 tann h\u00e1tt f\u00e1a eina \u00f8\u00f0rv\u00edsi uppliving av okkara sjarmerandi h\u00f8vu\u00f0ssta\u00f0i.<\/p>\n","protected":false},"excerpt":{"rendered":"<p data-start=\"214\" data-end=\"381\">T\u00f3rshavn Food Tour<br data-start=\"236\" data-end=\"239\" \/>Kom vi\u00f0 okkum \u00e1 eina leskiliga fer\u00f0 gj\u00f8gnum T\u00f3rshavn, har smakkir og gott selskap renna saman \u00ed eina serliga mataruppliving.<\/p>\n<p data-start=\"383\" data-end=\"707\">T\u00fa kann b\u00edleggja pl\u00e1ss \u00e1 okkara t\u00fari hv\u00f8nn mikudag og leygardag kl. 12:00, har vit byrja \u00e1 Skansanum. T\u00farurin varar umlei\u00f0 3 t\u00edmar, og fert t\u00fa at uppliva mi\u00f0b\u00fdin og nj\u00f3ta ymiskar r\u00e6ttir hj\u00e1 serliga \u00fatvaldum matstovum og kaffistovum.<\/p>\n<p data-start=\"709\" data-end=\"854\">Ta\u00f0 ver\u00f0ur m\u00f8guligt at ste\u00f0ga \u00e1 og nj\u00f3ta eitt gott pr\u00e1t afturvi\u00f0 matinum.<\/p>\n<ul data-start=\"856\" data-end=\"942\">\n<li data-start=\"856\" data-end=\"893\">\n<p data-start=\"858\" data-end=\"893\"><strong data-start=\"858\" data-end=\"891\">Luttakaramark: 10 f\u00f3lk<\/strong><\/p>\n<\/li>\n<li data-start=\"894\" data-end=\"942\">\n<p data-start=\"896\" data-end=\"942\"><strong data-start=\"896\" data-end=\"942\">Einki minstamark av luttakarum<\/strong><\/p>\n<\/li>\n<\/ul>\n<p data-start=\"944\" data-end=\"1101\">Hetta er ein fram\u00far g\u00f3\u00f0ur m\u00f8guleiki at royna eitt breitt \u00farval av t\u00ed, sum T\u00f3rshavn hevur at bj\u00f3\u00f0a, og \u00e1 tann h\u00e1tt f\u00e1a eina \u00f8\u00f0rv\u00edsi uppliving av okkara sjarmerandi h\u00f8vu\u00f0ssta\u00f0i.<\/p>\n","protected":false},"featured_media":253580,"template":"","meta":{"_acf_changed":false},"product_brand":[],"product_cat":[262,264],"product_tag":[354,270],"class_list":{"0":"post-259756","1":"product","2":"type-product","3":"status-publish","4":"has-post-thumbnail","6":"product_cat-et-og-drekk","7":"product_cat-oflokkad","8":"product_tag-local-food","9":"product_tag-uttandura","11":"first","12":"instock","13":"virtual","14":"sold-individually","15":"purchasable","16":"product-type-booking"},"booking_location":"","booking_location_type":"","booking_duration":1,"booking_duration_unit":"day","booking_buffer":0,"booking_cost":990,"booking_resources":[],"acf":[],"yoast_head":"<!-- This site is optimized with the Yoast SEO plugin v27.5 - https:\/\/yoast.com\/product\/yoast-seo-wordpress\/ -->\n<title>Food Tour - Smakkurin av Havnini - Visit Torshavn<\/title>\n<meta name=\"robots\" content=\"index, follow, max-snippet:-1, max-image-preview:large, max-video-preview:-1\" \/>\n<link rel=\"canonical\" href=\"https:\/\/www.visittorshavn.fo\/fo\/v\u00f8ra\/food-tour-smakkurin-av-havnini\/\" \/>\n<meta property=\"og:locale\" content=\"fo_FO\" \/>\n<meta property=\"og:type\" content=\"article\" \/>\n<meta property=\"og:title\" content=\"Food Tour - Smakkurin av Havnini - Visit Torshavn\" \/>\n<meta property=\"og:description\" content=\"T\u00f3rshavn Food TourKom vi\u00f0 okkum \u00e1 eina leskiliga fer\u00f0 gj\u00f8gnum T\u00f3rshavn, har smakkir og gott selskap renna saman \u00ed eina serliga mataruppliving. T\u00fa kann b\u00edleggja pl\u00e1ss \u00e1 okkara t\u00fari hv\u00f8nn mikudag og leygardag kl. 12:00, har vit byrja \u00e1 Skansanum. T\u00farurin varar umlei\u00f0 3 t\u00edmar, og fert t\u00fa at uppliva mi\u00f0b\u00fdin og nj\u00f3ta ymiskar r\u00e6ttir hj\u00e1 serliga \u00fatvaldum matstovum og kaffistovum. Ta\u00f0 ver\u00f0ur m\u00f8guligt at ste\u00f0ga \u00e1 og nj\u00f3ta eitt gott pr\u00e1t afturvi\u00f0 matinum.     Luttakaramark: 10 f\u00f3lk    Einki minstamark av luttakarum   Hetta er ein fram\u00far g\u00f3\u00f0ur m\u00f8guleiki at royna eitt breitt \u00farval av t\u00ed, sum T\u00f3rshavn hevur at bj\u00f3\u00f0a, og \u00e1 tann h\u00e1tt f\u00e1a eina \u00f8\u00f0rv\u00edsi uppliving av okkara sjarmerandi h\u00f8vu\u00f0ssta\u00f0i.\" \/>\n<meta property=\"og:url\" content=\"https:\/\/www.visittorshavn.fo\/fo\/v\u00f8ra\/food-tour-smakkurin-av-havnini\/\" \/>\n<meta property=\"og:site_name\" content=\"Visit Torshavn\" \/>\n<meta property=\"article:modified_time\" content=\"2026-04-22T09:47:28+00:00\" \/>\n<meta property=\"og:image\" content=\"https:\/\/www.visittorshavn.fo\/wp-content\/uploads\/2026\/03\/Food-tour.jpg\" \/>\n\t<meta property=\"og:image:width\" content=\"1920\" \/>\n\t<meta property=\"og:image:height\" content=\"1080\" \/>\n\t<meta property=\"og:image:type\" content=\"image\/png\" \/>\n<meta name=\"twitter:card\" content=\"summary_large_image\" \/>\n<meta name=\"twitter:label1\" content=\"Est. reading time\" \/>\n\t<meta name=\"twitter:data1\" content=\"1 minute\" \/>\n<script type=\"application\/ld+json\" class=\"yoast-schema-graph\">{\"@context\":\"https:\\\/\\\/schema.org\",\"@graph\":[{\"@type\":\"WebPage\",\"@id\":\"https:\\\/\\\/www.visittorshavn.fo\\\/fo\\\/v\u00f8ra\\\/food-tour-smakkurin-av-havnini\\\/\",\"url\":\"https:\\\/\\\/www.visittorshavn.fo\\\/fo\\\/v\u00f8ra\\\/food-tour-smakkurin-av-havnini\\\/\",\"name\":\"Food Tour - Smakkurin av Havnini - Visit Torshavn\",\"isPartOf\":{\"@id\":\"https:\\\/\\\/www.visittorshavn.fo\\\/fo\\\/#website\"},\"primaryImageOfPage\":{\"@id\":\"https:\\\/\\\/www.visittorshavn.fo\\\/fo\\\/v\u00f8ra\\\/food-tour-smakkurin-av-havnini\\\/#primaryimage\"},\"image\":{\"@id\":\"https:\\\/\\\/www.visittorshavn.fo\\\/fo\\\/v\u00f8ra\\\/food-tour-smakkurin-av-havnini\\\/#primaryimage\"},\"thumbnailUrl\":\"https:\\\/\\\/www.visittorshavn.fo\\\/wp-content\\\/uploads\\\/2026\\\/03\\\/Food-tour.jpg\",\"datePublished\":\"2026-03-25T11:41:34+00:00\",\"dateModified\":\"2026-04-22T09:47:28+00:00\",\"breadcrumb\":{\"@id\":\"https:\\\/\\\/www.visittorshavn.fo\\\/fo\\\/v\u00f8ra\\\/food-tour-smakkurin-av-havnini\\\/#breadcrumb\"},\"inLanguage\":\"fo-FO\",\"potentialAction\":[{\"@type\":\"ReadAction\",\"target\":[\"https:\\\/\\\/www.visittorshavn.fo\\\/fo\\\/v\u00f8ra\\\/food-tour-smakkurin-av-havnini\\\/\"]}]},{\"@type\":\"ImageObject\",\"inLanguage\":\"fo-FO\",\"@id\":\"https:\\\/\\\/www.visittorshavn.fo\\\/fo\\\/v\u00f8ra\\\/food-tour-smakkurin-av-havnini\\\/#primaryimage\",\"url\":\"https:\\\/\\\/www.visittorshavn.fo\\\/wp-content\\\/uploads\\\/2026\\\/03\\\/Food-tour.jpg\",\"contentUrl\":\"https:\\\/\\\/www.visittorshavn.fo\\\/wp-content\\\/uploads\\\/2026\\\/03\\\/Food-tour.jpg\",\"width\":1920,\"height\":1080},{\"@type\":\"BreadcrumbList\",\"@id\":\"https:\\\/\\\/www.visittorshavn.fo\\\/fo\\\/v\u00f8ra\\\/food-tour-smakkurin-av-havnini\\\/#breadcrumb\",\"itemListElement\":[{\"@type\":\"ListItem\",\"position\":1,\"name\":\"Home\",\"item\":\"https:\\\/\\\/www.visittorshavn.fo\\\/fo\\\/\"},{\"@type\":\"ListItem\",\"position\":2,\"name\":\"Visit T\u00f3rshavn Sjopp\",\"item\":\"https:\\\/\\\/www.visittorshavn.fo\\\/shop\\\/\"},{\"@type\":\"ListItem\",\"position\":3,\"name\":\"Food Tour &#8211; Smakkurin av Havnini\"}]},{\"@type\":\"WebSite\",\"@id\":\"https:\\\/\\\/www.visittorshavn.fo\\\/fo\\\/#website\",\"url\":\"https:\\\/\\\/www.visittorshavn.fo\\\/fo\\\/\",\"name\":\"Visit Torshavn\",\"description\":\"\",\"potentialAction\":[{\"@type\":\"SearchAction\",\"target\":{\"@type\":\"EntryPoint\",\"urlTemplate\":\"https:\\\/\\\/www.visittorshavn.fo\\\/fo\\\/?s={search_term_string}\"},\"query-input\":{\"@type\":\"PropertyValueSpecification\",\"valueRequired\":true,\"valueName\":\"search_term_string\"}}],\"inLanguage\":\"fo-FO\"}]}<\/script>\n<!-- \/ Yoast SEO plugin. -->","yoast_head_json":{"title":"Food Tour - Smakkurin av Havnini - Visit Torshavn","robots":{"index":"index","follow":"follow","max-snippet":"max-snippet:-1","max-image-preview":"max-image-preview:large","max-video-preview":"max-video-preview:-1"},"canonical":"https:\/\/www.visittorshavn.fo\/fo\/v\u00f8ra\/food-tour-smakkurin-av-havnini\/","og_locale":"fo_FO","og_type":"article","og_title":"Food Tour - Smakkurin av Havnini - Visit Torshavn","og_description":"T\u00f3rshavn Food TourKom vi\u00f0 okkum \u00e1 eina leskiliga fer\u00f0 gj\u00f8gnum T\u00f3rshavn, har smakkir og gott selskap renna saman \u00ed eina serliga mataruppliving. T\u00fa kann b\u00edleggja pl\u00e1ss \u00e1 okkara t\u00fari hv\u00f8nn mikudag og leygardag kl. 12:00, har vit byrja \u00e1 Skansanum. T\u00farurin varar umlei\u00f0 3 t\u00edmar, og fert t\u00fa at uppliva mi\u00f0b\u00fdin og nj\u00f3ta ymiskar r\u00e6ttir hj\u00e1 serliga \u00fatvaldum matstovum og kaffistovum. Ta\u00f0 ver\u00f0ur m\u00f8guligt at ste\u00f0ga \u00e1 og nj\u00f3ta eitt gott pr\u00e1t afturvi\u00f0 matinum.     Luttakaramark: 10 f\u00f3lk    Einki minstamark av luttakarum   Hetta er ein fram\u00far g\u00f3\u00f0ur m\u00f8guleiki at royna eitt breitt \u00farval av t\u00ed, sum T\u00f3rshavn hevur at bj\u00f3\u00f0a, og \u00e1 tann h\u00e1tt f\u00e1a eina \u00f8\u00f0rv\u00edsi uppliving av okkara sjarmerandi h\u00f8vu\u00f0ssta\u00f0i.","og_url":"https:\/\/www.visittorshavn.fo\/fo\/v\u00f8ra\/food-tour-smakkurin-av-havnini\/","og_site_name":"Visit Torshavn","article_modified_time":"2026-04-22T09:47:28+00:00","og_image":[{"width":1920,"height":1080,"url":"https:\/\/www.visittorshavn.fo\/wp-content\/uploads\/2026\/03\/Food-tour.jpg","type":"image\/png"}],"twitter_card":"summary_large_image","twitter_misc":{"Est. reading time":"1 minute"},"schema":{"@context":"https:\/\/schema.org","@graph":[{"@type":"WebPage","@id":"https:\/\/www.visittorshavn.fo\/fo\/v\u00f8ra\/food-tour-smakkurin-av-havnini\/","url":"https:\/\/www.visittorshavn.fo\/fo\/v\u00f8ra\/food-tour-smakkurin-av-havnini\/","name":"Food Tour - Smakkurin av Havnini - Visit Torshavn","isPartOf":{"@id":"https:\/\/www.visittorshavn.fo\/fo\/#website"},"primaryImageOfPage":{"@id":"https:\/\/www.visittorshavn.fo\/fo\/v\u00f8ra\/food-tour-smakkurin-av-havnini\/#primaryimage"},"image":{"@id":"https:\/\/www.visittorshavn.fo\/fo\/v\u00f8ra\/food-tour-smakkurin-av-havnini\/#primaryimage"},"thumbnailUrl":"https:\/\/www.visittorshavn.fo\/wp-content\/uploads\/2026\/03\/Food-tour.jpg","datePublished":"2026-03-25T11:41:34+00:00","dateModified":"2026-04-22T09:47:28+00:00","breadcrumb":{"@id":"https:\/\/www.visittorshavn.fo\/fo\/v\u00f8ra\/food-tour-smakkurin-av-havnini\/#breadcrumb"},"inLanguage":"fo-FO","potentialAction":[{"@type":"ReadAction","target":["https:\/\/www.visittorshavn.fo\/fo\/v\u00f8ra\/food-tour-smakkurin-av-havnini\/"]}]},{"@type":"ImageObject","inLanguage":"fo-FO","@id":"https:\/\/www.visittorshavn.fo\/fo\/v\u00f8ra\/food-tour-smakkurin-av-havnini\/#primaryimage","url":"https:\/\/www.visittorshavn.fo\/wp-content\/uploads\/2026\/03\/Food-tour.jpg","contentUrl":"https:\/\/www.visittorshavn.fo\/wp-content\/uploads\/2026\/03\/Food-tour.jpg","width":1920,"height":1080},{"@type":"BreadcrumbList","@id":"https:\/\/www.visittorshavn.fo\/fo\/v\u00f8ra\/food-tour-smakkurin-av-havnini\/#breadcrumb","itemListElement":[{"@type":"ListItem","position":1,"name":"Home","item":"https:\/\/www.visittorshavn.fo\/fo\/"},{"@type":"ListItem","position":2,"name":"Visit T\u00f3rshavn Sjopp","item":"https:\/\/www.visittorshavn.fo\/shop\/"},{"@type":"ListItem","position":3,"name":"Food Tour &#8211; Smakkurin av Havnini"}]},{"@type":"WebSite","@id":"https:\/\/www.visittorshavn.fo\/fo\/#website","url":"https:\/\/www.visittorshavn.fo\/fo\/","name":"Visit Torshavn","description":"","potentialAction":[{"@type":"SearchAction","target":{"@type":"EntryPoint","urlTemplate":"https:\/\/www.visittorshavn.fo\/fo\/?s={search_term_string}"},"query-input":{"@type":"PropertyValueSpecification","valueRequired":true,"valueName":"search_term_string"}}],"inLanguage":"fo-FO"}]}},"_links":{"self":[{"href":"https:\/\/www.visittorshavn.fo\/fo\/wp-json\/wp\/v2\/product\/259756","targetHints":{"allow":["GET"]}}],"collection":[{"href":"https:\/\/www.visittorshavn.fo\/fo\/wp-json\/wp\/v2\/product"}],"about":[{"href":"https:\/\/www.visittorshavn.fo\/fo\/wp-json\/wp\/v2\/types\/product"}],"wp:featuredmedia":[{"embeddable":true,"href":"https:\/\/www.visittorshavn.fo\/fo\/wp-json\/wp\/v2\/media\/253580"}],"wp:attachment":[{"href":"https:\/\/www.visittorshavn.fo\/fo\/wp-json\/wp\/v2\/media?parent=259756"}],"wp:term":[{"taxonomy":"product_brand","embeddable":true,"href":"https:\/\/www.visittorshavn.fo\/fo\/wp-json\/wp\/v2\/product_brand?post=259756"},{"taxonomy":"product_cat","embeddable":true,"href":"https:\/\/www.visittorshavn.fo\/fo\/wp-json\/wp\/v2\/product_cat?post=259756"},{"taxonomy":"product_tag","embeddable":true,"href":"https:\/\/www.visittorshavn.fo\/fo\/wp-json\/wp\/v2\/product_tag?post=259756"}],"curies":[{"name":"wp","href":"https:\/\/api.w.org\/{rel}","templated":true}]}}