{"id":262529,"date":"2026-04-16T10:26:55","date_gmt":"2026-04-16T09:26:55","guid":{"rendered":"https:\/\/www.visittorshavn.fo\/?post_type=product&#038;p=262529"},"modified":"2026-04-21T14:09:45","modified_gmt":"2026-04-21T13:09:45","slug":"turur-til-kolturs","status":"publish","type":"product","link":"https:\/\/www.visittorshavn.fo\/fo\/v\u00f8ra\/turur-til-kolturs\/","title":{"rendered":"T\u00farur til Kolturs"},"content":{"rendered":"<p><strong>!T\u00fararnir eru \u00fatseldir, og avbo\u00f0slistin\/b\u00ed\u00f0ilistin er eisini fulltekna\u00f0ur!<\/strong><\/p>\n<p><!--more--><\/p>\n<p>Kom vi\u00f0 \u00e1 forvitnisligan t\u00far til Koltur.<\/p>\n<p>Tj\u00f3\u00f0savni\u00f0 tekur \u00edm\u00f3ti og grei\u00f0ir fr\u00e1 um Koltursverk\u00e6tlanina.<\/p>\n<p>T\u00farurin er \u00f3keypis, t\u00f3 er ney\u00f0ugt at &#8220;keypa&#8221; s\u00e6r pl\u00e1ss.<\/p>\n","protected":false},"excerpt":{"rendered":"<p>Kom vi\u00f0 \u00e1 forvitnisligan t\u00far til Koltur.<\/p>\n<p>Tj\u00f3\u00f0savni\u00f0 tekur \u00edm\u00f3ti og grei\u00f0ir fr\u00e1 um Koltursverk\u00e6tlanina.<\/p>\n<p>T\u00farurin er \u00f3keypis, t\u00f3 er ney\u00f0ugt at &#8220;keypa&#8221; s\u00e6r pl\u00e1ss.<\/p>\n","protected":false},"featured_media":264257,"template":"","meta":{"_acf_changed":false},"product_brand":[],"product_cat":[323],"product_tag":[],"class_list":{"0":"post-262529","1":"product","2":"type-product","3":"status-publish","4":"has-post-thumbnail","6":"product_cat-tiltak","8":"first","9":"outofstock","10":"product-type-variable"},"booking_location":null,"booking_location_type":null,"booking_duration":null,"booking_duration_unit":null,"booking_buffer":null,"booking_cost":null,"booking_resources":null,"acf":[],"yoast_head":"<!-- This site is optimized with the Yoast SEO plugin v27.5 - https:\/\/yoast.com\/product\/yoast-seo-wordpress\/ -->\n<title>T\u00farur til Kolturs - Visit Torshavn<\/title>\n<meta name=\"robots\" content=\"index, follow, max-snippet:-1, max-image-preview:large, max-video-preview:-1\" \/>\n<link rel=\"canonical\" href=\"https:\/\/www.visittorshavn.fo\/fo\/v\u00f8ra\/turur-til-kolturs\/\" \/>\n<meta property=\"og:locale\" content=\"fo_FO\" \/>\n<meta property=\"og:type\" content=\"article\" \/>\n<meta property=\"og:title\" content=\"T\u00farur til Kolturs - Visit Torshavn\" \/>\n<meta property=\"og:description\" content=\"Kom vi\u00f0 \u00e1 forvitnisligan t\u00far til Koltur.  Tj\u00f3\u00f0savni\u00f0 tekur \u00edm\u00f3ti og grei\u00f0ir fr\u00e1 um Koltursverk\u00e6tlanina.  T\u00farurin er \u00f3keypis, t\u00f3 er ney\u00f0ugt at &quot;keypa&quot; s\u00e6r pl\u00e1ss.\" \/>\n<meta property=\"og:url\" content=\"https:\/\/www.visittorshavn.fo\/fo\/v\u00f8ra\/turur-til-kolturs\/\" \/>\n<meta property=\"og:site_name\" content=\"Visit Torshavn\" \/>\n<meta property=\"article:modified_time\" content=\"2026-04-21T13:09:45+00:00\" \/>\n<meta property=\"og:image\" content=\"https:\/\/www.visittorshavn.fo\/wp-content\/uploads\/2026\/04\/Utselt-Koltursturur.jpg\" \/>\n\t<meta property=\"og:image:width\" content=\"1920\" \/>\n\t<meta property=\"og:image:height\" content=\"1080\" \/>\n\t<meta property=\"og:image:type\" content=\"image\/jpeg\" \/>\n<meta name=\"twitter:card\" content=\"summary_large_image\" \/>\n<meta name=\"twitter:label1\" content=\"Est. reading time\" \/>\n\t<meta name=\"twitter:data1\" content=\"1 minute\" \/>\n<script type=\"application\/ld+json\" class=\"yoast-schema-graph\">{\"@context\":\"https:\\\/\\\/schema.org\",\"@graph\":[{\"@type\":\"WebPage\",\"@id\":\"https:\\\/\\\/www.visittorshavn.fo\\\/fo\\\/v\u00f8ra\\\/turur-til-kolturs\\\/\",\"url\":\"https:\\\/\\\/www.visittorshavn.fo\\\/fo\\\/v\u00f8ra\\\/turur-til-kolturs\\\/\",\"name\":\"T\u00farur til Kolturs - Visit Torshavn\",\"isPartOf\":{\"@id\":\"https:\\\/\\\/www.visittorshavn.fo\\\/fo\\\/#website\"},\"primaryImageOfPage\":{\"@id\":\"https:\\\/\\\/www.visittorshavn.fo\\\/fo\\\/v\u00f8ra\\\/turur-til-kolturs\\\/#primaryimage\"},\"image\":{\"@id\":\"https:\\\/\\\/www.visittorshavn.fo\\\/fo\\\/v\u00f8ra\\\/turur-til-kolturs\\\/#primaryimage\"},\"thumbnailUrl\":\"https:\\\/\\\/www.visittorshavn.fo\\\/wp-content\\\/uploads\\\/2026\\\/04\\\/Utselt-Koltursturur.jpg\",\"datePublished\":\"2026-04-16T09:26:55+00:00\",\"dateModified\":\"2026-04-21T13:09:45+00:00\",\"breadcrumb\":{\"@id\":\"https:\\\/\\\/www.visittorshavn.fo\\\/fo\\\/v\u00f8ra\\\/turur-til-kolturs\\\/#breadcrumb\"},\"inLanguage\":\"fo-FO\",\"potentialAction\":[{\"@type\":\"ReadAction\",\"target\":[\"https:\\\/\\\/www.visittorshavn.fo\\\/fo\\\/v\u00f8ra\\\/turur-til-kolturs\\\/\"]}]},{\"@type\":\"ImageObject\",\"inLanguage\":\"fo-FO\",\"@id\":\"https:\\\/\\\/www.visittorshavn.fo\\\/fo\\\/v\u00f8ra\\\/turur-til-kolturs\\\/#primaryimage\",\"url\":\"https:\\\/\\\/www.visittorshavn.fo\\\/wp-content\\\/uploads\\\/2026\\\/04\\\/Utselt-Koltursturur.jpg\",\"contentUrl\":\"https:\\\/\\\/www.visittorshavn.fo\\\/wp-content\\\/uploads\\\/2026\\\/04\\\/Utselt-Koltursturur.jpg\",\"width\":1920,\"height\":1080},{\"@type\":\"BreadcrumbList\",\"@id\":\"https:\\\/\\\/www.visittorshavn.fo\\\/fo\\\/v\u00f8ra\\\/turur-til-kolturs\\\/#breadcrumb\",\"itemListElement\":[{\"@type\":\"ListItem\",\"position\":1,\"name\":\"Home\",\"item\":\"https:\\\/\\\/www.visittorshavn.fo\\\/fo\\\/\"},{\"@type\":\"ListItem\",\"position\":2,\"name\":\"Visit T\u00f3rshavn Sjopp\",\"item\":\"https:\\\/\\\/www.visittorshavn.fo\\\/shop\\\/\"},{\"@type\":\"ListItem\",\"position\":3,\"name\":\"T\u00farur til Kolturs\"}]},{\"@type\":\"WebSite\",\"@id\":\"https:\\\/\\\/www.visittorshavn.fo\\\/fo\\\/#website\",\"url\":\"https:\\\/\\\/www.visittorshavn.fo\\\/fo\\\/\",\"name\":\"Visit Torshavn\",\"description\":\"\",\"potentialAction\":[{\"@type\":\"SearchAction\",\"target\":{\"@type\":\"EntryPoint\",\"urlTemplate\":\"https:\\\/\\\/www.visittorshavn.fo\\\/fo\\\/?s={search_term_string}\"},\"query-input\":{\"@type\":\"PropertyValueSpecification\",\"valueRequired\":true,\"valueName\":\"search_term_string\"}}],\"inLanguage\":\"fo-FO\"}]}<\/script>\n<!-- \/ Yoast SEO plugin. -->","yoast_head_json":{"title":"T\u00farur til Kolturs - Visit Torshavn","robots":{"index":"index","follow":"follow","max-snippet":"max-snippet:-1","max-image-preview":"max-image-preview:large","max-video-preview":"max-video-preview:-1"},"canonical":"https:\/\/www.visittorshavn.fo\/fo\/v\u00f8ra\/turur-til-kolturs\/","og_locale":"fo_FO","og_type":"article","og_title":"T\u00farur til Kolturs - Visit Torshavn","og_description":"Kom vi\u00f0 \u00e1 forvitnisligan t\u00far til Koltur.  Tj\u00f3\u00f0savni\u00f0 tekur \u00edm\u00f3ti og grei\u00f0ir fr\u00e1 um Koltursverk\u00e6tlanina.  T\u00farurin er \u00f3keypis, t\u00f3 er ney\u00f0ugt at \"keypa\" s\u00e6r pl\u00e1ss.","og_url":"https:\/\/www.visittorshavn.fo\/fo\/v\u00f8ra\/turur-til-kolturs\/","og_site_name":"Visit Torshavn","article_modified_time":"2026-04-21T13:09:45+00:00","og_image":[{"width":1920,"height":1080,"url":"https:\/\/www.visittorshavn.fo\/wp-content\/uploads\/2026\/04\/Utselt-Koltursturur.jpg","type":"image\/jpeg"}],"twitter_card":"summary_large_image","twitter_misc":{"Est. reading time":"1 minute"},"schema":{"@context":"https:\/\/schema.org","@graph":[{"@type":"WebPage","@id":"https:\/\/www.visittorshavn.fo\/fo\/v\u00f8ra\/turur-til-kolturs\/","url":"https:\/\/www.visittorshavn.fo\/fo\/v\u00f8ra\/turur-til-kolturs\/","name":"T\u00farur til Kolturs - Visit Torshavn","isPartOf":{"@id":"https:\/\/www.visittorshavn.fo\/fo\/#website"},"primaryImageOfPage":{"@id":"https:\/\/www.visittorshavn.fo\/fo\/v\u00f8ra\/turur-til-kolturs\/#primaryimage"},"image":{"@id":"https:\/\/www.visittorshavn.fo\/fo\/v\u00f8ra\/turur-til-kolturs\/#primaryimage"},"thumbnailUrl":"https:\/\/www.visittorshavn.fo\/wp-content\/uploads\/2026\/04\/Utselt-Koltursturur.jpg","datePublished":"2026-04-16T09:26:55+00:00","dateModified":"2026-04-21T13:09:45+00:00","breadcrumb":{"@id":"https:\/\/www.visittorshavn.fo\/fo\/v\u00f8ra\/turur-til-kolturs\/#breadcrumb"},"inLanguage":"fo-FO","potentialAction":[{"@type":"ReadAction","target":["https:\/\/www.visittorshavn.fo\/fo\/v\u00f8ra\/turur-til-kolturs\/"]}]},{"@type":"ImageObject","inLanguage":"fo-FO","@id":"https:\/\/www.visittorshavn.fo\/fo\/v\u00f8ra\/turur-til-kolturs\/#primaryimage","url":"https:\/\/www.visittorshavn.fo\/wp-content\/uploads\/2026\/04\/Utselt-Koltursturur.jpg","contentUrl":"https:\/\/www.visittorshavn.fo\/wp-content\/uploads\/2026\/04\/Utselt-Koltursturur.jpg","width":1920,"height":1080},{"@type":"BreadcrumbList","@id":"https:\/\/www.visittorshavn.fo\/fo\/v\u00f8ra\/turur-til-kolturs\/#breadcrumb","itemListElement":[{"@type":"ListItem","position":1,"name":"Home","item":"https:\/\/www.visittorshavn.fo\/fo\/"},{"@type":"ListItem","position":2,"name":"Visit T\u00f3rshavn Sjopp","item":"https:\/\/www.visittorshavn.fo\/shop\/"},{"@type":"ListItem","position":3,"name":"T\u00farur til Kolturs"}]},{"@type":"WebSite","@id":"https:\/\/www.visittorshavn.fo\/fo\/#website","url":"https:\/\/www.visittorshavn.fo\/fo\/","name":"Visit Torshavn","description":"","potentialAction":[{"@type":"SearchAction","target":{"@type":"EntryPoint","urlTemplate":"https:\/\/www.visittorshavn.fo\/fo\/?s={search_term_string}"},"query-input":{"@type":"PropertyValueSpecification","valueRequired":true,"valueName":"search_term_string"}}],"inLanguage":"fo-FO"}]}},"_links":{"self":[{"href":"https:\/\/www.visittorshavn.fo\/fo\/wp-json\/wp\/v2\/product\/262529","targetHints":{"allow":["GET"]}}],"collection":[{"href":"https:\/\/www.visittorshavn.fo\/fo\/wp-json\/wp\/v2\/product"}],"about":[{"href":"https:\/\/www.visittorshavn.fo\/fo\/wp-json\/wp\/v2\/types\/product"}],"wp:featuredmedia":[{"embeddable":true,"href":"https:\/\/www.visittorshavn.fo\/fo\/wp-json\/wp\/v2\/media\/264257"}],"wp:attachment":[{"href":"https:\/\/www.visittorshavn.fo\/fo\/wp-json\/wp\/v2\/media?parent=262529"}],"wp:term":[{"taxonomy":"product_brand","embeddable":true,"href":"https:\/\/www.visittorshavn.fo\/fo\/wp-json\/wp\/v2\/product_brand?post=262529"},{"taxonomy":"product_cat","embeddable":true,"href":"https:\/\/www.visittorshavn.fo\/fo\/wp-json\/wp\/v2\/product_cat?post=262529"},{"taxonomy":"product_tag","embeddable":true,"href":"https:\/\/www.visittorshavn.fo\/fo\/wp-json\/wp\/v2\/product_tag?post=262529"}],"curies":[{"name":"wp","href":"https:\/\/api.w.org\/{rel}","templated":true}]}}