{"id":262551,"date":"2026-04-17T13:55:10","date_gmt":"2026-04-17T12:55:10","guid":{"rendered":"https:\/\/www.visittorshavn.fo\/?post_type=product&#038;p=262551"},"modified":"2026-04-28T14:40:20","modified_gmt":"2026-04-28T13:40:20","slug":"hosnaverkstova","status":"publish","type":"product","link":"https:\/\/www.visittorshavn.fo\/fo\/v\u00f8ra\/hosnaverkstova\/","title":{"rendered":"H\u00f8snaverkstova"},"content":{"rendered":"<p><em><strong>*T\u00farurin er \u00fatseldur, men man kann skriva seg \u00e1 b\u00ed\u00f0ilista vi\u00f0 at seta seg \u00ed samband vi\u00f0 Visit T\u00f3rshavn*<\/strong><\/em><\/p>\n<p>Kom vi\u00f0 til eina spennandi og l\u00e6rur\u00edka h\u00f8snaverkstovu fr\u00edggjadagin 8.mai.<\/p>\n<p>L\u00e6r um h\u00f8snarhald, hv\u00f8rjir \u00e1g\u00f3\u00f0ar eru av t\u00ed og hvussu ta\u00f0 kann gangn\u00fdtast.<\/p>\n<p>Eisini ver\u00f0a brellbitar at f\u00e1a.<\/p>\n<p>Verkstovan var\u00f0ar 1-1,5 t\u00edma.<\/p>\n<p>Tiltaki\u00f0 er \u00f3keypis, men ney\u00f0ugt er at &#8220;keypa&#8221; atgongumerki.<\/p>\n","protected":false},"excerpt":{"rendered":"<p>Kom vi\u00f0 til eina spennandi og l\u00e6rur\u00edka h\u00f8snaverkstovu fr\u00edggjadagin 8.mai.<\/p>\n<p>L\u00e6r um h\u00f8snarhald, hv\u00f8rjir \u00e1g\u00f3\u00f0ar eru av t\u00ed og hvussu ta\u00f0 kann gangn\u00fdtast.<\/p>\n<p>Eisini ver\u00f0a brellbitar at f\u00e1a.<\/p>\n<p>Verkstovan var\u00f0ar 1-1,5 t\u00edma.<\/p>\n<p>Tiltaki\u00f0 er \u00f3keypis, men ney\u00f0ugt er at &#8220;keypa&#8221; atgongumerki.<\/p>\n","protected":false},"featured_media":266862,"template":"","meta":{"_acf_changed":false},"product_brand":[],"product_cat":[323],"product_tag":[],"class_list":{"0":"post-262551","1":"product","2":"type-product","3":"status-publish","4":"has-post-thumbnail","6":"product_cat-tiltak","8":"first","9":"outofstock","10":"virtual","11":"purchasable","12":"product-type-simple"},"booking_location":null,"booking_location_type":null,"booking_duration":null,"booking_duration_unit":null,"booking_buffer":null,"booking_cost":null,"booking_resources":null,"acf":[],"yoast_head":"<!-- This site is optimized with the Yoast SEO plugin v27.5 - https:\/\/yoast.com\/product\/yoast-seo-wordpress\/ -->\n<title>H\u00f8snaverkstova - Visit Torshavn<\/title>\n<meta name=\"robots\" content=\"index, follow, max-snippet:-1, max-image-preview:large, max-video-preview:-1\" \/>\n<link rel=\"canonical\" href=\"https:\/\/www.visittorshavn.fo\/fo\/v\u00f8ra\/hosnaverkstova\/\" \/>\n<meta property=\"og:locale\" content=\"fo_FO\" \/>\n<meta property=\"og:type\" content=\"article\" \/>\n<meta property=\"og:title\" content=\"H\u00f8snaverkstova - Visit Torshavn\" \/>\n<meta property=\"og:description\" content=\"Kom vi\u00f0 til eina spennandi og l\u00e6rur\u00edka h\u00f8snaverkstovu fr\u00edggjadagin 8.mai.  L\u00e6r um h\u00f8snarhald, hv\u00f8rjir \u00e1g\u00f3\u00f0ar eru av t\u00ed og hvussu ta\u00f0 kann gangn\u00fdtast.  Eisini ver\u00f0a brellbitar at f\u00e1a.  Verkstovan var\u00f0ar 1-1,5 t\u00edma.  Tiltaki\u00f0 er \u00f3keypis, men ney\u00f0ugt er at &quot;keypa&quot; atgongumerki.\" \/>\n<meta property=\"og:url\" content=\"https:\/\/www.visittorshavn.fo\/fo\/v\u00f8ra\/hosnaverkstova\/\" \/>\n<meta property=\"og:site_name\" content=\"Visit Torshavn\" \/>\n<meta property=\"article:modified_time\" content=\"2026-04-28T13:40:20+00:00\" \/>\n<meta property=\"og:image\" content=\"https:\/\/www.visittorshavn.fo\/wp-content\/uploads\/2026\/04\/Hosnaverkstova-utselt.jpg\" \/>\n\t<meta property=\"og:image:width\" content=\"1920\" \/>\n\t<meta property=\"og:image:height\" content=\"1080\" \/>\n\t<meta property=\"og:image:type\" content=\"image\/jpeg\" \/>\n<meta name=\"twitter:card\" content=\"summary_large_image\" \/>\n<meta name=\"twitter:label1\" content=\"Est. reading time\" \/>\n\t<meta name=\"twitter:data1\" content=\"1 minute\" \/>\n<script type=\"application\/ld+json\" class=\"yoast-schema-graph\">{\"@context\":\"https:\\\/\\\/schema.org\",\"@graph\":[{\"@type\":\"WebPage\",\"@id\":\"https:\\\/\\\/www.visittorshavn.fo\\\/fo\\\/v\u00f8ra\\\/hosnaverkstova\\\/\",\"url\":\"https:\\\/\\\/www.visittorshavn.fo\\\/fo\\\/v\u00f8ra\\\/hosnaverkstova\\\/\",\"name\":\"H\u00f8snaverkstova - Visit Torshavn\",\"isPartOf\":{\"@id\":\"https:\\\/\\\/www.visittorshavn.fo\\\/fo\\\/#website\"},\"primaryImageOfPage\":{\"@id\":\"https:\\\/\\\/www.visittorshavn.fo\\\/fo\\\/v\u00f8ra\\\/hosnaverkstova\\\/#primaryimage\"},\"image\":{\"@id\":\"https:\\\/\\\/www.visittorshavn.fo\\\/fo\\\/v\u00f8ra\\\/hosnaverkstova\\\/#primaryimage\"},\"thumbnailUrl\":\"https:\\\/\\\/www.visittorshavn.fo\\\/wp-content\\\/uploads\\\/2026\\\/04\\\/Hosnaverkstova-utselt.jpg\",\"datePublished\":\"2026-04-17T12:55:10+00:00\",\"dateModified\":\"2026-04-28T13:40:20+00:00\",\"breadcrumb\":{\"@id\":\"https:\\\/\\\/www.visittorshavn.fo\\\/fo\\\/v\u00f8ra\\\/hosnaverkstova\\\/#breadcrumb\"},\"inLanguage\":\"fo-FO\",\"potentialAction\":[{\"@type\":\"ReadAction\",\"target\":[\"https:\\\/\\\/www.visittorshavn.fo\\\/fo\\\/v\u00f8ra\\\/hosnaverkstova\\\/\"]}]},{\"@type\":\"ImageObject\",\"inLanguage\":\"fo-FO\",\"@id\":\"https:\\\/\\\/www.visittorshavn.fo\\\/fo\\\/v\u00f8ra\\\/hosnaverkstova\\\/#primaryimage\",\"url\":\"https:\\\/\\\/www.visittorshavn.fo\\\/wp-content\\\/uploads\\\/2026\\\/04\\\/Hosnaverkstova-utselt.jpg\",\"contentUrl\":\"https:\\\/\\\/www.visittorshavn.fo\\\/wp-content\\\/uploads\\\/2026\\\/04\\\/Hosnaverkstova-utselt.jpg\",\"width\":1920,\"height\":1080},{\"@type\":\"BreadcrumbList\",\"@id\":\"https:\\\/\\\/www.visittorshavn.fo\\\/fo\\\/v\u00f8ra\\\/hosnaverkstova\\\/#breadcrumb\",\"itemListElement\":[{\"@type\":\"ListItem\",\"position\":1,\"name\":\"Home\",\"item\":\"https:\\\/\\\/www.visittorshavn.fo\\\/fo\\\/\"},{\"@type\":\"ListItem\",\"position\":2,\"name\":\"Visit T\u00f3rshavn Sjopp\",\"item\":\"https:\\\/\\\/www.visittorshavn.fo\\\/shop\\\/\"},{\"@type\":\"ListItem\",\"position\":3,\"name\":\"H\u00f8snaverkstova\"}]},{\"@type\":\"WebSite\",\"@id\":\"https:\\\/\\\/www.visittorshavn.fo\\\/fo\\\/#website\",\"url\":\"https:\\\/\\\/www.visittorshavn.fo\\\/fo\\\/\",\"name\":\"Visit Torshavn\",\"description\":\"\",\"potentialAction\":[{\"@type\":\"SearchAction\",\"target\":{\"@type\":\"EntryPoint\",\"urlTemplate\":\"https:\\\/\\\/www.visittorshavn.fo\\\/fo\\\/?s={search_term_string}\"},\"query-input\":{\"@type\":\"PropertyValueSpecification\",\"valueRequired\":true,\"valueName\":\"search_term_string\"}}],\"inLanguage\":\"fo-FO\"}]}<\/script>\n<!-- \/ Yoast SEO plugin. -->","yoast_head_json":{"title":"H\u00f8snaverkstova - Visit Torshavn","robots":{"index":"index","follow":"follow","max-snippet":"max-snippet:-1","max-image-preview":"max-image-preview:large","max-video-preview":"max-video-preview:-1"},"canonical":"https:\/\/www.visittorshavn.fo\/fo\/v\u00f8ra\/hosnaverkstova\/","og_locale":"fo_FO","og_type":"article","og_title":"H\u00f8snaverkstova - Visit Torshavn","og_description":"Kom vi\u00f0 til eina spennandi og l\u00e6rur\u00edka h\u00f8snaverkstovu fr\u00edggjadagin 8.mai.  L\u00e6r um h\u00f8snarhald, hv\u00f8rjir \u00e1g\u00f3\u00f0ar eru av t\u00ed og hvussu ta\u00f0 kann gangn\u00fdtast.  Eisini ver\u00f0a brellbitar at f\u00e1a.  Verkstovan var\u00f0ar 1-1,5 t\u00edma.  Tiltaki\u00f0 er \u00f3keypis, men ney\u00f0ugt er at \"keypa\" atgongumerki.","og_url":"https:\/\/www.visittorshavn.fo\/fo\/v\u00f8ra\/hosnaverkstova\/","og_site_name":"Visit Torshavn","article_modified_time":"2026-04-28T13:40:20+00:00","og_image":[{"width":1920,"height":1080,"url":"https:\/\/www.visittorshavn.fo\/wp-content\/uploads\/2026\/04\/Hosnaverkstova-utselt.jpg","type":"image\/jpeg"}],"twitter_card":"summary_large_image","twitter_misc":{"Est. reading time":"1 minute"},"schema":{"@context":"https:\/\/schema.org","@graph":[{"@type":"WebPage","@id":"https:\/\/www.visittorshavn.fo\/fo\/v\u00f8ra\/hosnaverkstova\/","url":"https:\/\/www.visittorshavn.fo\/fo\/v\u00f8ra\/hosnaverkstova\/","name":"H\u00f8snaverkstova - Visit Torshavn","isPartOf":{"@id":"https:\/\/www.visittorshavn.fo\/fo\/#website"},"primaryImageOfPage":{"@id":"https:\/\/www.visittorshavn.fo\/fo\/v\u00f8ra\/hosnaverkstova\/#primaryimage"},"image":{"@id":"https:\/\/www.visittorshavn.fo\/fo\/v\u00f8ra\/hosnaverkstova\/#primaryimage"},"thumbnailUrl":"https:\/\/www.visittorshavn.fo\/wp-content\/uploads\/2026\/04\/Hosnaverkstova-utselt.jpg","datePublished":"2026-04-17T12:55:10+00:00","dateModified":"2026-04-28T13:40:20+00:00","breadcrumb":{"@id":"https:\/\/www.visittorshavn.fo\/fo\/v\u00f8ra\/hosnaverkstova\/#breadcrumb"},"inLanguage":"fo-FO","potentialAction":[{"@type":"ReadAction","target":["https:\/\/www.visittorshavn.fo\/fo\/v\u00f8ra\/hosnaverkstova\/"]}]},{"@type":"ImageObject","inLanguage":"fo-FO","@id":"https:\/\/www.visittorshavn.fo\/fo\/v\u00f8ra\/hosnaverkstova\/#primaryimage","url":"https:\/\/www.visittorshavn.fo\/wp-content\/uploads\/2026\/04\/Hosnaverkstova-utselt.jpg","contentUrl":"https:\/\/www.visittorshavn.fo\/wp-content\/uploads\/2026\/04\/Hosnaverkstova-utselt.jpg","width":1920,"height":1080},{"@type":"BreadcrumbList","@id":"https:\/\/www.visittorshavn.fo\/fo\/v\u00f8ra\/hosnaverkstova\/#breadcrumb","itemListElement":[{"@type":"ListItem","position":1,"name":"Home","item":"https:\/\/www.visittorshavn.fo\/fo\/"},{"@type":"ListItem","position":2,"name":"Visit T\u00f3rshavn Sjopp","item":"https:\/\/www.visittorshavn.fo\/shop\/"},{"@type":"ListItem","position":3,"name":"H\u00f8snaverkstova"}]},{"@type":"WebSite","@id":"https:\/\/www.visittorshavn.fo\/fo\/#website","url":"https:\/\/www.visittorshavn.fo\/fo\/","name":"Visit Torshavn","description":"","potentialAction":[{"@type":"SearchAction","target":{"@type":"EntryPoint","urlTemplate":"https:\/\/www.visittorshavn.fo\/fo\/?s={search_term_string}"},"query-input":{"@type":"PropertyValueSpecification","valueRequired":true,"valueName":"search_term_string"}}],"inLanguage":"fo-FO"}]}},"_links":{"self":[{"href":"https:\/\/www.visittorshavn.fo\/fo\/wp-json\/wp\/v2\/product\/262551","targetHints":{"allow":["GET"]}}],"collection":[{"href":"https:\/\/www.visittorshavn.fo\/fo\/wp-json\/wp\/v2\/product"}],"about":[{"href":"https:\/\/www.visittorshavn.fo\/fo\/wp-json\/wp\/v2\/types\/product"}],"wp:featuredmedia":[{"embeddable":true,"href":"https:\/\/www.visittorshavn.fo\/fo\/wp-json\/wp\/v2\/media\/266862"}],"wp:attachment":[{"href":"https:\/\/www.visittorshavn.fo\/fo\/wp-json\/wp\/v2\/media?parent=262551"}],"wp:term":[{"taxonomy":"product_brand","embeddable":true,"href":"https:\/\/www.visittorshavn.fo\/fo\/wp-json\/wp\/v2\/product_brand?post=262551"},{"taxonomy":"product_cat","embeddable":true,"href":"https:\/\/www.visittorshavn.fo\/fo\/wp-json\/wp\/v2\/product_cat?post=262551"},{"taxonomy":"product_tag","embeddable":true,"href":"https:\/\/www.visittorshavn.fo\/fo\/wp-json\/wp\/v2\/product_tag?post=262551"}],"curies":[{"name":"wp","href":"https:\/\/api.w.org\/{rel}","templated":true}]}}