{"id":263160,"date":"2026-04-16T14:58:58","date_gmt":"2026-04-16T13:58:58","guid":{"rendered":"https:\/\/www.visittorshavn.fo\/?post_type=product&#038;p=263160"},"modified":"2026-04-28T14:41:13","modified_gmt":"2026-04-28T13:41:13","slug":"vitja-urtagardin-hja-maud-i-nolsoy","status":"publish","type":"product","link":"https:\/\/www.visittorshavn.fo\/fo\/v\u00f8ra\/vitja-urtagardin-hja-maud-i-nolsoy\/","title":{"rendered":"Vitja urtagar\u00f0in hj\u00e1 Maud \u00ed N\u00f3lsoy"},"content":{"rendered":"<p><em><strong>*T\u00farurin er \u00fatseldur, men man kann skriva seg \u00e1 b\u00ed\u00f0ilista vi\u00f0 at seta seg \u00ed samband vi\u00f0 Visit T\u00f3rshavn*<\/strong><\/em><\/p>\n<p>Kom vi\u00f0 at vitja urtagar\u00f0in hj\u00e1 Maud \u00ed N\u00f3lsoy mikudagin 6.mai kl. 16:20 &#8211; 18:25.<\/p>\n<p>Vit byrja vi\u00f0 einum stuttum matmentanart\u00fari eystanfyri \u00ed bygdini, s\u00ed\u00f0an fara vit ein urtagar\u00f0st\u00far.<\/p>\n<p>Vit tosa um, hvussu ein skipar s\u00edn urtagar\u00f0, kassar ella krukkur og eitt sindur um kompost.<\/p>\n<p>Til ber at s\u00e1a fr\u00e6 at f\u00e1a vi\u00f0 heim, og sj\u00e1lvandi eru nakrir brellbitar vi\u00f0 smakkinum av N\u00f3lsoy.<\/p>\n<p><strong><em>Teistin fer \u00far Havn kl. 16.20 og Maud tekur \u00edm\u00f3ti \u00e1 kaiini. Siglt ver\u00f0ur aftur til Havnar kl. 18.25 (GG. Fer\u00f0ase\u00f0il er ikki \u00edrokna\u00f0ur tiltaki\u00f0).<\/em><\/strong><\/p>\n","protected":false},"excerpt":{"rendered":"<p>Kom vi\u00f0 at vitja urtagar\u00f0in hj\u00e1 Maud \u00ed N\u00f3lsoy mikudagin 6.mai kl. 16:20 &#8211; 18:25.<\/p>\n<p>Vit byrja vi\u00f0 einum stuttum matmentanart\u00fari eystanfyri \u00ed bygdini, s\u00ed\u00f0an fara vit ein urtagar\u00f0st\u00far.<\/p>\n<p>Vit tosa um, hvussu ein skipar s\u00edn urtagar\u00f0, kassar ella krukkur og eitt sindur um kompost.<\/p>\n<p>Til ber at s\u00e1a fr\u00e6 at f\u00e1a vi\u00f0 heim, og sj\u00e1lvandi eru nakrir brellbitar vi\u00f0 smakkinum av N\u00f3lsoy.<\/p>\n<p><strong><em>Teistin fer \u00far Havn kl. 16.20 og Maud tekur \u00edm\u00f3ti \u00e1 kaiini. Siglt ver\u00f0ur aftur til Havnar kl. 18.25 (GG. Fer\u00f0ase\u00f0il er ikki \u00edrokna\u00f0ur tiltaki\u00f0).<\/em><\/strong><\/p>\n","protected":false},"featured_media":266863,"template":"","meta":{"_acf_changed":false},"product_brand":[],"product_cat":[323],"product_tag":[],"class_list":{"0":"post-263160","1":"product","2":"type-product","3":"status-publish","4":"has-post-thumbnail","6":"product_cat-tiltak","8":"first","9":"outofstock","10":"virtual","11":"purchasable","12":"product-type-simple"},"booking_location":null,"booking_location_type":null,"booking_duration":null,"booking_duration_unit":null,"booking_buffer":null,"booking_cost":null,"booking_resources":null,"acf":[],"yoast_head":"<!-- This site is optimized with the Yoast SEO plugin v27.5 - https:\/\/yoast.com\/product\/yoast-seo-wordpress\/ -->\n<title>Vitja urtagar\u00f0in hj\u00e1 Maud \u00ed N\u00f3lsoy - Visit Torshavn<\/title>\n<meta name=\"robots\" content=\"index, follow, max-snippet:-1, max-image-preview:large, max-video-preview:-1\" \/>\n<link rel=\"canonical\" href=\"https:\/\/www.visittorshavn.fo\/fo\/v\u00f8ra\/vitja-urtagardin-hja-maud-i-nolsoy\/\" \/>\n<meta property=\"og:locale\" content=\"fo_FO\" \/>\n<meta property=\"og:type\" content=\"article\" \/>\n<meta property=\"og:title\" content=\"Vitja urtagar\u00f0in hj\u00e1 Maud \u00ed N\u00f3lsoy - Visit Torshavn\" \/>\n<meta property=\"og:description\" content=\"Kom vi\u00f0 at vitja urtagar\u00f0in hj\u00e1 Maud \u00ed N\u00f3lsoy mikudagin 6.mai kl. 16:20 - 18:25.  Vit byrja vi\u00f0 einum stuttum matmentanart\u00fari eystanfyri \u00ed bygdini, s\u00ed\u00f0an fara vit ein urtagar\u00f0st\u00far.  Vit tosa um, hvussu ein skipar s\u00edn urtagar\u00f0, kassar ella krukkur og eitt sindur um kompost.  Til ber at s\u00e1a fr\u00e6 at f\u00e1a vi\u00f0 heim, og sj\u00e1lvandi eru nakrir brellbitar vi\u00f0 smakkinum av N\u00f3lsoy.  Teistin fer \u00far Havn kl. 16.20 og Maud tekur \u00edm\u00f3ti \u00e1 kaiini. Siglt ver\u00f0ur aftur til Havnar kl. 18.25 (GG. Fer\u00f0ase\u00f0il er ikki \u00edrokna\u00f0ur tiltaki\u00f0).\" \/>\n<meta property=\"og:url\" content=\"https:\/\/www.visittorshavn.fo\/fo\/v\u00f8ra\/vitja-urtagardin-hja-maud-i-nolsoy\/\" \/>\n<meta property=\"og:site_name\" content=\"Visit Torshavn\" \/>\n<meta property=\"article:modified_time\" content=\"2026-04-28T13:41:13+00:00\" \/>\n<meta property=\"og:image\" content=\"https:\/\/www.visittorshavn.fo\/wp-content\/uploads\/2026\/04\/Vitja-urtagardin-hja-Maud-i-Nolsoy-utselt.jpg\" \/>\n\t<meta property=\"og:image:width\" content=\"1920\" \/>\n\t<meta property=\"og:image:height\" content=\"1080\" \/>\n\t<meta property=\"og:image:type\" content=\"image\/jpeg\" \/>\n<meta name=\"twitter:card\" content=\"summary_large_image\" \/>\n<meta name=\"twitter:label1\" content=\"Est. reading time\" \/>\n\t<meta name=\"twitter:data1\" content=\"1 minute\" \/>\n<script type=\"application\/ld+json\" class=\"yoast-schema-graph\">{\"@context\":\"https:\\\/\\\/schema.org\",\"@graph\":[{\"@type\":\"WebPage\",\"@id\":\"https:\\\/\\\/www.visittorshavn.fo\\\/fo\\\/v\u00f8ra\\\/vitja-urtagardin-hja-maud-i-nolsoy\\\/\",\"url\":\"https:\\\/\\\/www.visittorshavn.fo\\\/fo\\\/v\u00f8ra\\\/vitja-urtagardin-hja-maud-i-nolsoy\\\/\",\"name\":\"Vitja urtagar\u00f0in hj\u00e1 Maud \u00ed N\u00f3lsoy - Visit Torshavn\",\"isPartOf\":{\"@id\":\"https:\\\/\\\/www.visittorshavn.fo\\\/fo\\\/#website\"},\"primaryImageOfPage\":{\"@id\":\"https:\\\/\\\/www.visittorshavn.fo\\\/fo\\\/v\u00f8ra\\\/vitja-urtagardin-hja-maud-i-nolsoy\\\/#primaryimage\"},\"image\":{\"@id\":\"https:\\\/\\\/www.visittorshavn.fo\\\/fo\\\/v\u00f8ra\\\/vitja-urtagardin-hja-maud-i-nolsoy\\\/#primaryimage\"},\"thumbnailUrl\":\"https:\\\/\\\/www.visittorshavn.fo\\\/wp-content\\\/uploads\\\/2026\\\/04\\\/Vitja-urtagardin-hja-Maud-i-Nolsoy-utselt.jpg\",\"datePublished\":\"2026-04-16T13:58:58+00:00\",\"dateModified\":\"2026-04-28T13:41:13+00:00\",\"breadcrumb\":{\"@id\":\"https:\\\/\\\/www.visittorshavn.fo\\\/fo\\\/v\u00f8ra\\\/vitja-urtagardin-hja-maud-i-nolsoy\\\/#breadcrumb\"},\"inLanguage\":\"fo-FO\",\"potentialAction\":[{\"@type\":\"ReadAction\",\"target\":[\"https:\\\/\\\/www.visittorshavn.fo\\\/fo\\\/v\u00f8ra\\\/vitja-urtagardin-hja-maud-i-nolsoy\\\/\"]}]},{\"@type\":\"ImageObject\",\"inLanguage\":\"fo-FO\",\"@id\":\"https:\\\/\\\/www.visittorshavn.fo\\\/fo\\\/v\u00f8ra\\\/vitja-urtagardin-hja-maud-i-nolsoy\\\/#primaryimage\",\"url\":\"https:\\\/\\\/www.visittorshavn.fo\\\/wp-content\\\/uploads\\\/2026\\\/04\\\/Vitja-urtagardin-hja-Maud-i-Nolsoy-utselt.jpg\",\"contentUrl\":\"https:\\\/\\\/www.visittorshavn.fo\\\/wp-content\\\/uploads\\\/2026\\\/04\\\/Vitja-urtagardin-hja-Maud-i-Nolsoy-utselt.jpg\",\"width\":1920,\"height\":1080},{\"@type\":\"BreadcrumbList\",\"@id\":\"https:\\\/\\\/www.visittorshavn.fo\\\/fo\\\/v\u00f8ra\\\/vitja-urtagardin-hja-maud-i-nolsoy\\\/#breadcrumb\",\"itemListElement\":[{\"@type\":\"ListItem\",\"position\":1,\"name\":\"Home\",\"item\":\"https:\\\/\\\/www.visittorshavn.fo\\\/fo\\\/\"},{\"@type\":\"ListItem\",\"position\":2,\"name\":\"Visit T\u00f3rshavn Sjopp\",\"item\":\"https:\\\/\\\/www.visittorshavn.fo\\\/shop\\\/\"},{\"@type\":\"ListItem\",\"position\":3,\"name\":\"Vitja urtagar\u00f0in hj\u00e1 Maud \u00ed N\u00f3lsoy\"}]},{\"@type\":\"WebSite\",\"@id\":\"https:\\\/\\\/www.visittorshavn.fo\\\/fo\\\/#website\",\"url\":\"https:\\\/\\\/www.visittorshavn.fo\\\/fo\\\/\",\"name\":\"Visit Torshavn\",\"description\":\"\",\"potentialAction\":[{\"@type\":\"SearchAction\",\"target\":{\"@type\":\"EntryPoint\",\"urlTemplate\":\"https:\\\/\\\/www.visittorshavn.fo\\\/fo\\\/?s={search_term_string}\"},\"query-input\":{\"@type\":\"PropertyValueSpecification\",\"valueRequired\":true,\"valueName\":\"search_term_string\"}}],\"inLanguage\":\"fo-FO\"}]}<\/script>\n<!-- \/ Yoast SEO plugin. -->","yoast_head_json":{"title":"Vitja urtagar\u00f0in hj\u00e1 Maud \u00ed N\u00f3lsoy - Visit Torshavn","robots":{"index":"index","follow":"follow","max-snippet":"max-snippet:-1","max-image-preview":"max-image-preview:large","max-video-preview":"max-video-preview:-1"},"canonical":"https:\/\/www.visittorshavn.fo\/fo\/v\u00f8ra\/vitja-urtagardin-hja-maud-i-nolsoy\/","og_locale":"fo_FO","og_type":"article","og_title":"Vitja urtagar\u00f0in hj\u00e1 Maud \u00ed N\u00f3lsoy - Visit Torshavn","og_description":"Kom vi\u00f0 at vitja urtagar\u00f0in hj\u00e1 Maud \u00ed N\u00f3lsoy mikudagin 6.mai kl. 16:20 - 18:25.  Vit byrja vi\u00f0 einum stuttum matmentanart\u00fari eystanfyri \u00ed bygdini, s\u00ed\u00f0an fara vit ein urtagar\u00f0st\u00far.  Vit tosa um, hvussu ein skipar s\u00edn urtagar\u00f0, kassar ella krukkur og eitt sindur um kompost.  Til ber at s\u00e1a fr\u00e6 at f\u00e1a vi\u00f0 heim, og sj\u00e1lvandi eru nakrir brellbitar vi\u00f0 smakkinum av N\u00f3lsoy.  Teistin fer \u00far Havn kl. 16.20 og Maud tekur \u00edm\u00f3ti \u00e1 kaiini. Siglt ver\u00f0ur aftur til Havnar kl. 18.25 (GG. Fer\u00f0ase\u00f0il er ikki \u00edrokna\u00f0ur tiltaki\u00f0).","og_url":"https:\/\/www.visittorshavn.fo\/fo\/v\u00f8ra\/vitja-urtagardin-hja-maud-i-nolsoy\/","og_site_name":"Visit Torshavn","article_modified_time":"2026-04-28T13:41:13+00:00","og_image":[{"width":1920,"height":1080,"url":"https:\/\/www.visittorshavn.fo\/wp-content\/uploads\/2026\/04\/Vitja-urtagardin-hja-Maud-i-Nolsoy-utselt.jpg","type":"image\/jpeg"}],"twitter_card":"summary_large_image","twitter_misc":{"Est. reading time":"1 minute"},"schema":{"@context":"https:\/\/schema.org","@graph":[{"@type":"WebPage","@id":"https:\/\/www.visittorshavn.fo\/fo\/v\u00f8ra\/vitja-urtagardin-hja-maud-i-nolsoy\/","url":"https:\/\/www.visittorshavn.fo\/fo\/v\u00f8ra\/vitja-urtagardin-hja-maud-i-nolsoy\/","name":"Vitja urtagar\u00f0in hj\u00e1 Maud \u00ed N\u00f3lsoy - Visit Torshavn","isPartOf":{"@id":"https:\/\/www.visittorshavn.fo\/fo\/#website"},"primaryImageOfPage":{"@id":"https:\/\/www.visittorshavn.fo\/fo\/v\u00f8ra\/vitja-urtagardin-hja-maud-i-nolsoy\/#primaryimage"},"image":{"@id":"https:\/\/www.visittorshavn.fo\/fo\/v\u00f8ra\/vitja-urtagardin-hja-maud-i-nolsoy\/#primaryimage"},"thumbnailUrl":"https:\/\/www.visittorshavn.fo\/wp-content\/uploads\/2026\/04\/Vitja-urtagardin-hja-Maud-i-Nolsoy-utselt.jpg","datePublished":"2026-04-16T13:58:58+00:00","dateModified":"2026-04-28T13:41:13+00:00","breadcrumb":{"@id":"https:\/\/www.visittorshavn.fo\/fo\/v\u00f8ra\/vitja-urtagardin-hja-maud-i-nolsoy\/#breadcrumb"},"inLanguage":"fo-FO","potentialAction":[{"@type":"ReadAction","target":["https:\/\/www.visittorshavn.fo\/fo\/v\u00f8ra\/vitja-urtagardin-hja-maud-i-nolsoy\/"]}]},{"@type":"ImageObject","inLanguage":"fo-FO","@id":"https:\/\/www.visittorshavn.fo\/fo\/v\u00f8ra\/vitja-urtagardin-hja-maud-i-nolsoy\/#primaryimage","url":"https:\/\/www.visittorshavn.fo\/wp-content\/uploads\/2026\/04\/Vitja-urtagardin-hja-Maud-i-Nolsoy-utselt.jpg","contentUrl":"https:\/\/www.visittorshavn.fo\/wp-content\/uploads\/2026\/04\/Vitja-urtagardin-hja-Maud-i-Nolsoy-utselt.jpg","width":1920,"height":1080},{"@type":"BreadcrumbList","@id":"https:\/\/www.visittorshavn.fo\/fo\/v\u00f8ra\/vitja-urtagardin-hja-maud-i-nolsoy\/#breadcrumb","itemListElement":[{"@type":"ListItem","position":1,"name":"Home","item":"https:\/\/www.visittorshavn.fo\/fo\/"},{"@type":"ListItem","position":2,"name":"Visit T\u00f3rshavn Sjopp","item":"https:\/\/www.visittorshavn.fo\/shop\/"},{"@type":"ListItem","position":3,"name":"Vitja urtagar\u00f0in hj\u00e1 Maud \u00ed N\u00f3lsoy"}]},{"@type":"WebSite","@id":"https:\/\/www.visittorshavn.fo\/fo\/#website","url":"https:\/\/www.visittorshavn.fo\/fo\/","name":"Visit Torshavn","description":"","potentialAction":[{"@type":"SearchAction","target":{"@type":"EntryPoint","urlTemplate":"https:\/\/www.visittorshavn.fo\/fo\/?s={search_term_string}"},"query-input":{"@type":"PropertyValueSpecification","valueRequired":true,"valueName":"search_term_string"}}],"inLanguage":"fo-FO"}]}},"_links":{"self":[{"href":"https:\/\/www.visittorshavn.fo\/fo\/wp-json\/wp\/v2\/product\/263160","targetHints":{"allow":["GET"]}}],"collection":[{"href":"https:\/\/www.visittorshavn.fo\/fo\/wp-json\/wp\/v2\/product"}],"about":[{"href":"https:\/\/www.visittorshavn.fo\/fo\/wp-json\/wp\/v2\/types\/product"}],"wp:featuredmedia":[{"embeddable":true,"href":"https:\/\/www.visittorshavn.fo\/fo\/wp-json\/wp\/v2\/media\/266863"}],"wp:attachment":[{"href":"https:\/\/www.visittorshavn.fo\/fo\/wp-json\/wp\/v2\/media?parent=263160"}],"wp:term":[{"taxonomy":"product_brand","embeddable":true,"href":"https:\/\/www.visittorshavn.fo\/fo\/wp-json\/wp\/v2\/product_brand?post=263160"},{"taxonomy":"product_cat","embeddable":true,"href":"https:\/\/www.visittorshavn.fo\/fo\/wp-json\/wp\/v2\/product_cat?post=263160"},{"taxonomy":"product_tag","embeddable":true,"href":"https:\/\/www.visittorshavn.fo\/fo\/wp-json\/wp\/v2\/product_tag?post=263160"}],"curies":[{"name":"wp","href":"https:\/\/api.w.org\/{rel}","templated":true}]}}