{"id":265232,"date":"2025-06-27T14:41:46","date_gmt":"2025-06-27T13:41:46","guid":{"rendered":"https:\/\/www.visittorshavn.fo\/?post_type=product&#038;p=265232"},"modified":"2026-04-23T11:21:25","modified_gmt":"2026-04-23T10:21:25","slug":"felagsmaltid-heimablidni-a-velbastad","status":"publish","type":"product","link":"https:\/\/www.visittorshavn.fo\/fo\/v\u00f8ra\/felagsmaltid-heimablidni-a-velbastad\/","title":{"rendered":"Felagsm\u00e1lt\u00ed\u00f0: Heimabl\u00eddni \u00e1 Velbasta\u00f0"},"content":{"rendered":"<p>Nj\u00f3ti\u00f0 eina leskiliga, bur\u00f0ardygga felagsm\u00e1lt\u00ed\u00f0 \u00ed heiminum hj\u00e1 b\u00f3ndunum, Annu og \u00d3la. Ein uppliving fyri l\u00edvi\u00f0!<\/p>\n<p>Nj\u00f3t eina leskiliga og si\u00f0bundna heimagj\u00f8rda f\u00f8royska m\u00e1lt\u00ed\u00f0 vi\u00f0 bor\u00f0i\u00f0 hj\u00e1 Annu og \u00d3la \u00ed teirra vakra heimi \u00ed Velbasta\u00f0i.<\/p>\n<p>Allar m\u00e1lt\u00ed\u00f0ir vara umlei\u00f0 3 t\u00edmar.<\/p>\n<p>B\u00f3kingar eru einans gj\u00f8gnum fyrispurning.<\/p>\n<p>&nbsp;<\/p>\n<p><strong>B\u00f3kingin er ikki endalig fyrrenn tit hava m\u00f3ttiki\u00f0 v\u00e1ttan.<\/strong><\/p>\n<p>&nbsp;<\/p>\n<p>\u00cdrokna\u00f0: 4 r\u00e6ttir, snaps og drekkiv\u00f8rur<\/p>\n","protected":false},"excerpt":{"rendered":"<p>Nj\u00f3ti\u00f0 eina leskiliga, bur\u00f0ardygga felagsm\u00e1lt\u00ed\u00f0 \u00ed heiminum hj\u00e1 b\u00f3ndunum, Annu og \u00d3la. Ein uppliving fyri l\u00edvi\u00f0!<\/p>\n<p>Nj\u00f3t eina leskiliga og si\u00f0bundna heimagj\u00f8rda f\u00f8royska m\u00e1lt\u00ed\u00f0 vi\u00f0 bor\u00f0i\u00f0 hj\u00e1 Annu og \u00d3la \u00ed teirra vakra heimi \u00ed Velbasta\u00f0i.<\/p>\n","protected":false},"featured_media":125540,"template":"","meta":{"_acf_changed":false},"product_brand":[],"product_cat":[262,264],"product_tag":[269],"class_list":{"0":"post-265232","1":"product","2":"type-product","3":"status-publish","4":"has-post-thumbnail","6":"product_cat-et-og-drekk","7":"product_cat-oflokkad","8":"product_tag-heimabordhald","10":"first","11":"instock","12":"virtual","13":"sold-individually","14":"taxable","15":"purchasable","16":"product-type-booking"},"booking_location":"","booking_location_type":"","booking_duration":1,"booking_duration_unit":"day","booking_buffer":0,"booking_cost":956,"booking_resources":[],"acf":[],"yoast_head":"<!-- This site is optimized with the Yoast SEO plugin v27.5 - https:\/\/yoast.com\/product\/yoast-seo-wordpress\/ -->\n<title>Felagsm\u00e1lt\u00ed\u00f0: Heimabl\u00eddni \u00e1 Velbasta\u00f0 - Visit Torshavn<\/title>\n<meta name=\"robots\" content=\"index, follow, max-snippet:-1, max-image-preview:large, max-video-preview:-1\" \/>\n<link rel=\"canonical\" href=\"https:\/\/www.visittorshavn.fo\/fo\/v\u00f8ra\/felagsmaltid-heimablidni-a-velbastad\/\" \/>\n<meta property=\"og:locale\" content=\"fo_FO\" \/>\n<meta property=\"og:type\" content=\"article\" \/>\n<meta property=\"og:title\" content=\"Felagsm\u00e1lt\u00ed\u00f0: Heimabl\u00eddni \u00e1 Velbasta\u00f0 - Visit Torshavn\" \/>\n<meta property=\"og:description\" content=\"Nj\u00f3ti\u00f0 eina leskiliga, bur\u00f0ardygga felagsm\u00e1lt\u00ed\u00f0 \u00ed heiminum hj\u00e1 b\u00f3ndunum, Annu og \u00d3la. Ein uppliving fyri l\u00edvi\u00f0!  Nj\u00f3t eina leskiliga og si\u00f0bundna heimagj\u00f8rda f\u00f8royska m\u00e1lt\u00ed\u00f0 vi\u00f0 bor\u00f0i\u00f0 hj\u00e1 Annu og \u00d3la \u00ed teirra vakra heimi \u00ed Velbasta\u00f0i.\" \/>\n<meta property=\"og:url\" content=\"https:\/\/www.visittorshavn.fo\/fo\/v\u00f8ra\/felagsmaltid-heimablidni-a-velbastad\/\" \/>\n<meta property=\"og:site_name\" content=\"Visit Torshavn\" \/>\n<meta property=\"article:modified_time\" content=\"2026-04-23T10:21:25+00:00\" \/>\n<meta property=\"og:image\" content=\"https:\/\/www.visittorshavn.fo\/wp-content\/uploads\/2025\/06\/b-1.png\" \/>\n\t<meta property=\"og:image:width\" content=\"982\" \/>\n\t<meta property=\"og:image:height\" content=\"1262\" \/>\n\t<meta property=\"og:image:type\" content=\"image\/png\" \/>\n<meta name=\"twitter:card\" content=\"summary_large_image\" \/>\n<meta name=\"twitter:label1\" content=\"Est. reading time\" \/>\n\t<meta name=\"twitter:data1\" content=\"1 minute\" \/>\n<script type=\"application\/ld+json\" class=\"yoast-schema-graph\">{\"@context\":\"https:\\\/\\\/schema.org\",\"@graph\":[{\"@type\":\"WebPage\",\"@id\":\"https:\\\/\\\/www.visittorshavn.fo\\\/fo\\\/v\u00f8ra\\\/felagsmaltid-heimablidni-a-velbastad\\\/\",\"url\":\"https:\\\/\\\/www.visittorshavn.fo\\\/fo\\\/v\u00f8ra\\\/felagsmaltid-heimablidni-a-velbastad\\\/\",\"name\":\"Felagsm\u00e1lt\u00ed\u00f0: Heimabl\u00eddni \u00e1 Velbasta\u00f0 - Visit Torshavn\",\"isPartOf\":{\"@id\":\"https:\\\/\\\/www.visittorshavn.fo\\\/fo\\\/#website\"},\"primaryImageOfPage\":{\"@id\":\"https:\\\/\\\/www.visittorshavn.fo\\\/fo\\\/v\u00f8ra\\\/felagsmaltid-heimablidni-a-velbastad\\\/#primaryimage\"},\"image\":{\"@id\":\"https:\\\/\\\/www.visittorshavn.fo\\\/fo\\\/v\u00f8ra\\\/felagsmaltid-heimablidni-a-velbastad\\\/#primaryimage\"},\"thumbnailUrl\":\"https:\\\/\\\/www.visittorshavn.fo\\\/wp-content\\\/uploads\\\/2025\\\/06\\\/b-1.png\",\"datePublished\":\"2025-06-27T13:41:46+00:00\",\"dateModified\":\"2026-04-23T10:21:25+00:00\",\"breadcrumb\":{\"@id\":\"https:\\\/\\\/www.visittorshavn.fo\\\/fo\\\/v\u00f8ra\\\/felagsmaltid-heimablidni-a-velbastad\\\/#breadcrumb\"},\"inLanguage\":\"fo-FO\",\"potentialAction\":[{\"@type\":\"ReadAction\",\"target\":[\"https:\\\/\\\/www.visittorshavn.fo\\\/fo\\\/v\u00f8ra\\\/felagsmaltid-heimablidni-a-velbastad\\\/\"]}]},{\"@type\":\"ImageObject\",\"inLanguage\":\"fo-FO\",\"@id\":\"https:\\\/\\\/www.visittorshavn.fo\\\/fo\\\/v\u00f8ra\\\/felagsmaltid-heimablidni-a-velbastad\\\/#primaryimage\",\"url\":\"https:\\\/\\\/www.visittorshavn.fo\\\/wp-content\\\/uploads\\\/2025\\\/06\\\/b-1.png\",\"contentUrl\":\"https:\\\/\\\/www.visittorshavn.fo\\\/wp-content\\\/uploads\\\/2025\\\/06\\\/b-1.png\",\"width\":982,\"height\":1262},{\"@type\":\"BreadcrumbList\",\"@id\":\"https:\\\/\\\/www.visittorshavn.fo\\\/fo\\\/v\u00f8ra\\\/felagsmaltid-heimablidni-a-velbastad\\\/#breadcrumb\",\"itemListElement\":[{\"@type\":\"ListItem\",\"position\":1,\"name\":\"Home\",\"item\":\"https:\\\/\\\/www.visittorshavn.fo\\\/fo\\\/\"},{\"@type\":\"ListItem\",\"position\":2,\"name\":\"Visit T\u00f3rshavn Sjopp\",\"item\":\"https:\\\/\\\/www.visittorshavn.fo\\\/shop\\\/\"},{\"@type\":\"ListItem\",\"position\":3,\"name\":\"Felagsm\u00e1lt\u00ed\u00f0: Heimabl\u00eddni \u00e1 Velbasta\u00f0\"}]},{\"@type\":\"WebSite\",\"@id\":\"https:\\\/\\\/www.visittorshavn.fo\\\/fo\\\/#website\",\"url\":\"https:\\\/\\\/www.visittorshavn.fo\\\/fo\\\/\",\"name\":\"Visit Torshavn\",\"description\":\"\",\"potentialAction\":[{\"@type\":\"SearchAction\",\"target\":{\"@type\":\"EntryPoint\",\"urlTemplate\":\"https:\\\/\\\/www.visittorshavn.fo\\\/fo\\\/?s={search_term_string}\"},\"query-input\":{\"@type\":\"PropertyValueSpecification\",\"valueRequired\":true,\"valueName\":\"search_term_string\"}}],\"inLanguage\":\"fo-FO\"}]}<\/script>\n<!-- \/ Yoast SEO plugin. -->","yoast_head_json":{"title":"Felagsm\u00e1lt\u00ed\u00f0: Heimabl\u00eddni \u00e1 Velbasta\u00f0 - Visit Torshavn","robots":{"index":"index","follow":"follow","max-snippet":"max-snippet:-1","max-image-preview":"max-image-preview:large","max-video-preview":"max-video-preview:-1"},"canonical":"https:\/\/www.visittorshavn.fo\/fo\/v\u00f8ra\/felagsmaltid-heimablidni-a-velbastad\/","og_locale":"fo_FO","og_type":"article","og_title":"Felagsm\u00e1lt\u00ed\u00f0: Heimabl\u00eddni \u00e1 Velbasta\u00f0 - Visit Torshavn","og_description":"Nj\u00f3ti\u00f0 eina leskiliga, bur\u00f0ardygga felagsm\u00e1lt\u00ed\u00f0 \u00ed heiminum hj\u00e1 b\u00f3ndunum, Annu og \u00d3la. Ein uppliving fyri l\u00edvi\u00f0!  Nj\u00f3t eina leskiliga og si\u00f0bundna heimagj\u00f8rda f\u00f8royska m\u00e1lt\u00ed\u00f0 vi\u00f0 bor\u00f0i\u00f0 hj\u00e1 Annu og \u00d3la \u00ed teirra vakra heimi \u00ed Velbasta\u00f0i.","og_url":"https:\/\/www.visittorshavn.fo\/fo\/v\u00f8ra\/felagsmaltid-heimablidni-a-velbastad\/","og_site_name":"Visit Torshavn","article_modified_time":"2026-04-23T10:21:25+00:00","og_image":[{"width":982,"height":1262,"url":"https:\/\/www.visittorshavn.fo\/wp-content\/uploads\/2025\/06\/b-1.png","type":"image\/png"}],"twitter_card":"summary_large_image","twitter_misc":{"Est. reading time":"1 minute"},"schema":{"@context":"https:\/\/schema.org","@graph":[{"@type":"WebPage","@id":"https:\/\/www.visittorshavn.fo\/fo\/v\u00f8ra\/felagsmaltid-heimablidni-a-velbastad\/","url":"https:\/\/www.visittorshavn.fo\/fo\/v\u00f8ra\/felagsmaltid-heimablidni-a-velbastad\/","name":"Felagsm\u00e1lt\u00ed\u00f0: Heimabl\u00eddni \u00e1 Velbasta\u00f0 - Visit Torshavn","isPartOf":{"@id":"https:\/\/www.visittorshavn.fo\/fo\/#website"},"primaryImageOfPage":{"@id":"https:\/\/www.visittorshavn.fo\/fo\/v\u00f8ra\/felagsmaltid-heimablidni-a-velbastad\/#primaryimage"},"image":{"@id":"https:\/\/www.visittorshavn.fo\/fo\/v\u00f8ra\/felagsmaltid-heimablidni-a-velbastad\/#primaryimage"},"thumbnailUrl":"https:\/\/www.visittorshavn.fo\/wp-content\/uploads\/2025\/06\/b-1.png","datePublished":"2025-06-27T13:41:46+00:00","dateModified":"2026-04-23T10:21:25+00:00","breadcrumb":{"@id":"https:\/\/www.visittorshavn.fo\/fo\/v\u00f8ra\/felagsmaltid-heimablidni-a-velbastad\/#breadcrumb"},"inLanguage":"fo-FO","potentialAction":[{"@type":"ReadAction","target":["https:\/\/www.visittorshavn.fo\/fo\/v\u00f8ra\/felagsmaltid-heimablidni-a-velbastad\/"]}]},{"@type":"ImageObject","inLanguage":"fo-FO","@id":"https:\/\/www.visittorshavn.fo\/fo\/v\u00f8ra\/felagsmaltid-heimablidni-a-velbastad\/#primaryimage","url":"https:\/\/www.visittorshavn.fo\/wp-content\/uploads\/2025\/06\/b-1.png","contentUrl":"https:\/\/www.visittorshavn.fo\/wp-content\/uploads\/2025\/06\/b-1.png","width":982,"height":1262},{"@type":"BreadcrumbList","@id":"https:\/\/www.visittorshavn.fo\/fo\/v\u00f8ra\/felagsmaltid-heimablidni-a-velbastad\/#breadcrumb","itemListElement":[{"@type":"ListItem","position":1,"name":"Home","item":"https:\/\/www.visittorshavn.fo\/fo\/"},{"@type":"ListItem","position":2,"name":"Visit T\u00f3rshavn Sjopp","item":"https:\/\/www.visittorshavn.fo\/shop\/"},{"@type":"ListItem","position":3,"name":"Felagsm\u00e1lt\u00ed\u00f0: Heimabl\u00eddni \u00e1 Velbasta\u00f0"}]},{"@type":"WebSite","@id":"https:\/\/www.visittorshavn.fo\/fo\/#website","url":"https:\/\/www.visittorshavn.fo\/fo\/","name":"Visit Torshavn","description":"","potentialAction":[{"@type":"SearchAction","target":{"@type":"EntryPoint","urlTemplate":"https:\/\/www.visittorshavn.fo\/fo\/?s={search_term_string}"},"query-input":{"@type":"PropertyValueSpecification","valueRequired":true,"valueName":"search_term_string"}}],"inLanguage":"fo-FO"}]}},"_links":{"self":[{"href":"https:\/\/www.visittorshavn.fo\/fo\/wp-json\/wp\/v2\/product\/265232","targetHints":{"allow":["GET"]}}],"collection":[{"href":"https:\/\/www.visittorshavn.fo\/fo\/wp-json\/wp\/v2\/product"}],"about":[{"href":"https:\/\/www.visittorshavn.fo\/fo\/wp-json\/wp\/v2\/types\/product"}],"wp:featuredmedia":[{"embeddable":true,"href":"https:\/\/www.visittorshavn.fo\/fo\/wp-json\/wp\/v2\/media\/125540"}],"wp:attachment":[{"href":"https:\/\/www.visittorshavn.fo\/fo\/wp-json\/wp\/v2\/media?parent=265232"}],"wp:term":[{"taxonomy":"product_brand","embeddable":true,"href":"https:\/\/www.visittorshavn.fo\/fo\/wp-json\/wp\/v2\/product_brand?post=265232"},{"taxonomy":"product_cat","embeddable":true,"href":"https:\/\/www.visittorshavn.fo\/fo\/wp-json\/wp\/v2\/product_cat?post=265232"},{"taxonomy":"product_tag","embeddable":true,"href":"https:\/\/www.visittorshavn.fo\/fo\/wp-json\/wp\/v2\/product_tag?post=265232"}],"curies":[{"name":"wp","href":"https:\/\/api.w.org\/{rel}","templated":true}]}}