{"id":77782,"date":"2025-03-04T12:57:57","date_gmt":"2025-03-04T12:57:57","guid":{"rendered":"https:\/\/www.visittorshavn.fo\/product\/77782\/"},"modified":"2025-12-08T13:44:42","modified_gmt":"2025-12-08T13:44:42","slug":"77782","status":"publish","type":"product","link":"https:\/\/www.visittorshavn.fo\/fo\/product\/77782\/","title":{"rendered":"Camping N\u00f3lsoy"},"content":{"rendered":"<p>F\u00f3tb\u00f3ltsv\u00f8llurin \u00ed N\u00f3lsoy ver\u00f0ur eisini br\u00faktur til kampingpl\u00e1ss, har er pl\u00e1ss fyri upp til 10 vognar.<\/p>\n<p>Ta\u00f0 kostar 100 kr fyri vognin at gista eina n\u00e1tt.<\/p>\n<p>Streymur f\u00e6st vi\u00f0 at seta k\u00e1pul \u00ed sk\u00e1pinum \u00e1 s\u00ed\u00f0uni av SEV h\u00fasinum, i\u00f0 stendur beint vi\u00f0 v\u00f8llin. <strong>GG: Bert tveir vognar kunnu ver\u00f0a settir til \u00edsenn.<\/strong><\/p>\n<p>Teltpl\u00e1ssi\u00f0 er beint omanfyri sandin, \u00e1 Malarenda. Har er \u00f3keypis at gista.<\/p>\n<p>Vesim\u00f8guleikar eru beint vi\u00f0 v\u00f8llin, har er eisini ein br\u00fasa. Eisini ber til at fara inn \u00ed b\u00ed\u00f0ir\u00fami\u00f0 vi\u00f0 ferjuleguna at n\u00fdta vesi\u00f0.<\/p>\n<p><img decoding=\"async\" class=\"alignnone size-medium wp-image-115793 lazyload\" data-src=\"https:\/\/www.visittorshavn.fo\/wp-content\/smush-webp\/2025\/03\/Kamping-i-Nolsoy-kort-800x450.jpg.webp\" alt=\"\" width=\"800\" height=\"450\" data-srcset=\"https:\/\/www.visittorshavn.fo\/wp-content\/smush-webp\/2025\/03\/Kamping-i-Nolsoy-kort-800x450.jpg.webp 800w, https:\/\/www.visittorshavn.fo\/wp-content\/smush-webp\/2025\/03\/Kamping-i-Nolsoy-kort-1200x675.jpg.webp 1200w, https:\/\/www.visittorshavn.fo\/wp-content\/smush-webp\/2025\/03\/Kamping-i-Nolsoy-kort-768x432.jpg.webp 768w, https:\/\/www.visittorshavn.fo\/wp-content\/smush-webp\/2025\/03\/Kamping-i-Nolsoy-kort-1536x864.jpg.webp 1536w, https:\/\/www.visittorshavn.fo\/wp-content\/uploads\/2025\/03\/Kamping-i-Nolsoy-kort-1320x743.jpg 1320w, https:\/\/www.visittorshavn.fo\/wp-content\/smush-webp\/2025\/03\/Kamping-i-Nolsoy-kort-600x338.jpg.webp 600w, https:\/\/www.visittorshavn.fo\/wp-content\/smush-webp\/2025\/03\/Kamping-i-Nolsoy-kort.jpg.webp 1920w\" data-sizes=\"auto\" src=\"data:image\/svg+xml;base64,PHN2ZyB3aWR0aD0iMSIgaGVpZ2h0PSIxIiB4bWxucz0iaHR0cDovL3d3dy53My5vcmcvMjAwMC9zdmciPjwvc3ZnPg==\" style=\"--smush-placeholder-width: 800px; --smush-placeholder-aspect-ratio: 800\/450;\" data-original-sizes=\"(max-width: 800px) 100vw, 800px\" \/><\/p>\n","protected":false},"excerpt":{"rendered":"<p data-start=\"40\" data-end=\"382\"><strong data-start=\"40\" data-end=\"70\">Gev g\u00e6tur:<\/strong> Vegna st\u00f3ran eftirspurning undir Ovastevnu er pr\u00edsurin fyri <strong data-start=\"131\" data-end=\"145\">14. august<\/strong> h\u00e6kka\u00f0ur. B\u00f3kar t\u00fa pl\u00e1ss hendan dagin, ver\u00f0ur goldi\u00f0 fyri alla stevnuna og t\u00fa hevur pl\u00e1ssi\u00f0 alt vikuskifti\u00f0. B\u00f3kingar fyri <strong data-start=\"317\" data-end=\"335\">15.\u201317. august<\/strong> eru stongdar, og \u00fatriting er <strong data-start=\"365\" data-end=\"379\">17. august<\/strong>.<\/p>\n<p data-start=\"384\" data-end=\"464\"><strong data-start=\"384\" data-end=\"391\">NB:<\/strong> Minst til at tryggja t\u00e6r pl\u00e1ss til h\u00fasvognin umbor\u00f0 \u00e1 ferjuni <a href=\"https:\/\/booking.ssl.fo\/Booking\">her<\/a>.<\/p>\n","protected":false},"featured_media":5320,"template":"","meta":{"_acf_changed":false},"product_brand":[],"product_cat":[316],"product_tag":[317],"class_list":{"0":"post-77782","1":"product","2":"type-product","3":"status-publish","4":"has-post-thumbnail","6":"product_cat-camping-fo","7":"product_tag-accommodation-fo","9":"first","10":"instock","11":"virtual","12":"sold-individually","13":"purchasable","14":"product-type-booking"},"booking_location":"","booking_location_type":"","booking_duration":1,"booking_duration_unit":"day","booking_buffer":0,"booking_cost":0,"booking_resources":[],"acf":[],"yoast_head":"<!-- This site is optimized with the Yoast SEO plugin v27.4 - https:\/\/yoast.com\/product\/yoast-seo-wordpress\/ -->\n<title>Camping N\u00f3lsoy - Visit Torshavn<\/title>\n<meta name=\"robots\" content=\"index, follow, max-snippet:-1, max-image-preview:large, max-video-preview:-1\" \/>\n<link rel=\"canonical\" href=\"https:\/\/www.visittorshavn.fo\/fo\/product\/77782\/\" \/>\n<meta property=\"og:locale\" content=\"fo_FO\" \/>\n<meta property=\"og:type\" content=\"article\" \/>\n<meta property=\"og:title\" content=\"Camping N\u00f3lsoy - Visit Torshavn\" \/>\n<meta property=\"og:description\" content=\"Gev g\u00e6tur: Vegna st\u00f3ran eftirspurning undir Ovastevnu er pr\u00edsurin fyri 14. august h\u00e6kka\u00f0ur. B\u00f3kar t\u00fa pl\u00e1ss hendan dagin, ver\u00f0ur goldi\u00f0 fyri alla stevnuna og t\u00fa hevur pl\u00e1ssi\u00f0 alt vikuskifti\u00f0. B\u00f3kingar fyri 15.\u201317. august eru stongdar, og \u00fatriting er 17. august. NB: Minst til at tryggja t\u00e6r pl\u00e1ss til h\u00fasvognin umbor\u00f0 \u00e1 ferjuni her.\" \/>\n<meta property=\"og:url\" content=\"https:\/\/www.visittorshavn.fo\/fo\/product\/77782\/\" \/>\n<meta property=\"og:site_name\" content=\"Visit Torshavn\" \/>\n<meta property=\"article:modified_time\" content=\"2025-12-08T13:44:42+00:00\" \/>\n<meta property=\"og:image\" content=\"https:\/\/www.visittorshavn.fo\/wp-content\/uploads\/2024\/05\/campingnolsoy.gif\" \/>\n\t<meta property=\"og:image:width\" content=\"1024\" \/>\n\t<meta property=\"og:image:height\" content=\"683\" \/>\n\t<meta property=\"og:image:type\" content=\"image\/gif\" \/>\n<meta name=\"twitter:card\" content=\"summary_large_image\" \/>\n<meta name=\"twitter:label1\" content=\"Est. reading time\" \/>\n\t<meta name=\"twitter:data1\" content=\"1 minute\" \/>\n<script type=\"application\/ld+json\" class=\"yoast-schema-graph\">{\"@context\":\"https:\\\/\\\/schema.org\",\"@graph\":[{\"@type\":\"WebPage\",\"@id\":\"https:\\\/\\\/www.visittorshavn.fo\\\/fo\\\/product\\\/77782\\\/\",\"url\":\"https:\\\/\\\/www.visittorshavn.fo\\\/fo\\\/product\\\/77782\\\/\",\"name\":\"Camping N\u00f3lsoy - Visit Torshavn\",\"isPartOf\":{\"@id\":\"https:\\\/\\\/www.visittorshavn.fo\\\/fo\\\/#website\"},\"primaryImageOfPage\":{\"@id\":\"https:\\\/\\\/www.visittorshavn.fo\\\/fo\\\/product\\\/77782\\\/#primaryimage\"},\"image\":{\"@id\":\"https:\\\/\\\/www.visittorshavn.fo\\\/fo\\\/product\\\/77782\\\/#primaryimage\"},\"thumbnailUrl\":\"https:\\\/\\\/www.visittorshavn.fo\\\/wp-content\\\/uploads\\\/2024\\\/05\\\/campingnolsoy.gif\",\"datePublished\":\"2025-03-04T12:57:57+00:00\",\"dateModified\":\"2025-12-08T13:44:42+00:00\",\"breadcrumb\":{\"@id\":\"https:\\\/\\\/www.visittorshavn.fo\\\/fo\\\/product\\\/77782\\\/#breadcrumb\"},\"inLanguage\":\"fo-FO\",\"potentialAction\":[{\"@type\":\"ReadAction\",\"target\":[\"https:\\\/\\\/www.visittorshavn.fo\\\/fo\\\/product\\\/77782\\\/\"]}]},{\"@type\":\"ImageObject\",\"inLanguage\":\"fo-FO\",\"@id\":\"https:\\\/\\\/www.visittorshavn.fo\\\/fo\\\/product\\\/77782\\\/#primaryimage\",\"url\":\"https:\\\/\\\/www.visittorshavn.fo\\\/wp-content\\\/uploads\\\/2024\\\/05\\\/campingnolsoy.gif\",\"contentUrl\":\"https:\\\/\\\/www.visittorshavn.fo\\\/wp-content\\\/uploads\\\/2024\\\/05\\\/campingnolsoy.gif\",\"width\":1024,\"height\":683},{\"@type\":\"BreadcrumbList\",\"@id\":\"https:\\\/\\\/www.visittorshavn.fo\\\/fo\\\/product\\\/77782\\\/#breadcrumb\",\"itemListElement\":[{\"@type\":\"ListItem\",\"position\":1,\"name\":\"Home\",\"item\":\"https:\\\/\\\/www.visittorshavn.fo\\\/fo\\\/\"},{\"@type\":\"ListItem\",\"position\":2,\"name\":\"Visit T\u00f3rshavn Sjopp\",\"item\":\"https:\\\/\\\/www.visittorshavn.fo\\\/shop\\\/\"},{\"@type\":\"ListItem\",\"position\":3,\"name\":\"Camping N\u00f3lsoy\"}]},{\"@type\":\"WebSite\",\"@id\":\"https:\\\/\\\/www.visittorshavn.fo\\\/fo\\\/#website\",\"url\":\"https:\\\/\\\/www.visittorshavn.fo\\\/fo\\\/\",\"name\":\"Visit Torshavn\",\"description\":\"\",\"potentialAction\":[{\"@type\":\"SearchAction\",\"target\":{\"@type\":\"EntryPoint\",\"urlTemplate\":\"https:\\\/\\\/www.visittorshavn.fo\\\/fo\\\/?s={search_term_string}\"},\"query-input\":{\"@type\":\"PropertyValueSpecification\",\"valueRequired\":true,\"valueName\":\"search_term_string\"}}],\"inLanguage\":\"fo-FO\"}]}<\/script>\n<!-- \/ Yoast SEO plugin. -->","yoast_head_json":{"title":"Camping N\u00f3lsoy - Visit Torshavn","robots":{"index":"index","follow":"follow","max-snippet":"max-snippet:-1","max-image-preview":"max-image-preview:large","max-video-preview":"max-video-preview:-1"},"canonical":"https:\/\/www.visittorshavn.fo\/fo\/product\/77782\/","og_locale":"fo_FO","og_type":"article","og_title":"Camping N\u00f3lsoy - Visit Torshavn","og_description":"Gev g\u00e6tur: Vegna st\u00f3ran eftirspurning undir Ovastevnu er pr\u00edsurin fyri 14. august h\u00e6kka\u00f0ur. B\u00f3kar t\u00fa pl\u00e1ss hendan dagin, ver\u00f0ur goldi\u00f0 fyri alla stevnuna og t\u00fa hevur pl\u00e1ssi\u00f0 alt vikuskifti\u00f0. B\u00f3kingar fyri 15.\u201317. august eru stongdar, og \u00fatriting er 17. august. NB: Minst til at tryggja t\u00e6r pl\u00e1ss til h\u00fasvognin umbor\u00f0 \u00e1 ferjuni her.","og_url":"https:\/\/www.visittorshavn.fo\/fo\/product\/77782\/","og_site_name":"Visit Torshavn","article_modified_time":"2025-12-08T13:44:42+00:00","og_image":[{"width":1024,"height":683,"url":"https:\/\/www.visittorshavn.fo\/wp-content\/uploads\/2024\/05\/campingnolsoy.gif","type":"image\/gif"}],"twitter_card":"summary_large_image","twitter_misc":{"Est. reading time":"1 minute"},"schema":{"@context":"https:\/\/schema.org","@graph":[{"@type":"WebPage","@id":"https:\/\/www.visittorshavn.fo\/fo\/product\/77782\/","url":"https:\/\/www.visittorshavn.fo\/fo\/product\/77782\/","name":"Camping N\u00f3lsoy - Visit Torshavn","isPartOf":{"@id":"https:\/\/www.visittorshavn.fo\/fo\/#website"},"primaryImageOfPage":{"@id":"https:\/\/www.visittorshavn.fo\/fo\/product\/77782\/#primaryimage"},"image":{"@id":"https:\/\/www.visittorshavn.fo\/fo\/product\/77782\/#primaryimage"},"thumbnailUrl":"https:\/\/www.visittorshavn.fo\/wp-content\/uploads\/2024\/05\/campingnolsoy.gif","datePublished":"2025-03-04T12:57:57+00:00","dateModified":"2025-12-08T13:44:42+00:00","breadcrumb":{"@id":"https:\/\/www.visittorshavn.fo\/fo\/product\/77782\/#breadcrumb"},"inLanguage":"fo-FO","potentialAction":[{"@type":"ReadAction","target":["https:\/\/www.visittorshavn.fo\/fo\/product\/77782\/"]}]},{"@type":"ImageObject","inLanguage":"fo-FO","@id":"https:\/\/www.visittorshavn.fo\/fo\/product\/77782\/#primaryimage","url":"https:\/\/www.visittorshavn.fo\/wp-content\/uploads\/2024\/05\/campingnolsoy.gif","contentUrl":"https:\/\/www.visittorshavn.fo\/wp-content\/uploads\/2024\/05\/campingnolsoy.gif","width":1024,"height":683},{"@type":"BreadcrumbList","@id":"https:\/\/www.visittorshavn.fo\/fo\/product\/77782\/#breadcrumb","itemListElement":[{"@type":"ListItem","position":1,"name":"Home","item":"https:\/\/www.visittorshavn.fo\/fo\/"},{"@type":"ListItem","position":2,"name":"Visit T\u00f3rshavn Sjopp","item":"https:\/\/www.visittorshavn.fo\/shop\/"},{"@type":"ListItem","position":3,"name":"Camping N\u00f3lsoy"}]},{"@type":"WebSite","@id":"https:\/\/www.visittorshavn.fo\/fo\/#website","url":"https:\/\/www.visittorshavn.fo\/fo\/","name":"Visit Torshavn","description":"","potentialAction":[{"@type":"SearchAction","target":{"@type":"EntryPoint","urlTemplate":"https:\/\/www.visittorshavn.fo\/fo\/?s={search_term_string}"},"query-input":{"@type":"PropertyValueSpecification","valueRequired":true,"valueName":"search_term_string"}}],"inLanguage":"fo-FO"}]}},"_links":{"self":[{"href":"https:\/\/www.visittorshavn.fo\/fo\/wp-json\/wp\/v2\/product\/77782","targetHints":{"allow":["GET"]}}],"collection":[{"href":"https:\/\/www.visittorshavn.fo\/fo\/wp-json\/wp\/v2\/product"}],"about":[{"href":"https:\/\/www.visittorshavn.fo\/fo\/wp-json\/wp\/v2\/types\/product"}],"wp:featuredmedia":[{"embeddable":true,"href":"https:\/\/www.visittorshavn.fo\/fo\/wp-json\/wp\/v2\/media\/5320"}],"wp:attachment":[{"href":"https:\/\/www.visittorshavn.fo\/fo\/wp-json\/wp\/v2\/media?parent=77782"}],"wp:term":[{"taxonomy":"product_brand","embeddable":true,"href":"https:\/\/www.visittorshavn.fo\/fo\/wp-json\/wp\/v2\/product_brand?post=77782"},{"taxonomy":"product_cat","embeddable":true,"href":"https:\/\/www.visittorshavn.fo\/fo\/wp-json\/wp\/v2\/product_cat?post=77782"},{"taxonomy":"product_tag","embeddable":true,"href":"https:\/\/www.visittorshavn.fo\/fo\/wp-json\/wp\/v2\/product_tag?post=77782"}],"curies":[{"name":"wp","href":"https:\/\/api.w.org\/{rel}","templated":true}]}}